{"id":919,"date":"2016-01-15T01:24:15","date_gmt":"2016-01-15T01:24:15","guid":{"rendered":"http:\/\/cbb.uw.edu.pl\/en\/?page_id=919"},"modified":"2025-06-13T14:23:23","modified_gmt":"2025-06-13T14:23:23","slug":"emilia-kaczmarek","status":"publish","type":"page","link":"https:\/\/cbb.uw.edu.pl\/en\/team\/emilia-kaczmarek\/","title":{"rendered":"Emilia Kaczmarek"},"content":{"rendered":"<p>&nbsp;<\/p>\n<p><a href=\"https:\/\/cbb.uw.edu.pl\/wp-content\/uploads\/2025\/01\/emilia-kaczmarek-Cent-300x200.jpg\"><img loading=\"lazy\" decoding=\"async\" class=\"alignnone size-medium wp-image-11126\" src=\"https:\/\/cbb.uw.edu.pl\/wp-content\/uploads\/2025\/01\/emilia-kaczmarek-Cent-300x200.jpg\" alt=\"\" width=\"300\" height=\"200\" srcset=\"https:\/\/cbb.uw.edu.pl\/wp-content\/uploads\/2025\/01\/emilia-kaczmarek-Cent-300x200.jpg 300w, https:\/\/cbb.uw.edu.pl\/wp-content\/uploads\/2025\/01\/emilia-kaczmarek-Cent-768x512.jpg 768w, https:\/\/cbb.uw.edu.pl\/wp-content\/uploads\/2025\/01\/emilia-kaczmarek-Cent-660x440.jpg 660w, https:\/\/cbb.uw.edu.pl\/wp-content\/uploads\/2025\/01\/emilia-kaczmarek-Cent.jpg 1024w\" sizes=\"auto, (max-width: 300px) 100vw, 300px\" \/><\/a><\/p>\n<h2><strong>Assistant Professor in the Department of Ethics, Faculty of Philosophy,\u00a0University of Warsaw<\/strong><\/h2>\n<h2>Contact:\u00a0<a href=\"mailto:emilka.kaczmarek@gmail.com\">emilia.kaczmarek@uw.edu.pl<\/a><\/h2>\n<h2><\/h2>\n<h2><strong>Research interests:<\/strong><\/h2>\n<p>bioethics, ethics of AI, research and publication ethics, medicalization, ethics in the pharmaceutical industry, conflict of interest<\/p>\n<p>&#8220;I am an ethicist working at the Faculty of Philosophy, University of Warsaw. My PhD focused on the ethics of the pharmaceutical industry and medicalization. Currently, I teach courses on AI ethics, ethics of new technologies, and research ethics. I recently completed a research project on the ethics of emotional relationships with AI.&#8221;<\/p>\n<p>&nbsp;<\/p>\n<h2>Projects<strong>:<\/strong><\/h2>\n<h4>\u00a0 \u00a0 \u00a0<strong>Current:<\/strong><\/h4>\n<ul>\n<li><a href=\"https:\/\/cbb.uw.edu.pl\/en\/grants\/ethics-of-research-payment\/\">Indecent proposal? Ethics of paying participants of biomedical research (NCN)<\/a> \u2013 research team member<\/li>\n<\/ul>\n<h4>\u00a0 \u00a0 \u00a0<strong>Completed:\u00a0<\/strong><\/h4>\n<ul>\n<li><a href=\"https:\/\/cbb.uw.edu.pl\/en\/grants\/the-problem-of-imitation-in-human-ai-emotional-relations\/\">The problem of imitation in human-AI emotional relations<\/a> (UW IDUB-POB IV) \u2013 Principal Investigator<\/li>\n<li><a href=\"https:\/\/cbb.uw.edu.pl\/en\/grants\/pharmabusiness-ethics-and-biopolitics\/\"> Pharmaceutical business \u2013 ethical challenges and new biopolitics<\/a> (NCN)\u2013 Principal Investigator<\/li>\n<\/ul>\n<h2><\/h2>\n<h2><strong>Publications:<\/strong><\/h2>\n<p><a href=\"https:\/\/uw.academia.edu\/EmiliaKaczmarek\" target=\"_blank\" rel=\"noopener noreferrer\">Academia.edu<\/a><\/p>\n<p><a href=\"https:\/\/www.researchgate.net\/profile\/Emilia_Kaczmarek\">ResearchGate<\/a><\/p>\n<p><a href=\"https:\/\/orcid.org\/0000-0002-2684-7723\">ORCID<\/a><\/p>\n<p><a href=\"https:\/\/scholar.google.com\/citations?hl=en&amp;user=Ewa4VxAAAAAJ&amp;view_op=list_works&amp;sortby=pubdate\">Google Scholar<\/a><\/p>\n<h2>Books:<\/h2>\n<ul>\n<li>Emilia Kaczmarek,\u00a0<a href=\"https:\/\/scholar.com.pl\/pl\/nowosci\/3905-gorzka-pigulka-bretyka-i-biopolityka-w-branzy-farmaceutycznej.html\"><em>Gorzka pigu\u0142ka. Etyka i biopolityka w bran\u017cy farmaceutycznej<\/em><\/a>, Wydawnictwo Naukowe Scholar, Warszawa 2019<\/li>\n<li>Emilia Kaczmarek,\u00a0<a href=\"https:\/\/ksiegarnia.pwn.pl\/Co-to-wlasciwie-jest-ten-dzender,734402902,p.html\">Co to w\u0142a\u015bciwie jest ten d\u017cender? I inne felietony<\/a>, Wydawnictwo: Fundacja Kultura Liberalna, Warszawa, 2017<\/li>\n<\/ul>\n<h2><strong>Education:<\/strong><\/h2>\n<ul>\n<li>doctor of humanities in philosophy (PhD, 2018)<\/li>\n<li>master of arts in philosophy (MA)\u00a0(2013)<\/li>\n<\/ul>\n","protected":false},"excerpt":{"rendered":"<p>&nbsp; Assistant Professor in the Department of Ethics, Faculty of Philosophy,\u00a0University of Warsaw Contact:\u00a0emilia.kaczmarek@uw.edu.pl Research interests: bioethics, ethics of AI, research and publication ethics, medicalization, ethics in the pharmaceutical industry, conflict of interest &#8220;I am an ethicist working at the Faculty of Philosophy, University of Warsaw. My PhD focused on the ethics of the pharmaceutical\u2026 <span class=\"read-more\"><a href=\"https:\/\/cbb.uw.edu.pl\/en\/team\/emilia-kaczmarek\/\">Read More &raquo;<\/a><\/span><\/p>\n","protected":false},"author":1,"featured_media":0,"parent":821,"menu_order":3,"comment_status":"closed","ping_status":"closed","template":"","meta":{"footnotes":"","_links_to":"","_links_to_target":""},"class_list":["post-919","page","type-page","status-publish","hentry"],"yoast_head":"<!-- This site is optimized with the Yoast SEO plugin v27.4 - https:\/\/yoast.com\/product\/yoast-seo-wordpress\/ -->\n<title>Emilia Kaczmarek | Center for Bioethics and Biolaw<\/title>\n<meta name=\"description\" content=\"Emilia Kaczmarek | University of Warsaw |\u00a0political philosophy and biopolitics, ethics of pharmaceutical business,\u00a0ethics of human enhancement\" \/>\n<meta name=\"robots\" content=\"index, follow, max-snippet:-1, max-image-preview:large, max-video-preview:-1\" \/>\n<link rel=\"canonical\" href=\"https:\/\/cbb.uw.edu.pl\/en\/team\/emilia-kaczmarek\/\" \/>\n<meta property=\"og:locale\" content=\"en_US\" \/>\n<meta property=\"og:type\" content=\"article\" \/>\n<meta property=\"og:title\" content=\"Emilia Kaczmarek | Center for Bioethics and Biolaw\" \/>\n<meta property=\"og:description\" content=\"Emilia Kaczmarek | University of Warsaw |\u00a0political philosophy and biopolitics, ethics of pharmaceutical business,\u00a0ethics of human enhancement\" \/>\n<meta property=\"og:url\" content=\"https:\/\/cbb.uw.edu.pl\/en\/team\/emilia-kaczmarek\/\" \/>\n<meta property=\"og:site_name\" content=\"Center for Bioethics and Biolaw\" \/>\n<meta property=\"article:modified_time\" content=\"2025-06-13T14:23:23+00:00\" \/>\n<meta property=\"og:image\" content=\"https:\/\/cbb.uw.edu.pl\/wp-content\/uploads\/2025\/01\/emilia-kaczmarek-Cent.jpg\" \/>\n\t<meta property=\"og:image:width\" content=\"1024\" \/>\n\t<meta property=\"og:image:height\" content=\"682\" \/>\n\t<meta property=\"og:image:type\" content=\"image\/jpeg\" \/>\n<meta name=\"twitter:card\" content=\"summary_large_image\" \/>\n<meta name=\"twitter:label1\" content=\"Est. reading time\" \/>\n\t<meta name=\"twitter:data1\" content=\"2 minutes\" \/>\n<script type=\"application\/ld+json\" class=\"yoast-schema-graph\">{\"@context\":\"https:\\\/\\\/schema.org\",\"@graph\":[{\"@type\":\"WebPage\",\"@id\":\"https:\\\/\\\/cbb.uw.edu.pl\\\/en\\\/team\\\/emilia-kaczmarek\\\/\",\"url\":\"https:\\\/\\\/cbb.uw.edu.pl\\\/en\\\/team\\\/emilia-kaczmarek\\\/\",\"name\":\"Emilia Kaczmarek | Center for Bioethics and Biolaw\",\"isPartOf\":{\"@id\":\"https:\\\/\\\/cbb.uw.edu.pl\\\/en\\\/#website\"},\"primaryImageOfPage\":{\"@id\":\"https:\\\/\\\/cbb.uw.edu.pl\\\/en\\\/team\\\/emilia-kaczmarek\\\/#primaryimage\"},\"image\":{\"@id\":\"https:\\\/\\\/cbb.uw.edu.pl\\\/en\\\/team\\\/emilia-kaczmarek\\\/#primaryimage\"},\"thumbnailUrl\":\"https:\\\/\\\/cbb.uw.edu.pl\\\/wp-content\\\/uploads\\\/2025\\\/01\\\/emilia-kaczmarek-Cent-300x200.jpg\",\"datePublished\":\"2016-01-15T01:24:15+00:00\",\"dateModified\":\"2025-06-13T14:23:23+00:00\",\"description\":\"Emilia Kaczmarek | University of Warsaw |\u00a0political philosophy and biopolitics, ethics of pharmaceutical business,\u00a0ethics of human enhancement\",\"breadcrumb\":{\"@id\":\"https:\\\/\\\/cbb.uw.edu.pl\\\/en\\\/team\\\/emilia-kaczmarek\\\/#breadcrumb\"},\"inLanguage\":\"en-US\",\"potentialAction\":[{\"@type\":\"ReadAction\",\"target\":[\"https:\\\/\\\/cbb.uw.edu.pl\\\/en\\\/team\\\/emilia-kaczmarek\\\/\"]}]},{\"@type\":\"ImageObject\",\"inLanguage\":\"en-US\",\"@id\":\"https:\\\/\\\/cbb.uw.edu.pl\\\/en\\\/team\\\/emilia-kaczmarek\\\/#primaryimage\",\"url\":\"https:\\\/\\\/cbb.uw.edu.pl\\\/wp-content\\\/uploads\\\/2025\\\/01\\\/emilia-kaczmarek-Cent-300x200.jpg\",\"contentUrl\":\"https:\\\/\\\/cbb.uw.edu.pl\\\/wp-content\\\/uploads\\\/2025\\\/01\\\/emilia-kaczmarek-Cent-300x200.jpg\"},{\"@type\":\"BreadcrumbList\",\"@id\":\"https:\\\/\\\/cbb.uw.edu.pl\\\/en\\\/team\\\/emilia-kaczmarek\\\/#breadcrumb\",\"itemListElement\":[{\"@type\":\"ListItem\",\"position\":1,\"name\":\"Strona g\u0142\u00f3wna\",\"item\":\"https:\\\/\\\/cbb.uw.edu.pl\\\/en\\\/\"},{\"@type\":\"ListItem\",\"position\":2,\"name\":\"Team\",\"item\":\"https:\\\/\\\/cbb.uw.edu.pl\\\/en\\\/team\\\/\"},{\"@type\":\"ListItem\",\"position\":3,\"name\":\"Emilia Kaczmarek\"}]},{\"@type\":\"WebSite\",\"@id\":\"https:\\\/\\\/cbb.uw.edu.pl\\\/en\\\/#website\",\"url\":\"https:\\\/\\\/cbb.uw.edu.pl\\\/en\\\/\",\"name\":\"Center for Bioethics and Biolaw\",\"description\":\"Institute of Philosophy, University of Warsaw\",\"potentialAction\":[{\"@type\":\"SearchAction\",\"target\":{\"@type\":\"EntryPoint\",\"urlTemplate\":\"https:\\\/\\\/cbb.uw.edu.pl\\\/en\\\/?s={search_term_string}\"},\"query-input\":{\"@type\":\"PropertyValueSpecification\",\"valueRequired\":true,\"valueName\":\"search_term_string\"}}],\"inLanguage\":\"en-US\"}]}<\/script>\n<!-- \/ Yoast SEO plugin. -->","yoast_head_json":{"title":"Emilia Kaczmarek | Center for Bioethics and Biolaw","description":"Emilia Kaczmarek | University of Warsaw |\u00a0political philosophy and biopolitics, ethics of pharmaceutical business,\u00a0ethics of human enhancement","robots":{"index":"index","follow":"follow","max-snippet":"max-snippet:-1","max-image-preview":"max-image-preview:large","max-video-preview":"max-video-preview:-1"},"canonical":"https:\/\/cbb.uw.edu.pl\/en\/team\/emilia-kaczmarek\/","og_locale":"en_US","og_type":"article","og_title":"Emilia Kaczmarek | Center for Bioethics and Biolaw","og_description":"Emilia Kaczmarek | University of Warsaw |\u00a0political philosophy and biopolitics, ethics of pharmaceutical business,\u00a0ethics of human enhancement","og_url":"https:\/\/cbb.uw.edu.pl\/en\/team\/emilia-kaczmarek\/","og_site_name":"Center for Bioethics and Biolaw","article_modified_time":"2025-06-13T14:23:23+00:00","og_image":[{"width":1024,"height":682,"url":"https:\/\/cbb.uw.edu.pl\/wp-content\/uploads\/2025\/01\/emilia-kaczmarek-Cent.jpg","type":"image\/jpeg"}],"twitter_card":"summary_large_image","twitter_misc":{"Est. reading time":"2 minutes"},"schema":{"@context":"https:\/\/schema.org","@graph":[{"@type":"WebPage","@id":"https:\/\/cbb.uw.edu.pl\/en\/team\/emilia-kaczmarek\/","url":"https:\/\/cbb.uw.edu.pl\/en\/team\/emilia-kaczmarek\/","name":"Emilia Kaczmarek | Center for Bioethics and Biolaw","isPartOf":{"@id":"https:\/\/cbb.uw.edu.pl\/en\/#website"},"primaryImageOfPage":{"@id":"https:\/\/cbb.uw.edu.pl\/en\/team\/emilia-kaczmarek\/#primaryimage"},"image":{"@id":"https:\/\/cbb.uw.edu.pl\/en\/team\/emilia-kaczmarek\/#primaryimage"},"thumbnailUrl":"https:\/\/cbb.uw.edu.pl\/wp-content\/uploads\/2025\/01\/emilia-kaczmarek-Cent-300x200.jpg","datePublished":"2016-01-15T01:24:15+00:00","dateModified":"2025-06-13T14:23:23+00:00","description":"Emilia Kaczmarek | University of Warsaw |\u00a0political philosophy and biopolitics, ethics of pharmaceutical business,\u00a0ethics of human enhancement","breadcrumb":{"@id":"https:\/\/cbb.uw.edu.pl\/en\/team\/emilia-kaczmarek\/#breadcrumb"},"inLanguage":"en-US","potentialAction":[{"@type":"ReadAction","target":["https:\/\/cbb.uw.edu.pl\/en\/team\/emilia-kaczmarek\/"]}]},{"@type":"ImageObject","inLanguage":"en-US","@id":"https:\/\/cbb.uw.edu.pl\/en\/team\/emilia-kaczmarek\/#primaryimage","url":"https:\/\/cbb.uw.edu.pl\/wp-content\/uploads\/2025\/01\/emilia-kaczmarek-Cent-300x200.jpg","contentUrl":"https:\/\/cbb.uw.edu.pl\/wp-content\/uploads\/2025\/01\/emilia-kaczmarek-Cent-300x200.jpg"},{"@type":"BreadcrumbList","@id":"https:\/\/cbb.uw.edu.pl\/en\/team\/emilia-kaczmarek\/#breadcrumb","itemListElement":[{"@type":"ListItem","position":1,"name":"Strona g\u0142\u00f3wna","item":"https:\/\/cbb.uw.edu.pl\/en\/"},{"@type":"ListItem","position":2,"name":"Team","item":"https:\/\/cbb.uw.edu.pl\/en\/team\/"},{"@type":"ListItem","position":3,"name":"Emilia Kaczmarek"}]},{"@type":"WebSite","@id":"https:\/\/cbb.uw.edu.pl\/en\/#website","url":"https:\/\/cbb.uw.edu.pl\/en\/","name":"Center for Bioethics and Biolaw","description":"Institute of Philosophy, University of Warsaw","potentialAction":[{"@type":"SearchAction","target":{"@type":"EntryPoint","urlTemplate":"https:\/\/cbb.uw.edu.pl\/en\/?s={search_term_string}"},"query-input":{"@type":"PropertyValueSpecification","valueRequired":true,"valueName":"search_term_string"}}],"inLanguage":"en-US"}]}},"_links":{"self":[{"href":"https:\/\/cbb.uw.edu.pl\/en\/wp-json\/wp\/v2\/pages\/919","targetHints":{"allow":["GET"]}}],"collection":[{"href":"https:\/\/cbb.uw.edu.pl\/en\/wp-json\/wp\/v2\/pages"}],"about":[{"href":"https:\/\/cbb.uw.edu.pl\/en\/wp-json\/wp\/v2\/types\/page"}],"author":[{"embeddable":true,"href":"https:\/\/cbb.uw.edu.pl\/en\/wp-json\/wp\/v2\/users\/1"}],"replies":[{"embeddable":true,"href":"https:\/\/cbb.uw.edu.pl\/en\/wp-json\/wp\/v2\/comments?post=919"}],"version-history":[{"count":20,"href":"https:\/\/cbb.uw.edu.pl\/en\/wp-json\/wp\/v2\/pages\/919\/revisions"}],"predecessor-version":[{"id":11430,"href":"https:\/\/cbb.uw.edu.pl\/en\/wp-json\/wp\/v2\/pages\/919\/revisions\/11430"}],"up":[{"embeddable":true,"href":"https:\/\/cbb.uw.edu.pl\/en\/wp-json\/wp\/v2\/pages\/821"}],"wp:attachment":[{"href":"https:\/\/cbb.uw.edu.pl\/en\/wp-json\/wp\/v2\/media?parent=919"}],"curies":[{"name":"wp","href":"https:\/\/api.w.org\/{rel}","templated":true}]}}