{"id":915,"date":"2016-01-15T00:26:17","date_gmt":"2016-01-15T00:26:17","guid":{"rendered":"http:\/\/cbb.uw.edu.pl\/en\/?page_id=915"},"modified":"2025-10-28T14:03:40","modified_gmt":"2025-10-28T14:03:40","slug":"joanna-rozynska","status":"publish","type":"page","link":"https:\/\/cbb.uw.edu.pl\/en\/team\/joanna-rozynska\/","title":{"rendered":"Joanna R\u00f3\u017cy\u0144ska"},"content":{"rendered":"<p><a href=\"https:\/\/cbb.uw.edu.pl\/wp-content\/uploads\/2023\/11\/JR-2023.png\"><img loading=\"lazy\" decoding=\"async\" class=\"alignleft size-full wp-image-10509\" src=\"https:\/\/cbb.uw.edu.pl\/wp-content\/uploads\/2023\/11\/JR-2023.png\" alt=\"\" width=\"2672\" height=\"1508\" srcset=\"https:\/\/cbb.uw.edu.pl\/wp-content\/uploads\/2023\/11\/JR-2023.png 2672w, https:\/\/cbb.uw.edu.pl\/wp-content\/uploads\/2023\/11\/JR-2023-300x169.png 300w, https:\/\/cbb.uw.edu.pl\/wp-content\/uploads\/2023\/11\/JR-2023-1024x578.png 1024w, https:\/\/cbb.uw.edu.pl\/wp-content\/uploads\/2023\/11\/JR-2023-768x433.png 768w, https:\/\/cbb.uw.edu.pl\/wp-content\/uploads\/2023\/11\/JR-2023-1536x867.png 1536w, https:\/\/cbb.uw.edu.pl\/wp-content\/uploads\/2023\/11\/JR-2023-2048x1156.png 2048w, https:\/\/cbb.uw.edu.pl\/wp-content\/uploads\/2023\/11\/JR-2023-660x372.png 660w\" sizes=\"auto, (max-width: 2672px) 100vw, 2672px\" \/><\/a><\/p>\n<h2><strong>Assistant Professor in the Department of Ethics of the Faculty of Philosophy at the University of Warsaw<\/strong><\/h2>\n<h2><strong>Contact: <\/strong>j.rozynska@uw.edu.pl<\/h2>\n<h2>Research interests<strong>: <\/strong><\/h2>\n<ul>\n<li>ethics of biomedical research, in particular: normative models of risk-benefit analysis, acceptable risk thresholds in biomedical research without the potential for clinical benefit; ethics of research payments;<\/li>\n<li>procreative ethics, especially ethics of assisted reproduction, and problem of parental responsibility for the quality of life of the future offspring;<\/li>\n<li>clinical ethics consultations;<\/li>\n<li>law and biomedicine<\/li>\n<\/ul>\n<h2>Projects<strong>:<\/strong><\/h2>\n<h4>\u00a0 \u00a0 \u00a0<strong>Current:<\/strong><\/h4>\n<ul>\n<li><a href=\"https:\/\/cbb.uw.edu.pl\/en\/grants\/the-right-to-integrity\/\">The right to bodily and mental integrity in the era of biomedicine and neurotechnologies \u2013 an integrative bioethical analysis (NCN SONATA BIS)<\/a> \u2013 Principal Investigator<\/li>\n<li><a href=\"https:\/\/cbb.uw.edu.pl\/en\/grants\/ethics-of-research-payment\/\">Indecent proposal? Ethics of paying participants of biomedical research (NCN OPUS)<\/a> \u2013 Principal Investigator<\/li>\n<\/ul>\n<h4>\u00a0 \u00a0 \u00a0<strong>Completed:\u00a0<\/strong><\/h4>\n<ul>\n<li>Protecting the \u201cinner citadel\u201d in the age of neurotechnologies. An ethical analysis of the right to mental integrity (UW IDUB-POB IV) \u2013 Principal Investigator<\/li>\n<li><a href=\"https:\/\/cbb.uw.edu.pl\/en\/grants\/ethics-and-risk-in-biomedical-research\/\">Ethical analysis of risks and potential benefits in biomedical research (NCN OPUS 8) <\/a>\u2013 Principal Investigator<\/li>\n<li><a href=\"https:\/\/cbb.uw.edu.pl\/en\/grants\/body-person-and-informed-consent\/\">Body, Person, and Informed Consent. Ethics of Using Human Body in Medicine and Research (NCN)\u00a0<\/a>\u2013 Investigator<\/li>\n<li><a href=\"https:\/\/cbb.uw.edu.pl\/en\/grants\/development-participatory-bioethics\/\">Development of Participatory Bioethics (NPRH)<\/a>\u2013 Investigator<\/li>\n<\/ul>\n<h2>Publications:<\/h2>\n<ul>\n<li><a href=\"https:\/\/orcid.org\/0000-0002-5235-3700\">ORCID: 0000-0002-5235-3700<\/a><\/li>\n<li><a href=\"https:\/\/uw.academia.edu\/JoannaRozynska\">Academia.edu<\/a><\/li>\n<li><a href=\"https:\/\/www.researchgate.net\/profile\/Joanna_Rozynska\">Researchgate<\/a><\/li>\n<li><a href=\"https:\/\/pbn.nauka.gov.pl\/sedno-webapp\/persons\/924969\/Joanna_R%C3%B3%C5%BCy%C5%84ska\">Polska Bibliografia Naukowa<\/a><\/li>\n<\/ul>\n<h4><strong>\u00a0 \u00a0 Books:<\/strong><\/h4>\n<ul>\n<li><em>Konsultacje etyczne w praktyce klinicznej\u00a0<\/em>(Warszawa 2023, ed.)<\/li>\n<li><em>Bioetyka<\/em>\u00a0 (Warszawa 2013; ed. with\u00a0W. Cha\u0144ska)<\/li>\n<li><em>Badania naukowe z udzia\u0142em ludzi w biomedycynie. Standardy mi\u0119dzynarodowe<\/em>\u00a0 (Warszawa 2012, ed. with\u00a0M. Walig\u00f3r\u0105)<\/li>\n<li><em>Od zygoty do osoby. Potencjalno\u015b\u0107, identyczno\u015b\u0107 i przerywanie ci\u0105\u017cy\u00a0 <\/em>(Gda\u0144sk 2008)<\/li>\n<li><em>\u015awiadoma zgoda na udzia\u0142 w eksperymencie medycznym. Poradnik dla badacza\u00a0 <\/em>(Warszawa 2008; with M. Czarkowskim)<\/li>\n<\/ul>\n<h2><strong>Positions\/services:<\/strong><\/h2>\n<ul>\n<li>Director of <a href=\"http:\/\/www.bioetyka.uw.edu.pl\">Master Programme in Bioethics<\/a> (Univeristy of Warsaw, Faculty of Philosophy)<\/li>\n<li>Member of the <a href=\"https:\/\/www.who.int\/groups\/research-ethics-review-committee\">WHO Research Ethics Review Committee<\/a> (WHO ERC), 2022-2025<\/li>\n<li>Vice-chair and Member of the <a href=\"http:\/\/www.unesco.org\/new\/en\/social-and-human-sciences\/themes\/bioethics\/international-bioethics-committee\/\">International Bioethics Committee<\/a> of UNESCO (IBC), 2018-2021<\/li>\n<li>Member of the\u00a0<a href=\"https:\/\/med.nyu.edu\/pophealth\/divisions\/medical-ethics\/compassionate-use-advisory-committee\">Compassionate Use Advisory Committee<\/a> (CompAC),\u00a0NYU School of Medicine<\/li>\n<li>Head of the Polish Unit of the<a href=\"http:\/\/www.int-chair-bioethics.org\/\">\u00a0International Network in Bioethics (WMA Cooperation Centre)<\/a><\/li>\n<li>Chair of the\u00a0<a href=\"http:\/\/www.icmbioethics.com\/cambridge-consortium-for-bioethics-education--home.html\">Cambridge Consortium for Bioethics Education<\/a>\u00a0Working Group for Poland<\/li>\n<li>Chair of the <a href=\"http:\/\/www.bioetyka.pan.pl\/\">Committee for Bioethics at the Presidum\u00a0of the Polish Academy of Sciences<\/a><\/li>\n<li>Member of\u00a0<a href=\"http:\/\/www.mz.gov.pl\/zdrowie-i-profilaktyka\/programy-zdrowotne\/wykaz-programow\/program-wieloletni-na-lata-2011-2020-narodowy-program-rozwoju-medycyny-transplantacyjnej\/informacje-dotyczace-podstaw-prawnych-funkcjonowania-i-kompetencji-krajowej-rady-transplantacyjnej\/krajowa-rada-transplantacyjna-sklad-w-kadencji-2010-2014-aktualizacja-marzec-2014r\">National Transplantation Council<\/a><\/li>\n<li>Member of the <a href=\"https:\/\/www.uw.edu.pl\/uniwersytet\/wladze-i-administracja\/komisje-i-zespoly\/komisja-rektorska-ds-etyki-badan-naukowych-z-udzialem-czlowieka\/\">Rector&#8217;s Committee for Ethics of Research with Human Participants at the University of Warsaw<\/a><\/li>\n<li>Member of the Board of the <a href=\"https:\/\/www.espmh.org\/\">European Society for Philosophy of Medicine and Healthcare<\/a><\/li>\n<li>Member of the Editorial Board of\u00a0<em><a href=\"http:\/\/link.springer.com\/journal\/11019\">Medicine, Health Care and Philosophy<\/a>\u00a0<\/em>and\u00a0<em><a href=\"http:\/\/www.bioetica.ro\/index.php\/arhiva-bioetica\/index\">Revista Romana de Bioetica<\/a><\/em><\/li>\n<li>Academic editor of\u00a0<em><a href=\"http:\/\/przegladprawamedycznego.pl\">Przeglad Prawa Medycznego\u00a0<\/a><\/em><\/li>\n<li>Academic editor of <em><a href=\"http:\/\/www.etyka.uw.edu.pl\/\">Etyka<\/a>\u00a0scholarly journal<\/em><\/li>\n<li><span style=\"color: #808080;\">[2008-2019] Member of the Senate&#8217;s Committee for Research Ethics at the Academy of Physical Education in Warsaw<\/span><\/li>\n<li><span style=\"color: #999999;\">[2011-2018] Member of the Committee for Bioethics at the Presidum\u00a0of the Polish Academy of Sciences<\/span><\/li>\n<li><span style=\"color: #808080;\">[2011-2018] Member of the National Committee for Cooperation with European Network of Commissions for Academic Good Practice <a style=\"color: #808080;\" href=\"http:\/\/www.enrio.eu\/\">ENRIO <\/a>PAN<\/span><\/li>\n<li><span style=\"color: #808080;\">[2007-2017] Senior faculty member of the <a style=\"color: #808080;\" href=\"http:\/\/www.mies.mf.vu.lt\/en\/advanced-certificate-program\/\">Advanced Certificate Program in Research Ethics <\/a>funded by the Fogarty International Center, NIH USA;\u00a0Adjunct in the Department of Bioethics, Clarkson Univeristy (courtesy appointment)<\/span><\/li>\n<li><span style=\"color: #808080;\">[2012-2016] Member of the Management Committee of the <a style=\"color: #808080;\" href=\"http:\/\/disasterbioethics.eu\/\">ISCH COST Action IS1201 Disaster Bioethics<\/a>: Addressing Ethical Issues Triggered by Disaster<\/span><\/li>\n<li><span style=\"color: #808080;\">[2013-2015] Member of the Committee on Ethics in Healthcare System at the Ministry of Health<\/span><\/li>\n<\/ul>\n<h2><strong>Education:<\/strong><\/h2>\n<ul>\n<li>PhD in Philosophy (2010)<\/li>\n<li>Master of Science in Bioethics (2009)<\/li>\n<li>Advanced Certificate in Research Ethics (2007)<\/li>\n<li>MA in Philosophy (2005)<\/li>\n<li>Certificate in Negotiation, Mediation, and Conflict Resolution \u00a0(2003)<\/li>\n<li>MA in Sociology (2003)<\/li>\n<li>MA in Law and Administration (2003)<\/li>\n<li>Certificate in American Law Studies (2001)<\/li>\n<\/ul>\n","protected":false},"excerpt":{"rendered":"<p>Assistant Professor in the Department of Ethics of the Faculty of Philosophy at the University of Warsaw Contact: j.rozynska@uw.edu.pl Research interests: ethics of biomedical research, in particular: normative models of risk-benefit analysis, acceptable risk thresholds in biomedical research without the potential for clinical benefit; ethics of research payments; procreative ethics, especially ethics of assisted reproduction,\u2026 <span class=\"read-more\"><a href=\"https:\/\/cbb.uw.edu.pl\/en\/team\/joanna-rozynska\/\">Read More &raquo;<\/a><\/span><\/p>\n","protected":false},"author":1,"featured_media":0,"parent":821,"menu_order":2,"comment_status":"closed","ping_status":"closed","template":"","meta":{"footnotes":"","_links_to":"","_links_to_target":""},"class_list":["post-915","page","type-page","status-publish","hentry"],"yoast_head":"<!-- This site is optimized with the Yoast SEO plugin v27.4 - https:\/\/yoast.com\/product\/yoast-seo-wordpress\/ -->\n<title>Joanna R\u00f3\u017cy\u0144ska - Center for Bioethics and Biolaw<\/title>\n<meta name=\"description\" content=\"Joanna R\u00f3\u017cy\u0144ska Assistant Professor | University of Warsaw |\u00a0ethics of biomedical research; procreative ethics; ethics of human enhancement; human rights\" \/>\n<meta name=\"robots\" content=\"index, follow, max-snippet:-1, max-image-preview:large, max-video-preview:-1\" \/>\n<link rel=\"canonical\" href=\"https:\/\/cbb.uw.edu.pl\/en\/team\/joanna-rozynska\/\" \/>\n<meta property=\"og:locale\" content=\"en_US\" \/>\n<meta property=\"og:type\" content=\"article\" \/>\n<meta property=\"og:title\" content=\"Joanna R\u00f3\u017cy\u0144ska - Center for Bioethics and Biolaw\" \/>\n<meta property=\"og:description\" content=\"Joanna R\u00f3\u017cy\u0144ska Assistant Professor | University of Warsaw |\u00a0ethics of biomedical research; procreative ethics; ethics of human enhancement; human rights\" \/>\n<meta property=\"og:url\" content=\"https:\/\/cbb.uw.edu.pl\/en\/team\/joanna-rozynska\/\" \/>\n<meta property=\"og:site_name\" content=\"Center for Bioethics and Biolaw\" \/>\n<meta property=\"article:modified_time\" content=\"2025-10-28T14:03:40+00:00\" \/>\n<meta property=\"og:image\" content=\"https:\/\/cbb.uw.edu.pl\/wp-content\/uploads\/2023\/11\/JR-2023-1024x578.png\" \/>\n\t<meta property=\"og:image:width\" content=\"1024\" \/>\n\t<meta property=\"og:image:height\" content=\"578\" \/>\n\t<meta property=\"og:image:type\" content=\"image\/png\" \/>\n<meta name=\"twitter:card\" content=\"summary_large_image\" \/>\n<meta name=\"twitter:label1\" content=\"Est. reading time\" \/>\n\t<meta name=\"twitter:data1\" content=\"4 minutes\" \/>\n<script type=\"application\/ld+json\" class=\"yoast-schema-graph\">{\"@context\":\"https:\\\/\\\/schema.org\",\"@graph\":[{\"@type\":\"WebPage\",\"@id\":\"https:\\\/\\\/cbb.uw.edu.pl\\\/en\\\/team\\\/joanna-rozynska\\\/\",\"url\":\"https:\\\/\\\/cbb.uw.edu.pl\\\/en\\\/team\\\/joanna-rozynska\\\/\",\"name\":\"Joanna R\u00f3\u017cy\u0144ska - Center for Bioethics and Biolaw\",\"isPartOf\":{\"@id\":\"https:\\\/\\\/cbb.uw.edu.pl\\\/en\\\/#website\"},\"primaryImageOfPage\":{\"@id\":\"https:\\\/\\\/cbb.uw.edu.pl\\\/en\\\/team\\\/joanna-rozynska\\\/#primaryimage\"},\"image\":{\"@id\":\"https:\\\/\\\/cbb.uw.edu.pl\\\/en\\\/team\\\/joanna-rozynska\\\/#primaryimage\"},\"thumbnailUrl\":\"https:\\\/\\\/cbb.uw.edu.pl\\\/wp-content\\\/uploads\\\/2023\\\/11\\\/JR-2023.png\",\"datePublished\":\"2016-01-15T00:26:17+00:00\",\"dateModified\":\"2025-10-28T14:03:40+00:00\",\"description\":\"Joanna R\u00f3\u017cy\u0144ska Assistant Professor | University of Warsaw |\u00a0ethics of biomedical research; procreative ethics; ethics of human enhancement; human rights\",\"breadcrumb\":{\"@id\":\"https:\\\/\\\/cbb.uw.edu.pl\\\/en\\\/team\\\/joanna-rozynska\\\/#breadcrumb\"},\"inLanguage\":\"en-US\",\"potentialAction\":[{\"@type\":\"ReadAction\",\"target\":[\"https:\\\/\\\/cbb.uw.edu.pl\\\/en\\\/team\\\/joanna-rozynska\\\/\"]}]},{\"@type\":\"ImageObject\",\"inLanguage\":\"en-US\",\"@id\":\"https:\\\/\\\/cbb.uw.edu.pl\\\/en\\\/team\\\/joanna-rozynska\\\/#primaryimage\",\"url\":\"https:\\\/\\\/cbb.uw.edu.pl\\\/wp-content\\\/uploads\\\/2023\\\/11\\\/JR-2023.png\",\"contentUrl\":\"https:\\\/\\\/cbb.uw.edu.pl\\\/wp-content\\\/uploads\\\/2023\\\/11\\\/JR-2023.png\"},{\"@type\":\"BreadcrumbList\",\"@id\":\"https:\\\/\\\/cbb.uw.edu.pl\\\/en\\\/team\\\/joanna-rozynska\\\/#breadcrumb\",\"itemListElement\":[{\"@type\":\"ListItem\",\"position\":1,\"name\":\"Strona g\u0142\u00f3wna\",\"item\":\"https:\\\/\\\/cbb.uw.edu.pl\\\/en\\\/\"},{\"@type\":\"ListItem\",\"position\":2,\"name\":\"Team\",\"item\":\"https:\\\/\\\/cbb.uw.edu.pl\\\/en\\\/team\\\/\"},{\"@type\":\"ListItem\",\"position\":3,\"name\":\"Joanna R\u00f3\u017cy\u0144ska\"}]},{\"@type\":\"WebSite\",\"@id\":\"https:\\\/\\\/cbb.uw.edu.pl\\\/en\\\/#website\",\"url\":\"https:\\\/\\\/cbb.uw.edu.pl\\\/en\\\/\",\"name\":\"Center for Bioethics and Biolaw\",\"description\":\"Institute of Philosophy, University of Warsaw\",\"potentialAction\":[{\"@type\":\"SearchAction\",\"target\":{\"@type\":\"EntryPoint\",\"urlTemplate\":\"https:\\\/\\\/cbb.uw.edu.pl\\\/en\\\/?s={search_term_string}\"},\"query-input\":{\"@type\":\"PropertyValueSpecification\",\"valueRequired\":true,\"valueName\":\"search_term_string\"}}],\"inLanguage\":\"en-US\"}]}<\/script>\n<!-- \/ Yoast SEO plugin. -->","yoast_head_json":{"title":"Joanna R\u00f3\u017cy\u0144ska - Center for Bioethics and Biolaw","description":"Joanna R\u00f3\u017cy\u0144ska Assistant Professor | University of Warsaw |\u00a0ethics of biomedical research; procreative ethics; ethics of human enhancement; human rights","robots":{"index":"index","follow":"follow","max-snippet":"max-snippet:-1","max-image-preview":"max-image-preview:large","max-video-preview":"max-video-preview:-1"},"canonical":"https:\/\/cbb.uw.edu.pl\/en\/team\/joanna-rozynska\/","og_locale":"en_US","og_type":"article","og_title":"Joanna R\u00f3\u017cy\u0144ska - Center for Bioethics and Biolaw","og_description":"Joanna R\u00f3\u017cy\u0144ska Assistant Professor | University of Warsaw |\u00a0ethics of biomedical research; procreative ethics; ethics of human enhancement; human rights","og_url":"https:\/\/cbb.uw.edu.pl\/en\/team\/joanna-rozynska\/","og_site_name":"Center for Bioethics and Biolaw","article_modified_time":"2025-10-28T14:03:40+00:00","og_image":[{"width":1024,"height":578,"url":"https:\/\/cbb.uw.edu.pl\/wp-content\/uploads\/2023\/11\/JR-2023-1024x578.png","type":"image\/png"}],"twitter_card":"summary_large_image","twitter_misc":{"Est. reading time":"4 minutes"},"schema":{"@context":"https:\/\/schema.org","@graph":[{"@type":"WebPage","@id":"https:\/\/cbb.uw.edu.pl\/en\/team\/joanna-rozynska\/","url":"https:\/\/cbb.uw.edu.pl\/en\/team\/joanna-rozynska\/","name":"Joanna R\u00f3\u017cy\u0144ska - Center for Bioethics and Biolaw","isPartOf":{"@id":"https:\/\/cbb.uw.edu.pl\/en\/#website"},"primaryImageOfPage":{"@id":"https:\/\/cbb.uw.edu.pl\/en\/team\/joanna-rozynska\/#primaryimage"},"image":{"@id":"https:\/\/cbb.uw.edu.pl\/en\/team\/joanna-rozynska\/#primaryimage"},"thumbnailUrl":"https:\/\/cbb.uw.edu.pl\/wp-content\/uploads\/2023\/11\/JR-2023.png","datePublished":"2016-01-15T00:26:17+00:00","dateModified":"2025-10-28T14:03:40+00:00","description":"Joanna R\u00f3\u017cy\u0144ska Assistant Professor | University of Warsaw |\u00a0ethics of biomedical research; procreative ethics; ethics of human enhancement; human rights","breadcrumb":{"@id":"https:\/\/cbb.uw.edu.pl\/en\/team\/joanna-rozynska\/#breadcrumb"},"inLanguage":"en-US","potentialAction":[{"@type":"ReadAction","target":["https:\/\/cbb.uw.edu.pl\/en\/team\/joanna-rozynska\/"]}]},{"@type":"ImageObject","inLanguage":"en-US","@id":"https:\/\/cbb.uw.edu.pl\/en\/team\/joanna-rozynska\/#primaryimage","url":"https:\/\/cbb.uw.edu.pl\/wp-content\/uploads\/2023\/11\/JR-2023.png","contentUrl":"https:\/\/cbb.uw.edu.pl\/wp-content\/uploads\/2023\/11\/JR-2023.png"},{"@type":"BreadcrumbList","@id":"https:\/\/cbb.uw.edu.pl\/en\/team\/joanna-rozynska\/#breadcrumb","itemListElement":[{"@type":"ListItem","position":1,"name":"Strona g\u0142\u00f3wna","item":"https:\/\/cbb.uw.edu.pl\/en\/"},{"@type":"ListItem","position":2,"name":"Team","item":"https:\/\/cbb.uw.edu.pl\/en\/team\/"},{"@type":"ListItem","position":3,"name":"Joanna R\u00f3\u017cy\u0144ska"}]},{"@type":"WebSite","@id":"https:\/\/cbb.uw.edu.pl\/en\/#website","url":"https:\/\/cbb.uw.edu.pl\/en\/","name":"Center for Bioethics and Biolaw","description":"Institute of Philosophy, University of Warsaw","potentialAction":[{"@type":"SearchAction","target":{"@type":"EntryPoint","urlTemplate":"https:\/\/cbb.uw.edu.pl\/en\/?s={search_term_string}"},"query-input":{"@type":"PropertyValueSpecification","valueRequired":true,"valueName":"search_term_string"}}],"inLanguage":"en-US"}]}},"_links":{"self":[{"href":"https:\/\/cbb.uw.edu.pl\/en\/wp-json\/wp\/v2\/pages\/915","targetHints":{"allow":["GET"]}}],"collection":[{"href":"https:\/\/cbb.uw.edu.pl\/en\/wp-json\/wp\/v2\/pages"}],"about":[{"href":"https:\/\/cbb.uw.edu.pl\/en\/wp-json\/wp\/v2\/types\/page"}],"author":[{"embeddable":true,"href":"https:\/\/cbb.uw.edu.pl\/en\/wp-json\/wp\/v2\/users\/1"}],"replies":[{"embeddable":true,"href":"https:\/\/cbb.uw.edu.pl\/en\/wp-json\/wp\/v2\/comments?post=915"}],"version-history":[{"count":34,"href":"https:\/\/cbb.uw.edu.pl\/en\/wp-json\/wp\/v2\/pages\/915\/revisions"}],"predecessor-version":[{"id":11746,"href":"https:\/\/cbb.uw.edu.pl\/en\/wp-json\/wp\/v2\/pages\/915\/revisions\/11746"}],"up":[{"embeddable":true,"href":"https:\/\/cbb.uw.edu.pl\/en\/wp-json\/wp\/v2\/pages\/821"}],"wp:attachment":[{"href":"https:\/\/cbb.uw.edu.pl\/en\/wp-json\/wp\/v2\/media?parent=915"}],"curies":[{"name":"wp","href":"https:\/\/api.w.org\/{rel}","templated":true}]}}