{"id":9121,"date":"2019-12-03T01:22:24","date_gmt":"2019-12-03T01:22:24","guid":{"rendered":"https:\/\/cbb.uw.edu.pl\/?page_id=9121"},"modified":"2025-07-04T14:18:40","modified_gmt":"2025-07-04T14:18:40","slug":"joanna-andrusiewicz","status":"publish","type":"page","link":"https:\/\/cbb.uw.edu.pl\/en\/team\/joanna-andrusiewicz\/","title":{"rendered":"Joanna Andrusiewicz"},"content":{"rendered":"\r\n<figure class=\"wp-block-image size-large is-resized\"><img loading=\"lazy\" decoding=\"async\" width=\"851\" height=\"1024\" class=\"wp-image-9108\" style=\"width: 304px; height: 365px;\" src=\"https:\/\/cbb.uw.edu.pl\/wp-content\/uploads\/2019\/12\/75299957_2585660181469251_8310259210881335296_n-851x1024.jpg\" alt=\"Zdj\u0119cie Joanna Andrusiewicz\" srcset=\"https:\/\/cbb.uw.edu.pl\/wp-content\/uploads\/2019\/12\/75299957_2585660181469251_8310259210881335296_n-851x1024.jpg 851w, https:\/\/cbb.uw.edu.pl\/wp-content\/uploads\/2019\/12\/75299957_2585660181469251_8310259210881335296_n-249x300.jpg 249w, https:\/\/cbb.uw.edu.pl\/wp-content\/uploads\/2019\/12\/75299957_2585660181469251_8310259210881335296_n-768x924.jpg 768w, https:\/\/cbb.uw.edu.pl\/wp-content\/uploads\/2019\/12\/75299957_2585660181469251_8310259210881335296_n-1277x1536.jpg 1277w, https:\/\/cbb.uw.edu.pl\/wp-content\/uploads\/2019\/12\/75299957_2585660181469251_8310259210881335296_n-660x794.jpg 660w, https:\/\/cbb.uw.edu.pl\/wp-content\/uploads\/2019\/12\/75299957_2585660181469251_8310259210881335296_n.jpg 1702w\" sizes=\"auto, (max-width: 851px) 100vw, 851px\" \/><\/figure>\r\n\r\n\r\n\r\n<h2 class=\"wp-block-heading\"><strong>Assistant Professor, Department of Bioethics, Faculty of Health Sciences, Medical University in \u0141\u00f3d\u017a<\/strong><\/h2>\r\n\r\n\r\n\r\n<p><strong>Contact:\u00a0<\/strong><a href=\"mailto:joanna.andrusiewicz@uw.edu.pl\">joanna.andrusiewicz@uw.edu.pl<\/a><\/p>\r\n\r\n\r\n\r\n<h2 class=\"wp-block-heading\"><strong>Research interests<\/strong>:<\/h2>\r\n\r\n\r\n\r\n<p>bioethics, ethical aspects of the relationship between humans and non-human animals, research ethics, clinical ethics<\/p>\r\n\r\n\r\n\r\n<p><strong>Publications:<\/strong><\/p>\r\n\r\n\r\n\r\n<p><a href=\"https:\/\/uw.academia.edu\/JoannaAndrusiewicz\" target=\"_blank\" rel=\"noreferrer noopener\">Academia.edu<\/a><\/p>\r\n\r\n\r\n\r\n<p><strong>Books:<\/strong><\/p>\r\n\r\n\r\n\r\n<p>Darren Barefoot, Julie Szabo,<em> Znajomi na wag\u0119 z\u0142ota. <\/em><em>Podstawy marketingu w mediach spo\u0142eczno\u015bciowych<\/em> [Friends with Benefits: A Social Media Marketing Handbook] (polish translation) (2014)<\/p>\r\n\r\n\r\n\r\n<p><strong>Education:<\/strong><\/p>\r\n\r\n\r\n\r\n<ul class=\"wp-block-list\">\r\n<li>PhD in Philosophy (2023)\u00a0<\/li>\r\n<li>Scientific Research and Development Manager (2013)<\/li>\r\n\r\n\r\n\r\n<li>master of arts in Library and information science (2009)<\/li>\r\n\r\n\r\n\r\n<li>bachelor of arts in Library and information science (2007)<\/li>\r\n<\/ul>\r\n\r\n\r\n\r\n<h2 class=\"wp-block-heading\"><strong>Appointments:<\/strong><\/h2>\r\n\r\n\r\n\r\n<ul class=\"wp-block-list\">\r\n<li>Assistant Professor, <a href=\"https:\/\/publicum.umed.lodz.pl\/info\/author\/AML5ab2108466fd4eafa799540b1501eaa4?aq=%40status%3APRACOWNIK*%2Cauthorprofile%2Fposition%2F%40namePL%3Aadiunkt%3Bauthorprofile%2F%40possitionPL%3Aadiunkt%2C%40active%3D%27true%27%2C%40virt_affiliation%3A694&amp;r=author&amp;ps=50&amp;tab=&amp;title=Profil%2Bosoby%2B%25E2%2580%2593%2BJoanna%2BMaria%2BAndrusiewicz%2B%25E2%2580%2593%2BUniwersytet%2BMedyczny%2Bw%2B%25C5%2581odzi&amp;lang=pl\">Department of Bioethics, Faculty of Health Sciences, Medical University in \u0141\u00f3d\u017a.<\/a><\/li>\r\n<li>Member of the National Ethics Committee for Animal Experimentation, Warsaw<\/li>\r\n<li>Former member of the <a href=\"http:\/\/lke_sggw.sggw.pl\" target=\"_blank\" rel=\"noreferrer noopener\">2nd Local Ethics Committee for Animal Experimentation<\/a> in Warsaw<\/li>\r\n\r\n\r\n\r\n<li>Former Secretary of the <a href=\"http:\/\/www.ken.pan.pl\" target=\"_blank\" rel=\"noreferrer noopener\">Committee Of Ethics In Science<\/a> of Polish Academy of Sciences \u00a0<\/li>\r\n\r\n\r\n\r\n<li>Former Managing editor of <a href=\"https:\/\/etyka.uw.edu.pl\" target=\"_blank\" rel=\"noreferrer noopener\">Etyka<\/a> scholarly journal<\/li>\r\n<\/ul>\r\n\r\n\r\n\r\n<p>&nbsp;<\/p>\r\n","protected":false},"excerpt":{"rendered":"<p>Assistant Professor, Department of Bioethics, Faculty of Health Sciences, Medical University in \u0141\u00f3d\u017a Contact:\u00a0joanna.andrusiewicz@uw.edu.pl Research interests: bioethics, ethical aspects of the relationship between humans and non-human animals, research ethics, clinical ethics Publications: Academia.edu Books: Darren Barefoot, Julie Szabo, Znajomi na wag\u0119 z\u0142ota. Podstawy marketingu w mediach spo\u0142eczno\u015bciowych [Friends with Benefits: A Social Media Marketing Handbook]\u2026 <span class=\"read-more\"><a href=\"https:\/\/cbb.uw.edu.pl\/en\/team\/joanna-andrusiewicz\/\">Read More &raquo;<\/a><\/span><\/p>\n","protected":false},"author":1,"featured_media":0,"parent":821,"menu_order":0,"comment_status":"closed","ping_status":"closed","template":"","meta":{"footnotes":"","_links_to":"","_links_to_target":""},"class_list":["post-9121","page","type-page","status-publish","hentry"],"yoast_head":"<!-- This site is optimized with the Yoast SEO plugin v27.4 - https:\/\/yoast.com\/product\/yoast-seo-wordpress\/ -->\n<title>Joanna Andrusiewicz - Center for Bioethics and Biolaw<\/title>\n<meta name=\"robots\" content=\"index, follow, max-snippet:-1, max-image-preview:large, max-video-preview:-1\" \/>\n<link rel=\"canonical\" href=\"https:\/\/cbb.uw.edu.pl\/en\/team\/joanna-andrusiewicz\/\" \/>\n<meta property=\"og:locale\" content=\"en_US\" \/>\n<meta property=\"og:type\" content=\"article\" \/>\n<meta property=\"og:title\" content=\"Joanna Andrusiewicz - Center for Bioethics and Biolaw\" \/>\n<meta property=\"og:description\" content=\"Assistant Professor, Department of Bioethics, Faculty of Health Sciences, Medical University in \u0141\u00f3d\u017a Contact:\u00a0joanna.andrusiewicz@uw.edu.pl Research interests: bioethics, ethical aspects of the relationship between humans and non-human animals, research ethics, clinical ethics Publications: Academia.edu Books: Darren Barefoot, Julie Szabo, Znajomi na wag\u0119 z\u0142ota. Podstawy marketingu w mediach spo\u0142eczno\u015bciowych [Friends with Benefits: A Social Media Marketing Handbook]\u2026 Read More &raquo;\" \/>\n<meta property=\"og:url\" content=\"https:\/\/cbb.uw.edu.pl\/en\/team\/joanna-andrusiewicz\/\" \/>\n<meta property=\"og:site_name\" content=\"Center for Bioethics and Biolaw\" \/>\n<meta property=\"article:modified_time\" content=\"2025-07-04T14:18:40+00:00\" \/>\n<meta property=\"og:image\" content=\"https:\/\/cbb.uw.edu.pl\/wp-content\/uploads\/2019\/12\/75299957_2585660181469251_8310259210881335296_n.jpg\" \/>\n\t<meta property=\"og:image:width\" content=\"1702\" \/>\n\t<meta property=\"og:image:height\" content=\"2048\" \/>\n\t<meta property=\"og:image:type\" content=\"image\/jpeg\" \/>\n<meta name=\"twitter:card\" content=\"summary_large_image\" \/>\n<meta name=\"twitter:label1\" content=\"Est. reading time\" \/>\n\t<meta name=\"twitter:data1\" content=\"2 minutes\" \/>\n<script type=\"application\/ld+json\" class=\"yoast-schema-graph\">{\"@context\":\"https:\\\/\\\/schema.org\",\"@graph\":[{\"@type\":\"WebPage\",\"@id\":\"https:\\\/\\\/cbb.uw.edu.pl\\\/en\\\/team\\\/joanna-andrusiewicz\\\/\",\"url\":\"https:\\\/\\\/cbb.uw.edu.pl\\\/en\\\/team\\\/joanna-andrusiewicz\\\/\",\"name\":\"Joanna Andrusiewicz - Center for Bioethics and Biolaw\",\"isPartOf\":{\"@id\":\"https:\\\/\\\/cbb.uw.edu.pl\\\/en\\\/#website\"},\"primaryImageOfPage\":{\"@id\":\"https:\\\/\\\/cbb.uw.edu.pl\\\/en\\\/team\\\/joanna-andrusiewicz\\\/#primaryimage\"},\"image\":{\"@id\":\"https:\\\/\\\/cbb.uw.edu.pl\\\/en\\\/team\\\/joanna-andrusiewicz\\\/#primaryimage\"},\"thumbnailUrl\":\"https:\\\/\\\/cbb.uw.edu.pl\\\/wp-content\\\/uploads\\\/2019\\\/12\\\/75299957_2585660181469251_8310259210881335296_n-851x1024.jpg\",\"datePublished\":\"2019-12-03T01:22:24+00:00\",\"dateModified\":\"2025-07-04T14:18:40+00:00\",\"breadcrumb\":{\"@id\":\"https:\\\/\\\/cbb.uw.edu.pl\\\/en\\\/team\\\/joanna-andrusiewicz\\\/#breadcrumb\"},\"inLanguage\":\"en-US\",\"potentialAction\":[{\"@type\":\"ReadAction\",\"target\":[\"https:\\\/\\\/cbb.uw.edu.pl\\\/en\\\/team\\\/joanna-andrusiewicz\\\/\"]}]},{\"@type\":\"ImageObject\",\"inLanguage\":\"en-US\",\"@id\":\"https:\\\/\\\/cbb.uw.edu.pl\\\/en\\\/team\\\/joanna-andrusiewicz\\\/#primaryimage\",\"url\":\"https:\\\/\\\/cbb.uw.edu.pl\\\/wp-content\\\/uploads\\\/2019\\\/12\\\/75299957_2585660181469251_8310259210881335296_n-851x1024.jpg\",\"contentUrl\":\"https:\\\/\\\/cbb.uw.edu.pl\\\/wp-content\\\/uploads\\\/2019\\\/12\\\/75299957_2585660181469251_8310259210881335296_n-851x1024.jpg\"},{\"@type\":\"BreadcrumbList\",\"@id\":\"https:\\\/\\\/cbb.uw.edu.pl\\\/en\\\/team\\\/joanna-andrusiewicz\\\/#breadcrumb\",\"itemListElement\":[{\"@type\":\"ListItem\",\"position\":1,\"name\":\"Strona g\u0142\u00f3wna\",\"item\":\"https:\\\/\\\/cbb.uw.edu.pl\\\/en\\\/\"},{\"@type\":\"ListItem\",\"position\":2,\"name\":\"Team\",\"item\":\"https:\\\/\\\/cbb.uw.edu.pl\\\/en\\\/team\\\/\"},{\"@type\":\"ListItem\",\"position\":3,\"name\":\"Joanna Andrusiewicz\"}]},{\"@type\":\"WebSite\",\"@id\":\"https:\\\/\\\/cbb.uw.edu.pl\\\/en\\\/#website\",\"url\":\"https:\\\/\\\/cbb.uw.edu.pl\\\/en\\\/\",\"name\":\"Center for Bioethics and Biolaw\",\"description\":\"Institute of Philosophy, University of Warsaw\",\"potentialAction\":[{\"@type\":\"SearchAction\",\"target\":{\"@type\":\"EntryPoint\",\"urlTemplate\":\"https:\\\/\\\/cbb.uw.edu.pl\\\/en\\\/?s={search_term_string}\"},\"query-input\":{\"@type\":\"PropertyValueSpecification\",\"valueRequired\":true,\"valueName\":\"search_term_string\"}}],\"inLanguage\":\"en-US\"}]}<\/script>\n<!-- \/ Yoast SEO plugin. -->","yoast_head_json":{"title":"Joanna Andrusiewicz - Center for Bioethics and Biolaw","robots":{"index":"index","follow":"follow","max-snippet":"max-snippet:-1","max-image-preview":"max-image-preview:large","max-video-preview":"max-video-preview:-1"},"canonical":"https:\/\/cbb.uw.edu.pl\/en\/team\/joanna-andrusiewicz\/","og_locale":"en_US","og_type":"article","og_title":"Joanna Andrusiewicz - Center for Bioethics and Biolaw","og_description":"Assistant Professor, Department of Bioethics, Faculty of Health Sciences, Medical University in \u0141\u00f3d\u017a Contact:\u00a0joanna.andrusiewicz@uw.edu.pl Research interests: bioethics, ethical aspects of the relationship between humans and non-human animals, research ethics, clinical ethics Publications: Academia.edu Books: Darren Barefoot, Julie Szabo, Znajomi na wag\u0119 z\u0142ota. Podstawy marketingu w mediach spo\u0142eczno\u015bciowych [Friends with Benefits: A Social Media Marketing Handbook]\u2026 Read More &raquo;","og_url":"https:\/\/cbb.uw.edu.pl\/en\/team\/joanna-andrusiewicz\/","og_site_name":"Center for Bioethics and Biolaw","article_modified_time":"2025-07-04T14:18:40+00:00","og_image":[{"width":1702,"height":2048,"url":"https:\/\/cbb.uw.edu.pl\/wp-content\/uploads\/2019\/12\/75299957_2585660181469251_8310259210881335296_n.jpg","type":"image\/jpeg"}],"twitter_card":"summary_large_image","twitter_misc":{"Est. reading time":"2 minutes"},"schema":{"@context":"https:\/\/schema.org","@graph":[{"@type":"WebPage","@id":"https:\/\/cbb.uw.edu.pl\/en\/team\/joanna-andrusiewicz\/","url":"https:\/\/cbb.uw.edu.pl\/en\/team\/joanna-andrusiewicz\/","name":"Joanna Andrusiewicz - Center for Bioethics and Biolaw","isPartOf":{"@id":"https:\/\/cbb.uw.edu.pl\/en\/#website"},"primaryImageOfPage":{"@id":"https:\/\/cbb.uw.edu.pl\/en\/team\/joanna-andrusiewicz\/#primaryimage"},"image":{"@id":"https:\/\/cbb.uw.edu.pl\/en\/team\/joanna-andrusiewicz\/#primaryimage"},"thumbnailUrl":"https:\/\/cbb.uw.edu.pl\/wp-content\/uploads\/2019\/12\/75299957_2585660181469251_8310259210881335296_n-851x1024.jpg","datePublished":"2019-12-03T01:22:24+00:00","dateModified":"2025-07-04T14:18:40+00:00","breadcrumb":{"@id":"https:\/\/cbb.uw.edu.pl\/en\/team\/joanna-andrusiewicz\/#breadcrumb"},"inLanguage":"en-US","potentialAction":[{"@type":"ReadAction","target":["https:\/\/cbb.uw.edu.pl\/en\/team\/joanna-andrusiewicz\/"]}]},{"@type":"ImageObject","inLanguage":"en-US","@id":"https:\/\/cbb.uw.edu.pl\/en\/team\/joanna-andrusiewicz\/#primaryimage","url":"https:\/\/cbb.uw.edu.pl\/wp-content\/uploads\/2019\/12\/75299957_2585660181469251_8310259210881335296_n-851x1024.jpg","contentUrl":"https:\/\/cbb.uw.edu.pl\/wp-content\/uploads\/2019\/12\/75299957_2585660181469251_8310259210881335296_n-851x1024.jpg"},{"@type":"BreadcrumbList","@id":"https:\/\/cbb.uw.edu.pl\/en\/team\/joanna-andrusiewicz\/#breadcrumb","itemListElement":[{"@type":"ListItem","position":1,"name":"Strona g\u0142\u00f3wna","item":"https:\/\/cbb.uw.edu.pl\/en\/"},{"@type":"ListItem","position":2,"name":"Team","item":"https:\/\/cbb.uw.edu.pl\/en\/team\/"},{"@type":"ListItem","position":3,"name":"Joanna Andrusiewicz"}]},{"@type":"WebSite","@id":"https:\/\/cbb.uw.edu.pl\/en\/#website","url":"https:\/\/cbb.uw.edu.pl\/en\/","name":"Center for Bioethics and Biolaw","description":"Institute of Philosophy, University of Warsaw","potentialAction":[{"@type":"SearchAction","target":{"@type":"EntryPoint","urlTemplate":"https:\/\/cbb.uw.edu.pl\/en\/?s={search_term_string}"},"query-input":{"@type":"PropertyValueSpecification","valueRequired":true,"valueName":"search_term_string"}}],"inLanguage":"en-US"}]}},"_links":{"self":[{"href":"https:\/\/cbb.uw.edu.pl\/en\/wp-json\/wp\/v2\/pages\/9121","targetHints":{"allow":["GET"]}}],"collection":[{"href":"https:\/\/cbb.uw.edu.pl\/en\/wp-json\/wp\/v2\/pages"}],"about":[{"href":"https:\/\/cbb.uw.edu.pl\/en\/wp-json\/wp\/v2\/types\/page"}],"author":[{"embeddable":true,"href":"https:\/\/cbb.uw.edu.pl\/en\/wp-json\/wp\/v2\/users\/1"}],"replies":[{"embeddable":true,"href":"https:\/\/cbb.uw.edu.pl\/en\/wp-json\/wp\/v2\/comments?post=9121"}],"version-history":[{"count":11,"href":"https:\/\/cbb.uw.edu.pl\/en\/wp-json\/wp\/v2\/pages\/9121\/revisions"}],"predecessor-version":[{"id":11497,"href":"https:\/\/cbb.uw.edu.pl\/en\/wp-json\/wp\/v2\/pages\/9121\/revisions\/11497"}],"up":[{"embeddable":true,"href":"https:\/\/cbb.uw.edu.pl\/en\/wp-json\/wp\/v2\/pages\/821"}],"wp:attachment":[{"href":"https:\/\/cbb.uw.edu.pl\/en\/wp-json\/wp\/v2\/media?parent=9121"}],"curies":[{"name":"wp","href":"https:\/\/api.w.org\/{rel}","templated":true}]}}