{"id":911,"date":"2016-01-15T00:25:49","date_gmt":"2016-01-15T00:25:49","guid":{"rendered":"http:\/\/cbb.uw.edu.pl\/en\/?page_id=911"},"modified":"2024-03-20T13:12:02","modified_gmt":"2024-03-20T13:12:02","slug":"pawel-lukow","status":"publish","type":"page","link":"https:\/\/cbb.uw.edu.pl\/en\/team\/pawel-lukow\/","title":{"rendered":"Pawe\u0142 \u0141uk\u00f3w"},"content":{"rendered":"\r\n\r\n\r\n<figure class=\"wp-block-image\"><img loading=\"lazy\" decoding=\"async\" width=\"890\" height=\"463\" class=\"wp-image-9081\" src=\"https:\/\/cbb.uw.edu.pl\/wp-content\/uploads\/2019\/11\/P.Lukow_3-1.jpg\" alt=\"\" srcset=\"https:\/\/cbb.uw.edu.pl\/wp-content\/uploads\/2019\/11\/P.Lukow_3-1.jpg 890w, https:\/\/cbb.uw.edu.pl\/wp-content\/uploads\/2019\/11\/P.Lukow_3-1-300x156.jpg 300w, https:\/\/cbb.uw.edu.pl\/wp-content\/uploads\/2019\/11\/P.Lukow_3-1-768x400.jpg 768w, https:\/\/cbb.uw.edu.pl\/wp-content\/uploads\/2019\/11\/P.Lukow_3-1-660x343.jpg 660w\" sizes=\"auto, (max-width: 890px) 100vw, 890px\" \/><\/figure>\r\n\r\n\r\n\r\n<h2 class=\"wp-block-heading\">Director of the Center for Bioethics &amp; Biolaw<\/h2>\r\n<h2>Professor, Ethics Department, Faculty of Philosophy, University of Warsaw<\/h2>\r\n<h2><strong>Contact:<\/strong> p.w.lukow@uw.edu.pl<\/h2>\r\n\r\n\r\n\r\n<h2 class=\"wp-block-heading\"><strong>Research interests:\u00a0<\/strong><\/h2>\r\n\r\n\r\n\r\n<ul class=\"wp-block-list\">\r\n<li>normative ethics and contemporary\u00a0Kantian\u00a0thought with special interest in autonomy and the problems of justification of moral norms<\/li>\r\n<li>clinical ethics, in particular\u00a0issues of patient informed consent to medical intervention and the ethical foundations of legal regulation in this sphere<\/li>\r\n<li>ethics of transplantation; the problems of relation between a person and their body and the scope of the individual&#8217;s right to disposal of their own body<\/li>\r\n<li>bioethical discourse in democratic society and its axiological foundations<\/li>\r\n<li>ethics instruction in medical professions<\/li>\r\n<\/ul>\r\n\r\n\r\n\r\n<h2 class=\"wp-block-heading\"><strong>Projects:<\/strong><\/h2>\r\n<h4>\u00a0 \u00a0 <strong>In progress:<\/strong><\/h4>\r\n<ul>\r\n<li><a href=\"https:\/\/cbb.uw.edu.pl\/en\/grants\/ethics-of-research-payment\/\">Indecent proposal? Ethics of paying participants of biomedical research (NCN)<\/a> &#8211; Investigator<\/li>\r\n<\/ul>\r\n<h4>\u00a0 \u00a0 \u00a0<strong>Completed:\u00a0<\/strong><\/h4>\r\n<ul>\r\n<li><a href=\"https:\/\/cbb.uw.edu.pl\/en\/grants\/healthcare-as-a-public-space-social-integration-and-social-diversity-in-the-context-of-access-to-healthcare-in-europe\/\">Healthcare as a Public Space: Social Integration and Social Diversity in the Context of Access to Healthcare in Europe (HERA) <\/a>&#8211; Principal Investigator (Poland)<\/li>\r\n<li><a href=\"https:\/\/cbb.uw.edu.pl\/en\/grants\/body-person-and-informed-consent\/\">Body, Person, and Informed Consent. Ethics of Using Human Body in Medicine and Research (NCN) <\/a>&#8211; Principal Investigator<\/li>\r\n<li><a href=\"https:\/\/cbb.uw.edu.pl\/en\/grants\/development-participatory-bioethics\/\">Development of Participatory Bioethics (NPRH)<\/a>&#8211; Principal Investigator<\/li>\r\n<\/ul>\r\n\r\n\r\n\r\n\r\n\r\n<h2 class=\"wp-block-heading\"><strong>Books:<\/strong><\/h2>\r\n\r\n\r\n\r\n<ul class=\"wp-block-list\">\r\n<li><i>Zrozumie\u0107 \u015bmier\u0107 cz\u0142owieka<\/i>\u00a0(Warszawa, ed. 2015)<\/li>\r\n<li><em>Etyka medyczna z elementami filozofii<\/em>\u00a0\u00a0(Warszawa, 2014; with\u00a0T. Pasierski)<\/li>\r\n<li><em>Moralno\u015b\u0107 medycyny. O sztuce dobrego \u017cycia i o sztuce leczenia<\/em>\u00a0 (Warszawa, 2012)<\/li>\r\n<li><em>Granice zgody: autonomia zasad i dobro pacjenta<\/em> (Warszawa, 2005)<\/li>\r\n<li><em>Wolno\u015b\u0107 i autorytet rozumu. Racjonalno\u015b\u0107 w filozofii moralnej Kanta<\/em>\u00a0 (Warszawa, 1997)<\/li>\r\n<\/ul>\r\n\r\n\r\n\r\n<h2 class=\"wp-block-heading\"><strong>Functions:<\/strong><\/h2>\r\n\r\n\r\n\r\n<ul class=\"wp-block-list\">\r\n<li>Dean of the <a href=\"https:\/\/filozofia.uw.edu.pl\/en\/\">Faculty of Philosophy<\/a>, University of Warsaw<\/li>\r\n<li>Chair of the\u00a0<a href=\"http:\/\/www.filozofia.uw.edu.pl\/instytut\/zaklady-i-pracownie\/zaklad-etyki\/\">Ethics Department<\/a>, Faculty of Philosophy, University of Warsaw<\/li>\r\n<li>Member of the <a href=\"https:\/\/ec.europa.eu\/info\/research-and-innovation\/strategy\/support-policy-making\/scientific-support-eu-policies\/ege_en\">European Group on Ethics in Science and New Technologies (EGE)<\/a><\/li>\r\n<li>Member of the <a href=\"http:\/\/www.mz.gov.pl\/zdrowie-i-profilaktyka\/programy-zdrowotne\/wykaz-programow\/program-wieloletni-na-lata-2011-2020-narodowy-program-rozwoju-medycyny-transplantacyjnej\/informacje-dotyczace-podstaw-prawnych-funkcjonowania-i-kompetencji-krajowej-rady-transplantacyjnej\/krajowa-rada-transplantacyjna-sklad-w-kadencji-2010-2014-aktualizacja-marzec-2014r\">National Transplantation Council<\/a><\/li>\r\n<li>Chair of the <a href=\"https:\/\/en.uw.edu.pl\/rectors-committee-for-the-ethics-of-research-involving-human-participants\/\">Rector\u2019s Committee for Ethics of Research with Human Participants at the University of Warsaw<\/a><\/li>\r\n<li>Chair of the <a href=\"http:\/\/www.ken.pan.pl\/\">Committee on Ethics in Science<\/a>, 1st Department of Humanities and Social Sciences, Polish Academy of Science<\/li>\r\n<li>Member of the <a href=\"https:\/\/bioetyka.pan.pl\/en\/\">Bioethics Committee<\/a> of the Polish Academy of Sciences<\/li>\r\n<li>Editor in chief of the journal\u00a0<em><a href=\"http:\/\/www.etyka.uw.edu.pl\">Etyka (Ethics)<\/a><\/em><\/li>\r\n<\/ul>\r\n\r\n\r\n\r\n<h2 class=\"wp-block-heading\"><strong>Education:<\/strong><\/h2>\r\n\r\n\r\n\r\n<ul class=\"wp-block-list\">\r\n<li>professor (state degree)\u00a0(2014)<\/li>\r\n<li>The Andrew W. Mellon Foundation Research Fellowship,\u00a0<a href=\"http:\/\/www.iash.ed.ac.uk\/\">The Institute for Advanced Studies in the Humanities<\/a>, The University of Edinburgh, UK (2009)<\/li>\r\n<li>doctor habilitated\u00a0(2006)<\/li>\r\n<li>The\u00a0<a href=\"https:\/\/www.rockefellerfoundation.org\/\">Rockefeller Foundation<\/a>\u00a0residency at Bellagio Study and Conference Center, Italy (2001)<\/li>\r\n<li>The Fulbright Program, research visit at the University of North Carolina at Chapel Hill, USA (1999-2000)<\/li>\r\n<li>Cambridge Hospitality Scheme, Newnham College, Cambridge University, UK (1997)<\/li>\r\n<li>doctor of humanities in philosophy (PhD)\u00a0(1994)<\/li>\r\n<li>University of Notre Dame, doctoral research visit at the University of Notre Dame, USA (1992-93)<\/li>\r\n<li>The\u00a0British Council academic visit, University of Essex, UK\u00a0(1990-91)<\/li>\r\n<li>master of arts in philosophy (MA)\u00a0(1987)<\/li>\r\n<\/ul>\r\n","protected":false},"excerpt":{"rendered":"<p>Director of the Center for Bioethics &amp; Biolaw Professor, Ethics Department, Faculty of Philosophy, University of Warsaw Contact: p.w.lukow@uw.edu.pl Research interests:\u00a0 normative ethics and contemporary\u00a0Kantian\u00a0thought with special interest in autonomy and the problems of justification of moral norms clinical ethics, in particular\u00a0issues of patient informed consent to medical intervention and the ethical foundations of legal\u2026 <span class=\"read-more\"><a href=\"https:\/\/cbb.uw.edu.pl\/en\/team\/pawel-lukow\/\">Read More &raquo;<\/a><\/span><\/p>\n","protected":false},"author":1,"featured_media":0,"parent":821,"menu_order":1,"comment_status":"closed","ping_status":"closed","template":"","meta":{"footnotes":"","_links_to":"","_links_to_target":""},"class_list":["post-911","page","type-page","status-publish","hentry"],"yoast_head":"<!-- This site is optimized with the Yoast SEO plugin v27.4 - https:\/\/yoast.com\/product\/yoast-seo-wordpress\/ -->\n<title>Pawe\u0142 \u0141uk\u00f3w - Center for Bioethics and Biolaw<\/title>\n<meta name=\"description\" content=\"Pawe\u0142 \u0141uk\u00f3w | Professor | Institute of Philosophy | University of Warsaw |\u00a0normative ethics, modern applications of Kant&#039;s philosophy, clinical ethics\" \/>\n<meta name=\"robots\" content=\"index, follow, max-snippet:-1, max-image-preview:large, max-video-preview:-1\" \/>\n<link rel=\"canonical\" href=\"https:\/\/cbb.uw.edu.pl\/en\/team\/pawel-lukow\/\" \/>\n<meta property=\"og:locale\" content=\"en_US\" \/>\n<meta property=\"og:type\" content=\"article\" \/>\n<meta property=\"og:title\" content=\"Pawe\u0142 \u0141uk\u00f3w - Center for Bioethics and Biolaw\" \/>\n<meta property=\"og:description\" content=\"Pawe\u0142 \u0141uk\u00f3w | Professor | Institute of Philosophy | University of Warsaw |\u00a0normative ethics, modern applications of Kant&#039;s philosophy, clinical ethics\" \/>\n<meta property=\"og:url\" content=\"https:\/\/cbb.uw.edu.pl\/en\/team\/pawel-lukow\/\" \/>\n<meta property=\"og:site_name\" content=\"Center for Bioethics and Biolaw\" \/>\n<meta property=\"article:modified_time\" content=\"2024-03-20T13:12:02+00:00\" \/>\n<meta property=\"og:image\" content=\"https:\/\/cbb.uw.edu.pl\/wp-content\/uploads\/2019\/11\/P.Lukow_3-1.jpg\" \/>\n<meta name=\"twitter:card\" content=\"summary_large_image\" \/>\n<meta name=\"twitter:label1\" content=\"Est. reading time\" \/>\n\t<meta name=\"twitter:data1\" content=\"3 minutes\" \/>\n<script type=\"application\/ld+json\" class=\"yoast-schema-graph\">{\"@context\":\"https:\\\/\\\/schema.org\",\"@graph\":[{\"@type\":\"WebPage\",\"@id\":\"https:\\\/\\\/cbb.uw.edu.pl\\\/en\\\/team\\\/pawel-lukow\\\/\",\"url\":\"https:\\\/\\\/cbb.uw.edu.pl\\\/en\\\/team\\\/pawel-lukow\\\/\",\"name\":\"Pawe\u0142 \u0141uk\u00f3w - Center for Bioethics and Biolaw\",\"isPartOf\":{\"@id\":\"https:\\\/\\\/cbb.uw.edu.pl\\\/en\\\/#website\"},\"primaryImageOfPage\":{\"@id\":\"https:\\\/\\\/cbb.uw.edu.pl\\\/en\\\/team\\\/pawel-lukow\\\/#primaryimage\"},\"image\":{\"@id\":\"https:\\\/\\\/cbb.uw.edu.pl\\\/en\\\/team\\\/pawel-lukow\\\/#primaryimage\"},\"thumbnailUrl\":\"https:\\\/\\\/cbb.uw.edu.pl\\\/wp-content\\\/uploads\\\/2019\\\/11\\\/P.Lukow_3-1.jpg\",\"datePublished\":\"2016-01-15T00:25:49+00:00\",\"dateModified\":\"2024-03-20T13:12:02+00:00\",\"description\":\"Pawe\u0142 \u0141uk\u00f3w | Professor | Institute of Philosophy | University of Warsaw |\u00a0normative ethics, modern applications of Kant's philosophy, clinical ethics\",\"breadcrumb\":{\"@id\":\"https:\\\/\\\/cbb.uw.edu.pl\\\/en\\\/team\\\/pawel-lukow\\\/#breadcrumb\"},\"inLanguage\":\"en-US\",\"potentialAction\":[{\"@type\":\"ReadAction\",\"target\":[\"https:\\\/\\\/cbb.uw.edu.pl\\\/en\\\/team\\\/pawel-lukow\\\/\"]}]},{\"@type\":\"ImageObject\",\"inLanguage\":\"en-US\",\"@id\":\"https:\\\/\\\/cbb.uw.edu.pl\\\/en\\\/team\\\/pawel-lukow\\\/#primaryimage\",\"url\":\"https:\\\/\\\/cbb.uw.edu.pl\\\/wp-content\\\/uploads\\\/2019\\\/11\\\/P.Lukow_3-1.jpg\",\"contentUrl\":\"https:\\\/\\\/cbb.uw.edu.pl\\\/wp-content\\\/uploads\\\/2019\\\/11\\\/P.Lukow_3-1.jpg\"},{\"@type\":\"BreadcrumbList\",\"@id\":\"https:\\\/\\\/cbb.uw.edu.pl\\\/en\\\/team\\\/pawel-lukow\\\/#breadcrumb\",\"itemListElement\":[{\"@type\":\"ListItem\",\"position\":1,\"name\":\"Strona g\u0142\u00f3wna\",\"item\":\"https:\\\/\\\/cbb.uw.edu.pl\\\/en\\\/\"},{\"@type\":\"ListItem\",\"position\":2,\"name\":\"Team\",\"item\":\"https:\\\/\\\/cbb.uw.edu.pl\\\/en\\\/team\\\/\"},{\"@type\":\"ListItem\",\"position\":3,\"name\":\"Pawe\u0142 \u0141uk\u00f3w\"}]},{\"@type\":\"WebSite\",\"@id\":\"https:\\\/\\\/cbb.uw.edu.pl\\\/en\\\/#website\",\"url\":\"https:\\\/\\\/cbb.uw.edu.pl\\\/en\\\/\",\"name\":\"Center for Bioethics and Biolaw\",\"description\":\"Institute of Philosophy, University of Warsaw\",\"potentialAction\":[{\"@type\":\"SearchAction\",\"target\":{\"@type\":\"EntryPoint\",\"urlTemplate\":\"https:\\\/\\\/cbb.uw.edu.pl\\\/en\\\/?s={search_term_string}\"},\"query-input\":{\"@type\":\"PropertyValueSpecification\",\"valueRequired\":true,\"valueName\":\"search_term_string\"}}],\"inLanguage\":\"en-US\"}]}<\/script>\n<!-- \/ Yoast SEO plugin. -->","yoast_head_json":{"title":"Pawe\u0142 \u0141uk\u00f3w - Center for Bioethics and Biolaw","description":"Pawe\u0142 \u0141uk\u00f3w | Professor | Institute of Philosophy | University of Warsaw |\u00a0normative ethics, modern applications of Kant's philosophy, clinical ethics","robots":{"index":"index","follow":"follow","max-snippet":"max-snippet:-1","max-image-preview":"max-image-preview:large","max-video-preview":"max-video-preview:-1"},"canonical":"https:\/\/cbb.uw.edu.pl\/en\/team\/pawel-lukow\/","og_locale":"en_US","og_type":"article","og_title":"Pawe\u0142 \u0141uk\u00f3w - Center for Bioethics and Biolaw","og_description":"Pawe\u0142 \u0141uk\u00f3w | Professor | Institute of Philosophy | University of Warsaw |\u00a0normative ethics, modern applications of Kant's philosophy, clinical ethics","og_url":"https:\/\/cbb.uw.edu.pl\/en\/team\/pawel-lukow\/","og_site_name":"Center for Bioethics and Biolaw","article_modified_time":"2024-03-20T13:12:02+00:00","og_image":[{"url":"https:\/\/cbb.uw.edu.pl\/wp-content\/uploads\/2019\/11\/P.Lukow_3-1.jpg","type":"","width":"","height":""}],"twitter_card":"summary_large_image","twitter_misc":{"Est. reading time":"3 minutes"},"schema":{"@context":"https:\/\/schema.org","@graph":[{"@type":"WebPage","@id":"https:\/\/cbb.uw.edu.pl\/en\/team\/pawel-lukow\/","url":"https:\/\/cbb.uw.edu.pl\/en\/team\/pawel-lukow\/","name":"Pawe\u0142 \u0141uk\u00f3w - Center for Bioethics and Biolaw","isPartOf":{"@id":"https:\/\/cbb.uw.edu.pl\/en\/#website"},"primaryImageOfPage":{"@id":"https:\/\/cbb.uw.edu.pl\/en\/team\/pawel-lukow\/#primaryimage"},"image":{"@id":"https:\/\/cbb.uw.edu.pl\/en\/team\/pawel-lukow\/#primaryimage"},"thumbnailUrl":"https:\/\/cbb.uw.edu.pl\/wp-content\/uploads\/2019\/11\/P.Lukow_3-1.jpg","datePublished":"2016-01-15T00:25:49+00:00","dateModified":"2024-03-20T13:12:02+00:00","description":"Pawe\u0142 \u0141uk\u00f3w | Professor | Institute of Philosophy | University of Warsaw |\u00a0normative ethics, modern applications of Kant's philosophy, clinical ethics","breadcrumb":{"@id":"https:\/\/cbb.uw.edu.pl\/en\/team\/pawel-lukow\/#breadcrumb"},"inLanguage":"en-US","potentialAction":[{"@type":"ReadAction","target":["https:\/\/cbb.uw.edu.pl\/en\/team\/pawel-lukow\/"]}]},{"@type":"ImageObject","inLanguage":"en-US","@id":"https:\/\/cbb.uw.edu.pl\/en\/team\/pawel-lukow\/#primaryimage","url":"https:\/\/cbb.uw.edu.pl\/wp-content\/uploads\/2019\/11\/P.Lukow_3-1.jpg","contentUrl":"https:\/\/cbb.uw.edu.pl\/wp-content\/uploads\/2019\/11\/P.Lukow_3-1.jpg"},{"@type":"BreadcrumbList","@id":"https:\/\/cbb.uw.edu.pl\/en\/team\/pawel-lukow\/#breadcrumb","itemListElement":[{"@type":"ListItem","position":1,"name":"Strona g\u0142\u00f3wna","item":"https:\/\/cbb.uw.edu.pl\/en\/"},{"@type":"ListItem","position":2,"name":"Team","item":"https:\/\/cbb.uw.edu.pl\/en\/team\/"},{"@type":"ListItem","position":3,"name":"Pawe\u0142 \u0141uk\u00f3w"}]},{"@type":"WebSite","@id":"https:\/\/cbb.uw.edu.pl\/en\/#website","url":"https:\/\/cbb.uw.edu.pl\/en\/","name":"Center for Bioethics and Biolaw","description":"Institute of Philosophy, University of Warsaw","potentialAction":[{"@type":"SearchAction","target":{"@type":"EntryPoint","urlTemplate":"https:\/\/cbb.uw.edu.pl\/en\/?s={search_term_string}"},"query-input":{"@type":"PropertyValueSpecification","valueRequired":true,"valueName":"search_term_string"}}],"inLanguage":"en-US"}]}},"_links":{"self":[{"href":"https:\/\/cbb.uw.edu.pl\/en\/wp-json\/wp\/v2\/pages\/911","targetHints":{"allow":["GET"]}}],"collection":[{"href":"https:\/\/cbb.uw.edu.pl\/en\/wp-json\/wp\/v2\/pages"}],"about":[{"href":"https:\/\/cbb.uw.edu.pl\/en\/wp-json\/wp\/v2\/types\/page"}],"author":[{"embeddable":true,"href":"https:\/\/cbb.uw.edu.pl\/en\/wp-json\/wp\/v2\/users\/1"}],"replies":[{"embeddable":true,"href":"https:\/\/cbb.uw.edu.pl\/en\/wp-json\/wp\/v2\/comments?post=911"}],"version-history":[{"count":25,"href":"https:\/\/cbb.uw.edu.pl\/en\/wp-json\/wp\/v2\/pages\/911\/revisions"}],"predecessor-version":[{"id":10771,"href":"https:\/\/cbb.uw.edu.pl\/en\/wp-json\/wp\/v2\/pages\/911\/revisions\/10771"}],"up":[{"embeddable":true,"href":"https:\/\/cbb.uw.edu.pl\/en\/wp-json\/wp\/v2\/pages\/821"}],"wp:attachment":[{"href":"https:\/\/cbb.uw.edu.pl\/en\/wp-json\/wp\/v2\/media?parent=911"}],"curies":[{"name":"wp","href":"https:\/\/api.w.org\/{rel}","templated":true}]}}