{"id":897,"date":"2016-01-29T16:00:33","date_gmt":"2016-01-29T16:00:33","guid":{"rendered":"http:\/\/cbb.uw.edu.pl\/en\/?page_id=897"},"modified":"2024-03-21T10:07:38","modified_gmt":"2024-03-21T10:07:38","slug":"biopolitics","status":"publish","type":"page","link":"https:\/\/cbb.uw.edu.pl\/en\/publications\/biopolitics\/","title":{"rendered":"Biopolitics and pharma ethics"},"content":{"rendered":"<ul>\n<li>Makowska, M., <strong>Kaczmarek<\/strong>, E. &amp; Rodzinka, M. (2022). <a href=\"https:\/\/link.springer.com\/article\/10.1007\/s40592-021-00128-2\">Transparency or restricting gifts? Polish medical students\u2019 opinions about regulating relationships with pharmaceutical sales representatives.<\/a> <i>Monash Bioethics Review<\/i>\u00a0<em>40<\/em> (Suppl 1), 49\u201370.<\/li>\n<li><strong>Kaczmarek,<\/strong> E. (2022). <a href=\"https:\/\/onlinelibrary.wiley.com\/doi\/pdf\/10.1111\/bcp.14835\">Promoting diseases to promote drugs: the role of the pharmaceutical industry in fostering good and bad medicalizatio<\/a>n.\u00a0<i>British Journal of Clinical Pharmacology<\/i>\u00a0<i>88<\/i>(1): 34-39.<\/li>\n<li><strong>Kaczmarek<\/strong> E. (2022). <a href=\"https:\/\/link.springer.com\/article\/10.1007\/s10790-020-09785-8\">What Does Pricelessness Mean<\/a>?,<em> Journal of Value Inquiry <span data-test=\"journal-volume\">\u00a056<\/span>, <\/em>469\u2013484.<\/li>\n<li><strong>Kaczmarek<\/strong> E. (2019), <a href=\"https:\/\/scholar.com.pl\/pl\/nowosci\/3905-gorzka-pigulka-bretyka-i-biopolityka-w-branzy-farmaceutycznej.html\"><em>Gorzka pigu\u0142ka. Etyka i biopolityka w bran\u017cy farmaceutycznej<\/em><\/a>, Wydawnictwo Naukowe Scholar, Warszawa.<\/li>\n<li><strong>Kaczmarek<\/strong> E. (2019).\u00a0<a href=\"https:\/\/link.springer.com\/article\/10.1007%2Fs11019-018-9850-1\">How to distinguish medicalization from over-medicalization<\/a>?,\u00a0<em>Medicine, Health Care and Philosophy<\/em>\u00a022(1):119-128.<\/li>\n<li><strong>Kaczmarek<\/strong>, E. (2019). Conflicts of interest, impartiality and trust. In. Mental Health Euroope Report, <a href=\"https:\/\/mhe-sme.org\/wp-content\/uploads\/2019\/01\/MHE-SHEDDING-LIGHT-REPORT-Final.pdf\"><em>Shedding light on transparent cooperation in healthcare. The way forward for sunshine and transparency laws across Europe<\/em><\/a>. ed. M. Rodzinka, M.Fallon-Kund, K. Marinetti.<\/li>\n<li><strong>Kaczmarek, <\/strong>E. (2017). <a href=\"http:\/\/www.prawoimedycyna.pl\/index.php?str=artykul&amp;id=1540\">Relacje firm farmaceutycznych i organizacji pacjent\u00f3w w Polsce \u2013 szansa czy zagro\u017cenie?<\/a>, <em>Prawo i Medycyna<\/em> 3 (68, vol. 19), 23-41.<\/li>\n<li><strong>Kaczmarek<\/strong>, E. (2016).\u00a0<a href=\"https:\/\/www.ceeol.com\/search\/article-detail?id=578469\">Nowe wcielenie biopolityki<\/a>. [Recenzja ksi\u0105\u017cki Nikolasa Rose\u2019a <em>The Politics of Life Itself. Biomedicine, Power, and Subjectivity in the Twenty-First Century<\/em>].\u00a0<em>Civitas. Studia z filozofii polityki<\/em>, 19, 281-293.<\/li>\n<li><strong>Kaczmarek<\/strong>, E. (2015). <a href=\"http:\/\/libra.ibuk.pl\/book\/149286\">Biopraca &#8211; nowa twarz wyzysku<\/a>? <em>Przegl\u0105d Humanistyczny<\/em>, 1: 55-62.<\/li>\n<li><strong>Kaczmarek<\/strong>, E. (2015). <a href=\"http:\/\/www.annalesonline.uni.lodz.pl\/archiwum\/2015\/2015_3_kaczmarek_99_108.pdf\">Etyczne wyzwania w przemy\u015ble farmaceutycznym \u2013 zarys problematyki<\/a>.<em> Annales. Etyka w \u017cyciu gospodarczym<\/em>, 18(3): 99-108.<\/li>\n<li><strong>Kaczmarek<\/strong>, E. (2015) <a href=\"http:\/\/apcz.pl\/czasopisma\/index.php\/DP\/article\/view\/DP.2015.003\/7006\">How does the pharmaceutical industry do biopolitics<\/a>?. <em>Dialogi Polityczne\/Political Dialogues<\/em>, 18: 1-17.<\/li>\n<li><strong>Kaczmarek<\/strong>, E. (2014). <a href=\"http:\/\/apcz.pl\/czasopisma\/index.php\/DP\/article\/view\/DP.2014.010\/7083\">Mi\u0119dzy biopolityk\u0105 a bioetyk\u0105<\/a>. <em>Dialogi Polityczne\/Political Dialogues<\/em>, 17: 11-20.<\/li>\n<\/ul>\n","protected":false},"excerpt":{"rendered":"<p>Makowska, M., Kaczmarek, E. &amp; Rodzinka, M. (2022). Transparency or restricting gifts? Polish medical students\u2019 opinions about regulating relationships with pharmaceutical sales representatives. Monash Bioethics Review\u00a040 (Suppl 1), 49\u201370. Kaczmarek, E. (2022). Promoting diseases to promote drugs: the role of the pharmaceutical industry in fostering good and bad medicalization.\u00a0British Journal of Clinical Pharmacology\u00a088(1): 34-39. Kaczmarek\u2026 <span class=\"read-more\"><a href=\"https:\/\/cbb.uw.edu.pl\/en\/publications\/biopolitics\/\">Read More &raquo;<\/a><\/span><\/p>\n","protected":false},"author":1,"featured_media":0,"parent":825,"menu_order":5,"comment_status":"closed","ping_status":"closed","template":"","meta":{"footnotes":"","_links_to":"","_links_to_target":""},"class_list":["post-897","page","type-page","status-publish","hentry"],"yoast_head":"<!-- This site is optimized with the Yoast SEO plugin v27.3 - https:\/\/yoast.com\/product\/yoast-seo-wordpress\/ -->\n<title>Biopolitics | Center for Bioethics and Biolaw<\/title>\n<meta name=\"description\" content=\"Center for Bioethics and BIolaw scholars&#039; publications on biopolitics and biomedical ethics in social and economic contexts\" \/>\n<meta name=\"robots\" content=\"index, follow, max-snippet:-1, max-image-preview:large, max-video-preview:-1\" \/>\n<link rel=\"canonical\" href=\"https:\/\/cbb.uw.edu.pl\/en\/publications\/biopolitics\/\" \/>\n<meta property=\"og:locale\" content=\"en_US\" \/>\n<meta property=\"og:type\" content=\"article\" \/>\n<meta property=\"og:title\" content=\"Biopolitics | Center for Bioethics and Biolaw\" \/>\n<meta property=\"og:description\" content=\"Center for Bioethics and BIolaw scholars&#039; publications on biopolitics and biomedical ethics in social and economic contexts\" \/>\n<meta property=\"og:url\" content=\"https:\/\/cbb.uw.edu.pl\/en\/publications\/biopolitics\/\" \/>\n<meta property=\"og:site_name\" content=\"Center for Bioethics and Biolaw\" \/>\n<meta property=\"article:modified_time\" content=\"2024-03-21T10:07:38+00:00\" \/>\n<meta name=\"twitter:card\" content=\"summary_large_image\" \/>\n<meta name=\"twitter:label1\" content=\"Est. reading time\" \/>\n\t<meta name=\"twitter:data1\" content=\"2 minutes\" \/>\n<script type=\"application\/ld+json\" class=\"yoast-schema-graph\">{\"@context\":\"https:\\\/\\\/schema.org\",\"@graph\":[{\"@type\":\"WebPage\",\"@id\":\"https:\\\/\\\/cbb.uw.edu.pl\\\/en\\\/publications\\\/biopolitics\\\/\",\"url\":\"https:\\\/\\\/cbb.uw.edu.pl\\\/en\\\/publications\\\/biopolitics\\\/\",\"name\":\"Biopolitics | Center for Bioethics and Biolaw\",\"isPartOf\":{\"@id\":\"https:\\\/\\\/cbb.uw.edu.pl\\\/en\\\/#website\"},\"datePublished\":\"2016-01-29T16:00:33+00:00\",\"dateModified\":\"2024-03-21T10:07:38+00:00\",\"description\":\"Center for Bioethics and BIolaw scholars' publications on biopolitics and biomedical ethics in social and economic contexts\",\"breadcrumb\":{\"@id\":\"https:\\\/\\\/cbb.uw.edu.pl\\\/en\\\/publications\\\/biopolitics\\\/#breadcrumb\"},\"inLanguage\":\"en-US\",\"potentialAction\":[{\"@type\":\"ReadAction\",\"target\":[\"https:\\\/\\\/cbb.uw.edu.pl\\\/en\\\/publications\\\/biopolitics\\\/\"]}]},{\"@type\":\"BreadcrumbList\",\"@id\":\"https:\\\/\\\/cbb.uw.edu.pl\\\/en\\\/publications\\\/biopolitics\\\/#breadcrumb\",\"itemListElement\":[{\"@type\":\"ListItem\",\"position\":1,\"name\":\"Strona g\u0142\u00f3wna\",\"item\":\"https:\\\/\\\/cbb.uw.edu.pl\\\/en\\\/\"},{\"@type\":\"ListItem\",\"position\":2,\"name\":\"Publications\",\"item\":\"https:\\\/\\\/cbb.uw.edu.pl\\\/en\\\/publications\\\/\"},{\"@type\":\"ListItem\",\"position\":3,\"name\":\"Biopolitics and pharma ethics\"}]},{\"@type\":\"WebSite\",\"@id\":\"https:\\\/\\\/cbb.uw.edu.pl\\\/en\\\/#website\",\"url\":\"https:\\\/\\\/cbb.uw.edu.pl\\\/en\\\/\",\"name\":\"Center for Bioethics and Biolaw\",\"description\":\"Institute of Philosophy, University of Warsaw\",\"potentialAction\":[{\"@type\":\"SearchAction\",\"target\":{\"@type\":\"EntryPoint\",\"urlTemplate\":\"https:\\\/\\\/cbb.uw.edu.pl\\\/en\\\/?s={search_term_string}\"},\"query-input\":{\"@type\":\"PropertyValueSpecification\",\"valueRequired\":true,\"valueName\":\"search_term_string\"}}],\"inLanguage\":\"en-US\"}]}<\/script>\n<!-- \/ Yoast SEO plugin. -->","yoast_head_json":{"title":"Biopolitics | Center for Bioethics and Biolaw","description":"Center for Bioethics and BIolaw scholars' publications on biopolitics and biomedical ethics in social and economic contexts","robots":{"index":"index","follow":"follow","max-snippet":"max-snippet:-1","max-image-preview":"max-image-preview:large","max-video-preview":"max-video-preview:-1"},"canonical":"https:\/\/cbb.uw.edu.pl\/en\/publications\/biopolitics\/","og_locale":"en_US","og_type":"article","og_title":"Biopolitics | Center for Bioethics and Biolaw","og_description":"Center for Bioethics and BIolaw scholars' publications on biopolitics and biomedical ethics in social and economic contexts","og_url":"https:\/\/cbb.uw.edu.pl\/en\/publications\/biopolitics\/","og_site_name":"Center for Bioethics and Biolaw","article_modified_time":"2024-03-21T10:07:38+00:00","twitter_card":"summary_large_image","twitter_misc":{"Est. reading time":"2 minutes"},"schema":{"@context":"https:\/\/schema.org","@graph":[{"@type":"WebPage","@id":"https:\/\/cbb.uw.edu.pl\/en\/publications\/biopolitics\/","url":"https:\/\/cbb.uw.edu.pl\/en\/publications\/biopolitics\/","name":"Biopolitics | Center for Bioethics and Biolaw","isPartOf":{"@id":"https:\/\/cbb.uw.edu.pl\/en\/#website"},"datePublished":"2016-01-29T16:00:33+00:00","dateModified":"2024-03-21T10:07:38+00:00","description":"Center for Bioethics and BIolaw scholars' publications on biopolitics and biomedical ethics in social and economic contexts","breadcrumb":{"@id":"https:\/\/cbb.uw.edu.pl\/en\/publications\/biopolitics\/#breadcrumb"},"inLanguage":"en-US","potentialAction":[{"@type":"ReadAction","target":["https:\/\/cbb.uw.edu.pl\/en\/publications\/biopolitics\/"]}]},{"@type":"BreadcrumbList","@id":"https:\/\/cbb.uw.edu.pl\/en\/publications\/biopolitics\/#breadcrumb","itemListElement":[{"@type":"ListItem","position":1,"name":"Strona g\u0142\u00f3wna","item":"https:\/\/cbb.uw.edu.pl\/en\/"},{"@type":"ListItem","position":2,"name":"Publications","item":"https:\/\/cbb.uw.edu.pl\/en\/publications\/"},{"@type":"ListItem","position":3,"name":"Biopolitics and pharma ethics"}]},{"@type":"WebSite","@id":"https:\/\/cbb.uw.edu.pl\/en\/#website","url":"https:\/\/cbb.uw.edu.pl\/en\/","name":"Center for Bioethics and Biolaw","description":"Institute of Philosophy, University of Warsaw","potentialAction":[{"@type":"SearchAction","target":{"@type":"EntryPoint","urlTemplate":"https:\/\/cbb.uw.edu.pl\/en\/?s={search_term_string}"},"query-input":{"@type":"PropertyValueSpecification","valueRequired":true,"valueName":"search_term_string"}}],"inLanguage":"en-US"}]}},"_links":{"self":[{"href":"https:\/\/cbb.uw.edu.pl\/en\/wp-json\/wp\/v2\/pages\/897","targetHints":{"allow":["GET"]}}],"collection":[{"href":"https:\/\/cbb.uw.edu.pl\/en\/wp-json\/wp\/v2\/pages"}],"about":[{"href":"https:\/\/cbb.uw.edu.pl\/en\/wp-json\/wp\/v2\/types\/page"}],"author":[{"embeddable":true,"href":"https:\/\/cbb.uw.edu.pl\/en\/wp-json\/wp\/v2\/users\/1"}],"replies":[{"embeddable":true,"href":"https:\/\/cbb.uw.edu.pl\/en\/wp-json\/wp\/v2\/comments?post=897"}],"version-history":[{"count":8,"href":"https:\/\/cbb.uw.edu.pl\/en\/wp-json\/wp\/v2\/pages\/897\/revisions"}],"predecessor-version":[{"id":10860,"href":"https:\/\/cbb.uw.edu.pl\/en\/wp-json\/wp\/v2\/pages\/897\/revisions\/10860"}],"up":[{"embeddable":true,"href":"https:\/\/cbb.uw.edu.pl\/en\/wp-json\/wp\/v2\/pages\/825"}],"wp:attachment":[{"href":"https:\/\/cbb.uw.edu.pl\/en\/wp-json\/wp\/v2\/media?parent=897"}],"curies":[{"name":"wp","href":"https:\/\/api.w.org\/{rel}","templated":true}]}}