{"id":893,"date":"2016-01-15T07:07:39","date_gmt":"2016-01-15T07:07:39","guid":{"rendered":"http:\/\/cbb.uw.edu.pl\/en\/?page_id=893"},"modified":"2019-11-21T12:14:03","modified_gmt":"2019-11-21T12:14:03","slug":"procreative-ethics","status":"publish","type":"page","link":"https:\/\/cbb.uw.edu.pl\/en\/publications\/procreative-ethics\/","title":{"rendered":"Procreative ethics"},"content":{"rendered":"<h2>Reproductive Rights<\/h2>\n<ul>\n<li><strong>R\u00f3\u017cy\u0144ska<\/strong>, J. (2016). Rozw\u00f3j i ochrona prawa reprodukcyjnych jako praw cz\u0142owieka. W: B. Namys\u0142owska-Gabrysiak, K. Syroka-Marczewska &amp; A. Walczak-\u017bochowska (Red.), <a href=\"https:\/\/www.ksiegarnia.beck.pl\/prawo-ksiegi-pamiatkowe\/id14993,Prawo-wobec-problemow-spolecznych.-Ksiega-Jubileuszowa-profesor-Eleonory-Zielinskiej.html\"><em>Prawo wobec problem\u00f3w spo\u0142ecznych. Ksi\u0119ga Jubileuszowa dedykowana prof. Eleonorze Zieli\u0144skiej<\/em><\/a>. Warszawa:\u00a0Wydawnictwo: C.H. Beck, ss. 801-812.<\/li>\n<\/ul>\n<h2><span style=\"color: #000000;\">Assisted reproduction<\/span><\/h2>\n<ul>\n<li>Boraty\u0144ska,\u00a0 M. &amp;\u00a0<strong>R\u00f3\u017cy\u0144ska<\/strong>, J. (2019).\u00a0<a href=\"https:\/\/www.profinfo.pl\/sklep\/system-prawa-medycznego-tom-ii-czesc-1-i-2-regulacja-prawna-czynnosci-medycznych,98781.html\">Medycznie wspomagany rozr\u00f3d<\/a>, In: M. Boraty\u0144ska, P. Konieczniak, E. Zieli\u0144ska (Eds.), <em>System prawa medycznego.\u00a0<\/em>T. II.<em>\u00a0Regulacja prawna czynno\u015bci medycznych<\/em> (vol. 2). Warszawa: Wolters Kluwer, pp. 344-419.<\/li>\n<li><strong>R\u00f3\u017cy\u0144ska<\/strong>, J. (2015).<a href=\"http:\/\/www.polityka.pl\/niezbednikinteligenta\/1609453,1,etyczna-ocena-in-vitro.read\"> Zap\u0142odnienie w szkle<\/a>. <em>Polityka<\/em> &#8211; <i>Niezb\u0119dnik inteligenta. Bioetyka. Spory o \u017cycie i \u015bmier\u0107, <\/i>1, 15-18.<\/li>\n<li><strong>R\u00f3\u017cy\u0144ska<\/strong>, J. (2013). <a href=\"https:\/\/www.profinfo.pl\/ochrona-zdrowia\/prawo-medyczne-i-ochrona-zdrowia\/p,bioetyka,180319.html\">Etyka i wspomagana prokreacja<\/a>. In: J. R\u00f3\u017cy\u0144ska &amp; W. Cha\u0144ska (Eds), <i>Bioetyka<\/i>. Warszawa: Wolters Kluwer SA, pp. 327\u2013344.<\/li>\n<li><strong>\u0141uk\u00f3w<\/strong>, P. (2010). <a href=\"http:\/\/www.mp.pl\/etyka\/poczatki_zycia\/show.html?id=53011\">Zap\u0142odnienie in vitro w \u015bwietle etyczno-filozoficznym \u2013 g\u0142os za<\/a>. <i>Medycyna Praktyczna<\/i>, 6(232), 161\u2013167.<\/li>\n<li><strong>\u0141uk\u00f3w<\/strong>, P. (2008). <a href=\"http:\/\/www.miesiecznik.znak.com.pl\/6352008pawel-lukowin-vitro-moralnosc-dyskusji-i-demokracja\/\">In vitro. Moralno\u015b\u0107 dyskusji i demokracja<\/a>. <i>Znak<\/i>, 4, 54\u201359.<\/li>\n<li><strong>\u0141uk\u00f3w<\/strong>, P. (2008). <a href=\"http:\/\/www.prawoimedycyna.pl\/index.php?str=artykul&amp;id=118\">Prawo do posiadania dzieci? Rozw\u00f3j technologii medycznych a ewolucja poj\u0119\u0107 moralnych<\/a>. <i>Prawo i Medycyna<\/i>.<\/li>\n<\/ul>\n<h2><span style=\"color: #000000;\">Prenatal testing. Procreative responsibility<\/span><\/h2>\n<ul>\n<li><strong>R\u00f3\u017cy\u0144ska<\/strong>, J. (2014). <a href=\"http:\/\/www.prawoimedycyna.pl\/?str=artykul&amp;id=1398\">Zwi\u0105zek przyczynowy w sprawach z tytu\u0142u &#8220;wrongful life&#8221;<\/a>. <i>Prawo i Medycyna<\/i>, 16(54), 29\u201346.<\/li>\n<li><strong>R\u00f3\u017cy\u0144ska<\/strong>, J. (2014). \u201eWola\u0142bym nie istnie\u0107 ni\u017c \u017cy\u0107 w takim stanie\u201d. O koncepcji krzywdy opartej na racjonalnej preferencji Joela Feinberga. <i>Etyka<\/i>, 49.<\/li>\n<li><strong>R\u00f3\u017cy\u0144ska<\/strong>, J. (2013). <a href=\"http:\/\/etyka.uw.edu.pl\/wp-content\/uploads\/2015\/06\/Etyka47_J_R\u00f3\u017cy\u0144ska.pdf\">Z\u0142e geny, \u201ez\u0142e \u017cycie\u201d i koncepcja krzywdy progowej<\/a>. <i>Etyka<\/i>, 47, 50\u201366.<\/li>\n<li><strong>R\u00f3\u017cy\u0144ska<\/strong>, J. (2013). <a href=\"https:\/\/www.profinfo.pl\/ochrona-zdrowia\/prawo-medyczne-i-ochrona-zdrowia\/p,bioetyka,180319.html\">Etyka i diagnostyka przedurodzeniowa<\/a>. In: J. R\u00f3\u017cy\u0144ska &amp; W. Cha\u0144ska (Eds), <i>Bioetyka. <\/i>Warszawa: Wolters Kluwer SA,\u00a0 pp. 345\u2013361.<\/li>\n<li><strong>R\u00f3\u017cy\u0144ska<\/strong>, J. (2011). <a href=\"http:\/\/etyka.uw.edu.pl\/wp-content\/uploads\/2013\/2\/44scrd\/Joanna-Rozynska-Wartosc-nie-istnienia-SCRD.pdf\">Warto\u015b\u0107 (nie)istnienia<\/a>. <i>Etyka<\/i>, 44, 124\u2013147.<\/li>\n<li><strong>R\u00f3\u017cy\u0144ska<\/strong>, J. (2007). <a href=\"http:\/\/www.academia.edu\/2111923\/Chcemy_mie%C4%87_nies%C5%82ysz%C4%85ce_dziecko_-_krytyczna_analiza_decyzji_prokreacyjnej_Sharon_Duchesneau_i_Candy_McCullough_Choosing_a_deaf_child._Critical_analysis_of_procreative_decision_taken_by_Sharon_Duchesneau_and_Candy_McCullough\">Chcemy mie\u0107 nies\u0142ysz\u0105ce dziecko &#8211; krytyczna analiza decyzji prokreacyjnej Sharon Duchesneau i Candy McCullough<\/a>. <em>Post\u0119py Rehabilitacji<\/em>, 4, 19\u201326.<\/li>\n<\/ul>\n<h2><span style=\"color: #000000;\">Abortion<\/span><\/h2>\n<ul>\n<li><strong>R\u00f3\u017cy\u0144ska<\/strong>, J. (2019).\u00a0<a href=\"https:\/\/www.profinfo.pl\/sklep\/system-prawa-medycznego-tom-ii-czesc-1-i-2-regulacja-prawna-czynnosci-medycznych,98781.html\">Przerywanie ci\u0105\u017cy<\/a>, W: M. Boraty\u0144ska, P. Konieczniak, E. Zieli\u0144ska (Eds.), <em>System prawa medycznego.\u00a0<\/em>T. II.<em>\u00a0Regulacja prawna czynno\u015bci medycznych<\/em> (vol. 2). Warszawa: Wolters Kluwer, pp. 248-344.<\/li>\n<li><strong>R\u00f3\u017cy\u0144ska<\/strong>, J. (2019). <a href=\"https:\/\/filozofuj.eu\/joanna-rozynska-aborcja-a-prawa-czlowieka\/\">Aborcja a prawa cz\u0142owieka<\/a>. <em>Filozofuj!<\/em> 5\/29, 20\u201322.<\/li>\n<li><strong>R\u00f3\u017cy\u0144ska<\/strong>, J., &amp; Cha\u0144ska, W. (2013).<a href=\"http:\/\/celab.ceu.edu\/article\/2013-07-19\/new-celab-book-studies-biopolitics-edited-professor-judit-sandor-available-now\"> Abortion in Poland: Law and Practice<\/a>. In: J. Sandor (Ed), <i>Studies in Biopolitics. <\/i>Budapest: Center for Ethics and Law in Biomedicine, CEU, pp.\u00a041\u201359.<\/li>\n<li><strong>R\u00f3\u017cy\u0144ska<\/strong>, J. (2008). <em><a href=\"http:\/\/terytoria.com.pl\/ksiegarnia,tytuly,994.html\">Od zygoty do osoby. Potencjalno\u015b\u0107, identyczno\u015b\u0107 i przerywanie ci\u0105\u017cy<\/a>. <\/em>Gda\u0144sk: Wyd. S\u0142owo\/Obraz Terytoria, pp. 157.<\/li>\n<\/ul>\n<h2><span style=\"color: #000000;\">Reproductive cloning<\/span><\/h2>\n<ul>\n<li><strong>\u0141uk\u00f3w<\/strong>, P. (2002). Reproductive Cloning and the Value of Children. <i>Gemellological Review<\/i>, 3(3), 23\u201329.<\/li>\n<li><strong>\u0141uk\u00f3w<\/strong>, P. (2001). <a href=\"http:\/\/etyka.uw.edu.pl\/wp-content\/uploads\/2014\/06\/Etyka34_P_\u0141uk\u00f3w.pdf\">Klonowanie reprodukcyjne a warto\u015b\u0107 dzieci<\/a>. <i>Etyka<\/i>, 34, 137\u2013145.<\/li>\n<li><strong>\u0141uk\u00f3w<\/strong>, P. (2001). <a href=\"http:\/\/retina-forum.pl\/pdf\/klon11.pdf\">Moralne aspekty klonowania cz\u0142owieka a \u015bwiatopogl\u0105dy<\/a>. <em>Medycyna Wieku Rozwojowego, <\/em>V(1), 103\u2013111.<\/li>\n<li><strong>\u0141uk\u00f3w<\/strong>, P. (1999). <a href=\"http:\/\/www.pf.uw.edu.pl\/numery\/15-numery\/65-1-1999-29\">Klonowanie, to\u017csamo\u015b\u0107 i dyskryminacja<\/a>. <i>Przegl\u0105d Filozoficzny &#8211; Nowa Seria<\/i>, 1 (29\/8), 179-191.<\/li>\n<\/ul>\n<h2>Other<\/h2>\n<ul>\n<li><strong>Chludzi\u0144ska<\/strong>, K. &amp; Plesi\u0144ska, O. (2014). <a href=\"http:\/\/www.prawoimedycyna.pl\/sklep\/1157\/prawo-i-medycyna-nr-342014-5657-vol-16\">Do\u015bwiadczenie porodu w warunkach polskich.\u00a0Prawne i antropologiczne zagadnienia opieki po\u0142o\u017cnicze<\/a>j. <em>Prawo i Medycyna<\/em>, 3-4\u00a0(56\/57 vol. 16), 161-197.<\/li>\n<\/ul>\n","protected":false},"excerpt":{"rendered":"<p>Reproductive Rights R\u00f3\u017cy\u0144ska, J. (2016). Rozw\u00f3j i ochrona prawa reprodukcyjnych jako praw cz\u0142owieka. W: B. Namys\u0142owska-Gabrysiak, K. Syroka-Marczewska &amp; A. Walczak-\u017bochowska (Red.), Prawo wobec problem\u00f3w spo\u0142ecznych. Ksi\u0119ga Jubileuszowa dedykowana prof. Eleonorze Zieli\u0144skiej. Warszawa:\u00a0Wydawnictwo: C.H. Beck, ss. 801-812. Assisted reproduction Boraty\u0144ska,\u00a0 M. &amp;\u00a0R\u00f3\u017cy\u0144ska, J. (2019).\u00a0Medycznie wspomagany rozr\u00f3d, In: M. Boraty\u0144ska, P. Konieczniak, E. Zieli\u0144ska (Eds.), System\u2026 <span class=\"read-more\"><a href=\"https:\/\/cbb.uw.edu.pl\/en\/publications\/procreative-ethics\/\">Read More &raquo;<\/a><\/span><\/p>\n","protected":false},"author":1,"featured_media":0,"parent":825,"menu_order":3,"comment_status":"closed","ping_status":"closed","template":"","meta":{"footnotes":"","_links_to":"","_links_to_target":""},"class_list":["post-893","page","type-page","status-publish","hentry"],"yoast_head":"<!-- This site is optimized with the Yoast SEO plugin v27.4 - https:\/\/yoast.com\/product\/yoast-seo-wordpress\/ -->\n<title>Procreative ethics | Center for Bioethics and Biolaw<\/title>\n<meta name=\"description\" content=\"Center for Bioethics and Biolaw scholars&#039; publications on procreative ethics | ART, cloning, prenatal testing\" \/>\n<meta name=\"robots\" content=\"index, follow, max-snippet:-1, max-image-preview:large, max-video-preview:-1\" \/>\n<link rel=\"canonical\" href=\"https:\/\/cbb.uw.edu.pl\/en\/publications\/procreative-ethics\/\" \/>\n<meta property=\"og:locale\" content=\"en_US\" \/>\n<meta property=\"og:type\" content=\"article\" \/>\n<meta property=\"og:title\" content=\"Procreative ethics | Center for Bioethics and Biolaw\" \/>\n<meta property=\"og:description\" content=\"Center for Bioethics and Biolaw scholars&#039; publications on procreative ethics | ART, cloning, prenatal testing\" \/>\n<meta property=\"og:url\" content=\"https:\/\/cbb.uw.edu.pl\/en\/publications\/procreative-ethics\/\" \/>\n<meta property=\"og:site_name\" content=\"Center for Bioethics and Biolaw\" \/>\n<meta property=\"article:modified_time\" content=\"2019-11-21T12:14:03+00:00\" \/>\n<meta name=\"twitter:card\" content=\"summary_large_image\" \/>\n<meta name=\"twitter:label1\" content=\"Est. reading time\" \/>\n\t<meta name=\"twitter:data1\" content=\"2 minutes\" \/>\n<script type=\"application\/ld+json\" class=\"yoast-schema-graph\">{\"@context\":\"https:\\\/\\\/schema.org\",\"@graph\":[{\"@type\":\"WebPage\",\"@id\":\"https:\\\/\\\/cbb.uw.edu.pl\\\/en\\\/publications\\\/procreative-ethics\\\/\",\"url\":\"https:\\\/\\\/cbb.uw.edu.pl\\\/en\\\/publications\\\/procreative-ethics\\\/\",\"name\":\"Procreative ethics | Center for Bioethics and Biolaw\",\"isPartOf\":{\"@id\":\"https:\\\/\\\/cbb.uw.edu.pl\\\/en\\\/#website\"},\"datePublished\":\"2016-01-15T07:07:39+00:00\",\"dateModified\":\"2019-11-21T12:14:03+00:00\",\"description\":\"Center for Bioethics and Biolaw scholars' publications on procreative ethics | ART, cloning, prenatal testing\",\"breadcrumb\":{\"@id\":\"https:\\\/\\\/cbb.uw.edu.pl\\\/en\\\/publications\\\/procreative-ethics\\\/#breadcrumb\"},\"inLanguage\":\"en-US\",\"potentialAction\":[{\"@type\":\"ReadAction\",\"target\":[\"https:\\\/\\\/cbb.uw.edu.pl\\\/en\\\/publications\\\/procreative-ethics\\\/\"]}]},{\"@type\":\"BreadcrumbList\",\"@id\":\"https:\\\/\\\/cbb.uw.edu.pl\\\/en\\\/publications\\\/procreative-ethics\\\/#breadcrumb\",\"itemListElement\":[{\"@type\":\"ListItem\",\"position\":1,\"name\":\"Strona g\u0142\u00f3wna\",\"item\":\"https:\\\/\\\/cbb.uw.edu.pl\\\/en\\\/\"},{\"@type\":\"ListItem\",\"position\":2,\"name\":\"Publications\",\"item\":\"https:\\\/\\\/cbb.uw.edu.pl\\\/en\\\/publications\\\/\"},{\"@type\":\"ListItem\",\"position\":3,\"name\":\"Procreative ethics\"}]},{\"@type\":\"WebSite\",\"@id\":\"https:\\\/\\\/cbb.uw.edu.pl\\\/en\\\/#website\",\"url\":\"https:\\\/\\\/cbb.uw.edu.pl\\\/en\\\/\",\"name\":\"Center for Bioethics and Biolaw\",\"description\":\"Institute of Philosophy, University of Warsaw\",\"potentialAction\":[{\"@type\":\"SearchAction\",\"target\":{\"@type\":\"EntryPoint\",\"urlTemplate\":\"https:\\\/\\\/cbb.uw.edu.pl\\\/en\\\/?s={search_term_string}\"},\"query-input\":{\"@type\":\"PropertyValueSpecification\",\"valueRequired\":true,\"valueName\":\"search_term_string\"}}],\"inLanguage\":\"en-US\"}]}<\/script>\n<!-- \/ Yoast SEO plugin. -->","yoast_head_json":{"title":"Procreative ethics | Center for Bioethics and Biolaw","description":"Center for Bioethics and Biolaw scholars' publications on procreative ethics | ART, cloning, prenatal testing","robots":{"index":"index","follow":"follow","max-snippet":"max-snippet:-1","max-image-preview":"max-image-preview:large","max-video-preview":"max-video-preview:-1"},"canonical":"https:\/\/cbb.uw.edu.pl\/en\/publications\/procreative-ethics\/","og_locale":"en_US","og_type":"article","og_title":"Procreative ethics | Center for Bioethics and Biolaw","og_description":"Center for Bioethics and Biolaw scholars' publications on procreative ethics | ART, cloning, prenatal testing","og_url":"https:\/\/cbb.uw.edu.pl\/en\/publications\/procreative-ethics\/","og_site_name":"Center for Bioethics and Biolaw","article_modified_time":"2019-11-21T12:14:03+00:00","twitter_card":"summary_large_image","twitter_misc":{"Est. reading time":"2 minutes"},"schema":{"@context":"https:\/\/schema.org","@graph":[{"@type":"WebPage","@id":"https:\/\/cbb.uw.edu.pl\/en\/publications\/procreative-ethics\/","url":"https:\/\/cbb.uw.edu.pl\/en\/publications\/procreative-ethics\/","name":"Procreative ethics | Center for Bioethics and Biolaw","isPartOf":{"@id":"https:\/\/cbb.uw.edu.pl\/en\/#website"},"datePublished":"2016-01-15T07:07:39+00:00","dateModified":"2019-11-21T12:14:03+00:00","description":"Center for Bioethics and Biolaw scholars' publications on procreative ethics | ART, cloning, prenatal testing","breadcrumb":{"@id":"https:\/\/cbb.uw.edu.pl\/en\/publications\/procreative-ethics\/#breadcrumb"},"inLanguage":"en-US","potentialAction":[{"@type":"ReadAction","target":["https:\/\/cbb.uw.edu.pl\/en\/publications\/procreative-ethics\/"]}]},{"@type":"BreadcrumbList","@id":"https:\/\/cbb.uw.edu.pl\/en\/publications\/procreative-ethics\/#breadcrumb","itemListElement":[{"@type":"ListItem","position":1,"name":"Strona g\u0142\u00f3wna","item":"https:\/\/cbb.uw.edu.pl\/en\/"},{"@type":"ListItem","position":2,"name":"Publications","item":"https:\/\/cbb.uw.edu.pl\/en\/publications\/"},{"@type":"ListItem","position":3,"name":"Procreative ethics"}]},{"@type":"WebSite","@id":"https:\/\/cbb.uw.edu.pl\/en\/#website","url":"https:\/\/cbb.uw.edu.pl\/en\/","name":"Center for Bioethics and Biolaw","description":"Institute of Philosophy, University of Warsaw","potentialAction":[{"@type":"SearchAction","target":{"@type":"EntryPoint","urlTemplate":"https:\/\/cbb.uw.edu.pl\/en\/?s={search_term_string}"},"query-input":{"@type":"PropertyValueSpecification","valueRequired":true,"valueName":"search_term_string"}}],"inLanguage":"en-US"}]}},"_links":{"self":[{"href":"https:\/\/cbb.uw.edu.pl\/en\/wp-json\/wp\/v2\/pages\/893","targetHints":{"allow":["GET"]}}],"collection":[{"href":"https:\/\/cbb.uw.edu.pl\/en\/wp-json\/wp\/v2\/pages"}],"about":[{"href":"https:\/\/cbb.uw.edu.pl\/en\/wp-json\/wp\/v2\/types\/page"}],"author":[{"embeddable":true,"href":"https:\/\/cbb.uw.edu.pl\/en\/wp-json\/wp\/v2\/users\/1"}],"replies":[{"embeddable":true,"href":"https:\/\/cbb.uw.edu.pl\/en\/wp-json\/wp\/v2\/comments?post=893"}],"version-history":[{"count":6,"href":"https:\/\/cbb.uw.edu.pl\/en\/wp-json\/wp\/v2\/pages\/893\/revisions"}],"predecessor-version":[{"id":9103,"href":"https:\/\/cbb.uw.edu.pl\/en\/wp-json\/wp\/v2\/pages\/893\/revisions\/9103"}],"up":[{"embeddable":true,"href":"https:\/\/cbb.uw.edu.pl\/en\/wp-json\/wp\/v2\/pages\/825"}],"wp:attachment":[{"href":"https:\/\/cbb.uw.edu.pl\/en\/wp-json\/wp\/v2\/media?parent=893"}],"curies":[{"name":"wp","href":"https:\/\/api.w.org\/{rel}","templated":true}]}}