{"id":889,"date":"2016-01-29T15:53:07","date_gmt":"2016-01-29T15:53:07","guid":{"rendered":"http:\/\/cbb.uw.edu.pl\/en\/?page_id=889"},"modified":"2024-03-21T11:49:47","modified_gmt":"2024-03-21T11:49:47","slug":"clinical-ethics","status":"publish","type":"page","link":"https:\/\/cbb.uw.edu.pl\/en\/publications\/clinical-ethics\/","title":{"rendered":"Clinical ethics"},"content":{"rendered":"<h2>Doctor-patient relationship<\/h2>\n<ul>\n<li><strong>\u0141uk\u00f3w, P.<\/strong> (2017).\u00a0<a href=\"https:\/\/kartografieobcosci.uw.edu.pl\/index.php\/2017\/10\/27\/przeglad-filozoficzno-literacki-choroba-nr-1-46-2017\/\">Chorowanie, choroba i moralno\u015b\u0107 medycyny<\/a>.\u00a0<i>Przegl\u0105d Filozoficzno-Literacki<\/i>, 1(46), 225-241.<\/li>\n<li><strong>\u0141uk\u00f3w<\/strong>, P. (2014). <a href=\"http:\/\/www.wydawnictwopzwl.pl\/promocje\/sesja-letnia-do-20\/filozofia\/prd,etyka-medyczna-z-elementami-filozofii,rid,10991.html\">Profesjonalizm lekarski<\/a>. In: P. \u0141uk\u00f3w &amp; T. Pasierski, <em>Etyka medyczna z elementami filozofii<\/em>. Warszawa: Wydawnictwo Lekarski PZWL, pp. 109\u2013120.<\/li>\n<li><strong>\u0141uk\u00f3w<\/strong>, P. (2014). <a href=\"http:\/\/www.wydawnictwopzwl.pl\/promocje\/sesja-letnia-do-20\/filozofia\/prd,etyka-medyczna-z-elementami-filozofii,rid,10991.html\">Modele relacji lekarz-pacjent<\/a>. In: P. \u0141uk\u00f3w &amp; T. Pasierski, <em>Etyka medyczna z elementami filozofii<\/em>. Warszawa: Wydawnictwo Lekarski PZWL, pp. 133\u2013142.<\/li>\n<li><strong>\u0141uk\u00f3w<\/strong>, P., &amp; Kujawa, E. (2011). <a href=\"http:\/\/eu.cmkp.edu.pl\/css_bart\/dok_eu\/CMKP_Zdrowie_Publiczne_T_2.pdf\">Prawa pacjenta, powinno\u015bci lekarza<\/a>. In: J. Opolski (Eds). <em>Zdrowie publiczne. Wybrane zagadnienia. <\/em>Tom 2. Warszawa: Centrum Medyczne Kszta\u0142cenia Podyplomowego,\u00a0pp. 25\u201340.<\/li>\n<\/ul>\n<h2>Autonomy and informed consent<\/h2>\n<ul>\n<li><strong>\u0141uk\u00f3w<\/strong>, P. (2016).\u00a0Miejsce \u015bwiadomej zgody na post\u0119powanie medyczne w kulturze spo\u0142ecze\u0144stwa demokratycznego. In:\u00a0<em>Wybrane aspekty praw cz\u0142owieka a bioetyka<\/em>. Warszawa:\u00a0Biuro Rzecznika Praw Obywatelskich, pp. 11-20.<\/li>\n<li><strong>\u0141uk\u00f3w<\/strong>, P., &amp; <strong>R\u00f3\u017cy\u0144ska<\/strong>, J. (2016). <a href=\"http:\/\/link.springer.com\/referenceworkentry\/10.1007\/978-3-319-05544-2_380-1\">Respect for Autonomy<\/a>. In: H. Ten Have (Ed), <i>Encyclopedia of Global Bioethics<\/i>. Dordrecht: Springer International Publishing. doi: 10.1007\/978-3-319-05544-2_380-1<\/li>\n<li><strong>\u0141uk\u00f3w<\/strong>, P. (2014). <a href=\"http:\/\/www.wydawnictwopzwl.pl\/promocje\/sesja-letnia-do-20\/filozofia\/prd,etyka-medyczna-z-elementami-filozofii,rid,10991.html\">\u015awiadoma zgoda pacjenta<\/a>. In: P. \u0141uk\u00f3w &amp; T. Pasierski, <em>Etyka medyczna z elementami filozofii<\/em>. Warszawa: Wydawnictwo Lekarski PZWL, pp. 143\u2013160.<\/li>\n<li><strong>\u0141uk\u00f3w<\/strong>, P. (2014). <a href=\"http:\/\/www.wydawnictwopzwl.pl\/promocje\/sesja-letnia-do-20\/filozofia\/prd,etyka-medyczna-z-elementami-filozofii,rid,10991.html\">Informowanie pacjenta i paternalizm w medycynie<\/a>. In: P. \u0141uk\u00f3w &amp; T. Pasierski, <em>Etyka medyczna z elementami filozofii<\/em>. Warszawa: Wydawnictwo Lekarski PZWL, pp. 169\u2013177.<\/li>\n<li><strong>\u0141uk\u00f3w<\/strong>, P. (2013). <a href=\"https:\/\/www.profinfo.pl\/ochrona-zdrowia\/prawo-medyczne-i-ochrona-zdrowia\/p,bioetyka,180319.html\">Zgoda na \u015bwiadczenie zdrowotne i autonomia pacjenta<\/a>. In: J. R\u00f3\u017cy\u0144ska &amp; W. Cha\u0144ska (Eds), <i>Bioetyka<\/i>. Warszawa: Wolters Kluwer SA, pp. 73\u201384.<\/li>\n<li><strong>\u0141uk\u00f3w<\/strong>, P. (2013). <a href=\"https:\/\/www.profinfo.pl\/ochrona-zdrowia\/prawo-medyczne-i-ochrona-zdrowia\/p,bioetyka,180319.html\">Granice autonomii pacjenta<\/a>. In: J. R\u00f3\u017cy\u0144ska &amp; W. Cha\u0144ska (Eds), <i>Bioetyka\u00a0<\/i>Warszawa: Wolters Kluwer SA, pp. 85\u201395.<\/li>\n<li><strong>\u0141uk\u00f3w<\/strong>, P. (2012). <a href=\"http:\/\/www.pfl.uw.edu.pl\/index.php\/pfl\/article\/view\/632\">Cnota, liberalizm i dwa rodzaje autonomii<\/a>. <i>Przegl\u0105d Filozoficzno-Literacki<\/i>, 1-2(33), 117\u2013134.<\/li>\n<li><span lang=\"PL\"><strong>\u0141uk\u00f3w<\/strong>, P. (2008). <a href=\"http:\/\/dspace.uni.lodz.pl:8080\/xmlui\/bitstream\/handle\/11089\/4682\/7.%20Pawe%c5%82%20%c5%81uk%c3%b3w%2c%20The%20Limits%20of%20Consent%2c%20s.%2075%20-%2083.pdf?sequence=1&amp;isAllowed=y\">The Limits of Consent<\/a>. <em>Acta Universitatis Lodziensis<\/em>. <em>Folia Philosophica<\/em>, 21, 75\u201383.\u00a0 <\/span><\/li>\n<li><strong>\u0141uk\u00f3w<\/strong>, P. (2007). <a href=\"http:\/\/www.prawoimedycyna.pl\/sklep\/324\/etyczne-podstawy-swiadomej-zgody-na-postepowanie-medyczne-w-europejskiej-konwencji-bioetycznej-nr-29\">Etyczne podstawy \u015bwiadomej zgody na post\u0119powanie medyczne w Europejskiej Konwencji Bioetycznej<\/a>. <i>Prawo i Medycyna<\/i>, 9(29), 5\u201322.<\/li>\n<li><strong>\u0141uk\u00f3w<\/strong>, P. (2007). Warto\u015b\u0107 prawdy i prawdom\u00f3wno\u015bci w medycynie. <em>Medycyna po Dyplomie<\/em>, 16(4), 114\u2013120.<\/li>\n<li><strong>\u0141uk\u00f3w<\/strong>, P. (2005). <em><a href=\"http:\/\/scholar.com.pl\/sklep.php?md=products&amp;id_p=1404\">Granice zgody: autonomia zasad i dobro pacjenta<\/a>.<\/em> Warszawa: Wydawnictwo Naukowe \u201eScholar\u201d.<\/li>\n<\/ul>\n<h2><strong>Privacy and confidentiality<\/strong><\/h2>\n<ul>\n<li><strong>\u0141uk\u00f3w<\/strong>, P. (2014). <a href=\"http:\/\/www.wydawnictwopzwl.pl\/promocje\/sesja-letnia-do-20\/filozofia\/prd,etyka-medyczna-z-elementami-filozofii,rid,10991.html\">Poszanowanie prywatno\u015bci i poufno\u015b\u0107<\/a>. In: P. \u0141uk\u00f3w &amp; T. Pasierski, <em>Etyka medyczna z elementami filozofii<\/em>. Warszawa: Wydawnictwo Lekarski PZWL, pp. 169\u2013177.<\/li>\n<li>Ho\u0142\u00f3wka, J. &amp; <strong>R\u00f3\u017cy\u0144ska<\/strong>, J. (2013). <a href=\"https:\/\/www.profinfo.pl\/ochrona-zdrowia\/prawo-medyczne-i-ochrona-zdrowia\/p,bioetyka,180319.html\">Tajemnica lekarska<\/a>. In:\u00a0J. R\u00f3\u017cy\u0144ska &amp; W. Cha\u0144ska (Eds), <i>Bioetyka.\u00a0<\/i>Warszawa: Wolters Kluwer SA, 121\u2013134.<\/li>\n<li><strong>\u0141uk\u00f3w<\/strong>, P., &amp; Wrze\u015bniewska-Wal, I. (2008). <a href=\"http:\/\/www.prawoimedycyna.pl\/index.php?str=sklep&amp;prod=450\">Prywatno\u015b\u0107 pacjenta a kszta\u0142cenie medyczne<\/a>. <em>Prawo i Medycyna<\/em>, 32(10), 5\u201325.<\/li>\n<\/ul>\n<h2><strong>Doctor&#8217;s\u00a0<\/strong>conscience<\/h2>\n<ul>\n<li><strong>\u0141uk\u00f3w<\/strong>, P. (2016).\u00a0Jak klauzula sumienia ogranicza wolno\u015b\u0107 sumienia lekarza? Uwagi do orzeczenia Trybuna\u0142u Konstytucyjnego z 7.10.2015 r.\u00a0W: B. Namys\u0142owska-Gabrysiak, K. Syroka-Marczewska &amp; A. Walczak-\u017bochowska (Red.), <em>Prawo wobec problem\u00f3w spo\u0142ecznych. Ksi\u0119ga Jubileuszowa dedykowana prof. Eleonorze Zieli\u0144skiej<\/em>. Warszawa:\u00a0Wydawnictwo: C.H. Beck, ss.\u00a0747-758.<\/li>\n<li><strong>R\u00f3\u017cy\u0144ska<\/strong>, J. &amp; <strong>Zawi\u0142a-Nied\u017awiecki<\/strong>, J. (2016). Racje sumienia a inne powody odmowy \u015bwiadczenia zdrowotnego przez lekarza. <em>Medycyna Praktyczna \u2013 Psychiatria<\/em>, 2(49), 74-83.<\/li>\n<li><strong>R\u00f3\u017cy\u0144ska<\/strong>, J. (2015). <a href=\"http:\/\/www.prawoimedycyna.pl\/sklep\/1181\/prawo-do-sprzeciwu-sumienia-w-ustawodawstwie-wybranych-krajow-romanskich--pim-58\">Prawo do sprzeciwu sumienia w ustawodawstwie wybranych kraj\u00f3w roma\u0144skich<\/a>. <em>Prawo i Medycyna<\/em>, 17(58), 5\u201323.<\/li>\n<li><strong>\u0141uk\u00f3w<\/strong>, P. (2015). <a href=\"http:\/\/archiwum.polityka.pl\/art\/pozytki-z-klauzuli,445687.html\">Po\u017cytki z klauzuli<\/a>. <em>Polityka \u2013 Niezb\u0119dnik inteligenta. Bioetyka: spory na \u015bmier\u0107 i \u017cycie<\/em>, 1: 41\u201343.<\/li>\n<\/ul>\n<h2>Clinical consultations<\/h2>\n<ul>\n<li><strong><span style=\"color: #3366ff;\">BOOK<\/span><\/strong>: <strong>R\u00f3\u017cy\u0144ska<\/strong>, J.[ed.] (2023). <em>Konsultacje etyczne w praktyce klinicznej<\/em>, Scholar.<\/li>\n<li><strong>R\u00f3\u017cy\u0144ska<\/strong>, J., <strong>Zawi\u0142a-Nied\u017awiecki<\/strong>, J., Ma\u0107kiewicz, B., Czarkowski M. (2024). <a href=\"https:\/\/doi.org\/10.1007\/s10730-022-09491-x\">Tough Clinical Decisions: Experiences of Polish Physicians<\/a>. <i>HEC Forum<\/i> <em>36<\/em>: 111-130 (online first 2022).<\/li>\n<li>Czarkowski, M., <strong>R\u00f3\u017cy\u0144ska<\/strong>, J., Ma\u0107kiewicz, B., <strong>Zawi\u0142a-Nied\u017awiecki<\/strong>, J. (2021). <a href=\"https:\/\/doi.org\/10.1007\/s11673-021-10116-0\">Clinical Ethics Consultations in the Opinion of Polish Physicians<\/a>. <em>Bioethical Inquiry<\/em> 18(3): 499-509<\/li>\n<li><strong>R\u00f3\u017cy\u0144ska<\/strong>, J. (2011).\u00a0<a href=\"https:\/\/www.profinfo.pl\/ochrona-zdrowia\/prawo-medyczne-i-ochrona-zdrowia\/p,etyczne-aspekty-decyzji-medycznych,48437.html#40158438\">Konsultacje etyczne \u2013 mi\u0119dzy teori\u0105 a praktyk\u0105<\/a>. In: J. Hartman &amp; M. Walig\u00f3ra\u00a0(Eds)<em>,<\/em> <em>Etyczne aspekty decyzji klinicznych. W\u0142a\u015bciwa komunikacja, dobre procedury<\/em>, Warszawa: Wolters Kluwer, pp.\u00a0140\u2013161.<\/li>\n<li>Steinkamp, N., Gordijn, B., Borovecki, A., Gefenas, E., Glasa, J., Guerrier, M., Meulenbergs, T., <strong>R\u00f3\u017cy\u0144ska<\/strong>, J., &amp;\u00a0Slowther A. (2007).\u00a0<a href=\"http:\/\/download.springer.com\/static\/pdf\/526\/art%253A10.1007%252Fs11019-007-9054-6.pdf?originUrl=http%3A%2F%2Flink.springer.com%2Farticle%2F10.1007%2Fs11019-007-9054-6&amp;token2=exp=1454240537~acl=%2Fstatic%2Fpdf%2F526%2Fart%25253A10.1007%25252Fs11019-007-9054-6.pdf%3ForiginUrl%3Dhttp%253A%252F%252Flink.springer.com%252Farticle%252F10.1007%252Fs11019-007-9054-6*~hmac=80dc8d099d855d7641b8abe9952b088f69b327a40ac7cc55f96ec275a4561bc6\">Regulations of Healthcare Ethics Committees in Europe<\/a>.\u00a0<em>Medicine, Health Care and Philosophy<\/em>, 10, 461\u2013475.<\/li>\n<\/ul>\n<h2>Ethics of transplant medicine<\/h2>\n<ul>\n<li><strong>\u0141uk\u00f3w<\/strong>, P. (2023)\u00a0<a href=\"doi:https:\/\/doi.org\/10.1111\/bioe.13161\">The ethical significance of consent to postmortem organ retrieval<\/a>. <i>Bioethics 37(5); <\/i>489-497.<\/li>\n<li><span lang=\"EN-US\"><strong>\u0141uk\u00f3w<\/strong>, P. (2020)\u00a0<a href=\"https:\/\/link.springer.com\/article\/10.1007\/s11673-019-09951-z\">Pure Altruistic Gift and the Ethics of Transplant Medicine<\/a>\u201a\u00a0<em>Journal of Bioethical Inquiry,<\/em>\u00a017: 95-107.<\/span><\/li>\n<li><strong>\u0141uk\u00f3w<\/strong>, P. (2021). Living with a transplant: Identity and a good life, In. Ethical Challenges of Organ Transplantation: Current Debates and International Perspectives, Eds. S. Hansen, S. Schicktanz. Transcript Verlag.<\/li>\n<li><strong>\u0141uk\u00f3w<\/strong>, P. (2019). <a href=\"https:\/\/link.springer.com\/article\/10.1007\/s11019-018-9862-x\">Leaving gift-giving behind: the ethical status of the human body and transplant medicine<\/a>.\u00a0<i>Medicine, Health Care and Philosophy<\/i>,\u00a0<i>22<\/i>(2), 221-230.<\/li>\n<li><strong>\u0141uk\u00f3w<\/strong>, P. (2015). W poszukiwaniu zrozumienia \u015bmierci \u2013 etyczne wyzwanie dla lekarzy. W: P. <strong>\u0141uk\u00f3w<\/strong> (Red.), <i>Zrozumie\u0107 \u015bmier\u0107 cz\u0142owieka<\/i>. Warszawa: Polskie Stowarzyszenie Koordynator\u00f3w Transplantacyjnych, ss. 13\u201330.<\/li>\n<li><strong>\u0141uk\u00f3w<\/strong>, P., Ciszek, M., P\u0105czek, L., &amp; Rowi\u0144ski, W. (2012). <a href=\"http:\/\/www.annalsoftransplantation.com\/download\/index\/idArt\/883464\">Effective optimization of living donor kidney transplantation activity ensuring adequate donor safety<\/a>. <em>Annals of Transplantation<\/em>, 17(3), 103\u2013110.<\/li>\n<\/ul>\n<h2>Ethics in psychiatry<\/h2>\n<ul>\n<li><strong>\u0141uk\u00f3w<\/strong>, P. (2016).\u00a0<a href=\"http:\/\/www.filozof.uni.lodz.pl\/folia\/\">Integrating Ethics with Psychiatry. The Case of Antoni K\u0119pi\u0144ski<\/a>.\u00a0<em>Acta Universitatis Lodziensis. Folia Philosophica,\u00a0<\/em>28, 9-20.<\/li>\n<li><strong>Zawi\u0142a-Nied\u017awiecki<\/strong>, J. (2016).\u00a0<a href=\"http:\/\/cejsh.icm.edu.pl\/cejsh\/element\/bwmeta1.element.hdl_11089_21694\/c\/0_4__23_-35_Zawila-Niedzwiecki.pdf\">Antoni K\u0119pi\u0144ski\u2019s Philosophy of Medicine \u2013 an alternative reading<\/a>.\u00a0<i>Acta Universitatis Lodziensis. Folia Philosophica<\/i>,\u00a0<i>28<\/i>(3), 23\u201335.<\/li>\n<li><strong>Zawi\u0142a-Nied\u017awiecki<\/strong>, J., &amp;\u00a0<strong>R\u00f3\u017cy\u0144ska<\/strong>, J. (2016).\u00a0<a href=\"http:\/\/www.psychiatraonline.com\/psychiatra-nr-13\/\">Wspomagane umieranie w psychiatrii \u2013 dlaczego nie?<\/a>\u00a0<i>Psychiatra<\/i>,\u00a0<i>2<\/i>, 18\u201320.<\/li>\n<li><strong>\u0141uk\u00f3w<\/strong>, P. (2015). <a href=\"http:\/\/www.peterlang.com\/index.cfm?event=cmp.ccc.seitenstruktur.detailseiten&amp;seitentyp=produkt&amp;pk=88015\">Ethical Foundation of A. K\u0119pi\u0144ski\u2019s Psychiatry<\/a>. In: <span lang=\"PL\">F. Steger, J.C. Joerden &amp; A.M. Kaniowski (Eds.),<\/span> <em>Ethik in der Psychiatrie und Psychotherapie<\/em>. Frankfurt am Main, Berlin, Bern, Bruxelles, New York, Oxford, Wien: Peter Lang, pp. 151-168.<\/li>\n<\/ul>\n<h2>Other<\/h2>\n<ul>\n<li><strong>Zawi\u0142a-Nied\u017awiecki<\/strong>, J., &amp; Olender, J. (2016).<a href=\"http:\/\/link.springer.com\/article\/10.1007\/s11673-015-9682-0\"> A Not-So-Gentle Refutation of the Defence of Homeopathy<\/a>. <i>Journal of Bioethical Inquiry<\/i>, <i>13<\/i>(1), 21\u201325.<\/li>\n<li><strong>\u0141uk\u00f3w<\/strong>, P. (2014). <a href=\"http:\/\/www.wydawnictwopzwl.pl\/promocje\/sesja-letnia-do-20\/filozofia\/prd,etyka-medyczna-z-elementami-filozofii,rid,10991.html\">Etyka lekarska w pediatrii<\/a>. In: P. \u0141uk\u00f3w &amp; T. Pasierski, <em>Etyka medyczna z elementami filozofii<\/em>. Warszawa: Wydawnictwo Lekarski PZWL, pp. 179\u2013191.<\/li>\n<li><strong>\u0141uk\u00f3w<\/strong>, P. (2014). <a href=\"http:\/\/www.wydawnictwopzwl.pl\/promocje\/sesja-letnia-do-20\/filozofia\/prd,etyka-medyczna-z-elementami-filozofii,rid,10991.html\">Etyczne aspekty piel\u0119gniarstwa<\/a>. In: P. \u0141uk\u00f3w &amp; T. Pasierski, <em>Etyka medyczna z elementami filozofii<\/em>. Warszawa: Wydawnictwo Lekarski PZWL, pp. 199\u2013211.<\/li>\n<\/ul>\n","protected":false},"excerpt":{"rendered":"<p>Doctor-patient relationship \u0141uk\u00f3w, P. (2017).\u00a0Chorowanie, choroba i moralno\u015b\u0107 medycyny.\u00a0Przegl\u0105d Filozoficzno-Literacki, 1(46), 225-241. \u0141uk\u00f3w, P. (2014). Profesjonalizm lekarski. In: P. \u0141uk\u00f3w &amp; T. Pasierski, Etyka medyczna z elementami filozofii. Warszawa: Wydawnictwo Lekarski PZWL, pp. 109\u2013120. \u0141uk\u00f3w, P. (2014). Modele relacji lekarz-pacjent. In: P. \u0141uk\u00f3w &amp; T. Pasierski, Etyka medyczna z elementami filozofii. Warszawa: Wydawnictwo Lekarski PZWL,\u2026 <span class=\"read-more\"><a href=\"https:\/\/cbb.uw.edu.pl\/en\/publications\/clinical-ethics\/\">Read More &raquo;<\/a><\/span><\/p>\n","protected":false},"author":1,"featured_media":0,"parent":825,"menu_order":1,"comment_status":"closed","ping_status":"closed","template":"","meta":{"footnotes":"","_links_to":"","_links_to_target":""},"class_list":["post-889","page","type-page","status-publish","hentry"],"yoast_head":"<!-- This site is optimized with the Yoast SEO plugin v27.4 - https:\/\/yoast.com\/product\/yoast-seo-wordpress\/ -->\n<title>Clinical ethics | Centre for Bioethics and Biolaw<\/title>\n<meta name=\"description\" content=\"Center for Bioethics and Biolaw researcher&#039;s publications on clinical ethics | clinical ethics\" \/>\n<meta name=\"robots\" content=\"index, follow, max-snippet:-1, max-image-preview:large, max-video-preview:-1\" \/>\n<link rel=\"canonical\" href=\"https:\/\/cbb.uw.edu.pl\/en\/publications\/clinical-ethics\/\" \/>\n<meta property=\"og:locale\" content=\"en_US\" \/>\n<meta property=\"og:type\" content=\"article\" \/>\n<meta property=\"og:title\" content=\"Clinical ethics | Centre for Bioethics and Biolaw\" \/>\n<meta property=\"og:description\" content=\"Center for Bioethics and Biolaw researcher&#039;s publications on clinical ethics | clinical ethics\" \/>\n<meta property=\"og:url\" content=\"https:\/\/cbb.uw.edu.pl\/en\/publications\/clinical-ethics\/\" \/>\n<meta property=\"og:site_name\" content=\"Center for Bioethics and Biolaw\" \/>\n<meta property=\"article:modified_time\" content=\"2024-03-21T11:49:47+00:00\" \/>\n<meta name=\"twitter:card\" content=\"summary_large_image\" \/>\n<meta name=\"twitter:label1\" content=\"Est. reading time\" \/>\n\t<meta name=\"twitter:data1\" content=\"6 minutes\" \/>\n<script type=\"application\/ld+json\" class=\"yoast-schema-graph\">{\"@context\":\"https:\\\/\\\/schema.org\",\"@graph\":[{\"@type\":\"WebPage\",\"@id\":\"https:\\\/\\\/cbb.uw.edu.pl\\\/en\\\/publications\\\/clinical-ethics\\\/\",\"url\":\"https:\\\/\\\/cbb.uw.edu.pl\\\/en\\\/publications\\\/clinical-ethics\\\/\",\"name\":\"Clinical ethics | Centre for Bioethics and Biolaw\",\"isPartOf\":{\"@id\":\"https:\\\/\\\/cbb.uw.edu.pl\\\/en\\\/#website\"},\"datePublished\":\"2016-01-29T15:53:07+00:00\",\"dateModified\":\"2024-03-21T11:49:47+00:00\",\"description\":\"Center for Bioethics and Biolaw researcher's publications on clinical ethics | clinical ethics\",\"breadcrumb\":{\"@id\":\"https:\\\/\\\/cbb.uw.edu.pl\\\/en\\\/publications\\\/clinical-ethics\\\/#breadcrumb\"},\"inLanguage\":\"en-US\",\"potentialAction\":[{\"@type\":\"ReadAction\",\"target\":[\"https:\\\/\\\/cbb.uw.edu.pl\\\/en\\\/publications\\\/clinical-ethics\\\/\"]}]},{\"@type\":\"BreadcrumbList\",\"@id\":\"https:\\\/\\\/cbb.uw.edu.pl\\\/en\\\/publications\\\/clinical-ethics\\\/#breadcrumb\",\"itemListElement\":[{\"@type\":\"ListItem\",\"position\":1,\"name\":\"Strona g\u0142\u00f3wna\",\"item\":\"https:\\\/\\\/cbb.uw.edu.pl\\\/en\\\/\"},{\"@type\":\"ListItem\",\"position\":2,\"name\":\"Publications\",\"item\":\"https:\\\/\\\/cbb.uw.edu.pl\\\/en\\\/publications\\\/\"},{\"@type\":\"ListItem\",\"position\":3,\"name\":\"Clinical ethics\"}]},{\"@type\":\"WebSite\",\"@id\":\"https:\\\/\\\/cbb.uw.edu.pl\\\/en\\\/#website\",\"url\":\"https:\\\/\\\/cbb.uw.edu.pl\\\/en\\\/\",\"name\":\"Center for Bioethics and Biolaw\",\"description\":\"Institute of Philosophy, University of Warsaw\",\"potentialAction\":[{\"@type\":\"SearchAction\",\"target\":{\"@type\":\"EntryPoint\",\"urlTemplate\":\"https:\\\/\\\/cbb.uw.edu.pl\\\/en\\\/?s={search_term_string}\"},\"query-input\":{\"@type\":\"PropertyValueSpecification\",\"valueRequired\":true,\"valueName\":\"search_term_string\"}}],\"inLanguage\":\"en-US\"}]}<\/script>\n<!-- \/ Yoast SEO plugin. -->","yoast_head_json":{"title":"Clinical ethics | Centre for Bioethics and Biolaw","description":"Center for Bioethics and Biolaw researcher's publications on clinical ethics | clinical ethics","robots":{"index":"index","follow":"follow","max-snippet":"max-snippet:-1","max-image-preview":"max-image-preview:large","max-video-preview":"max-video-preview:-1"},"canonical":"https:\/\/cbb.uw.edu.pl\/en\/publications\/clinical-ethics\/","og_locale":"en_US","og_type":"article","og_title":"Clinical ethics | Centre for Bioethics and Biolaw","og_description":"Center for Bioethics and Biolaw researcher's publications on clinical ethics | clinical ethics","og_url":"https:\/\/cbb.uw.edu.pl\/en\/publications\/clinical-ethics\/","og_site_name":"Center for Bioethics and Biolaw","article_modified_time":"2024-03-21T11:49:47+00:00","twitter_card":"summary_large_image","twitter_misc":{"Est. reading time":"6 minutes"},"schema":{"@context":"https:\/\/schema.org","@graph":[{"@type":"WebPage","@id":"https:\/\/cbb.uw.edu.pl\/en\/publications\/clinical-ethics\/","url":"https:\/\/cbb.uw.edu.pl\/en\/publications\/clinical-ethics\/","name":"Clinical ethics | Centre for Bioethics and Biolaw","isPartOf":{"@id":"https:\/\/cbb.uw.edu.pl\/en\/#website"},"datePublished":"2016-01-29T15:53:07+00:00","dateModified":"2024-03-21T11:49:47+00:00","description":"Center for Bioethics and Biolaw researcher's publications on clinical ethics | clinical ethics","breadcrumb":{"@id":"https:\/\/cbb.uw.edu.pl\/en\/publications\/clinical-ethics\/#breadcrumb"},"inLanguage":"en-US","potentialAction":[{"@type":"ReadAction","target":["https:\/\/cbb.uw.edu.pl\/en\/publications\/clinical-ethics\/"]}]},{"@type":"BreadcrumbList","@id":"https:\/\/cbb.uw.edu.pl\/en\/publications\/clinical-ethics\/#breadcrumb","itemListElement":[{"@type":"ListItem","position":1,"name":"Strona g\u0142\u00f3wna","item":"https:\/\/cbb.uw.edu.pl\/en\/"},{"@type":"ListItem","position":2,"name":"Publications","item":"https:\/\/cbb.uw.edu.pl\/en\/publications\/"},{"@type":"ListItem","position":3,"name":"Clinical ethics"}]},{"@type":"WebSite","@id":"https:\/\/cbb.uw.edu.pl\/en\/#website","url":"https:\/\/cbb.uw.edu.pl\/en\/","name":"Center for Bioethics and Biolaw","description":"Institute of Philosophy, University of Warsaw","potentialAction":[{"@type":"SearchAction","target":{"@type":"EntryPoint","urlTemplate":"https:\/\/cbb.uw.edu.pl\/en\/?s={search_term_string}"},"query-input":{"@type":"PropertyValueSpecification","valueRequired":true,"valueName":"search_term_string"}}],"inLanguage":"en-US"}]}},"_links":{"self":[{"href":"https:\/\/cbb.uw.edu.pl\/en\/wp-json\/wp\/v2\/pages\/889","targetHints":{"allow":["GET"]}}],"collection":[{"href":"https:\/\/cbb.uw.edu.pl\/en\/wp-json\/wp\/v2\/pages"}],"about":[{"href":"https:\/\/cbb.uw.edu.pl\/en\/wp-json\/wp\/v2\/types\/page"}],"author":[{"embeddable":true,"href":"https:\/\/cbb.uw.edu.pl\/en\/wp-json\/wp\/v2\/users\/1"}],"replies":[{"embeddable":true,"href":"https:\/\/cbb.uw.edu.pl\/en\/wp-json\/wp\/v2\/comments?post=889"}],"version-history":[{"count":22,"href":"https:\/\/cbb.uw.edu.pl\/en\/wp-json\/wp\/v2\/pages\/889\/revisions"}],"predecessor-version":[{"id":10915,"href":"https:\/\/cbb.uw.edu.pl\/en\/wp-json\/wp\/v2\/pages\/889\/revisions\/10915"}],"up":[{"embeddable":true,"href":"https:\/\/cbb.uw.edu.pl\/en\/wp-json\/wp\/v2\/pages\/825"}],"wp:attachment":[{"href":"https:\/\/cbb.uw.edu.pl\/en\/wp-json\/wp\/v2\/media?parent=889"}],"curies":[{"name":"wp","href":"https:\/\/api.w.org\/{rel}","templated":true}]}}