{"id":885,"date":"2016-01-29T17:28:58","date_gmt":"2016-01-29T17:28:58","guid":{"rendered":"http:\/\/cbb.uw.edu.pl\/en\/?page_id=885"},"modified":"2024-03-21T10:51:54","modified_gmt":"2024-03-21T10:51:54","slug":"bioethics-general","status":"publish","type":"page","link":"https:\/\/cbb.uw.edu.pl\/en\/publications\/bioethics-general\/","title":{"rendered":"Bioethics &#8211; General"},"content":{"rendered":"<h2><em><span style=\"color: #16a1e7;\">Monographs<\/span><\/em><\/h2>\n<ul>\n<li><strong>\u0141uk\u00f3w<\/strong>, P. (Ed.). (2015). <a href=\"https:\/\/pbn.nauka.gov.pl\/sedno-webapp\/works\/723734\"><i>Zrozumie\u0107 \u015bmier\u0107 cz\u0142owieka<\/i>. <\/a>Warszawa: Polskie Stowarzyszenie Koordynator\u00f3w Transplantacyjnych.<\/li>\n<li><strong>\u0141uk\u00f3w<\/strong>, P.,\u00a0&amp; Pasierski T. (2014). <a href=\"http:\/\/www.wydawnictwopzwl.pl\/promocje\/sesja-letnia-do-20\/filozofia\/prd,etyka-medyczna-z-elementami-filozofii,rid,10991.html\"><em>Etyka medyczna z elementami filozofii<\/em><\/a>. Warszawa: Wydawnictwo Lekarskie PZWL, pp. 237.<\/li>\n<li><strong>R\u00f3\u017cy\u0144ska<\/strong>, J., &amp;\u00a0 Cha\u0144ska, W.(Eds. 2013). <a href=\"https:\/\/www.profinfo.pl\/ochrona-zdrowia\/prawo-medyczne-i-ochrona-zdrowia\/p,bioetyka,180319.html\"><em>Bioetyka<\/em><\/a>. Warszawa: Wolters Kluwer SA, pp. 580.<\/li>\n<li><strong>R\u00f3\u017cy\u0144ska<\/strong>,\u00a0J., &amp; Walig\u00f3ra, M, (Eds. 2012).\u00a0<em><a href=\"https:\/\/www.profinfo.pl\/ochrona-zdrowia\/prawo-medyczne-i-ochrona-zdrowia\/p,badania-naukowe-z-udzialem-ludzi-w-biomedycynie-standardy-miedzynarodowe,51314.html\">Badania naukowe z udzia\u0142em ludzi w biomedycynie. Standardy mi\u0119dzynarodowe<\/a>. <\/em>Warszawa: Lex a Wolters Kluwer business, pp. 284.<\/li>\n<li><strong>\u0141uk\u00f3w<\/strong>, P. (2012). <em><a href=\"http:\/\/semper.pl\/moralnosc-medycyny\/\">Moralno\u015b\u0107 medycyny. O sztuce dobrego \u017cycia i o sztuce leczenia<\/a>.<\/em> Warszawa: Wydawnictwo Naukowe \u201eSemper\u201d, pp. 204.<\/li>\n<li><strong>R\u00f3\u017cy\u0144ska<\/strong>, J. (2008).\u00a0<em><a href=\"http:\/\/terytoria.com.pl\/ksiegarnia,tytuly,994.html\">Od zygoty do osoby. Potencjalno\u015b\u0107, identyczno\u015b\u0107 i przerywanie ci\u0105\u017cy<\/a>.\u00a0<\/em>Gda\u0144sk: Wyd. S\u0142owo\/Obraz Terytoria, pp. 157.<br \/>\n<hr \/>\n<\/li>\n<\/ul>\n<h2>Dignity<\/h2>\n<ul>\n<li><strong>\u0141uk\u00f3w<\/strong>, P. (2018). <a href=\"https:\/\/link.springer.com\/article\/10.1007%2Fs12142-018-0500-z\">A Difficult Legacy: Human Dignity as the Founding Value of Human Rights<\/a>. <em>Human Rights Review, on-line first. <\/em>doi:<em>\u00a0<\/em>10.1007\/s12142-018-0500-z<\/li>\n<li><strong>\u0141uk\u00f3w,<\/strong> P. (2012). <a href=\"https:\/\/www.rpo.gov.pl\/sites\/default\/files\/Biuletyn%20RPO-Materia%C5%82y%20nr%2071.pdf\">Godno\u015b\u0107 to podstawa<\/a>. <em>Biuletyn Rzecznika Praw Obywatelskich &#8211; Materia\u0142y\u00a0<\/em>[Debaty Jana Nowaka<em>&#8211;<\/em>Jeziora\u0144skiego. Rozmowy o warto\u015bciach: Godno\u015b\u0107, Wolno\u015b\u0107, Sprawiedliwo\u015b\u0107] 71, 21\u201322.<\/li>\n<\/ul>\n<h2>History and nature of bioethics<\/h2>\n<ul>\n<li><strong>\u0141uk\u00f3w<\/strong>, P. (2018). <a href=\"https:\/\/www.profinfo.pl\/sklep\/system-prawa-medycznego-tom-i-pojecie-zrodla-i-zakres-prawa-medycznego,72152.html\">Etyka lekarska a bioetyka <\/a>.\u00a0In: R.\u00a0Kubiak, L. Kubicki &amp; E. Zieli\u0144ska (Eds). <em>System prawa medycznego. Tom 1. Poj\u0119cie, \u017ar\u00f3d\u0142a i zakres prawa medycznego.<\/em>\u00a0Warszawa: Wolters Kluwer, pp. 46-53.<\/li>\n<li><strong>\u0141uk\u00f3w<\/strong>, P. (2018). <a href=\"https:\/\/www.profinfo.pl\/sklep\/system-prawa-medycznego-tom-i-pojecie-zrodla-i-zakres-prawa-medycznego,72152.html\">Bioetyka &#8211; natura i problematyka<\/a>. In: R.\u00a0Kubiak, L. Kubicki &amp; E. Zieli\u0144ska (Eds).\u00a0<em>System prawa medycznego. Tom 1. Poj\u0119cie, \u017ar\u00f3d\u0142a i zakres prawa medycznego.<\/em>\u00a0Warszawa: Wolters Kluwer, pp. 53-61.<\/li>\n<li><strong>\u0141uk\u00f3w<\/strong>, P. (2017). <a href=\"doi:https:\/\/doi.org\/10.1016\/j.jemep.2017.07.006.\">Non-adjectival bioethics<\/a>. <i>Ethics, Medicine and Public Health<\/i> 3 (4):401-409.<\/li>\n<li><strong>\u0141uk\u00f3w<\/strong>, P. (2014). <a href=\"http:\/\/www.wydawnictwopzwl.pl\/promocje\/sesja-letnia-do-20\/filozofia\/prd,etyka-medyczna-z-elementami-filozofii,rid,10991.html\">Bioetyczne wyzwania wsp\u00f3\u0142czesno\u015bci<\/a>. In:\u00a0P. \u0141uk\u00f3w\u00a0&amp; T. Pasierski, <em>Etyka medyczna z elementami filozofii<\/em>. Warszawa: Wydawnictwo Lekarskie PZWL, pp. 101\u2013108.<\/li>\n<li><strong>R<\/strong><strong>\u00f3\u017cy\u0144ska<\/strong>, J. &amp; \u0141uk\u00f3w, P. (2013). <a href=\"https:\/\/www.profinfo.pl\/ochrona-zdrowia\/prawo-medyczne-i-ochrona-zdrowia\/p,bioetyka,180319.html\">Narodziny i natura bioetyki<\/a>. In: J. R\u00f3\u017cy\u0144ska &amp; W. Cha\u0144ska (Eds), <em>Bioetyka<\/em>. Warszawa: Wolters Kluwer SA, pp. 15\u201331.<\/li>\n<li><strong>\u0141uk\u00f3w<\/strong>, P. (2013). <a href=\"http:\/\/www.impulsoficyna.com.pl\/nowosci\/etyka-w-medycynie-wczoraj-i-dzis,1531.html\">Standardy bioetyczne \u2013 mi\u0119dzy nowo\u015bci\u0105 a reinterpretacj\u0105<\/a>. In: K. Basi\u0144ska &amp; J. Halasz (Eds), <em>Etyka w medycynie. Wczoraj i dzi\u015b. Wybrane zagadnienia. <\/em>Krak\u00f3w: Oficyna Wydawnicza \u201eImpuls\u201d, pp. 261\u2013270.<\/li>\n<li><strong>\u0141uk\u00f3w<\/strong>, P. (2011). <a href=\"http:\/\/eu.cmkp.edu.pl\/css_bart\/dok_eu\/CMKP_Zdrowie_Publiczne_T_2.pdf\">Etyczne dylematy wsp\u00f3\u0142czesnej medycyny<\/a>. In: J. Opolski (Ed.). <em>Zdrowie publiczne. Wybrane zagadnienia. <\/em>Tom 2. Warszawa: Centrum Medyczne Kszta\u0142cenia Podyplomowego, pp. 7\u201314.<\/li>\n<\/ul>\n<h2><strong>Regulations in medicine<\/strong><\/h2>\n<ul>\n<li><strong>R\u00f3\u017cy\u0144ska<\/strong> J. (2018).\u00a0<a href=\"https:\/\/www.profinfo.pl\/sklep\/system-prawa-medycznego-tom-i-pojecie-zrodla-i-zakres-prawa-medycznego,72152.html\">Bioetyka a prawo medyczne<\/a>. In: R.\u00a0Kubiak, L. Kubicki &amp; E. Zieli\u0144ska (Eds).\u00a0<em>System prawa medycznego. Tom 1. Poj\u0119cie, \u017ar\u00f3d\u0142a i zakres prawa medycznego.<\/em>\u00a0Warszawa: Wolters Kluwer, pp. 61-68.<\/li>\n<li><strong>R\u00f3\u017cy\u0144ska<\/strong> J. (2018).\u00a0<a href=\"https:\/\/www.profinfo.pl\/sklep\/system-prawa-medycznego-tom-i-pojecie-zrodla-i-zakres-prawa-medycznego,72152.html\">Kodeksy deontologiczne a system prawa powszechnego<\/a>.In: R.\u00a0Kubiak, L. Kubicki &amp; E. Zieli\u0144ska (Eds).\u00a0<em>System prawa medycznego. Tom 1. Poj\u0119cie, \u017ar\u00f3d\u0142a i zakres prawa medycznego.<\/em>\u00a0Warszawa: Wolters Kluwer, pp.\u00a069-79.<\/li>\n<li><strong>R\u00f3\u017cy\u0144ska<\/strong> J. (2018).\u00a0<a href=\"https:\/\/www.profinfo.pl\/sklep\/system-prawa-medycznego-tom-i-pojecie-zrodla-i-zakres-prawa-medycznego,72152.html\">\u0179r\u00f3d\u0142a prawa w Polsce. Krajowe \u017ar\u00f3d\u0142a prawa medycznego. Mi\u0119dzynarodowe standardy etyczne i profesjonalne w biomedycynie<\/a>.In: R.\u00a0Kubiak, L. Kubicki &amp; E. Zieli\u0144ska (Eds).\u00a0<em>System prawa medycznego. Tom 1. Poj\u0119cie, \u017ar\u00f3d\u0142a i zakres prawa medycznego.<\/em>\u00a0Warszawa: Wolters Kluwer, pp.\u00a082-96, 115-118.<\/li>\n<li><strong>\u0141uk\u00f3w<\/strong>, P. (2016).\u00a0<a href=\"http:\/\/medium.dilnet.wroc.pl\/pliki\/medium\/0616.pdf\">Kodeks etyczny to nie wszystko<\/a>.\u00a0<em>MEDIUM Gazeta Dolno\u015bl\u0105skiej Izby<\/em> <em>Lekarskiej<\/em>, \u00a06-7(311\/312), 17-19.<\/li>\n<li><strong>\u0141uk\u00f3w<\/strong>, P. (2011). <a href=\"http:\/\/eu.cmkp.edu.pl\/css_bart\/dok_eu\/CMKP_Zdrowie_Publiczne_T_2.pdf\">Europejska Konwencja Bioetyczna<\/a>. In: J. Opolski (Ed), <em>Zdrowie publiczne. Wybrane zagadnienia<\/em>. Tom 2. Warszawa: Centrum Medyczne Kszta\u0142cenia Podyplomowego, pp. 15\u201324.<\/li>\n<li><strong>\u0141uk\u00f3w<\/strong>, P. (2011). <a href=\"http:\/\/www.prawoimedycyna.pl\/index.php?str=artykul&amp;id=1074\">Rola \u015bwiatopogl\u0105d\u00f3w w tworzeniu prawa medycznego<\/a>. <em>Prawo i Medycyna<\/em>, 13(42), 5\u201324.<\/li>\n<li><strong>\u0141uk\u00f3w<\/strong>, P. (2007). <a href=\"http:\/\/www.diametros.iphils.uj.edu.pl\/serwis\/?l=1&amp;p=cnf4&amp;m=44&amp;jh=1&amp;ih=72\">Komu jest potrzebny kodeks etyki lekarskiej?<\/a> <em>Diametros<\/em>, 1.<\/li>\n<\/ul>\n","protected":false},"excerpt":{"rendered":"<p>Monographs \u0141uk\u00f3w, P. (Ed.). (2015). Zrozumie\u0107 \u015bmier\u0107 cz\u0142owieka. Warszawa: Polskie Stowarzyszenie Koordynator\u00f3w Transplantacyjnych. \u0141uk\u00f3w, P.,\u00a0&amp; Pasierski T. (2014). Etyka medyczna z elementami filozofii. Warszawa: Wydawnictwo Lekarskie PZWL, pp. 237. R\u00f3\u017cy\u0144ska, J., &amp;\u00a0 Cha\u0144ska, W.(Eds. 2013). Bioetyka. Warszawa: Wolters Kluwer SA, pp. 580. R\u00f3\u017cy\u0144ska,\u00a0J., &amp; Walig\u00f3ra, M, (Eds. 2012).\u00a0Badania naukowe z udzia\u0142em ludzi w biomedycynie. Standardy\u2026 <span class=\"read-more\"><a href=\"https:\/\/cbb.uw.edu.pl\/en\/publications\/bioethics-general\/\">Read More &raquo;<\/a><\/span><\/p>\n","protected":false},"author":1,"featured_media":0,"parent":825,"menu_order":0,"comment_status":"closed","ping_status":"closed","template":"","meta":{"footnotes":"","_links_to":"","_links_to_target":""},"class_list":["post-885","page","type-page","status-publish","hentry"],"yoast_head":"<!-- This site is optimized with the Yoast SEO plugin v27.3 - https:\/\/yoast.com\/product\/yoast-seo-wordpress\/ -->\n<title>Bioethics - General | Center for Bioethics and Biolaw<\/title>\n<meta name=\"description\" content=\"Publications from Center for Bioethics and Biolaw on general bioethical topics\" \/>\n<meta name=\"robots\" content=\"index, follow, max-snippet:-1, max-image-preview:large, max-video-preview:-1\" \/>\n<link rel=\"canonical\" href=\"https:\/\/cbb.uw.edu.pl\/en\/publications\/bioethics-general\/\" \/>\n<meta property=\"og:locale\" content=\"en_US\" \/>\n<meta property=\"og:type\" content=\"article\" \/>\n<meta property=\"og:title\" content=\"Bioethics - General | Center for Bioethics and Biolaw\" \/>\n<meta property=\"og:description\" content=\"Publications from Center for Bioethics and Biolaw on general bioethical topics\" \/>\n<meta property=\"og:url\" content=\"https:\/\/cbb.uw.edu.pl\/en\/publications\/bioethics-general\/\" \/>\n<meta property=\"og:site_name\" content=\"Center for Bioethics and Biolaw\" \/>\n<meta property=\"article:modified_time\" content=\"2024-03-21T10:51:54+00:00\" \/>\n<meta name=\"twitter:card\" content=\"summary_large_image\" \/>\n<meta name=\"twitter:label1\" content=\"Est. reading time\" \/>\n\t<meta name=\"twitter:data1\" content=\"3 minutes\" \/>\n<script type=\"application\/ld+json\" class=\"yoast-schema-graph\">{\"@context\":\"https:\\\/\\\/schema.org\",\"@graph\":[{\"@type\":\"WebPage\",\"@id\":\"https:\\\/\\\/cbb.uw.edu.pl\\\/en\\\/publications\\\/bioethics-general\\\/\",\"url\":\"https:\\\/\\\/cbb.uw.edu.pl\\\/en\\\/publications\\\/bioethics-general\\\/\",\"name\":\"Bioethics - General | Center for Bioethics and Biolaw\",\"isPartOf\":{\"@id\":\"https:\\\/\\\/cbb.uw.edu.pl\\\/en\\\/#website\"},\"datePublished\":\"2016-01-29T17:28:58+00:00\",\"dateModified\":\"2024-03-21T10:51:54+00:00\",\"description\":\"Publications from Center for Bioethics and Biolaw on general bioethical topics\",\"breadcrumb\":{\"@id\":\"https:\\\/\\\/cbb.uw.edu.pl\\\/en\\\/publications\\\/bioethics-general\\\/#breadcrumb\"},\"inLanguage\":\"en-US\",\"potentialAction\":[{\"@type\":\"ReadAction\",\"target\":[\"https:\\\/\\\/cbb.uw.edu.pl\\\/en\\\/publications\\\/bioethics-general\\\/\"]}]},{\"@type\":\"BreadcrumbList\",\"@id\":\"https:\\\/\\\/cbb.uw.edu.pl\\\/en\\\/publications\\\/bioethics-general\\\/#breadcrumb\",\"itemListElement\":[{\"@type\":\"ListItem\",\"position\":1,\"name\":\"Strona g\u0142\u00f3wna\",\"item\":\"https:\\\/\\\/cbb.uw.edu.pl\\\/en\\\/\"},{\"@type\":\"ListItem\",\"position\":2,\"name\":\"Publications\",\"item\":\"https:\\\/\\\/cbb.uw.edu.pl\\\/en\\\/publications\\\/\"},{\"@type\":\"ListItem\",\"position\":3,\"name\":\"Bioethics &#8211; General\"}]},{\"@type\":\"WebSite\",\"@id\":\"https:\\\/\\\/cbb.uw.edu.pl\\\/en\\\/#website\",\"url\":\"https:\\\/\\\/cbb.uw.edu.pl\\\/en\\\/\",\"name\":\"Center for Bioethics and Biolaw\",\"description\":\"Institute of Philosophy, University of Warsaw\",\"potentialAction\":[{\"@type\":\"SearchAction\",\"target\":{\"@type\":\"EntryPoint\",\"urlTemplate\":\"https:\\\/\\\/cbb.uw.edu.pl\\\/en\\\/?s={search_term_string}\"},\"query-input\":{\"@type\":\"PropertyValueSpecification\",\"valueRequired\":true,\"valueName\":\"search_term_string\"}}],\"inLanguage\":\"en-US\"}]}<\/script>\n<!-- \/ Yoast SEO plugin. -->","yoast_head_json":{"title":"Bioethics - General | Center for Bioethics and Biolaw","description":"Publications from Center for Bioethics and Biolaw on general bioethical topics","robots":{"index":"index","follow":"follow","max-snippet":"max-snippet:-1","max-image-preview":"max-image-preview:large","max-video-preview":"max-video-preview:-1"},"canonical":"https:\/\/cbb.uw.edu.pl\/en\/publications\/bioethics-general\/","og_locale":"en_US","og_type":"article","og_title":"Bioethics - General | Center for Bioethics and Biolaw","og_description":"Publications from Center for Bioethics and Biolaw on general bioethical topics","og_url":"https:\/\/cbb.uw.edu.pl\/en\/publications\/bioethics-general\/","og_site_name":"Center for Bioethics and Biolaw","article_modified_time":"2024-03-21T10:51:54+00:00","twitter_card":"summary_large_image","twitter_misc":{"Est. reading time":"3 minutes"},"schema":{"@context":"https:\/\/schema.org","@graph":[{"@type":"WebPage","@id":"https:\/\/cbb.uw.edu.pl\/en\/publications\/bioethics-general\/","url":"https:\/\/cbb.uw.edu.pl\/en\/publications\/bioethics-general\/","name":"Bioethics - General | Center for Bioethics and Biolaw","isPartOf":{"@id":"https:\/\/cbb.uw.edu.pl\/en\/#website"},"datePublished":"2016-01-29T17:28:58+00:00","dateModified":"2024-03-21T10:51:54+00:00","description":"Publications from Center for Bioethics and Biolaw on general bioethical topics","breadcrumb":{"@id":"https:\/\/cbb.uw.edu.pl\/en\/publications\/bioethics-general\/#breadcrumb"},"inLanguage":"en-US","potentialAction":[{"@type":"ReadAction","target":["https:\/\/cbb.uw.edu.pl\/en\/publications\/bioethics-general\/"]}]},{"@type":"BreadcrumbList","@id":"https:\/\/cbb.uw.edu.pl\/en\/publications\/bioethics-general\/#breadcrumb","itemListElement":[{"@type":"ListItem","position":1,"name":"Strona g\u0142\u00f3wna","item":"https:\/\/cbb.uw.edu.pl\/en\/"},{"@type":"ListItem","position":2,"name":"Publications","item":"https:\/\/cbb.uw.edu.pl\/en\/publications\/"},{"@type":"ListItem","position":3,"name":"Bioethics &#8211; General"}]},{"@type":"WebSite","@id":"https:\/\/cbb.uw.edu.pl\/en\/#website","url":"https:\/\/cbb.uw.edu.pl\/en\/","name":"Center for Bioethics and Biolaw","description":"Institute of Philosophy, University of Warsaw","potentialAction":[{"@type":"SearchAction","target":{"@type":"EntryPoint","urlTemplate":"https:\/\/cbb.uw.edu.pl\/en\/?s={search_term_string}"},"query-input":{"@type":"PropertyValueSpecification","valueRequired":true,"valueName":"search_term_string"}}],"inLanguage":"en-US"}]}},"_links":{"self":[{"href":"https:\/\/cbb.uw.edu.pl\/en\/wp-json\/wp\/v2\/pages\/885","targetHints":{"allow":["GET"]}}],"collection":[{"href":"https:\/\/cbb.uw.edu.pl\/en\/wp-json\/wp\/v2\/pages"}],"about":[{"href":"https:\/\/cbb.uw.edu.pl\/en\/wp-json\/wp\/v2\/types\/page"}],"author":[{"embeddable":true,"href":"https:\/\/cbb.uw.edu.pl\/en\/wp-json\/wp\/v2\/users\/1"}],"replies":[{"embeddable":true,"href":"https:\/\/cbb.uw.edu.pl\/en\/wp-json\/wp\/v2\/comments?post=885"}],"version-history":[{"count":21,"href":"https:\/\/cbb.uw.edu.pl\/en\/wp-json\/wp\/v2\/pages\/885\/revisions"}],"predecessor-version":[{"id":10887,"href":"https:\/\/cbb.uw.edu.pl\/en\/wp-json\/wp\/v2\/pages\/885\/revisions\/10887"}],"up":[{"embeddable":true,"href":"https:\/\/cbb.uw.edu.pl\/en\/wp-json\/wp\/v2\/pages\/825"}],"wp:attachment":[{"href":"https:\/\/cbb.uw.edu.pl\/en\/wp-json\/wp\/v2\/media?parent=885"}],"curies":[{"name":"wp","href":"https:\/\/api.w.org\/{rel}","templated":true}]}}