{"id":8842,"date":"2019-06-21T23:39:05","date_gmt":"2019-06-21T23:39:05","guid":{"rendered":"https:\/\/cbb.uw.edu.pl\/?page_id=8842"},"modified":"2023-06-01T10:09:06","modified_gmt":"2023-06-01T10:09:06","slug":"healthcare-as-a-public-space-social-integration-and-social-diversity-in-the-context-of-access-to-healthcare-in-europe","status":"publish","type":"page","link":"https:\/\/cbb.uw.edu.pl\/en\/grants\/healthcare-as-a-public-space-social-integration-and-social-diversity-in-the-context-of-access-to-healthcare-in-europe\/","title":{"rendered":"Healthcare as a Public Space"},"content":{"rendered":"<p>Project title:<strong><span style=\"color: #3366ff;\"> Healthcare as a Public Space: Social Integration and Social Diversity in the Context of Access to Healthcare in Europe<\/span><\/strong><\/p>\n<p>Principal investigator: <strong>prof. Pawe\u0142 \u0141uk\u00f3w<\/strong><br \/>Financing: National Science Centre: HERA (Humanities in the European Research Area) \u2013 Public Spaces: Culture and Integration in Europe; this project has received founding from the European Union\u2019s Horizon 2020 research and innovation program under grant agreement No 769478<br \/>Project period: 1.05.2019-30.04.2022 (36 months)<br \/>Project number: 2018\/28\/Z\/HS1\/00554<\/p>\n<p><strong>Project objective:<\/strong> Within the scope of the project, the research will focus on the concept of diversity that includes aspects of ethnicity, religion, gender, and sexual orientation both in the general social context of healthcare viewed as a public space, as well as in the specific context of medical institutions conceptualized as public locations. Within this context, the aim of this project is to generate systematic and in-depth knowledge about how and to what degree the European norms and guidelines concerning diversity are implemented in national legal regulations in Germany, Slovenia, Croatia and Poland and how they are realized in clinical practice in these countries. The project is to be humanities-led and study the ethical, cultural, and normative aspects of integration and exclusion within the healthcare sector.<\/p>\n<p><strong>Key words:<\/strong> bioethcis, healthcare, diversity, access to healthcare<\/p>\n<p>Principal Investigator: Prof. Pawe\u0142 \u0141uk\u00f3w, PhD<br \/>Post-doc Researcher: Katarzyna Bieli\u0144ska, PhD<br \/>PhD Student: Anna Chowaniec, MA<\/p>\n\n\n<p><a href=\"http:\/\/: http:\/\/www.healthcare-access.eu\/en\">Project website<\/a><\/p>\n\n\n\n<p><strong>Conferences<\/strong><\/p>\n\n\n\n<p>International Conference <a href=\"https:\/\/cbb.uw.edu.pl\/en\/2020\/02\/22\/international-conference\/\">\u201cLegal regulations on diversity in  healthcare in European countries: challenges for national legislation\u201d<\/a>,  Center for Bioethics and Biolaw,  Institute of Philosophy, University  of  Warsaw, March 4th and 5th, 2020, Warsaw.<\/p>\n\n\n\n<p>International Conference &#8220;Healthcare as a Public Space: Social Integration and Social Diversity in the Context of Access to Healthcare in Europe&#8221;, University of Rijeka, Faculty of Medicine, Department of Social Sciences and Medical Humanities, September 5th and 6th, 2019, Rijeka.<\/p>\n\n\n\n<p><strong>Public lectures<\/strong><\/p>\n\n\n\n<p>September 22nd 2019,   <em><a href=\"https:\/\/cbb.uw.edu.pl\/projekty\/opieka-zdrowotna-jako-przestrzen-publiczna-integracja-i-roznorodnosc-spoleczna-w-kontekscie-dostepu-do-opieki-zdrowotnej-w-europie\/zdrowie-dostepne-dla-wszystkich\/\">Health \u2013 accessible for everyone?<\/a><\/em> (included in the set of events of <a href=\"https:\/\/festiwalnauki.edu.pl\/\">XXIII Festival of Science<\/a>); lecture: Prof. Magdalena \u015aroda, PhD (University of Warsaw); as followed by a discussion panel with the participation of Prof. Pawe\u0142 \u0141uk\u00f3w, Katarzyna Bieli\u0144ska, PhD, and Anna Chowaniec, MA.<\/p>\n\n\n\n<p><\/p>\n","protected":false},"excerpt":{"rendered":"<p>Project title: Healthcare as a Public Space: Social Integration and Social Diversity in the Context of Access to Healthcare in Europe Principal investigator: prof. Pawe\u0142 \u0141uk\u00f3wFinancing: National Science Centre: HERA (Humanities in the European Research Area) \u2013 Public Spaces: Culture and Integration in Europe; this project has received founding from the European Union\u2019s Horizon 2020\u2026 <span class=\"read-more\"><a href=\"https:\/\/cbb.uw.edu.pl\/en\/grants\/healthcare-as-a-public-space-social-integration-and-social-diversity-in-the-context-of-access-to-healthcare-in-europe\/\">Read More &raquo;<\/a><\/span><\/p>\n","protected":false},"author":14,"featured_media":0,"parent":829,"menu_order":0,"comment_status":"closed","ping_status":"closed","template":"","meta":{"footnotes":"","_links_to":"","_links_to_target":""},"class_list":["post-8842","page","type-page","status-publish","hentry"],"yoast_head":"<!-- This site is optimized with the Yoast SEO plugin v27.5 - https:\/\/yoast.com\/product\/yoast-seo-wordpress\/ -->\n<title>Healthcare as a Public Space - Center for Bioethics and Biolaw<\/title>\n<meta name=\"robots\" content=\"index, follow, max-snippet:-1, max-image-preview:large, max-video-preview:-1\" \/>\n<link rel=\"canonical\" href=\"https:\/\/cbb.uw.edu.pl\/en\/grants\/healthcare-as-a-public-space-social-integration-and-social-diversity-in-the-context-of-access-to-healthcare-in-europe\/\" \/>\n<meta property=\"og:locale\" content=\"en_US\" \/>\n<meta property=\"og:type\" content=\"article\" \/>\n<meta property=\"og:title\" content=\"Healthcare as a Public Space - Center for Bioethics and Biolaw\" \/>\n<meta property=\"og:description\" content=\"Project title: Healthcare as a Public Space: Social Integration and Social Diversity in the Context of Access to Healthcare in Europe Principal investigator: prof. Pawe\u0142 \u0141uk\u00f3wFinancing: National Science Centre: HERA (Humanities in the European Research Area) \u2013 Public Spaces: Culture and Integration in Europe; this project has received founding from the European Union\u2019s Horizon 2020\u2026 Read More &raquo;\" \/>\n<meta property=\"og:url\" content=\"https:\/\/cbb.uw.edu.pl\/en\/grants\/healthcare-as-a-public-space-social-integration-and-social-diversity-in-the-context-of-access-to-healthcare-in-europe\/\" \/>\n<meta property=\"og:site_name\" content=\"Center for Bioethics and Biolaw\" \/>\n<meta property=\"article:modified_time\" content=\"2023-06-01T10:09:06+00:00\" \/>\n<meta name=\"twitter:card\" content=\"summary_large_image\" \/>\n<meta name=\"twitter:label1\" content=\"Est. reading time\" \/>\n\t<meta name=\"twitter:data1\" content=\"3 minutes\" \/>\n<script type=\"application\/ld+json\" class=\"yoast-schema-graph\">{\"@context\":\"https:\\\/\\\/schema.org\",\"@graph\":[{\"@type\":\"WebPage\",\"@id\":\"https:\\\/\\\/cbb.uw.edu.pl\\\/en\\\/grants\\\/healthcare-as-a-public-space-social-integration-and-social-diversity-in-the-context-of-access-to-healthcare-in-europe\\\/\",\"url\":\"https:\\\/\\\/cbb.uw.edu.pl\\\/en\\\/grants\\\/healthcare-as-a-public-space-social-integration-and-social-diversity-in-the-context-of-access-to-healthcare-in-europe\\\/\",\"name\":\"Healthcare as a Public Space - Center for Bioethics and Biolaw\",\"isPartOf\":{\"@id\":\"https:\\\/\\\/cbb.uw.edu.pl\\\/en\\\/#website\"},\"datePublished\":\"2019-06-21T23:39:05+00:00\",\"dateModified\":\"2023-06-01T10:09:06+00:00\",\"breadcrumb\":{\"@id\":\"https:\\\/\\\/cbb.uw.edu.pl\\\/en\\\/grants\\\/healthcare-as-a-public-space-social-integration-and-social-diversity-in-the-context-of-access-to-healthcare-in-europe\\\/#breadcrumb\"},\"inLanguage\":\"en-US\",\"potentialAction\":[{\"@type\":\"ReadAction\",\"target\":[\"https:\\\/\\\/cbb.uw.edu.pl\\\/en\\\/grants\\\/healthcare-as-a-public-space-social-integration-and-social-diversity-in-the-context-of-access-to-healthcare-in-europe\\\/\"]}]},{\"@type\":\"BreadcrumbList\",\"@id\":\"https:\\\/\\\/cbb.uw.edu.pl\\\/en\\\/grants\\\/healthcare-as-a-public-space-social-integration-and-social-diversity-in-the-context-of-access-to-healthcare-in-europe\\\/#breadcrumb\",\"itemListElement\":[{\"@type\":\"ListItem\",\"position\":1,\"name\":\"Strona g\u0142\u00f3wna\",\"item\":\"https:\\\/\\\/cbb.uw.edu.pl\\\/en\\\/\"},{\"@type\":\"ListItem\",\"position\":2,\"name\":\"Projects\",\"item\":\"https:\\\/\\\/cbb.uw.edu.pl\\\/en\\\/grants\\\/\"},{\"@type\":\"ListItem\",\"position\":3,\"name\":\"Healthcare as a Public Space\"}]},{\"@type\":\"WebSite\",\"@id\":\"https:\\\/\\\/cbb.uw.edu.pl\\\/en\\\/#website\",\"url\":\"https:\\\/\\\/cbb.uw.edu.pl\\\/en\\\/\",\"name\":\"Center for Bioethics and Biolaw\",\"description\":\"Institute of Philosophy, University of Warsaw\",\"potentialAction\":[{\"@type\":\"SearchAction\",\"target\":{\"@type\":\"EntryPoint\",\"urlTemplate\":\"https:\\\/\\\/cbb.uw.edu.pl\\\/en\\\/?s={search_term_string}\"},\"query-input\":{\"@type\":\"PropertyValueSpecification\",\"valueRequired\":true,\"valueName\":\"search_term_string\"}}],\"inLanguage\":\"en-US\"}]}<\/script>\n<!-- \/ Yoast SEO plugin. -->","yoast_head_json":{"title":"Healthcare as a Public Space - Center for Bioethics and Biolaw","robots":{"index":"index","follow":"follow","max-snippet":"max-snippet:-1","max-image-preview":"max-image-preview:large","max-video-preview":"max-video-preview:-1"},"canonical":"https:\/\/cbb.uw.edu.pl\/en\/grants\/healthcare-as-a-public-space-social-integration-and-social-diversity-in-the-context-of-access-to-healthcare-in-europe\/","og_locale":"en_US","og_type":"article","og_title":"Healthcare as a Public Space - Center for Bioethics and Biolaw","og_description":"Project title: Healthcare as a Public Space: Social Integration and Social Diversity in the Context of Access to Healthcare in Europe Principal investigator: prof. Pawe\u0142 \u0141uk\u00f3wFinancing: National Science Centre: HERA (Humanities in the European Research Area) \u2013 Public Spaces: Culture and Integration in Europe; this project has received founding from the European Union\u2019s Horizon 2020\u2026 Read More &raquo;","og_url":"https:\/\/cbb.uw.edu.pl\/en\/grants\/healthcare-as-a-public-space-social-integration-and-social-diversity-in-the-context-of-access-to-healthcare-in-europe\/","og_site_name":"Center for Bioethics and Biolaw","article_modified_time":"2023-06-01T10:09:06+00:00","twitter_card":"summary_large_image","twitter_misc":{"Est. reading time":"3 minutes"},"schema":{"@context":"https:\/\/schema.org","@graph":[{"@type":"WebPage","@id":"https:\/\/cbb.uw.edu.pl\/en\/grants\/healthcare-as-a-public-space-social-integration-and-social-diversity-in-the-context-of-access-to-healthcare-in-europe\/","url":"https:\/\/cbb.uw.edu.pl\/en\/grants\/healthcare-as-a-public-space-social-integration-and-social-diversity-in-the-context-of-access-to-healthcare-in-europe\/","name":"Healthcare as a Public Space - Center for Bioethics and Biolaw","isPartOf":{"@id":"https:\/\/cbb.uw.edu.pl\/en\/#website"},"datePublished":"2019-06-21T23:39:05+00:00","dateModified":"2023-06-01T10:09:06+00:00","breadcrumb":{"@id":"https:\/\/cbb.uw.edu.pl\/en\/grants\/healthcare-as-a-public-space-social-integration-and-social-diversity-in-the-context-of-access-to-healthcare-in-europe\/#breadcrumb"},"inLanguage":"en-US","potentialAction":[{"@type":"ReadAction","target":["https:\/\/cbb.uw.edu.pl\/en\/grants\/healthcare-as-a-public-space-social-integration-and-social-diversity-in-the-context-of-access-to-healthcare-in-europe\/"]}]},{"@type":"BreadcrumbList","@id":"https:\/\/cbb.uw.edu.pl\/en\/grants\/healthcare-as-a-public-space-social-integration-and-social-diversity-in-the-context-of-access-to-healthcare-in-europe\/#breadcrumb","itemListElement":[{"@type":"ListItem","position":1,"name":"Strona g\u0142\u00f3wna","item":"https:\/\/cbb.uw.edu.pl\/en\/"},{"@type":"ListItem","position":2,"name":"Projects","item":"https:\/\/cbb.uw.edu.pl\/en\/grants\/"},{"@type":"ListItem","position":3,"name":"Healthcare as a Public Space"}]},{"@type":"WebSite","@id":"https:\/\/cbb.uw.edu.pl\/en\/#website","url":"https:\/\/cbb.uw.edu.pl\/en\/","name":"Center for Bioethics and Biolaw","description":"Institute of Philosophy, University of Warsaw","potentialAction":[{"@type":"SearchAction","target":{"@type":"EntryPoint","urlTemplate":"https:\/\/cbb.uw.edu.pl\/en\/?s={search_term_string}"},"query-input":{"@type":"PropertyValueSpecification","valueRequired":true,"valueName":"search_term_string"}}],"inLanguage":"en-US"}]}},"_links":{"self":[{"href":"https:\/\/cbb.uw.edu.pl\/en\/wp-json\/wp\/v2\/pages\/8842","targetHints":{"allow":["GET"]}}],"collection":[{"href":"https:\/\/cbb.uw.edu.pl\/en\/wp-json\/wp\/v2\/pages"}],"about":[{"href":"https:\/\/cbb.uw.edu.pl\/en\/wp-json\/wp\/v2\/types\/page"}],"author":[{"embeddable":true,"href":"https:\/\/cbb.uw.edu.pl\/en\/wp-json\/wp\/v2\/users\/14"}],"replies":[{"embeddable":true,"href":"https:\/\/cbb.uw.edu.pl\/en\/wp-json\/wp\/v2\/comments?post=8842"}],"version-history":[{"count":7,"href":"https:\/\/cbb.uw.edu.pl\/en\/wp-json\/wp\/v2\/pages\/8842\/revisions"}],"predecessor-version":[{"id":10374,"href":"https:\/\/cbb.uw.edu.pl\/en\/wp-json\/wp\/v2\/pages\/8842\/revisions\/10374"}],"up":[{"embeddable":true,"href":"https:\/\/cbb.uw.edu.pl\/en\/wp-json\/wp\/v2\/pages\/829"}],"wp:attachment":[{"href":"https:\/\/cbb.uw.edu.pl\/en\/wp-json\/wp\/v2\/media?parent=8842"}],"curies":[{"name":"wp","href":"https:\/\/api.w.org\/{rel}","templated":true}]}}