{"id":863,"date":"2016-01-29T12:21:12","date_gmt":"2016-01-29T12:21:12","guid":{"rendered":"http:\/\/cbb.uw.edu.pl\/en\/?page_id=863"},"modified":"2024-03-19T14:58:41","modified_gmt":"2024-03-19T14:58:41","slug":"body-person-and-informed-consent","status":"publish","type":"page","link":"https:\/\/cbb.uw.edu.pl\/en\/grants\/body-person-and-informed-consent\/","title":{"rendered":"Body, Person, and Informed Consent"},"content":{"rendered":"<p><a href=\"https:\/\/cbb.uw.edu.pl\/wp-content\/uploads\/2024\/03\/logo-NCN-horozin-en.png\"><img loading=\"lazy\" decoding=\"async\" class=\"wp-image-10642 alignnone\" src=\"https:\/\/cbb.uw.edu.pl\/wp-content\/uploads\/2024\/03\/logo-NCN-horozin-en.png\" alt=\"\" width=\"344\" height=\"30\" srcset=\"https:\/\/cbb.uw.edu.pl\/wp-content\/uploads\/2024\/03\/logo-NCN-horozin-en.png 3082w, https:\/\/cbb.uw.edu.pl\/wp-content\/uploads\/2024\/03\/logo-NCN-horozin-en-300x26.png 300w, https:\/\/cbb.uw.edu.pl\/wp-content\/uploads\/2024\/03\/logo-NCN-horozin-en-1024x89.png 1024w, https:\/\/cbb.uw.edu.pl\/wp-content\/uploads\/2024\/03\/logo-NCN-horozin-en-768x67.png 768w, https:\/\/cbb.uw.edu.pl\/wp-content\/uploads\/2024\/03\/logo-NCN-horozin-en-1536x134.png 1536w, https:\/\/cbb.uw.edu.pl\/wp-content\/uploads\/2024\/03\/logo-NCN-horozin-en-2048x178.png 2048w, https:\/\/cbb.uw.edu.pl\/wp-content\/uploads\/2024\/03\/logo-NCN-horozin-en-660x57.png 660w\" sizes=\"auto, (max-width: 344px) 100vw, 344px\" \/><\/a><\/p>\n<p><strong><span style=\"color: #ff0000;\">PROJECT SETTLED<\/span><\/strong><\/p>\n<p>Project title:\u00a0<strong><span style=\"color: #16a1e7;\">Body, Person, and Informed Consent. Ethics of Using Human Body in Medicine and Research<\/span><\/strong><br \/>\nPrincipal investigator: <strong>prof. Pawe\u0142 \u0141uk\u00f3w<\/strong><br \/>\nFinancing: National Science Centre, OPUS 9<br \/>\nProject period: 2016-2018 (36 months)<br \/>\nProject number:\u00a02015\/17\/B\/HS1\/02390<\/p>\n<p><strong>Project objective:<\/strong> The project is an investigation of the conceptual and normative foundations of biomedical and research interventions that use human body, its parts or biological material of human origin for the benefit of others and scientific progress. It relies on critical analysis of normative conceptual frameworks, comparison of their weaknesses and strengths and internal coherence.<\/p>\n<p><span style=\"color: #16a1e7;\"><strong><a style=\"color: #16a1e7;\" href=\"https:\/\/ncn.gov.pl\/sites\/default\/files\/listy-rankingowe\/2015-03-15\/streszczenia\/295284-en.pdf\" target=\"_blank\" rel=\"noopener\">Popular summary<\/a><\/strong><\/span><\/p>\n<p><strong>Keywords:<\/strong> ethics, bioethics, body, person, informed consent<\/p>\n<hr \/>\n<h2><span style=\"color: #16a1e7;\">Publication of the project results<\/span><\/h2>\n<p><strong>Papers (published or accepted for publication)<\/strong><\/p>\n<ul>\n<li><strong>R\u00f3\u017cy\u0144ska<\/strong> J. (2022). <a href=\"https:\/\/link.springer.com\/article\/10.1007\/s11019-022-10092-1\">The ethical anatomy of payment for research participants<\/a>.\u00a0<i>Med Health Care and Philos<\/i>\u00a0<b>25<\/b>, 449\u2013464 (2022). https:\/\/doi.org\/10.1007\/s11019-022-10092-1<\/li>\n<li><strong>\u0141uk\u00f3w<\/strong> P. (2021). Living with a Transplant: Identity and a Good Life, In E<em>thical Challenges of Organ Transplantation: Current Debates and International Perspectives, <\/em>eds.\u00a0 Solveig Lena Hansen and Silke Schicktanz, Transcript Verlag, pp. 247-264<\/li>\n<li><b>R\u00f3\u017cy\u0144ska, J.<\/b> (2021) <a href=\"https:\/\/www.tandfonline.com\/doi\/abs\/10.1080\/15265161.2020.1870770\">Research Participants Should Be Rewarded Rather\u00a0than \u201cCompensated for Time and Burdens&#8221;<\/a>. <i>The American Journal of Bioethics<\/i>,\u00a0<span style=\"font-size: inherit;\">21:3, 53-55, DOI:\u00a0<\/span><span style=\"font-size: inherit;\">10.1080\/15265161.2020.1870770<\/span><\/li>\n<li><b>\u0141uk\u00f3w, P.<\/b>\u00a0(2020)\u00a0<span style=\"font-size: inherit;\"><a href=\"https:\/\/diametros.uj.edu.pl\/diametros\/article\/view\/1321\/1391\">\u201eRola \u015bwiadomej zgody rodzic\u00f3w w opiece nad noworodkami na granicy zdolno\u015bci do prze\u017cycia\u201d<\/a>.\u00a0<i>Diametros <\/i>17(63), 40-55.<\/span><\/li>\n<li><b>\u0141uk\u00f3w, P.<\/b> (2020) <a href=\"https:\/\/link.springer.com\/article\/10.1007%2Fs11673-019-09951-z\">Pure Altruistic Gift and the Ethics of Transplant Medicine\u201a<\/a> <em>Journal of Bioethical Inquiry <\/em>17: 95-107.<\/li>\n<li><strong>\u0141uk\u00f3w, P. <\/strong>(2019), <a href=\"https:\/\/link.springer.com\/article\/10.1007%2Fs11019-018-9862-x\">Leaving gift-giving behind: the ethical status of the human body and transplant medicine<\/a>,\u00a0<i>Medicine, Health Care and Philosophy<\/i> 22(2): 221-230.<\/li>\n<li><strong>R\u00f3\u017cy\u0144ska,<\/strong> J. (2018).\u00a0<a href=\"https:\/\/jme.bmj.com\/content\/early\/2018\/05\/24\/medethics-2017-104267\">What makes clinical labour different? The case of human guinea\u00a0pigging.<\/a>\u00a0<em>Journal of Medical Ethics <\/em><span class=\"highwire-cite-metadata-volume highwire-cite-metadata\">44:<\/span><span class=\"highwire-cite-metadata-pages highwire-cite-metadata\">638-642.<\/span><\/li>\n<\/ul>\n<p><strong>Conference presentations:<\/strong><\/p>\n<ul>\n<li><strong><strong>R\u00f3\u017cy\u0144ska, J<\/strong><span style=\"font-weight: 400;\">. (2018).\u00a0<\/span><em style=\"font-weight: 400;\">Posthumous interests and the ethics of research on the dead<\/em><span style=\"font-weight: 400;\">.\u00a0<\/span><span style=\"font-weight: 400;\">32th European Conference on Philosophy of Medicine and Health Care. The European Society for Philosophy of Medicine and Health Care (ESMPH).\u00a0 Lisbon,Portugal, 22-25 August.<\/span><\/strong><\/li>\n<li><strong>Zawi\u0142a-Nied\u017awiecki<\/strong>, J. (2018).\u00a0<em>Limits of consent for research and\u00a0teaching on the dead<\/em>. 32th European Conference on Philosophy of Medicine and Health Care. The European Society for Philosophy of Medicine and Health Care (ESMPH).\u00a0 Lisbon,Portugal, 22-25 August.<\/li>\n<li><strong>\u0141uk\u00f3w<\/strong>, P. (2017)\u00a0<em>Prawo i etyka w transplantologii.<\/em>\u00a0<a href=\"http:\/\/www.variamedica.pl\/1.2017\/pl\/Zaproszenie__5.html\">Kongres Medyczny Varia Medica<\/a>, Warszawa, 30.11.-2.12.2017<\/li>\n<li><strong>\u0141uk\u00f3w<\/strong>, P. (2017)\u00a0<em>Beyond gift-giving: transplantations, agent identity, and sharing.<\/em>\u00a0<a href=\"http:\/\/eacme2017bcn.org\/\">European Association of Centres of Medical Ethics (EACME) Conference<\/a>,\u00a0Barcelona, 7-9 wrze\u015bnia 2017 r.<\/li>\n<li><strong>Zawi\u0142a-Nied\u017awiecki<\/strong>, J. (2016). <span style=\"text-decoration: underline;\">Standardy etyczne podejmowania decyzji w imieniu niekompetentnych dzieci i doros\u0142ych &#8211; por\u00f3wnanie.<\/span>\u00a0Og\u00f3lnopolska Konferencja pt. <em>Etyka w medycynie \u2013 mi\u0119dzy teori\u0105 a praktyk\u0105. Gda\u0144sk, Polska, 22-24 wrze\u015bnia 2016 [in polish].<\/em><\/li>\n<li><strong>Zawi\u0142a-Nied\u017awiecki<\/strong>, J. (2016).<em> <a href=\"https:\/\/cbb.uw.edu.pl\/wp-content\/uploads\/2016\/01\/Abstract_JZN_Louven.pdf\">Overcoming the limitations of decision making capacity of proxy decision makers \u2013 implications for care for the elderly<\/a>.\u00a0<\/em>European Association of Centres of Medical Ethics Conference 2016 &#8220;30 years of European Bioethics&#8221;. Leuven, Belgium, 8-10 September\u00a02016.<\/li>\n<li><strong>\u0141uk\u00f3w P.<\/strong> (2016).\u00a0<em>Human dignity and \u2018self-ownership\u2019: the case of transplantation medicine<\/em>.\u00a0European Association of Centres of Medical Ethics Conference 2016 &#8220;30 years of European Bioethics&#8221;. Leuven, Belgium, 8-10 September\u00a0\u00a02016.<\/li>\n<li><strong>Zawi\u0142a-Nied\u017awiecki<\/strong>, J. (2016). <a href=\"http:\/\/cbb.uw.edu.pl\/wp-content\/uploads\/2016\/01\/Abstract_Zagreb_JZN.pdf\"><em>Who gets to decide when we are gone? &#8211; On limitations of proxy decision makers in transplantations<\/em><\/a>. 30th European Conference on Philosophy of Medicine and Health Care. The European Society for Philosophy of Medicine and Health Care (ESMPH). \u00a0Zagreb, Croatia, 17-20 August.<\/li>\n<li><strong>Chludzi\u0144ska<\/strong>, K. (2016). <em><a href=\"https:\/\/cbb.uw.edu.pl\/wp-content\/uploads\/2016\/01\/Chludzinska-Surrogacy-and-the-Problem-of-Autonomy.pdf\">Surrogacy and the problem of autonomy<\/a><\/em><span style=\"color: #000000;\">.<\/span> 30th European Conference on Philosophy of Medicine and Health Care. The European Society for Philosophy of Medicine and Health Care (ESMPH). \u00a0Zagreb, Croatia, 17-20 August.<\/li>\n<li><strong>Zawi\u0142a-Nied\u017awiecki<\/strong>, J. (2016). <a href=\"http:\/\/cbb.uw.edu.pl\/wp-content\/uploads\/2016\/01\/JZN-The-curses-of-longevity.pdf\"><em>The curses of longevity: cognitive decline , memory loss and diminished agency\u00a0 &#8211; a bioethical perspectiv<\/em>e<\/a>.\u00a0The 10th International Congress of Societas Humboldtiana Polonorum,\u00a0\u0141\u00f3d\u017a, Poland, 30 June\u00a0&#8211; 2 July.<span style=\"color: #999999;\"> [<a style=\"color: #999999;\" href=\"https:\/\/cbb.uw.edu.pl\/wp-content\/uploads\/2016\/01\/JZN-Poster-The-curses-of-longevity.pdf\">Poster<\/a>]<\/span><\/li>\n<li><strong>Chludzi\u0144ska<\/strong>, K. (2016).\u00a0<em><a href=\"https:\/\/cbb.uw.edu.pl\/wp-content\/uploads\/2016\/01\/Chludzinska-\u201cCadaveric-Incubators\u201d-\u2013-The-Problem-of-Brain-Dead-Pregnant-Women.pdf\">\u201cCadaveric incubators\u201d \u2013 The problem of brain-dead pregnant women<\/a>.<\/em> 13th World Congress of Bioethics \u2013 Individuals, Public Interests and Public Goods:\u00a0<em>What is the Contribution of Bioethics?<\/em>. The International Association of Bioethics (IAB). Edinburgh, Scotland, 14-17 June.<span style=\"color: #999999;\"> [<a style=\"color: #999999;\" href=\"https:\/\/cbb.uw.edu.pl\/wp-content\/uploads\/2016\/01\/KCH-Poster-Cadaveric-Incubators.pdf\">Poster<\/a>]<\/span><\/li>\n<li><strong>Zawi\u0142a-Nied\u017awiecki<\/strong>, J. (2016). <a href=\"http:\/\/cbb.uw.edu.pl\/wp-content\/uploads\/2016\/01\/JZN-The-limitations-of-surrogate-decision-making-.pdf\"><em>The limitations of surrogate decision-making\u00a0in bodily material\u00a0donation for therapy or research<\/em><\/a>.\u00a013th World Congress of Bioethics \u2013 Individuals, Public Interests and Public Goods:\u00a0<em>What is the Contribution of Bioethics?<\/em>. The International Association of Bioethics (IAB). Edinburgh, Scotland, 14-17 June.<\/li>\n<\/ul>\n","protected":false},"excerpt":{"rendered":"<p>PROJECT SETTLED Project title:\u00a0Body, Person, and Informed Consent. Ethics of Using Human Body in Medicine and Research Principal investigator: prof. Pawe\u0142 \u0141uk\u00f3w Financing: National Science Centre, OPUS 9 Project period: 2016-2018 (36 months) Project number:\u00a02015\/17\/B\/HS1\/02390 Project objective: The project is an investigation of the conceptual and normative foundations of biomedical and research interventions that use\u2026 <span class=\"read-more\"><a href=\"https:\/\/cbb.uw.edu.pl\/en\/grants\/body-person-and-informed-consent\/\">Read More &raquo;<\/a><\/span><\/p>\n","protected":false},"author":1,"featured_media":0,"parent":829,"menu_order":0,"comment_status":"closed","ping_status":"closed","template":"","meta":{"footnotes":"","_links_to":"","_links_to_target":""},"class_list":["post-863","page","type-page","status-publish","hentry"],"yoast_head":"<!-- This site is optimized with the Yoast SEO plugin v27.4 - https:\/\/yoast.com\/product\/yoast-seo-wordpress\/ -->\n<title>Body, Person, and Informed Consent. \u00a0| Center for BIoethics and Biolaw<\/title>\n<meta name=\"description\" content=\"Project title: Body, Person, and Informed Consent | Ethics of Using Human Body in Medicine and Research |\u00a0Principal investigator:\u00a0prof. dr hab. Pawe\u0142 \u0141uk\u00f3w\" \/>\n<meta name=\"robots\" content=\"index, follow, max-snippet:-1, max-image-preview:large, max-video-preview:-1\" \/>\n<link rel=\"canonical\" href=\"https:\/\/cbb.uw.edu.pl\/en\/grants\/body-person-and-informed-consent\/\" \/>\n<meta property=\"og:locale\" content=\"en_US\" \/>\n<meta property=\"og:type\" content=\"article\" \/>\n<meta property=\"og:title\" content=\"Body, Person, and Informed Consent. \u00a0| Center for BIoethics and Biolaw\" \/>\n<meta property=\"og:description\" content=\"Project title: Body, Person, and Informed Consent | Ethics of Using Human Body in Medicine and Research |\u00a0Principal investigator:\u00a0prof. dr hab. Pawe\u0142 \u0141uk\u00f3w\" \/>\n<meta property=\"og:url\" content=\"https:\/\/cbb.uw.edu.pl\/en\/grants\/body-person-and-informed-consent\/\" \/>\n<meta property=\"og:site_name\" content=\"Center for Bioethics and Biolaw\" \/>\n<meta property=\"article:modified_time\" content=\"2024-03-19T14:58:41+00:00\" \/>\n<meta property=\"og:image\" content=\"https:\/\/cbb.uw.edu.pl\/wp-content\/uploads\/2024\/03\/logo-NCN-horozin-en.png\" \/>\n<meta name=\"twitter:card\" content=\"summary_large_image\" \/>\n<meta name=\"twitter:label1\" content=\"Est. reading time\" \/>\n\t<meta name=\"twitter:data1\" content=\"5 minutes\" \/>\n<script type=\"application\/ld+json\" class=\"yoast-schema-graph\">{\"@context\":\"https:\\\/\\\/schema.org\",\"@graph\":[{\"@type\":\"WebPage\",\"@id\":\"https:\\\/\\\/cbb.uw.edu.pl\\\/en\\\/grants\\\/body-person-and-informed-consent\\\/\",\"url\":\"https:\\\/\\\/cbb.uw.edu.pl\\\/en\\\/grants\\\/body-person-and-informed-consent\\\/\",\"name\":\"Body, Person, and Informed Consent. \u00a0| Center for BIoethics and Biolaw\",\"isPartOf\":{\"@id\":\"https:\\\/\\\/cbb.uw.edu.pl\\\/en\\\/#website\"},\"primaryImageOfPage\":{\"@id\":\"https:\\\/\\\/cbb.uw.edu.pl\\\/en\\\/grants\\\/body-person-and-informed-consent\\\/#primaryimage\"},\"image\":{\"@id\":\"https:\\\/\\\/cbb.uw.edu.pl\\\/en\\\/grants\\\/body-person-and-informed-consent\\\/#primaryimage\"},\"thumbnailUrl\":\"https:\\\/\\\/cbb.uw.edu.pl\\\/wp-content\\\/uploads\\\/2024\\\/03\\\/logo-NCN-horozin-en.png\",\"datePublished\":\"2016-01-29T12:21:12+00:00\",\"dateModified\":\"2024-03-19T14:58:41+00:00\",\"description\":\"Project title: Body, Person, and Informed Consent | Ethics of Using Human Body in Medicine and Research |\u00a0Principal investigator:\u00a0prof. dr hab. Pawe\u0142 \u0141uk\u00f3w\",\"breadcrumb\":{\"@id\":\"https:\\\/\\\/cbb.uw.edu.pl\\\/en\\\/grants\\\/body-person-and-informed-consent\\\/#breadcrumb\"},\"inLanguage\":\"en-US\",\"potentialAction\":[{\"@type\":\"ReadAction\",\"target\":[\"https:\\\/\\\/cbb.uw.edu.pl\\\/en\\\/grants\\\/body-person-and-informed-consent\\\/\"]}]},{\"@type\":\"ImageObject\",\"inLanguage\":\"en-US\",\"@id\":\"https:\\\/\\\/cbb.uw.edu.pl\\\/en\\\/grants\\\/body-person-and-informed-consent\\\/#primaryimage\",\"url\":\"https:\\\/\\\/cbb.uw.edu.pl\\\/wp-content\\\/uploads\\\/2024\\\/03\\\/logo-NCN-horozin-en.png\",\"contentUrl\":\"https:\\\/\\\/cbb.uw.edu.pl\\\/wp-content\\\/uploads\\\/2024\\\/03\\\/logo-NCN-horozin-en.png\"},{\"@type\":\"BreadcrumbList\",\"@id\":\"https:\\\/\\\/cbb.uw.edu.pl\\\/en\\\/grants\\\/body-person-and-informed-consent\\\/#breadcrumb\",\"itemListElement\":[{\"@type\":\"ListItem\",\"position\":1,\"name\":\"Strona g\u0142\u00f3wna\",\"item\":\"https:\\\/\\\/cbb.uw.edu.pl\\\/en\\\/\"},{\"@type\":\"ListItem\",\"position\":2,\"name\":\"Projects\",\"item\":\"https:\\\/\\\/cbb.uw.edu.pl\\\/en\\\/grants\\\/\"},{\"@type\":\"ListItem\",\"position\":3,\"name\":\"Body, Person, and Informed Consent\"}]},{\"@type\":\"WebSite\",\"@id\":\"https:\\\/\\\/cbb.uw.edu.pl\\\/en\\\/#website\",\"url\":\"https:\\\/\\\/cbb.uw.edu.pl\\\/en\\\/\",\"name\":\"Center for Bioethics and Biolaw\",\"description\":\"Institute of Philosophy, University of Warsaw\",\"potentialAction\":[{\"@type\":\"SearchAction\",\"target\":{\"@type\":\"EntryPoint\",\"urlTemplate\":\"https:\\\/\\\/cbb.uw.edu.pl\\\/en\\\/?s={search_term_string}\"},\"query-input\":{\"@type\":\"PropertyValueSpecification\",\"valueRequired\":true,\"valueName\":\"search_term_string\"}}],\"inLanguage\":\"en-US\"}]}<\/script>\n<!-- \/ Yoast SEO plugin. -->","yoast_head_json":{"title":"Body, Person, and Informed Consent. \u00a0| Center for BIoethics and Biolaw","description":"Project title: Body, Person, and Informed Consent | Ethics of Using Human Body in Medicine and Research |\u00a0Principal investigator:\u00a0prof. dr hab. Pawe\u0142 \u0141uk\u00f3w","robots":{"index":"index","follow":"follow","max-snippet":"max-snippet:-1","max-image-preview":"max-image-preview:large","max-video-preview":"max-video-preview:-1"},"canonical":"https:\/\/cbb.uw.edu.pl\/en\/grants\/body-person-and-informed-consent\/","og_locale":"en_US","og_type":"article","og_title":"Body, Person, and Informed Consent. \u00a0| Center for BIoethics and Biolaw","og_description":"Project title: Body, Person, and Informed Consent | Ethics of Using Human Body in Medicine and Research |\u00a0Principal investigator:\u00a0prof. dr hab. Pawe\u0142 \u0141uk\u00f3w","og_url":"https:\/\/cbb.uw.edu.pl\/en\/grants\/body-person-and-informed-consent\/","og_site_name":"Center for Bioethics and Biolaw","article_modified_time":"2024-03-19T14:58:41+00:00","og_image":[{"url":"https:\/\/cbb.uw.edu.pl\/wp-content\/uploads\/2024\/03\/logo-NCN-horozin-en.png","type":"","width":"","height":""}],"twitter_card":"summary_large_image","twitter_misc":{"Est. reading time":"5 minutes"},"schema":{"@context":"https:\/\/schema.org","@graph":[{"@type":"WebPage","@id":"https:\/\/cbb.uw.edu.pl\/en\/grants\/body-person-and-informed-consent\/","url":"https:\/\/cbb.uw.edu.pl\/en\/grants\/body-person-and-informed-consent\/","name":"Body, Person, and Informed Consent. \u00a0| Center for BIoethics and Biolaw","isPartOf":{"@id":"https:\/\/cbb.uw.edu.pl\/en\/#website"},"primaryImageOfPage":{"@id":"https:\/\/cbb.uw.edu.pl\/en\/grants\/body-person-and-informed-consent\/#primaryimage"},"image":{"@id":"https:\/\/cbb.uw.edu.pl\/en\/grants\/body-person-and-informed-consent\/#primaryimage"},"thumbnailUrl":"https:\/\/cbb.uw.edu.pl\/wp-content\/uploads\/2024\/03\/logo-NCN-horozin-en.png","datePublished":"2016-01-29T12:21:12+00:00","dateModified":"2024-03-19T14:58:41+00:00","description":"Project title: Body, Person, and Informed Consent | Ethics of Using Human Body in Medicine and Research |\u00a0Principal investigator:\u00a0prof. dr hab. Pawe\u0142 \u0141uk\u00f3w","breadcrumb":{"@id":"https:\/\/cbb.uw.edu.pl\/en\/grants\/body-person-and-informed-consent\/#breadcrumb"},"inLanguage":"en-US","potentialAction":[{"@type":"ReadAction","target":["https:\/\/cbb.uw.edu.pl\/en\/grants\/body-person-and-informed-consent\/"]}]},{"@type":"ImageObject","inLanguage":"en-US","@id":"https:\/\/cbb.uw.edu.pl\/en\/grants\/body-person-and-informed-consent\/#primaryimage","url":"https:\/\/cbb.uw.edu.pl\/wp-content\/uploads\/2024\/03\/logo-NCN-horozin-en.png","contentUrl":"https:\/\/cbb.uw.edu.pl\/wp-content\/uploads\/2024\/03\/logo-NCN-horozin-en.png"},{"@type":"BreadcrumbList","@id":"https:\/\/cbb.uw.edu.pl\/en\/grants\/body-person-and-informed-consent\/#breadcrumb","itemListElement":[{"@type":"ListItem","position":1,"name":"Strona g\u0142\u00f3wna","item":"https:\/\/cbb.uw.edu.pl\/en\/"},{"@type":"ListItem","position":2,"name":"Projects","item":"https:\/\/cbb.uw.edu.pl\/en\/grants\/"},{"@type":"ListItem","position":3,"name":"Body, Person, and Informed Consent"}]},{"@type":"WebSite","@id":"https:\/\/cbb.uw.edu.pl\/en\/#website","url":"https:\/\/cbb.uw.edu.pl\/en\/","name":"Center for Bioethics and Biolaw","description":"Institute of Philosophy, University of Warsaw","potentialAction":[{"@type":"SearchAction","target":{"@type":"EntryPoint","urlTemplate":"https:\/\/cbb.uw.edu.pl\/en\/?s={search_term_string}"},"query-input":{"@type":"PropertyValueSpecification","valueRequired":true,"valueName":"search_term_string"}}],"inLanguage":"en-US"}]}},"_links":{"self":[{"href":"https:\/\/cbb.uw.edu.pl\/en\/wp-json\/wp\/v2\/pages\/863","targetHints":{"allow":["GET"]}}],"collection":[{"href":"https:\/\/cbb.uw.edu.pl\/en\/wp-json\/wp\/v2\/pages"}],"about":[{"href":"https:\/\/cbb.uw.edu.pl\/en\/wp-json\/wp\/v2\/types\/page"}],"author":[{"embeddable":true,"href":"https:\/\/cbb.uw.edu.pl\/en\/wp-json\/wp\/v2\/users\/1"}],"replies":[{"embeddable":true,"href":"https:\/\/cbb.uw.edu.pl\/en\/wp-json\/wp\/v2\/comments?post=863"}],"version-history":[{"count":25,"href":"https:\/\/cbb.uw.edu.pl\/en\/wp-json\/wp\/v2\/pages\/863\/revisions"}],"predecessor-version":[{"id":10650,"href":"https:\/\/cbb.uw.edu.pl\/en\/wp-json\/wp\/v2\/pages\/863\/revisions\/10650"}],"up":[{"embeddable":true,"href":"https:\/\/cbb.uw.edu.pl\/en\/wp-json\/wp\/v2\/pages\/829"}],"wp:attachment":[{"href":"https:\/\/cbb.uw.edu.pl\/en\/wp-json\/wp\/v2\/media?parent=863"}],"curies":[{"name":"wp","href":"https:\/\/api.w.org\/{rel}","templated":true}]}}