{"id":841,"date":"2016-01-15T00:27:42","date_gmt":"2016-01-15T00:27:42","guid":{"rendered":"http:\/\/cbb.uw.edu.pl\/en\/?page_id=841"},"modified":"2024-03-20T15:25:05","modified_gmt":"2024-03-20T15:25:05","slug":"contact","status":"publish","type":"page","link":"https:\/\/cbb.uw.edu.pl\/en\/contact\/","title":{"rendered":"Contact"},"content":{"rendered":"<h2>Center for Bioethics and Biolaw<br \/>\nUniversity of Warsaw<br \/>\nFaculty of Philosophy<br \/>\nKrakowskie Przedmie\u015bcie 3 (room 6)<br \/>\n00-927 Warszawa<br \/>\nE-mail: bioetyka@uw.edu.pl<\/h2>\n<hr \/>\n<ul>\n<li style=\"text-align: left;\">\n<h3><a href=\"https:\/\/cbb.uw.edu.pl\/badacze-w-cbb\/pawel-lukow\/\">Pawe\u0142 \u0141uk\u00f3w<\/a> &#8211; p.w.lukow@uw.edu.pl<\/h3>\n<\/li>\n<li style=\"text-align: left;\">\n<h3><a href=\"https:\/\/cbb.uw.edu.pl\/badacze-w-cbb\/joanna-rozynska\/\">Joanna R\u00f3\u017cy\u0144ska<\/a>\u00a0&#8211; j.rozynska@uw.edu.pl<\/h3>\n<\/li>\n<\/ul>\n<ul>\n<li>\n<h3><a href=\"https:\/\/cbb.uw.edu.pl\/en\/team\/katarzyna-bielinska\/\">Katarzyna Bieli\u0144ska<\/a> &#8211; <strong>\u00a0<\/strong><a class=\"mail-link\" data-enc-email=\"xngnemlan.ovryvafxn[at]hj.rqh.cy\" data-wpel-link=\"ignore\"><span id=\"wpmt-110958-69943\">katarzyna.bielinska@uw.edu.pl<\/span><\/a><\/h3>\n<\/li>\n<li>\n<h3><a href=\"https:\/\/cbb.uw.edu.pl\/badacze-w-cbb\/emilia-kaczmarek\/\">Emilia Kaczmarek<\/a> &#8211; emilka.kaczmarek@gmail.com<\/h3>\n<\/li>\n<li>\n<h3><a href=\"https:\/\/cbb.uw.edu.pl\/badacze-w-cbb\/jakub-zawila-niedzwiecki\/\">Jakub Zawi\u0142a-Nied\u017awiecki<\/a> &#8211;\u00a0j.zawila-niedzwiecki@uw.edu.pl<\/h3>\n<\/li>\n<\/ul>\n","protected":false},"excerpt":{"rendered":"<p>Center for Bioethics and Biolaw University of Warsaw Faculty of Philosophy Krakowskie Przedmie\u015bcie 3 (room 6) 00-927 Warszawa E-mail: bioetyka@uw.edu.pl Pawe\u0142 \u0141uk\u00f3w &#8211; p.w.lukow@uw.edu.pl Joanna R\u00f3\u017cy\u0144ska\u00a0&#8211; j.rozynska@uw.edu.pl Katarzyna Bieli\u0144ska &#8211; \u00a0katarzyna.bielinska@uw.edu.pl Emilia Kaczmarek &#8211; emilka.kaczmarek@gmail.com Jakub Zawi\u0142a-Nied\u017awiecki &#8211;\u00a0j.zawila-niedzwiecki@uw.edu.pl<\/p>\n","protected":false},"author":1,"featured_media":0,"parent":0,"menu_order":0,"comment_status":"closed","ping_status":"closed","template":"","meta":{"footnotes":"","_links_to":"","_links_to_target":""},"class_list":["post-841","page","type-page","status-publish","hentry"],"yoast_head":"<!-- This site is optimized with the Yoast SEO plugin v27.4 - https:\/\/yoast.com\/product\/yoast-seo-wordpress\/ -->\n<title>Contact | Center for Bioethics and Biolaw<\/title>\n<meta name=\"description\" content=\"Information on how to contact researchers at Center for Bioethics and Biolaw\" \/>\n<meta name=\"robots\" content=\"index, follow, max-snippet:-1, max-image-preview:large, max-video-preview:-1\" \/>\n<link rel=\"canonical\" href=\"https:\/\/cbb.uw.edu.pl\/en\/contact\/\" \/>\n<meta property=\"og:locale\" content=\"en_US\" \/>\n<meta property=\"og:type\" content=\"article\" \/>\n<meta property=\"og:title\" content=\"Contact | Center for Bioethics and Biolaw\" \/>\n<meta property=\"og:description\" content=\"Information on how to contact researchers at Center for Bioethics and Biolaw\" \/>\n<meta property=\"og:url\" content=\"https:\/\/cbb.uw.edu.pl\/en\/contact\/\" \/>\n<meta property=\"og:site_name\" content=\"Center for Bioethics and Biolaw\" \/>\n<meta property=\"article:modified_time\" content=\"2024-03-20T15:25:05+00:00\" \/>\n<meta name=\"twitter:card\" content=\"summary_large_image\" \/>\n<meta name=\"twitter:label1\" content=\"Est. reading time\" \/>\n\t<meta name=\"twitter:data1\" content=\"1 minute\" \/>\n<script type=\"application\/ld+json\" class=\"yoast-schema-graph\">{\"@context\":\"https:\\\/\\\/schema.org\",\"@graph\":[{\"@type\":\"WebPage\",\"@id\":\"https:\\\/\\\/cbb.uw.edu.pl\\\/en\\\/contact\\\/\",\"url\":\"https:\\\/\\\/cbb.uw.edu.pl\\\/en\\\/contact\\\/\",\"name\":\"Contact | Center for Bioethics and Biolaw\",\"isPartOf\":{\"@id\":\"https:\\\/\\\/cbb.uw.edu.pl\\\/en\\\/#website\"},\"datePublished\":\"2016-01-15T00:27:42+00:00\",\"dateModified\":\"2024-03-20T15:25:05+00:00\",\"description\":\"Information on how to contact researchers at Center for Bioethics and Biolaw\",\"breadcrumb\":{\"@id\":\"https:\\\/\\\/cbb.uw.edu.pl\\\/en\\\/contact\\\/#breadcrumb\"},\"inLanguage\":\"en-US\",\"potentialAction\":[{\"@type\":\"ReadAction\",\"target\":[\"https:\\\/\\\/cbb.uw.edu.pl\\\/en\\\/contact\\\/\"]}]},{\"@type\":\"BreadcrumbList\",\"@id\":\"https:\\\/\\\/cbb.uw.edu.pl\\\/en\\\/contact\\\/#breadcrumb\",\"itemListElement\":[{\"@type\":\"ListItem\",\"position\":1,\"name\":\"Strona g\u0142\u00f3wna\",\"item\":\"https:\\\/\\\/cbb.uw.edu.pl\\\/en\\\/\"},{\"@type\":\"ListItem\",\"position\":2,\"name\":\"Contact\"}]},{\"@type\":\"WebSite\",\"@id\":\"https:\\\/\\\/cbb.uw.edu.pl\\\/en\\\/#website\",\"url\":\"https:\\\/\\\/cbb.uw.edu.pl\\\/en\\\/\",\"name\":\"Center for Bioethics and Biolaw\",\"description\":\"Institute of Philosophy, University of Warsaw\",\"potentialAction\":[{\"@type\":\"SearchAction\",\"target\":{\"@type\":\"EntryPoint\",\"urlTemplate\":\"https:\\\/\\\/cbb.uw.edu.pl\\\/en\\\/?s={search_term_string}\"},\"query-input\":{\"@type\":\"PropertyValueSpecification\",\"valueRequired\":true,\"valueName\":\"search_term_string\"}}],\"inLanguage\":\"en-US\"}]}<\/script>\n<!-- \/ Yoast SEO plugin. -->","yoast_head_json":{"title":"Contact | Center for Bioethics and Biolaw","description":"Information on how to contact researchers at Center for Bioethics and Biolaw","robots":{"index":"index","follow":"follow","max-snippet":"max-snippet:-1","max-image-preview":"max-image-preview:large","max-video-preview":"max-video-preview:-1"},"canonical":"https:\/\/cbb.uw.edu.pl\/en\/contact\/","og_locale":"en_US","og_type":"article","og_title":"Contact | Center for Bioethics and Biolaw","og_description":"Information on how to contact researchers at Center for Bioethics and Biolaw","og_url":"https:\/\/cbb.uw.edu.pl\/en\/contact\/","og_site_name":"Center for Bioethics and Biolaw","article_modified_time":"2024-03-20T15:25:05+00:00","twitter_card":"summary_large_image","twitter_misc":{"Est. reading time":"1 minute"},"schema":{"@context":"https:\/\/schema.org","@graph":[{"@type":"WebPage","@id":"https:\/\/cbb.uw.edu.pl\/en\/contact\/","url":"https:\/\/cbb.uw.edu.pl\/en\/contact\/","name":"Contact | Center for Bioethics and Biolaw","isPartOf":{"@id":"https:\/\/cbb.uw.edu.pl\/en\/#website"},"datePublished":"2016-01-15T00:27:42+00:00","dateModified":"2024-03-20T15:25:05+00:00","description":"Information on how to contact researchers at Center for Bioethics and Biolaw","breadcrumb":{"@id":"https:\/\/cbb.uw.edu.pl\/en\/contact\/#breadcrumb"},"inLanguage":"en-US","potentialAction":[{"@type":"ReadAction","target":["https:\/\/cbb.uw.edu.pl\/en\/contact\/"]}]},{"@type":"BreadcrumbList","@id":"https:\/\/cbb.uw.edu.pl\/en\/contact\/#breadcrumb","itemListElement":[{"@type":"ListItem","position":1,"name":"Strona g\u0142\u00f3wna","item":"https:\/\/cbb.uw.edu.pl\/en\/"},{"@type":"ListItem","position":2,"name":"Contact"}]},{"@type":"WebSite","@id":"https:\/\/cbb.uw.edu.pl\/en\/#website","url":"https:\/\/cbb.uw.edu.pl\/en\/","name":"Center for Bioethics and Biolaw","description":"Institute of Philosophy, University of Warsaw","potentialAction":[{"@type":"SearchAction","target":{"@type":"EntryPoint","urlTemplate":"https:\/\/cbb.uw.edu.pl\/en\/?s={search_term_string}"},"query-input":{"@type":"PropertyValueSpecification","valueRequired":true,"valueName":"search_term_string"}}],"inLanguage":"en-US"}]}},"_links":{"self":[{"href":"https:\/\/cbb.uw.edu.pl\/en\/wp-json\/wp\/v2\/pages\/841","targetHints":{"allow":["GET"]}}],"collection":[{"href":"https:\/\/cbb.uw.edu.pl\/en\/wp-json\/wp\/v2\/pages"}],"about":[{"href":"https:\/\/cbb.uw.edu.pl\/en\/wp-json\/wp\/v2\/types\/page"}],"author":[{"embeddable":true,"href":"https:\/\/cbb.uw.edu.pl\/en\/wp-json\/wp\/v2\/users\/1"}],"replies":[{"embeddable":true,"href":"https:\/\/cbb.uw.edu.pl\/en\/wp-json\/wp\/v2\/comments?post=841"}],"version-history":[{"count":6,"href":"https:\/\/cbb.uw.edu.pl\/en\/wp-json\/wp\/v2\/pages\/841\/revisions"}],"predecessor-version":[{"id":10834,"href":"https:\/\/cbb.uw.edu.pl\/en\/wp-json\/wp\/v2\/pages\/841\/revisions\/10834"}],"wp:attachment":[{"href":"https:\/\/cbb.uw.edu.pl\/en\/wp-json\/wp\/v2\/media?parent=841"}],"curies":[{"name":"wp","href":"https:\/\/api.w.org\/{rel}","templated":true}]}}