{"id":821,"date":"2016-01-15T00:25:28","date_gmt":"2016-01-15T00:25:28","guid":{"rendered":"http:\/\/cbb.uw.edu.pl\/en\/?page_id=821"},"modified":"2025-07-04T19:12:36","modified_gmt":"2025-07-04T19:12:36","slug":"team","status":"publish","type":"page","link":"https:\/\/cbb.uw.edu.pl\/en\/team\/","title":{"rendered":"Team"},"content":{"rendered":"<h2>Researchers<\/h2>\n<ul>\n<li>Prof. <a href=\"https:\/\/cbb.uw.edu.pl\/en\/team\/pawel-lukow\/\">Pawe\u0142 \u0141uk\u00f3w<\/a>, PhD hab. &#8211; Director of the CBB<\/li>\n<li><a href=\"https:\/\/cbb.uw.edu.pl\/en\/team\/joanna-rozynska\/\">Joanna R\u00f3\u017cy\u0144ska<\/a>, PhD<\/li>\n<li><a href=\"https:\/\/cbb.uw.edu.pl\/en\/team\/katarzyna-bielinska\/\">Katarzyna Bieli\u0144ska<\/a>, PhD<\/li>\n<li><a href=\"https:\/\/cbb.uw.edu.pl\/en\/team\/emilia-kaczmarek\/\">Emilia Kaczmarek<\/a>, PhD<\/li>\n<li><a href=\"https:\/\/cbb.uw.edu.pl\/en\/karolina-kulpa\/\">Karolina Kulpa<\/a>, MA<\/li>\n<li><a href=\"https:\/\/cbb.uw.edu.pl\/en\/barbara-krzyzewska\/\">Barbara Krzy\u017cewska<\/a>, MA<\/li>\n<li><a href=\"https:\/\/cbb.uw.edu.pl\/en\/team\/jakub-zawila-niedzwiecki\/\">Jakub Zawi\u0142a-Nied\u017awiecki<\/a>, MA, MBA<\/li>\n<\/ul>\n<h2>Collaborators<\/h2>\n<ul>\n<li>Anna Alichniewicz, PhD<\/li>\n<li><a href=\"https:\/\/cbb.uw.edu.pl\/en\/team\/joanna-andrusiewicz\/\">Joanna Andrusiewicz<\/a>, PhD<\/li>\n<li>Katarzyna Ku\u015b, PhD<\/li>\n<li><a href=\"https:\/\/cbb.uw.edu.pl\/en\/agnieszka-nawara\/\">Agnieszka Nawara<\/a>, MA<\/li>\n<li>Prof. Magdalena \u015aroda<\/li>\n<\/ul>\n<h2>Former collaborators<\/h2>\n<ul>\n<li>Katarzyna Bogusz, MA<\/li>\n<li><a href=\"https:\/\/cbb.uw.edu.pl\/en\/anna-chowaniec-rylke\/\">Anna Chowaniec-Rylke<\/a>, PhD<\/li>\n<li><a href=\"https:\/\/cbb.uw.edu.pl\/en\/andrzej-girdwoyn\/\">Andrzej Girdwoy\u0144<\/a>, MJur<\/li>\n<li><a href=\"https:\/\/cbb.uw.edu.pl\/en\/team\/katarzyna-chludzinska\/\">Katarzyna Korbacz<\/a> (de domo Chludzi\u0144ska), MA<\/li>\n<li><a href=\"https:\/\/cbb.uw.edu.pl\/en\/sonia-uribe\/\">Sonia Uribe<\/a>, MA<\/li>\n<\/ul>\n","protected":false},"excerpt":{"rendered":"<p>Researchers Prof. Pawe\u0142 \u0141uk\u00f3w, PhD hab. &#8211; Director of the CBB Joanna R\u00f3\u017cy\u0144ska, PhD Katarzyna Bieli\u0144ska, PhD Emilia Kaczmarek, PhD Karolina Kulpa, MA Barbara Krzy\u017cewska, MA Jakub Zawi\u0142a-Nied\u017awiecki, MA, MBA Collaborators Anna Alichniewicz, PhD Joanna Andrusiewicz, PhD Katarzyna Ku\u015b, PhD Agnieszka Nawara, MA Prof. Magdalena \u015aroda Former collaborators Katarzyna Bogusz, MA Anna Chowaniec-Rylke, PhD Andrzej\u2026 <span class=\"read-more\"><a href=\"https:\/\/cbb.uw.edu.pl\/en\/team\/\">Read More &raquo;<\/a><\/span><\/p>\n","protected":false},"author":1,"featured_media":0,"parent":0,"menu_order":0,"comment_status":"closed","ping_status":"closed","template":"","meta":{"footnotes":"","_links_to":"","_links_to_target":""},"class_list":["post-821","page","type-page","status-publish","hentry"],"yoast_head":"<!-- This site is optimized with the Yoast SEO plugin v27.4 - https:\/\/yoast.com\/product\/yoast-seo-wordpress\/ -->\n<title>Team - Center for Bioethics and Biolaw<\/title>\n<meta name=\"robots\" content=\"index, follow, max-snippet:-1, max-image-preview:large, max-video-preview:-1\" \/>\n<link rel=\"canonical\" href=\"https:\/\/cbb.uw.edu.pl\/en\/team\/\" \/>\n<meta property=\"og:locale\" content=\"en_US\" \/>\n<meta property=\"og:type\" content=\"article\" \/>\n<meta property=\"og:title\" content=\"Team - Center for Bioethics and Biolaw\" \/>\n<meta property=\"og:description\" content=\"Researchers Prof. Pawe\u0142 \u0141uk\u00f3w, PhD hab. &#8211; Director of the CBB Joanna R\u00f3\u017cy\u0144ska, PhD Katarzyna Bieli\u0144ska, PhD Emilia Kaczmarek, PhD Karolina Kulpa, MA Barbara Krzy\u017cewska, MA Jakub Zawi\u0142a-Nied\u017awiecki, MA, MBA Collaborators Anna Alichniewicz, PhD Joanna Andrusiewicz, PhD Katarzyna Ku\u015b, PhD Agnieszka Nawara, MA Prof. Magdalena \u015aroda Former collaborators Katarzyna Bogusz, MA Anna Chowaniec-Rylke, PhD Andrzej\u2026 Read More &raquo;\" \/>\n<meta property=\"og:url\" content=\"https:\/\/cbb.uw.edu.pl\/en\/team\/\" \/>\n<meta property=\"og:site_name\" content=\"Center for Bioethics and Biolaw\" \/>\n<meta property=\"article:modified_time\" content=\"2025-07-04T19:12:36+00:00\" \/>\n<meta name=\"twitter:card\" content=\"summary_large_image\" \/>\n<meta name=\"twitter:label1\" content=\"Est. reading time\" \/>\n\t<meta name=\"twitter:data1\" content=\"1 minute\" \/>\n<script type=\"application\/ld+json\" class=\"yoast-schema-graph\">{\"@context\":\"https:\\\/\\\/schema.org\",\"@graph\":[{\"@type\":\"WebPage\",\"@id\":\"https:\\\/\\\/cbb.uw.edu.pl\\\/en\\\/team\\\/\",\"url\":\"https:\\\/\\\/cbb.uw.edu.pl\\\/en\\\/team\\\/\",\"name\":\"Team - Center for Bioethics and Biolaw\",\"isPartOf\":{\"@id\":\"https:\\\/\\\/cbb.uw.edu.pl\\\/en\\\/#website\"},\"datePublished\":\"2016-01-15T00:25:28+00:00\",\"dateModified\":\"2025-07-04T19:12:36+00:00\",\"breadcrumb\":{\"@id\":\"https:\\\/\\\/cbb.uw.edu.pl\\\/en\\\/team\\\/#breadcrumb\"},\"inLanguage\":\"en-US\",\"potentialAction\":[{\"@type\":\"ReadAction\",\"target\":[\"https:\\\/\\\/cbb.uw.edu.pl\\\/en\\\/team\\\/\"]}]},{\"@type\":\"BreadcrumbList\",\"@id\":\"https:\\\/\\\/cbb.uw.edu.pl\\\/en\\\/team\\\/#breadcrumb\",\"itemListElement\":[{\"@type\":\"ListItem\",\"position\":1,\"name\":\"Strona g\u0142\u00f3wna\",\"item\":\"https:\\\/\\\/cbb.uw.edu.pl\\\/en\\\/\"},{\"@type\":\"ListItem\",\"position\":2,\"name\":\"Team\"}]},{\"@type\":\"WebSite\",\"@id\":\"https:\\\/\\\/cbb.uw.edu.pl\\\/en\\\/#website\",\"url\":\"https:\\\/\\\/cbb.uw.edu.pl\\\/en\\\/\",\"name\":\"Center for Bioethics and Biolaw\",\"description\":\"Institute of Philosophy, University of Warsaw\",\"potentialAction\":[{\"@type\":\"SearchAction\",\"target\":{\"@type\":\"EntryPoint\",\"urlTemplate\":\"https:\\\/\\\/cbb.uw.edu.pl\\\/en\\\/?s={search_term_string}\"},\"query-input\":{\"@type\":\"PropertyValueSpecification\",\"valueRequired\":true,\"valueName\":\"search_term_string\"}}],\"inLanguage\":\"en-US\"}]}<\/script>\n<!-- \/ Yoast SEO plugin. -->","yoast_head_json":{"title":"Team - Center for Bioethics and Biolaw","robots":{"index":"index","follow":"follow","max-snippet":"max-snippet:-1","max-image-preview":"max-image-preview:large","max-video-preview":"max-video-preview:-1"},"canonical":"https:\/\/cbb.uw.edu.pl\/en\/team\/","og_locale":"en_US","og_type":"article","og_title":"Team - Center for Bioethics and Biolaw","og_description":"Researchers Prof. Pawe\u0142 \u0141uk\u00f3w, PhD hab. &#8211; Director of the CBB Joanna R\u00f3\u017cy\u0144ska, PhD Katarzyna Bieli\u0144ska, PhD Emilia Kaczmarek, PhD Karolina Kulpa, MA Barbara Krzy\u017cewska, MA Jakub Zawi\u0142a-Nied\u017awiecki, MA, MBA Collaborators Anna Alichniewicz, PhD Joanna Andrusiewicz, PhD Katarzyna Ku\u015b, PhD Agnieszka Nawara, MA Prof. Magdalena \u015aroda Former collaborators Katarzyna Bogusz, MA Anna Chowaniec-Rylke, PhD Andrzej\u2026 Read More &raquo;","og_url":"https:\/\/cbb.uw.edu.pl\/en\/team\/","og_site_name":"Center for Bioethics and Biolaw","article_modified_time":"2025-07-04T19:12:36+00:00","twitter_card":"summary_large_image","twitter_misc":{"Est. reading time":"1 minute"},"schema":{"@context":"https:\/\/schema.org","@graph":[{"@type":"WebPage","@id":"https:\/\/cbb.uw.edu.pl\/en\/team\/","url":"https:\/\/cbb.uw.edu.pl\/en\/team\/","name":"Team - Center for Bioethics and Biolaw","isPartOf":{"@id":"https:\/\/cbb.uw.edu.pl\/en\/#website"},"datePublished":"2016-01-15T00:25:28+00:00","dateModified":"2025-07-04T19:12:36+00:00","breadcrumb":{"@id":"https:\/\/cbb.uw.edu.pl\/en\/team\/#breadcrumb"},"inLanguage":"en-US","potentialAction":[{"@type":"ReadAction","target":["https:\/\/cbb.uw.edu.pl\/en\/team\/"]}]},{"@type":"BreadcrumbList","@id":"https:\/\/cbb.uw.edu.pl\/en\/team\/#breadcrumb","itemListElement":[{"@type":"ListItem","position":1,"name":"Strona g\u0142\u00f3wna","item":"https:\/\/cbb.uw.edu.pl\/en\/"},{"@type":"ListItem","position":2,"name":"Team"}]},{"@type":"WebSite","@id":"https:\/\/cbb.uw.edu.pl\/en\/#website","url":"https:\/\/cbb.uw.edu.pl\/en\/","name":"Center for Bioethics and Biolaw","description":"Institute of Philosophy, University of Warsaw","potentialAction":[{"@type":"SearchAction","target":{"@type":"EntryPoint","urlTemplate":"https:\/\/cbb.uw.edu.pl\/en\/?s={search_term_string}"},"query-input":{"@type":"PropertyValueSpecification","valueRequired":true,"valueName":"search_term_string"}}],"inLanguage":"en-US"}]}},"_links":{"self":[{"href":"https:\/\/cbb.uw.edu.pl\/en\/wp-json\/wp\/v2\/pages\/821","targetHints":{"allow":["GET"]}}],"collection":[{"href":"https:\/\/cbb.uw.edu.pl\/en\/wp-json\/wp\/v2\/pages"}],"about":[{"href":"https:\/\/cbb.uw.edu.pl\/en\/wp-json\/wp\/v2\/types\/page"}],"author":[{"embeddable":true,"href":"https:\/\/cbb.uw.edu.pl\/en\/wp-json\/wp\/v2\/users\/1"}],"replies":[{"embeddable":true,"href":"https:\/\/cbb.uw.edu.pl\/en\/wp-json\/wp\/v2\/comments?post=821"}],"version-history":[{"count":13,"href":"https:\/\/cbb.uw.edu.pl\/en\/wp-json\/wp\/v2\/pages\/821\/revisions"}],"predecessor-version":[{"id":11549,"href":"https:\/\/cbb.uw.edu.pl\/en\/wp-json\/wp\/v2\/pages\/821\/revisions\/11549"}],"wp:attachment":[{"href":"https:\/\/cbb.uw.edu.pl\/en\/wp-json\/wp\/v2\/media?parent=821"}],"curies":[{"name":"wp","href":"https:\/\/api.w.org\/{rel}","templated":true}]}}