{"id":2247,"date":"2016-06-08T21:26:35","date_gmt":"2016-06-08T21:26:35","guid":{"rendered":"http:\/\/cbb.uw.edu.pl\/en\/?page_id=2247"},"modified":"2022-10-06T09:57:53","modified_gmt":"2022-10-06T09:57:53","slug":"development-participatory-bioethics","status":"publish","type":"page","link":"https:\/\/cbb.uw.edu.pl\/en\/grants\/development-participatory-bioethics\/","title":{"rendered":"Development of Participatory Bioethics"},"content":{"rendered":"<p>Project title:\u00a0 <span style=\"color: #16a1e7;\"><strong>Development of Participatory Bioethics<\/strong><\/span><br \/>\nPrincipal investigator:\u00a0<strong>prof. Pawe\u0142 \u0141uk\u00f3w<\/strong><br \/>\nFinancing: NPRH, Rozw\u00f3j 2b<br \/>\nProject period: 2016-2018 (36 months)<br \/>\nProject number: 2bH 15 0185 83<\/p>\n<p><strong>Project objective:<\/strong>The project comprises long term, interdisciplinary, empirical and normative research in bioethics. It aims at developing participatory bioethics in three domains: bioethical debate, clinical ethical consultations, and bioethical education. The research is expected to result in institutional, normative and methodological models\/standards of democratic and pluralistic public debate on bioethical topics, bioethical clinical consultations, and modern bioethical education for medical students and professionals. The models\/standards developed will be adjusted to the needs and requirements of the Polish users of the healthcare system. They will also address Polish social, cultural, and economic-legal realities, as well as best foreign and international practices.<\/p>\n<p><strong>Keywords:<\/strong>\u00a0bioethics, ethical discourse, clinical ethical consultations,\u00a0bioethical education<\/p>\n<p><strong>Wykonawcy:\u00a0<\/strong><\/p>\n<ul>\n<li><strong>Coordinators of the project modules:\u00a0<\/strong>\n<ul>\n<li>prof. Pawe\u0142 \u0141uk\u00f3w PhD (University of Warsaw) &#8211; PI<\/li>\n<li>prof. Tomasz Pasierski PhD MD \u00a0(Warsaw Medical University)<\/li>\n<li>prof. Kazimierz Szewczyk PhD (prof. em. Medical Univeristy in Lodz)<\/li>\n<li>Marek Czarkowski PhD MD \u00a0(Warsaw Medical University)<\/li>\n<li>Joanna R\u00f3\u017cy\u0144ska PhD (University of Warsaw)<\/li>\n<\/ul>\n<\/li>\n<li><strong>Young researchers:<\/strong>\n<ul>\n<li>Emilia Kaczmarek MA (University of Warsaw)<\/li>\n<li>Jakub Zawi\u0142a-Nied\u017awiecki MA (University of Warsaw)<\/li>\n<\/ul>\n<\/li>\n<li><strong>Experts:\u00a0<\/strong>\n<ul>\n<li>Maria Boraty\u0144ska DJ (University of Warsaw)<\/li>\n<li>prof. Barbara Chyrowicz PhD (Catholic University in Lublin)<\/li>\n<li>prof. Maciej Andrzej Kaniowski PhD (University in Lodz)<\/li>\n<li>prof. Alicja Przy\u0142uska-Fiszer PhD (Academy of Physical Education in Warsaw)<\/li>\n<li>prof. Zbigniew Szawarski PhD (prof. em. University of Warsaw; National Institute of Public Health &#8211; PZH)<\/li>\n<\/ul>\n<\/li>\n<\/ul>\n<hr \/>\n<h2><span style=\"color: #16a1e7;\">Publication of the project results\u00a0<\/span><\/h2>\n<p><strong>Papers (published or accepted for publication)<\/strong><\/p>\n<ul>\n<li><strong>R\u00f3\u017cy\u0144ska, J., Zawi\u0142a-Nied\u017awiecki, J., Ma\u0107kiewicz, B., Czarkowski M.<\/strong> (2022).\u00a0<a href=\"https:\/\/doi.org\/10.1007\/s10730-022-09491-x\">Tough Clinical Decisions: Experiences of Polish Physicians<\/a>.\u00a0<i>HEC Forum<\/i>\u00a0https:\/\/doi.org\/10.1007\/s10730-022-09491-x<\/li>\n<li><strong>Czarkowski, M., R\u00f3\u017cy\u0144ska, J., Ma\u0107kiewicz, B., Zawi\u0142a-Nied\u017awiecki, J. <\/strong>(2021),\u00a0<a href=\"https:\/\/doi.org\/10.1007\/s11673-021-10116-0\">Clinical Ethics Consultations in the Opinion of Polish Physicians<\/a>.\u00a0<i>Bioethical Inquiry<\/i> 18(3): 499-509.<\/li>\n<li><strong>Szewczyk, K.<\/strong> (2018).\u00a0<a href=\"http:\/\/www.diametros.iphils.uj.edu.pl\/index.php\/diametros\/article\/download\/1236\/903\">Kurs pozaformalny w edukacji moralnej student\u00f3w medycyny i m\u0142odych lekarzy<\/a>, <em>Diametros<\/em> 57: 61-87.<\/li>\n<li><strong>\u0141uk\u00f3w,<\/strong> <strong>P.<\/strong> (2018).\u00a0<a href=\"https:\/\/www.sciencedirect.com\/science\/article\/pii\/S2352552518300203?via%3Dihub\">Bioethics, policy compromise, and religious pluralism<\/a>,\u00a0<i>Ethics, Medicine and Public Health\u00a0<\/i>5: 99-109.<\/li>\n<li><strong>Kaczmarek<\/strong>, <strong>E.\u00a0<\/strong> (2018).\u00a0<a href=\"https:\/\/cbb.uw.edu.pl\/wp-content\/uploads\/2020\/03\/kwartalnik-edukacja_Kaczmarek.pdf\">Jak uczy\u0107 etyki przysz\u0142ych lekarzy? Przegl\u0105d aktywnych metod dydaktycznych przydatnych w nauczaniu etyki medycznej<\/a>, <em>Edukacja<\/em> 2\/145: 75-87.<\/li>\n<li><strong>Czarkowski, M.<\/strong>\u00a0(2017).\u00a0Kliniczne konsultacje etyczne w\u00a0Polsce \u2013 potrzeby i\u00a0ograniczenia, <em>Medycyna Praktyczna<\/em> 11: 124\u2013129.<\/li>\n<li><strong>\u0141uk\u00f3w, P.\u00a0<\/strong>(2017).\u00a0<a href=\"doi:https:\/\/doi.org\/10.1016\/j.jemep.2017.07.006.\">Non-adjectival bioethics<\/a>.\u00a0<i>Ethics, Medicine and Public Health<\/i>\u00a03 (4):401-409.<\/li>\n<li><strong>Pasierski, T<\/strong>. (2016). <a href=\"https:\/\/etyka.uw.edu.pl\/wp-content\/uploads\/2018\/06\/Pasierski.pdf\">Nauczanie etyki lekarskiej \u2013 do\u015bwiadczenie i przysz\u0142o\u015b\u0107 zagranicznych uczelni medycznych<\/a>.\u00a0<em>Etyka<\/em> 53: 107-125.<\/li>\n<li><strong>\u0141uk\u00f3w<\/strong>, <strong>P.<\/strong> (2016).\u00a0Miejsce \u015bwiadomej zgody na post\u0119powanie medyczne w kulturze spo\u0142ecze\u0144stwa demokratycznego. In:\u00a0<em>Wybrane aspekty praw cz\u0142owieka a bioetyka<\/em>. Warszawa: Biuro Rzecznika Praw Obywatelskich, pp. 11-20.<\/li>\n<\/ul>\n<h2><strong style=\"font-size: 16px;\">Conference presentations:<\/strong><\/h2>\n<ul>\n<li><strong>Zawi\u0142a-Nied\u017awiecki, J.<\/strong> (2019)<em> Ethical Issues in Psychiatric practice in Poland: <\/em><em>Results of empirical studies and theoretical considerations, <\/em><a href=\"https:\/\/osfp.org.pl\/inpp2019\/\">21st Annual Conference of the International Network for Philosophy and Psychiatry \u2018Experts in Mental Health\u2019<\/a><\/li>\n<li><a href=\"https:\/\/www.eacme2018.amsterdam\/\">European Association of Centres of Medical Ethics Conference 2018<\/a>. Amsterdam, Holandia, 6-8 wrze\u015bnia 2018; Panel: Clinical Ethics Consultation in a Young Democracy:\n<ul>\n<li><strong>\u0141uk\u00f3w<\/strong>, P. (2018). \u00a0<em>What clinical\u00a0consultation can offer\u00a0doctors<\/em>?.<\/li>\n<li><strong><strong>Czarkowski,<\/strong><span style=\"font-weight: 400;\">\u00a0M. (2018). Do Polish\u00a0physicians have access to clinical ethics\u00a0consultation and\u00a0recognise the need for it?<\/span><\/strong><\/li>\n<li><strong>Zawi\u0142a-Nied\u017cwiecki<\/strong>, J. &amp;<strong> R\u00f3\u017cy\u0144ska<\/strong>, J. (2018). How physicians\u00a0face ethical problems?<\/li>\n<\/ul>\n<\/li>\n<li><strong>Kaczmarek, E.<\/strong> (2018). <em>Medical ethics education in\u00a0Poland<\/em>.\u00a032th European Conference on Philosophy of Medicine and Health Care. The European Society for Philosophy of Medicine and Health Care (ESMPH).\u00a0 Lisbon,Portugal, 22-25 August<strong>.<\/strong><\/li>\n<li><strong>\u0141uk\u00f3w<\/strong>, P. (2017) <em>\u0179r\u00f3d\u0142a norm relacji lekarz-pacjent.\u00a0Poszukiwanie sta\u0142o\u015bci etycznej w zmiennym \u015bwiecie<\/em>\u00a0<a href=\"https:\/\/oilgdansk.pl\/bez-kategorii\/zapraszamy-na-iii-gdanskie-debaty-lekarskie-suprema-lex-wspolczesne-spory-o-relacje-miedzy-pacjentem-i-lekarzem\/\">I<\/a><a href=\"https:\/\/oilgdansk.pl\/bez-kategorii\/zapraszamy-na-iii-gdanskie-debaty-lekarskie-suprema-lex-wspolczesne-spory-o-relacje-miedzy-pacjentem-i-lekarzem\/\">II Gda\u0144skie Debaty Lekarskie \u201eSuprema lex. Wsp\u00f3\u0142czesne spory o\u00a0relacj\u0119 mi\u0119dzy pacjentem i\u00a0lekarzem\u201d<\/a>, Gda\u0144sk, 28 October.<\/li>\n<li><strong>\u0141uk\u00f3w,<\/strong> P. (2017) <em>Adjectival and Non-Adjectival Bioethics<\/em>\u00a0<a href=\"http:\/\/ialmh.org\/congress\/prague-2017\/\">XXXV<sup>th<\/sup>\u00a0International Congress on Law and Mental Health<\/a>\u00a0Praga, Czechia, 9-14 July.<\/li>\n<li><strong>\u0141uk\u00f3w<\/strong>, P. (2017) udzia\u0142 w debacie pt.\u00a0<a href=\"http:\/\/ialmh.org\/musical-social-events\/\">\u201eTheory and Practice in Bioethics: The Failure of Philosophy?\u201d<\/a>,\u00a0XXXV<sup>th<\/sup>\u00a0International Congress on Law and Mental Health, Praga, Czechia, 9-14 July.<\/li>\n<li><strong>Zawi\u0142a-Nied\u017awiecki<\/strong>, J. (2017) <em>Towards unified normative standard for doubtfully capable patients.\u00a0<\/em>XXXV<sup>th<\/sup>\u00a0International Congress on Law and Mental Health, Praga, Czechia, 9-14 July.<\/li>\n<li><a href=\"https:\/\/ethics-2017.isas.co.il\/\">12<sup>th<\/sup> World Conference on Bioethics, Medical Ethics &amp; Health Law UNESCO Chair in Bioethics,<\/a> Limassol, Cyprus, March 21-23, 2017;\u00a0Session:\u00a0<em><a href=\"https:\/\/cbb.uw.edu.pl\/wp-content\/uploads\/2016\/06\/UNESCO-Session-Abstracts-2017.pdf\">Bioethics and Democratic Culture<\/a><\/em>\n<ul>\n<li><strong>\u0141uk\u00f3w<\/strong>, P. (2017). <em>Democratic culture, informed consent, and the social role of bioethics<\/em>.<\/li>\n<li><strong>R\u00f3\u017cy\u0144ska<\/strong>, J. (2017). <em>Healthcare Ethics Committees in young democracies<\/em>.<\/li>\n<li><strong>Czarkowski,<\/strong> M. (2017). <em>Challenges for the patient-centered mission of Hospital Ethics Committees<\/em>.<\/li>\n<li><strong>Zawi\u0142a-Nied\u017awiecki<\/strong>, J. (2017).\u00a0<em>Clinical Ethics Consultations, democratic inclusion, and the best interests standard.<\/em><\/li>\n<li><strong>Kaczmarek<\/strong>, E. (2017).<em>\u00a0The role and the limits of democracy in bioethical education.<\/em><\/li>\n<\/ul>\n<\/li>\n<li><strong>\u0141uk\u00f3w<\/strong>, P. (2016).\u00a0<em>Miejsce \u015bwiadomej zgody na post\u0119powanie medyczne w kulturze spo\u0142ecze\u0144stwa demokratycznego.<\/em>\u00a0Og\u00f3lnopolska konferencja naukowa &#8220;Wybrane aspekty praw cz\u0142owieka a bioetyka\u201d, Warszawa, Polska: Biuro Rzecznika Praw Obywatelskich, 10 czerwca.<\/li>\n<\/ul>\n","protected":false},"excerpt":{"rendered":"<p>Project title:\u00a0 Development of Participatory Bioethics Principal investigator:\u00a0prof. Pawe\u0142 \u0141uk\u00f3w Financing: NPRH, Rozw\u00f3j 2b Project period: 2016-2018 (36 months) Project number: 2bH 15 0185 83 Project objective:The project comprises long term, interdisciplinary, empirical and normative research in bioethics. It aims at developing participatory bioethics in three domains: bioethical debate, clinical ethical consultations, and bioethical education.\u2026 <span class=\"read-more\"><a href=\"https:\/\/cbb.uw.edu.pl\/en\/grants\/development-participatory-bioethics\/\">Read More &raquo;<\/a><\/span><\/p>\n","protected":false},"author":1,"featured_media":0,"parent":829,"menu_order":0,"comment_status":"closed","ping_status":"closed","template":"","meta":{"footnotes":"","_links_to":"","_links_to_target":""},"class_list":["post-2247","page","type-page","status-publish","hentry"],"yoast_head":"<!-- This site is optimized with the Yoast SEO plugin v27.4 - https:\/\/yoast.com\/product\/yoast-seo-wordpress\/ -->\n<title>Rozw\u00f3j bioetyki partycypacyjnej | Centrum Bioetyki i Bioprawa<\/title>\n<meta name=\"description\" content=\"Rozw\u00f3j bioetyki partycypacyjnej. Debata bioetyczna, kliniczne konsultacje etyczne i edukacja bioetyczna. prof. dr hab. Pawe\u0142 \u0141uk\u00f3w\" \/>\n<meta name=\"robots\" content=\"index, follow, max-snippet:-1, max-image-preview:large, max-video-preview:-1\" \/>\n<link rel=\"canonical\" href=\"https:\/\/cbb.uw.edu.pl\/en\/grants\/development-participatory-bioethics\/\" \/>\n<meta property=\"og:locale\" content=\"en_US\" \/>\n<meta property=\"og:type\" content=\"article\" \/>\n<meta property=\"og:title\" content=\"Rozw\u00f3j bioetyki partycypacyjnej | Centrum Bioetyki i Bioprawa\" \/>\n<meta property=\"og:description\" content=\"Rozw\u00f3j bioetyki partycypacyjnej. Debata bioetyczna, kliniczne konsultacje etyczne i edukacja bioetyczna. prof. dr hab. Pawe\u0142 \u0141uk\u00f3w\" \/>\n<meta property=\"og:url\" content=\"https:\/\/cbb.uw.edu.pl\/en\/grants\/development-participatory-bioethics\/\" \/>\n<meta property=\"og:site_name\" content=\"Center for Bioethics and Biolaw\" \/>\n<meta property=\"article:modified_time\" content=\"2022-10-06T09:57:53+00:00\" \/>\n<meta name=\"twitter:card\" content=\"summary_large_image\" \/>\n<meta name=\"twitter:label1\" content=\"Est. reading time\" \/>\n\t<meta name=\"twitter:data1\" content=\"5 minutes\" \/>\n<script type=\"application\/ld+json\" class=\"yoast-schema-graph\">{\"@context\":\"https:\\\/\\\/schema.org\",\"@graph\":[{\"@type\":\"WebPage\",\"@id\":\"https:\\\/\\\/cbb.uw.edu.pl\\\/en\\\/grants\\\/development-participatory-bioethics\\\/\",\"url\":\"https:\\\/\\\/cbb.uw.edu.pl\\\/en\\\/grants\\\/development-participatory-bioethics\\\/\",\"name\":\"Rozw\u00f3j bioetyki partycypacyjnej | Centrum Bioetyki i Bioprawa\",\"isPartOf\":{\"@id\":\"https:\\\/\\\/cbb.uw.edu.pl\\\/en\\\/#website\"},\"datePublished\":\"2016-06-08T21:26:35+00:00\",\"dateModified\":\"2022-10-06T09:57:53+00:00\",\"description\":\"Rozw\u00f3j bioetyki partycypacyjnej. Debata bioetyczna, kliniczne konsultacje etyczne i edukacja bioetyczna. prof. dr hab. Pawe\u0142 \u0141uk\u00f3w\",\"breadcrumb\":{\"@id\":\"https:\\\/\\\/cbb.uw.edu.pl\\\/en\\\/grants\\\/development-participatory-bioethics\\\/#breadcrumb\"},\"inLanguage\":\"en-US\",\"potentialAction\":[{\"@type\":\"ReadAction\",\"target\":[\"https:\\\/\\\/cbb.uw.edu.pl\\\/en\\\/grants\\\/development-participatory-bioethics\\\/\"]}]},{\"@type\":\"BreadcrumbList\",\"@id\":\"https:\\\/\\\/cbb.uw.edu.pl\\\/en\\\/grants\\\/development-participatory-bioethics\\\/#breadcrumb\",\"itemListElement\":[{\"@type\":\"ListItem\",\"position\":1,\"name\":\"Strona g\u0142\u00f3wna\",\"item\":\"https:\\\/\\\/cbb.uw.edu.pl\\\/en\\\/\"},{\"@type\":\"ListItem\",\"position\":2,\"name\":\"Projects\",\"item\":\"https:\\\/\\\/cbb.uw.edu.pl\\\/en\\\/grants\\\/\"},{\"@type\":\"ListItem\",\"position\":3,\"name\":\"Development of Participatory Bioethics\"}]},{\"@type\":\"WebSite\",\"@id\":\"https:\\\/\\\/cbb.uw.edu.pl\\\/en\\\/#website\",\"url\":\"https:\\\/\\\/cbb.uw.edu.pl\\\/en\\\/\",\"name\":\"Center for Bioethics and Biolaw\",\"description\":\"Institute of Philosophy, University of Warsaw\",\"potentialAction\":[{\"@type\":\"SearchAction\",\"target\":{\"@type\":\"EntryPoint\",\"urlTemplate\":\"https:\\\/\\\/cbb.uw.edu.pl\\\/en\\\/?s={search_term_string}\"},\"query-input\":{\"@type\":\"PropertyValueSpecification\",\"valueRequired\":true,\"valueName\":\"search_term_string\"}}],\"inLanguage\":\"en-US\"}]}<\/script>\n<!-- \/ Yoast SEO plugin. -->","yoast_head_json":{"title":"Rozw\u00f3j bioetyki partycypacyjnej | Centrum Bioetyki i Bioprawa","description":"Rozw\u00f3j bioetyki partycypacyjnej. Debata bioetyczna, kliniczne konsultacje etyczne i edukacja bioetyczna. prof. dr hab. Pawe\u0142 \u0141uk\u00f3w","robots":{"index":"index","follow":"follow","max-snippet":"max-snippet:-1","max-image-preview":"max-image-preview:large","max-video-preview":"max-video-preview:-1"},"canonical":"https:\/\/cbb.uw.edu.pl\/en\/grants\/development-participatory-bioethics\/","og_locale":"en_US","og_type":"article","og_title":"Rozw\u00f3j bioetyki partycypacyjnej | Centrum Bioetyki i Bioprawa","og_description":"Rozw\u00f3j bioetyki partycypacyjnej. Debata bioetyczna, kliniczne konsultacje etyczne i edukacja bioetyczna. prof. dr hab. Pawe\u0142 \u0141uk\u00f3w","og_url":"https:\/\/cbb.uw.edu.pl\/en\/grants\/development-participatory-bioethics\/","og_site_name":"Center for Bioethics and Biolaw","article_modified_time":"2022-10-06T09:57:53+00:00","twitter_card":"summary_large_image","twitter_misc":{"Est. reading time":"5 minutes"},"schema":{"@context":"https:\/\/schema.org","@graph":[{"@type":"WebPage","@id":"https:\/\/cbb.uw.edu.pl\/en\/grants\/development-participatory-bioethics\/","url":"https:\/\/cbb.uw.edu.pl\/en\/grants\/development-participatory-bioethics\/","name":"Rozw\u00f3j bioetyki partycypacyjnej | Centrum Bioetyki i Bioprawa","isPartOf":{"@id":"https:\/\/cbb.uw.edu.pl\/en\/#website"},"datePublished":"2016-06-08T21:26:35+00:00","dateModified":"2022-10-06T09:57:53+00:00","description":"Rozw\u00f3j bioetyki partycypacyjnej. Debata bioetyczna, kliniczne konsultacje etyczne i edukacja bioetyczna. prof. dr hab. Pawe\u0142 \u0141uk\u00f3w","breadcrumb":{"@id":"https:\/\/cbb.uw.edu.pl\/en\/grants\/development-participatory-bioethics\/#breadcrumb"},"inLanguage":"en-US","potentialAction":[{"@type":"ReadAction","target":["https:\/\/cbb.uw.edu.pl\/en\/grants\/development-participatory-bioethics\/"]}]},{"@type":"BreadcrumbList","@id":"https:\/\/cbb.uw.edu.pl\/en\/grants\/development-participatory-bioethics\/#breadcrumb","itemListElement":[{"@type":"ListItem","position":1,"name":"Strona g\u0142\u00f3wna","item":"https:\/\/cbb.uw.edu.pl\/en\/"},{"@type":"ListItem","position":2,"name":"Projects","item":"https:\/\/cbb.uw.edu.pl\/en\/grants\/"},{"@type":"ListItem","position":3,"name":"Development of Participatory Bioethics"}]},{"@type":"WebSite","@id":"https:\/\/cbb.uw.edu.pl\/en\/#website","url":"https:\/\/cbb.uw.edu.pl\/en\/","name":"Center for Bioethics and Biolaw","description":"Institute of Philosophy, University of Warsaw","potentialAction":[{"@type":"SearchAction","target":{"@type":"EntryPoint","urlTemplate":"https:\/\/cbb.uw.edu.pl\/en\/?s={search_term_string}"},"query-input":{"@type":"PropertyValueSpecification","valueRequired":true,"valueName":"search_term_string"}}],"inLanguage":"en-US"}]}},"_links":{"self":[{"href":"https:\/\/cbb.uw.edu.pl\/en\/wp-json\/wp\/v2\/pages\/2247","targetHints":{"allow":["GET"]}}],"collection":[{"href":"https:\/\/cbb.uw.edu.pl\/en\/wp-json\/wp\/v2\/pages"}],"about":[{"href":"https:\/\/cbb.uw.edu.pl\/en\/wp-json\/wp\/v2\/types\/page"}],"author":[{"embeddable":true,"href":"https:\/\/cbb.uw.edu.pl\/en\/wp-json\/wp\/v2\/users\/1"}],"replies":[{"embeddable":true,"href":"https:\/\/cbb.uw.edu.pl\/en\/wp-json\/wp\/v2\/comments?post=2247"}],"version-history":[{"count":17,"href":"https:\/\/cbb.uw.edu.pl\/en\/wp-json\/wp\/v2\/pages\/2247\/revisions"}],"predecessor-version":[{"id":10115,"href":"https:\/\/cbb.uw.edu.pl\/en\/wp-json\/wp\/v2\/pages\/2247\/revisions\/10115"}],"up":[{"embeddable":true,"href":"https:\/\/cbb.uw.edu.pl\/en\/wp-json\/wp\/v2\/pages\/829"}],"wp:attachment":[{"href":"https:\/\/cbb.uw.edu.pl\/en\/wp-json\/wp\/v2\/media?parent=2247"}],"curies":[{"name":"wp","href":"https:\/\/api.w.org\/{rel}","templated":true}]}}