{"id":1423,"date":"2016-03-30T14:27:47","date_gmt":"2016-03-30T14:27:47","guid":{"rendered":"http:\/\/cbb.uw.edu.pl\/en\/?page_id=1423"},"modified":"2024-03-20T12:32:21","modified_gmt":"2024-03-20T12:32:21","slug":"jakub-zawila-niedzwiecki","status":"publish","type":"page","link":"https:\/\/cbb.uw.edu.pl\/en\/team\/jakub-zawila-niedzwiecki\/","title":{"rendered":"Jakub Zawi\u0142a-Nied\u017awiecki"},"content":{"rendered":"<h2><a href=\"https:\/\/cbb.uw.edu.pl\/wp-content\/uploads\/2016\/03\/Jakub-Zawila-Niedzwiecki.jpg\"><img loading=\"lazy\" decoding=\"async\" class=\"alignright wp-image-2059 size-full\" src=\"https:\/\/cbb.uw.edu.pl\/wp-content\/uploads\/2016\/03\/Jakub-Zawila-Niedzwiecki.jpg\" alt=\"Jakub Zawila-Niedzwiecki\" width=\"828\" height=\"292\" srcset=\"https:\/\/cbb.uw.edu.pl\/wp-content\/uploads\/2016\/03\/Jakub-Zawila-Niedzwiecki.jpg 828w, https:\/\/cbb.uw.edu.pl\/wp-content\/uploads\/2016\/03\/Jakub-Zawila-Niedzwiecki-300x106.jpg 300w, https:\/\/cbb.uw.edu.pl\/wp-content\/uploads\/2016\/03\/Jakub-Zawila-Niedzwiecki-768x271.jpg 768w, https:\/\/cbb.uw.edu.pl\/wp-content\/uploads\/2016\/03\/Jakub-Zawila-Niedzwiecki-660x233.jpg 660w\" sizes=\"auto, (max-width: 828px) 100vw, 828px\" \/><\/a><\/h2>\n<h2>Doctoral candidate and research assistant in\u00a0<strong>Ethics Department at\u00a0Institute of Philosophy,\u00a0University of Warsaw<\/strong><\/h2>\n<h2>Contact:<span style=\"font-size: 16px; line-height: 1.5;\"> jakub@zawila-niedzwiecki.pl<\/span><\/h2>\n<h2><strong>Research interests:<\/strong><\/h2>\n<p>applied ethics, clinical ethics, especially the limitations of patients&#8217; autonomy and\u00a0problem of competence, neuroethics, pseudo-science in medicine<\/p>\n<h2><strong>Projects:<\/strong><\/h2>\n<p><strong>\u00a0 \u00a0 Completed:\u00a0<\/strong><\/p>\n<ul>\n<li><a href=\"https:\/\/cbb.uw.edu.pl\/en\/grants\/body-person-and-informed-consent\/\">Body, Person, and Informed Consent. Ethics of Using Human Body in Medicine and Research<\/a>\u00a0&#8211;\u00a0PhD &#8211; scholarship<\/li>\n<li><a href=\"https:\/\/cbb.uw.edu.pl\/en\/grants\/development-participatory-bioethics\/\">Development of Participatory Bioethics<\/a> &#8211;\u00a0PhD &#8211; scholarship<\/li>\n<\/ul>\n<h2>Books:<\/h2>\n<ul>\n<li>Joseph Butler <a href=\"http:\/\/www.edu-libri.pl\/publikacje.php?p=13\"><em>Pi\u0119tna\u015bcie kaza\u0144<\/em><\/a>\u00a0[<em>Fifteen sermons<\/em>] (polish translation, critical apparatus)<\/li>\n<\/ul>\n<h2><strong>Publications:<\/strong><\/h2>\n<ul>\n<li><a href=\"https:\/\/www.researchgate.net\/profile\/Jakub_Zawila-Niedzwiecki\">Researchgate<\/a><\/li>\n<li><a href=\"https:\/\/uw.academia.edu\/JakubZawi%C5%82aNied%C5%BAwiecki\">Academia.edu<\/a><\/li>\n<\/ul>\n<h2><strong>Positions:<\/strong><\/h2>\n<ul>\n<li>Managing editor of\u00a0<em><a href=\"http:\/\/www.etyka.uw.edu.pl\/\">Etyka<\/a>\u00a0<\/em>scholarly journal<\/li>\n<\/ul>\n<h2><strong>Education:<\/strong><\/h2>\n<ul>\n<li>Master of Business Administration (MBA, 2017)<\/li>\n<li>Master of Arts in Philosophy (MA, 2012)<\/li>\n<\/ul>\n","protected":false},"excerpt":{"rendered":"<p>Doctoral candidate and research assistant in\u00a0Ethics Department at\u00a0Institute of Philosophy,\u00a0University of Warsaw Contact: jakub@zawila-niedzwiecki.pl Research interests: applied ethics, clinical ethics, especially the limitations of patients&#8217; autonomy and\u00a0problem of competence, neuroethics, pseudo-science in medicine Projects: \u00a0 \u00a0 Completed:\u00a0 Body, Person, and Informed Consent. Ethics of Using Human Body in Medicine and Research\u00a0&#8211;\u00a0PhD &#8211; scholarship Development of\u2026 <span class=\"read-more\"><a href=\"https:\/\/cbb.uw.edu.pl\/en\/team\/jakub-zawila-niedzwiecki\/\">Read More &raquo;<\/a><\/span><\/p>\n","protected":false},"author":1,"featured_media":0,"parent":821,"menu_order":4,"comment_status":"closed","ping_status":"closed","template":"","meta":{"footnotes":"","_links_to":"","_links_to_target":""},"class_list":["post-1423","page","type-page","status-publish","hentry"],"yoast_head":"<!-- This site is optimized with the Yoast SEO plugin v27.3 - https:\/\/yoast.com\/product\/yoast-seo-wordpress\/ -->\n<title>Jakub Zawi\u0142a-Nied\u017awiecki - Center for Bioethics and Biolaw<\/title>\n<meta name=\"description\" content=\"Jakub Zawi\u0142a-Nied\u017awiecki | University of Warsaw | applied ethics, clinical ethics, informed consent, problem of competence, neuroethics, pseudo-science\" \/>\n<meta name=\"robots\" content=\"index, follow, max-snippet:-1, max-image-preview:large, max-video-preview:-1\" \/>\n<link rel=\"canonical\" href=\"https:\/\/cbb.uw.edu.pl\/en\/team\/jakub-zawila-niedzwiecki\/\" \/>\n<meta property=\"og:locale\" content=\"en_US\" \/>\n<meta property=\"og:type\" content=\"article\" \/>\n<meta property=\"og:title\" content=\"Jakub Zawi\u0142a-Nied\u017awiecki - Center for Bioethics and Biolaw\" \/>\n<meta property=\"og:description\" content=\"Jakub Zawi\u0142a-Nied\u017awiecki | University of Warsaw | applied ethics, clinical ethics, informed consent, problem of competence, neuroethics, pseudo-science\" \/>\n<meta property=\"og:url\" content=\"https:\/\/cbb.uw.edu.pl\/en\/team\/jakub-zawila-niedzwiecki\/\" \/>\n<meta property=\"og:site_name\" content=\"Center for Bioethics and Biolaw\" \/>\n<meta property=\"article:modified_time\" content=\"2024-03-20T12:32:21+00:00\" \/>\n<meta property=\"og:image\" content=\"https:\/\/cbb.uw.edu.pl\/wp-content\/uploads\/2016\/03\/Jakub-Zawila-Niedzwiecki.jpg\" \/>\n<meta name=\"twitter:card\" content=\"summary_large_image\" \/>\n<meta name=\"twitter:label1\" content=\"Est. reading time\" \/>\n\t<meta name=\"twitter:data1\" content=\"1 minute\" \/>\n<script type=\"application\/ld+json\" class=\"yoast-schema-graph\">{\"@context\":\"https:\\\/\\\/schema.org\",\"@graph\":[{\"@type\":\"WebPage\",\"@id\":\"https:\\\/\\\/cbb.uw.edu.pl\\\/en\\\/team\\\/jakub-zawila-niedzwiecki\\\/\",\"url\":\"https:\\\/\\\/cbb.uw.edu.pl\\\/en\\\/team\\\/jakub-zawila-niedzwiecki\\\/\",\"name\":\"Jakub Zawi\u0142a-Nied\u017awiecki - Center for Bioethics and Biolaw\",\"isPartOf\":{\"@id\":\"https:\\\/\\\/cbb.uw.edu.pl\\\/en\\\/#website\"},\"primaryImageOfPage\":{\"@id\":\"https:\\\/\\\/cbb.uw.edu.pl\\\/en\\\/team\\\/jakub-zawila-niedzwiecki\\\/#primaryimage\"},\"image\":{\"@id\":\"https:\\\/\\\/cbb.uw.edu.pl\\\/en\\\/team\\\/jakub-zawila-niedzwiecki\\\/#primaryimage\"},\"thumbnailUrl\":\"https:\\\/\\\/cbb.uw.edu.pl\\\/wp-content\\\/uploads\\\/2016\\\/03\\\/Jakub-Zawila-Niedzwiecki.jpg\",\"datePublished\":\"2016-03-30T14:27:47+00:00\",\"dateModified\":\"2024-03-20T12:32:21+00:00\",\"description\":\"Jakub Zawi\u0142a-Nied\u017awiecki | University of Warsaw | applied ethics, clinical ethics, informed consent, problem of competence, neuroethics, pseudo-science\",\"breadcrumb\":{\"@id\":\"https:\\\/\\\/cbb.uw.edu.pl\\\/en\\\/team\\\/jakub-zawila-niedzwiecki\\\/#breadcrumb\"},\"inLanguage\":\"en-US\",\"potentialAction\":[{\"@type\":\"ReadAction\",\"target\":[\"https:\\\/\\\/cbb.uw.edu.pl\\\/en\\\/team\\\/jakub-zawila-niedzwiecki\\\/\"]}]},{\"@type\":\"ImageObject\",\"inLanguage\":\"en-US\",\"@id\":\"https:\\\/\\\/cbb.uw.edu.pl\\\/en\\\/team\\\/jakub-zawila-niedzwiecki\\\/#primaryimage\",\"url\":\"https:\\\/\\\/cbb.uw.edu.pl\\\/wp-content\\\/uploads\\\/2016\\\/03\\\/Jakub-Zawila-Niedzwiecki.jpg\",\"contentUrl\":\"https:\\\/\\\/cbb.uw.edu.pl\\\/wp-content\\\/uploads\\\/2016\\\/03\\\/Jakub-Zawila-Niedzwiecki.jpg\"},{\"@type\":\"BreadcrumbList\",\"@id\":\"https:\\\/\\\/cbb.uw.edu.pl\\\/en\\\/team\\\/jakub-zawila-niedzwiecki\\\/#breadcrumb\",\"itemListElement\":[{\"@type\":\"ListItem\",\"position\":1,\"name\":\"Strona g\u0142\u00f3wna\",\"item\":\"https:\\\/\\\/cbb.uw.edu.pl\\\/en\\\/\"},{\"@type\":\"ListItem\",\"position\":2,\"name\":\"Team\",\"item\":\"https:\\\/\\\/cbb.uw.edu.pl\\\/en\\\/team\\\/\"},{\"@type\":\"ListItem\",\"position\":3,\"name\":\"Jakub Zawi\u0142a-Nied\u017awiecki\"}]},{\"@type\":\"WebSite\",\"@id\":\"https:\\\/\\\/cbb.uw.edu.pl\\\/en\\\/#website\",\"url\":\"https:\\\/\\\/cbb.uw.edu.pl\\\/en\\\/\",\"name\":\"Center for Bioethics and Biolaw\",\"description\":\"Institute of Philosophy, University of Warsaw\",\"potentialAction\":[{\"@type\":\"SearchAction\",\"target\":{\"@type\":\"EntryPoint\",\"urlTemplate\":\"https:\\\/\\\/cbb.uw.edu.pl\\\/en\\\/?s={search_term_string}\"},\"query-input\":{\"@type\":\"PropertyValueSpecification\",\"valueRequired\":true,\"valueName\":\"search_term_string\"}}],\"inLanguage\":\"en-US\"}]}<\/script>\n<!-- \/ Yoast SEO plugin. -->","yoast_head_json":{"title":"Jakub Zawi\u0142a-Nied\u017awiecki - Center for Bioethics and Biolaw","description":"Jakub Zawi\u0142a-Nied\u017awiecki | University of Warsaw | applied ethics, clinical ethics, informed consent, problem of competence, neuroethics, pseudo-science","robots":{"index":"index","follow":"follow","max-snippet":"max-snippet:-1","max-image-preview":"max-image-preview:large","max-video-preview":"max-video-preview:-1"},"canonical":"https:\/\/cbb.uw.edu.pl\/en\/team\/jakub-zawila-niedzwiecki\/","og_locale":"en_US","og_type":"article","og_title":"Jakub Zawi\u0142a-Nied\u017awiecki - Center for Bioethics and Biolaw","og_description":"Jakub Zawi\u0142a-Nied\u017awiecki | University of Warsaw | applied ethics, clinical ethics, informed consent, problem of competence, neuroethics, pseudo-science","og_url":"https:\/\/cbb.uw.edu.pl\/en\/team\/jakub-zawila-niedzwiecki\/","og_site_name":"Center for Bioethics and Biolaw","article_modified_time":"2024-03-20T12:32:21+00:00","og_image":[{"url":"https:\/\/cbb.uw.edu.pl\/wp-content\/uploads\/2016\/03\/Jakub-Zawila-Niedzwiecki.jpg","type":"","width":"","height":""}],"twitter_card":"summary_large_image","twitter_misc":{"Est. reading time":"1 minute"},"schema":{"@context":"https:\/\/schema.org","@graph":[{"@type":"WebPage","@id":"https:\/\/cbb.uw.edu.pl\/en\/team\/jakub-zawila-niedzwiecki\/","url":"https:\/\/cbb.uw.edu.pl\/en\/team\/jakub-zawila-niedzwiecki\/","name":"Jakub Zawi\u0142a-Nied\u017awiecki - Center for Bioethics and Biolaw","isPartOf":{"@id":"https:\/\/cbb.uw.edu.pl\/en\/#website"},"primaryImageOfPage":{"@id":"https:\/\/cbb.uw.edu.pl\/en\/team\/jakub-zawila-niedzwiecki\/#primaryimage"},"image":{"@id":"https:\/\/cbb.uw.edu.pl\/en\/team\/jakub-zawila-niedzwiecki\/#primaryimage"},"thumbnailUrl":"https:\/\/cbb.uw.edu.pl\/wp-content\/uploads\/2016\/03\/Jakub-Zawila-Niedzwiecki.jpg","datePublished":"2016-03-30T14:27:47+00:00","dateModified":"2024-03-20T12:32:21+00:00","description":"Jakub Zawi\u0142a-Nied\u017awiecki | University of Warsaw | applied ethics, clinical ethics, informed consent, problem of competence, neuroethics, pseudo-science","breadcrumb":{"@id":"https:\/\/cbb.uw.edu.pl\/en\/team\/jakub-zawila-niedzwiecki\/#breadcrumb"},"inLanguage":"en-US","potentialAction":[{"@type":"ReadAction","target":["https:\/\/cbb.uw.edu.pl\/en\/team\/jakub-zawila-niedzwiecki\/"]}]},{"@type":"ImageObject","inLanguage":"en-US","@id":"https:\/\/cbb.uw.edu.pl\/en\/team\/jakub-zawila-niedzwiecki\/#primaryimage","url":"https:\/\/cbb.uw.edu.pl\/wp-content\/uploads\/2016\/03\/Jakub-Zawila-Niedzwiecki.jpg","contentUrl":"https:\/\/cbb.uw.edu.pl\/wp-content\/uploads\/2016\/03\/Jakub-Zawila-Niedzwiecki.jpg"},{"@type":"BreadcrumbList","@id":"https:\/\/cbb.uw.edu.pl\/en\/team\/jakub-zawila-niedzwiecki\/#breadcrumb","itemListElement":[{"@type":"ListItem","position":1,"name":"Strona g\u0142\u00f3wna","item":"https:\/\/cbb.uw.edu.pl\/en\/"},{"@type":"ListItem","position":2,"name":"Team","item":"https:\/\/cbb.uw.edu.pl\/en\/team\/"},{"@type":"ListItem","position":3,"name":"Jakub Zawi\u0142a-Nied\u017awiecki"}]},{"@type":"WebSite","@id":"https:\/\/cbb.uw.edu.pl\/en\/#website","url":"https:\/\/cbb.uw.edu.pl\/en\/","name":"Center for Bioethics and Biolaw","description":"Institute of Philosophy, University of Warsaw","potentialAction":[{"@type":"SearchAction","target":{"@type":"EntryPoint","urlTemplate":"https:\/\/cbb.uw.edu.pl\/en\/?s={search_term_string}"},"query-input":{"@type":"PropertyValueSpecification","valueRequired":true,"valueName":"search_term_string"}}],"inLanguage":"en-US"}]}},"_links":{"self":[{"href":"https:\/\/cbb.uw.edu.pl\/en\/wp-json\/wp\/v2\/pages\/1423","targetHints":{"allow":["GET"]}}],"collection":[{"href":"https:\/\/cbb.uw.edu.pl\/en\/wp-json\/wp\/v2\/pages"}],"about":[{"href":"https:\/\/cbb.uw.edu.pl\/en\/wp-json\/wp\/v2\/types\/page"}],"author":[{"embeddable":true,"href":"https:\/\/cbb.uw.edu.pl\/en\/wp-json\/wp\/v2\/users\/1"}],"replies":[{"embeddable":true,"href":"https:\/\/cbb.uw.edu.pl\/en\/wp-json\/wp\/v2\/comments?post=1423"}],"version-history":[{"count":15,"href":"https:\/\/cbb.uw.edu.pl\/en\/wp-json\/wp\/v2\/pages\/1423\/revisions"}],"predecessor-version":[{"id":10757,"href":"https:\/\/cbb.uw.edu.pl\/en\/wp-json\/wp\/v2\/pages\/1423\/revisions\/10757"}],"up":[{"embeddable":true,"href":"https:\/\/cbb.uw.edu.pl\/en\/wp-json\/wp\/v2\/pages\/821"}],"wp:attachment":[{"href":"https:\/\/cbb.uw.edu.pl\/en\/wp-json\/wp\/v2\/media?parent=1423"}],"curies":[{"name":"wp","href":"https:\/\/api.w.org\/{rel}","templated":true}]}}