{"id":11720,"date":"2025-10-28T13:18:37","date_gmt":"2025-10-28T13:18:37","guid":{"rendered":"https:\/\/cbb.uw.edu.pl\/?page_id=11720"},"modified":"2025-12-11T14:46:36","modified_gmt":"2025-12-11T14:46:36","slug":"philip-hoejme","status":"publish","type":"page","link":"https:\/\/cbb.uw.edu.pl\/en\/philip-hoejme\/","title":{"rendered":"Philip H\u00f8jme"},"content":{"rendered":"<p><a href=\"https:\/\/cbb.uw.edu.pl\/wp-content\/uploads\/2025\/10\/Philip-Hoejme-portrait-scaled.jpg\"><img loading=\"lazy\" decoding=\"async\" class=\"alignleft wp-image-11721\" src=\"https:\/\/cbb.uw.edu.pl\/wp-content\/uploads\/2025\/10\/Philip-Hoejme-portrait-scaled.jpg\" alt=\"\" width=\"875\" height=\"553\" srcset=\"https:\/\/cbb.uw.edu.pl\/wp-content\/uploads\/2025\/10\/Philip-Hoejme-portrait-scaled.jpg 2560w, https:\/\/cbb.uw.edu.pl\/wp-content\/uploads\/2025\/10\/Philip-Hoejme-portrait-300x189.jpg 300w, https:\/\/cbb.uw.edu.pl\/wp-content\/uploads\/2025\/10\/Philip-Hoejme-portrait-1024x646.jpg 1024w, https:\/\/cbb.uw.edu.pl\/wp-content\/uploads\/2025\/10\/Philip-Hoejme-portrait-768x485.jpg 768w, https:\/\/cbb.uw.edu.pl\/wp-content\/uploads\/2025\/10\/Philip-Hoejme-portrait-1536x970.jpg 1536w, https:\/\/cbb.uw.edu.pl\/wp-content\/uploads\/2025\/10\/Philip-Hoejme-portrait-2048x1293.jpg 2048w, https:\/\/cbb.uw.edu.pl\/wp-content\/uploads\/2025\/10\/Philip-Hoejme-portrait-660x417.jpg 660w\" sizes=\"auto, (max-width: 875px) 100vw, 875px\" \/><\/a><\/p>\n<h2>Research Assistant Professor in the Department of Ethics of the Faculty of Philosophy at the University of Warsaw<\/h2>\n<h2><b>Contact: <a href=\"mailto:p.hoejme@uw.edu.pl\" target=\"_blank\" rel=\"noopener\">p.hoejme@uw.edu.pl<\/a> <\/b><\/h2>\n<h3>Research interests<strong>:<\/strong><\/h3>\n<ul>\n<li>bioethics, neuroethics and neurorights, including the right to mental integrity<\/li>\n<li>philosophy and ethics of transhumanism and posthumanism<\/li>\n<li>biocommunism, Marxism, critical theory, feminist theory, gender studies and minority studies<\/li>\n<\/ul>\n<h3><b>Projects:<\/b><\/h3>\n<ul>\n<li><strong><a href=\"https:\/\/cbb.uw.edu.pl\/en\/grants\/the-right-to-integrity\/\">NCN Sonata BIS 13: \u201cThe right to bodily and mental integrity in the era of biomedicine and neurotechnologies \u2013 an integrative bioethical analysis\u201d<\/a> \u2013\u00a0 <\/strong><strong>PostDoc Investigator<\/strong><br \/>\n<b><\/b><\/li>\n<li>PhD project: \u201eNegative Trouble and Gender Dialectics \u2013 Bridging the Gap between Butler and Adorno\u201d, partially financed by the NCBiR (nr POWR.03.02.00-IP.08-I019\/17), 2018-2022<\/li>\n<li>Project \u201eReconceptualizing Communism in the Age of Biopolitics&#8221; (PIs: Philip H\u00f8jme &amp; J\u0119drzej Mali\u0144ski), partially financed by the Nordic Summer University\u2019s Ad Hoc Grant, 2019-2020<\/li>\n<\/ul>\n<h3><b>Publications:<\/b><\/h3>\n<ul>\n<li><a href=\"https:\/\/orcid.org\/0000-0003-2861-9027\">ORCID<\/a><\/li>\n<li><a href=\"https:\/\/www.researchgate.net\/profile\/Philip-Hojme\">Researchgate<\/a><\/li>\n<li><a href=\"https:\/\/uw.academia.edu\/PhilipH%C3%B8jme\">Academia.edu<\/a><\/li>\n<li><a href=\"https:\/\/philpeople.org\/profiles\/philip-hojme-hoejme\">Philpeople.org<\/a><\/li>\n<\/ul>\n<h3><strong>Services:<\/strong><\/h3>\n<ul>\n<li>Steering Committee member of Marxists.org, responsible for the Danish Archive, since 2021<\/li>\n<li>Graduate Student member of the Dutch Research School of Philosophy, 2016\u20132017<\/li>\n<\/ul>\n<h3><b>Education:<\/b><\/h3>\n<ul>\n<li>PhD in Philosophy (2023, IFIS PAN)<\/li>\n<li>Certificate: Qualitative Methods (2024, IFIS PAN)<\/li>\n<li>Certificate: Basic Course in Higher Education Pedagogy (2021, Aalborg University DK)<\/li>\n<li>MA in Philosophy (2017, University of Amsterdam NL)<\/li>\n<li>BA in Philosophy (2015, Aalborg University DK)<\/li>\n<li>Minor: International Communications in English (2015, Aarhus University DK)<\/li>\n<\/ul>\n","protected":false},"excerpt":{"rendered":"<p>Research Assistant Professor in the Department of Ethics of the Faculty of Philosophy at the University of Warsaw Contact: p.hoejme@uw.edu.pl Research interests: bioethics, neuroethics and neurorights, including the right to mental integrity philosophy and ethics of transhumanism and posthumanism biocommunism, Marxism, critical theory, feminist theory, gender studies and minority studies Projects: NCN Sonata BIS 13:\u2026 <span class=\"read-more\"><a href=\"https:\/\/cbb.uw.edu.pl\/en\/philip-hoejme\/\">Read More &raquo;<\/a><\/span><\/p>\n","protected":false},"author":7,"featured_media":0,"parent":0,"menu_order":0,"comment_status":"closed","ping_status":"closed","template":"","meta":{"footnotes":"","_links_to":"","_links_to_target":""},"class_list":["post-11720","page","type-page","status-publish","hentry"],"yoast_head":"<!-- This site is optimized with the Yoast SEO plugin v27.4 - https:\/\/yoast.com\/product\/yoast-seo-wordpress\/ -->\n<title>Philip H\u00f8jme - Center for Bioethics and Biolaw<\/title>\n<meta name=\"robots\" content=\"index, follow, max-snippet:-1, max-image-preview:large, max-video-preview:-1\" \/>\n<link rel=\"canonical\" href=\"https:\/\/cbb.uw.edu.pl\/en\/philip-hoejme\/\" \/>\n<meta property=\"og:locale\" content=\"en_US\" \/>\n<meta property=\"og:type\" content=\"article\" \/>\n<meta property=\"og:title\" content=\"Philip H\u00f8jme - Center for Bioethics and Biolaw\" \/>\n<meta property=\"og:description\" content=\"Research Assistant Professor in the Department of Ethics of the Faculty of Philosophy at the University of Warsaw Contact: p.hoejme@uw.edu.pl Research interests: bioethics, neuroethics and neurorights, including the right to mental integrity philosophy and ethics of transhumanism and posthumanism biocommunism, Marxism, critical theory, feminist theory, gender studies and minority studies Projects: NCN Sonata BIS 13:\u2026 Read More &raquo;\" \/>\n<meta property=\"og:url\" content=\"https:\/\/cbb.uw.edu.pl\/en\/philip-hoejme\/\" \/>\n<meta property=\"og:site_name\" content=\"Center for Bioethics and Biolaw\" \/>\n<meta property=\"article:modified_time\" content=\"2025-12-11T14:46:36+00:00\" \/>\n<meta property=\"og:image\" content=\"https:\/\/cbb.uw.edu.pl\/wp-content\/uploads\/2025\/10\/Philip-Hoejme-portrait-scaled.jpg\" \/>\n\t<meta property=\"og:image:width\" content=\"2560\" \/>\n\t<meta property=\"og:image:height\" content=\"1616\" \/>\n\t<meta property=\"og:image:type\" content=\"image\/jpeg\" \/>\n<meta name=\"twitter:card\" content=\"summary_large_image\" \/>\n<meta name=\"twitter:label1\" content=\"Est. reading time\" \/>\n\t<meta name=\"twitter:data1\" content=\"2 minutes\" \/>\n<script type=\"application\/ld+json\" class=\"yoast-schema-graph\">{\"@context\":\"https:\\\/\\\/schema.org\",\"@graph\":[{\"@type\":\"WebPage\",\"@id\":\"https:\\\/\\\/cbb.uw.edu.pl\\\/en\\\/philip-hoejme\\\/\",\"url\":\"https:\\\/\\\/cbb.uw.edu.pl\\\/en\\\/philip-hoejme\\\/\",\"name\":\"Philip H\u00f8jme - Center for Bioethics and Biolaw\",\"isPartOf\":{\"@id\":\"https:\\\/\\\/cbb.uw.edu.pl\\\/en\\\/#website\"},\"primaryImageOfPage\":{\"@id\":\"https:\\\/\\\/cbb.uw.edu.pl\\\/en\\\/philip-hoejme\\\/#primaryimage\"},\"image\":{\"@id\":\"https:\\\/\\\/cbb.uw.edu.pl\\\/en\\\/philip-hoejme\\\/#primaryimage\"},\"thumbnailUrl\":\"https:\\\/\\\/cbb.uw.edu.pl\\\/wp-content\\\/uploads\\\/2025\\\/10\\\/Philip-Hoejme-portrait-scaled.jpg\",\"datePublished\":\"2025-10-28T13:18:37+00:00\",\"dateModified\":\"2025-12-11T14:46:36+00:00\",\"breadcrumb\":{\"@id\":\"https:\\\/\\\/cbb.uw.edu.pl\\\/en\\\/philip-hoejme\\\/#breadcrumb\"},\"inLanguage\":\"en-US\",\"potentialAction\":[{\"@type\":\"ReadAction\",\"target\":[\"https:\\\/\\\/cbb.uw.edu.pl\\\/en\\\/philip-hoejme\\\/\"]}]},{\"@type\":\"ImageObject\",\"inLanguage\":\"en-US\",\"@id\":\"https:\\\/\\\/cbb.uw.edu.pl\\\/en\\\/philip-hoejme\\\/#primaryimage\",\"url\":\"https:\\\/\\\/cbb.uw.edu.pl\\\/wp-content\\\/uploads\\\/2025\\\/10\\\/Philip-Hoejme-portrait-scaled.jpg\",\"contentUrl\":\"https:\\\/\\\/cbb.uw.edu.pl\\\/wp-content\\\/uploads\\\/2025\\\/10\\\/Philip-Hoejme-portrait-scaled.jpg\"},{\"@type\":\"BreadcrumbList\",\"@id\":\"https:\\\/\\\/cbb.uw.edu.pl\\\/en\\\/philip-hoejme\\\/#breadcrumb\",\"itemListElement\":[{\"@type\":\"ListItem\",\"position\":1,\"name\":\"Strona g\u0142\u00f3wna\",\"item\":\"https:\\\/\\\/cbb.uw.edu.pl\\\/en\\\/\"},{\"@type\":\"ListItem\",\"position\":2,\"name\":\"Philip H\u00f8jme\"}]},{\"@type\":\"WebSite\",\"@id\":\"https:\\\/\\\/cbb.uw.edu.pl\\\/en\\\/#website\",\"url\":\"https:\\\/\\\/cbb.uw.edu.pl\\\/en\\\/\",\"name\":\"Center for Bioethics and Biolaw\",\"description\":\"Institute of Philosophy, University of Warsaw\",\"potentialAction\":[{\"@type\":\"SearchAction\",\"target\":{\"@type\":\"EntryPoint\",\"urlTemplate\":\"https:\\\/\\\/cbb.uw.edu.pl\\\/en\\\/?s={search_term_string}\"},\"query-input\":{\"@type\":\"PropertyValueSpecification\",\"valueRequired\":true,\"valueName\":\"search_term_string\"}}],\"inLanguage\":\"en-US\"}]}<\/script>\n<!-- \/ Yoast SEO plugin. -->","yoast_head_json":{"title":"Philip H\u00f8jme - Center for Bioethics and Biolaw","robots":{"index":"index","follow":"follow","max-snippet":"max-snippet:-1","max-image-preview":"max-image-preview:large","max-video-preview":"max-video-preview:-1"},"canonical":"https:\/\/cbb.uw.edu.pl\/en\/philip-hoejme\/","og_locale":"en_US","og_type":"article","og_title":"Philip H\u00f8jme - Center for Bioethics and Biolaw","og_description":"Research Assistant Professor in the Department of Ethics of the Faculty of Philosophy at the University of Warsaw Contact: p.hoejme@uw.edu.pl Research interests: bioethics, neuroethics and neurorights, including the right to mental integrity philosophy and ethics of transhumanism and posthumanism biocommunism, Marxism, critical theory, feminist theory, gender studies and minority studies Projects: NCN Sonata BIS 13:\u2026 Read More &raquo;","og_url":"https:\/\/cbb.uw.edu.pl\/en\/philip-hoejme\/","og_site_name":"Center for Bioethics and Biolaw","article_modified_time":"2025-12-11T14:46:36+00:00","og_image":[{"width":2560,"height":1616,"url":"https:\/\/cbb.uw.edu.pl\/wp-content\/uploads\/2025\/10\/Philip-Hoejme-portrait-scaled.jpg","type":"image\/jpeg"}],"twitter_card":"summary_large_image","twitter_misc":{"Est. reading time":"2 minutes"},"schema":{"@context":"https:\/\/schema.org","@graph":[{"@type":"WebPage","@id":"https:\/\/cbb.uw.edu.pl\/en\/philip-hoejme\/","url":"https:\/\/cbb.uw.edu.pl\/en\/philip-hoejme\/","name":"Philip H\u00f8jme - Center for Bioethics and Biolaw","isPartOf":{"@id":"https:\/\/cbb.uw.edu.pl\/en\/#website"},"primaryImageOfPage":{"@id":"https:\/\/cbb.uw.edu.pl\/en\/philip-hoejme\/#primaryimage"},"image":{"@id":"https:\/\/cbb.uw.edu.pl\/en\/philip-hoejme\/#primaryimage"},"thumbnailUrl":"https:\/\/cbb.uw.edu.pl\/wp-content\/uploads\/2025\/10\/Philip-Hoejme-portrait-scaled.jpg","datePublished":"2025-10-28T13:18:37+00:00","dateModified":"2025-12-11T14:46:36+00:00","breadcrumb":{"@id":"https:\/\/cbb.uw.edu.pl\/en\/philip-hoejme\/#breadcrumb"},"inLanguage":"en-US","potentialAction":[{"@type":"ReadAction","target":["https:\/\/cbb.uw.edu.pl\/en\/philip-hoejme\/"]}]},{"@type":"ImageObject","inLanguage":"en-US","@id":"https:\/\/cbb.uw.edu.pl\/en\/philip-hoejme\/#primaryimage","url":"https:\/\/cbb.uw.edu.pl\/wp-content\/uploads\/2025\/10\/Philip-Hoejme-portrait-scaled.jpg","contentUrl":"https:\/\/cbb.uw.edu.pl\/wp-content\/uploads\/2025\/10\/Philip-Hoejme-portrait-scaled.jpg"},{"@type":"BreadcrumbList","@id":"https:\/\/cbb.uw.edu.pl\/en\/philip-hoejme\/#breadcrumb","itemListElement":[{"@type":"ListItem","position":1,"name":"Strona g\u0142\u00f3wna","item":"https:\/\/cbb.uw.edu.pl\/en\/"},{"@type":"ListItem","position":2,"name":"Philip H\u00f8jme"}]},{"@type":"WebSite","@id":"https:\/\/cbb.uw.edu.pl\/en\/#website","url":"https:\/\/cbb.uw.edu.pl\/en\/","name":"Center for Bioethics and Biolaw","description":"Institute of Philosophy, University of Warsaw","potentialAction":[{"@type":"SearchAction","target":{"@type":"EntryPoint","urlTemplate":"https:\/\/cbb.uw.edu.pl\/en\/?s={search_term_string}"},"query-input":{"@type":"PropertyValueSpecification","valueRequired":true,"valueName":"search_term_string"}}],"inLanguage":"en-US"}]}},"_links":{"self":[{"href":"https:\/\/cbb.uw.edu.pl\/en\/wp-json\/wp\/v2\/pages\/11720","targetHints":{"allow":["GET"]}}],"collection":[{"href":"https:\/\/cbb.uw.edu.pl\/en\/wp-json\/wp\/v2\/pages"}],"about":[{"href":"https:\/\/cbb.uw.edu.pl\/en\/wp-json\/wp\/v2\/types\/page"}],"author":[{"embeddable":true,"href":"https:\/\/cbb.uw.edu.pl\/en\/wp-json\/wp\/v2\/users\/7"}],"replies":[{"embeddable":true,"href":"https:\/\/cbb.uw.edu.pl\/en\/wp-json\/wp\/v2\/comments?post=11720"}],"version-history":[{"count":11,"href":"https:\/\/cbb.uw.edu.pl\/en\/wp-json\/wp\/v2\/pages\/11720\/revisions"}],"predecessor-version":[{"id":11818,"href":"https:\/\/cbb.uw.edu.pl\/en\/wp-json\/wp\/v2\/pages\/11720\/revisions\/11818"}],"wp:attachment":[{"href":"https:\/\/cbb.uw.edu.pl\/en\/wp-json\/wp\/v2\/media?parent=11720"}],"curies":[{"name":"wp","href":"https:\/\/api.w.org\/{rel}","templated":true}]}}