{"id":11196,"date":"2025-03-28T08:56:30","date_gmt":"2025-03-28T08:56:30","guid":{"rendered":"https:\/\/cbb.uw.edu.pl\/?page_id=11196"},"modified":"2026-03-30T07:13:12","modified_gmt":"2026-03-30T07:13:12","slug":"the-right-to-integrity","status":"publish","type":"page","link":"https:\/\/cbb.uw.edu.pl\/en\/grants\/the-right-to-integrity\/","title":{"rendered":"The right to integrity"},"content":{"rendered":"<p><a href=\"https:\/\/cbb.uw.edu.pl\/wp-content\/uploads\/2025\/03\/Integrity-ENG.png\"><img loading=\"lazy\" decoding=\"async\" class=\"wp-image-11208 size-full aligncenter\" src=\"https:\/\/cbb.uw.edu.pl\/wp-content\/uploads\/2025\/03\/Integrity-ENG.png\" alt=\"\" width=\"2370\" height=\"520\" srcset=\"https:\/\/cbb.uw.edu.pl\/wp-content\/uploads\/2025\/03\/Integrity-ENG.png 2370w, https:\/\/cbb.uw.edu.pl\/wp-content\/uploads\/2025\/03\/Integrity-ENG-300x66.png 300w, https:\/\/cbb.uw.edu.pl\/wp-content\/uploads\/2025\/03\/Integrity-ENG-1024x225.png 1024w, https:\/\/cbb.uw.edu.pl\/wp-content\/uploads\/2025\/03\/Integrity-ENG-768x169.png 768w, https:\/\/cbb.uw.edu.pl\/wp-content\/uploads\/2025\/03\/Integrity-ENG-1536x337.png 1536w, https:\/\/cbb.uw.edu.pl\/wp-content\/uploads\/2025\/03\/Integrity-ENG-2048x449.png 2048w, https:\/\/cbb.uw.edu.pl\/wp-content\/uploads\/2025\/03\/Integrity-ENG-660x145.png 660w\" sizes=\"auto, (max-width: 2370px) 100vw, 2370px\" \/><\/a><\/p>\n<p><strong>Title: The right to bodily and mental integrity in the era of biomedicine and neurotechnologies \u2013 an integrative bioethical analysis<br \/>\nPrincipal Investigator: <strong>dr Joanna R\u00f3\u017cy\u0144ska<\/strong><br data-rich-text-line-break=\"true\" \/><\/strong>Funding: National Science Centre, SONATA BIS 13<strong><br data-rich-text-line-break=\"true\" \/><\/strong>Project no: 2023\/50\/E\/HS1\/00486<strong><br data-rich-text-line-break=\"true\" \/><\/strong>Duration: 01.2025-01.2029<\/p>\n<h3><strong>Research team:\u00a0<\/strong><a href=\"https:\/\/cbb.uw.edu.pl\/wp-content\/uploads\/2025\/10\/Team-photo.png\"><img loading=\"lazy\" decoding=\"async\" class=\"alignleft size-full wp-image-11752\" src=\"https:\/\/cbb.uw.edu.pl\/wp-content\/uploads\/2025\/10\/Team-photo.png\" alt=\"\" width=\"1265\" height=\"412\" srcset=\"https:\/\/cbb.uw.edu.pl\/wp-content\/uploads\/2025\/10\/Team-photo.png 1265w, https:\/\/cbb.uw.edu.pl\/wp-content\/uploads\/2025\/10\/Team-photo-300x98.png 300w, https:\/\/cbb.uw.edu.pl\/wp-content\/uploads\/2025\/10\/Team-photo-1024x334.png 1024w, https:\/\/cbb.uw.edu.pl\/wp-content\/uploads\/2025\/10\/Team-photo-768x250.png 768w, https:\/\/cbb.uw.edu.pl\/wp-content\/uploads\/2025\/10\/Team-photo-660x215.png 660w\" sizes=\"auto, (max-width: 1265px) 100vw, 1265px\" \/><\/a><\/h3>\n<ul>\n<li><strong><a href=\"https:\/\/cbb.uw.edu.pl\/badacze-w-cbb\/joanna-rozynska\/\">dr Joanna R\u00f3\u017cy\u0144ska<\/a><\/strong> (University of Warsaw) \u2013 Principal Investigator<\/li>\n<li><a href=\"https:\/\/publicum.umed.lodz.pl\/info\/author\/AML0a57c96eafda48a8a916901b66b9f864\/Profil+osoby+%E2%80%93+Anna++Alichniewicz+%E2%80%93+Uniwersytet+Medyczny+w+%C5%81odzi?ps=20&amp;lang=pl&amp;pn=1&amp;cid=19901\"><strong>dr Anna Alichniewicz<\/strong><\/a> (Medical University in \u0141odzi) \u2013 Investigator<\/li>\n<li><strong><a href=\"https:\/\/cbb.uw.edu.pl\/en\/philip-hoejme\/\">dr Philip H\u00f8jme<\/a> <\/strong>(University of Warsaw) <strong>\u2013 <\/strong>Post-doc\u00a0Investigator<\/li>\n<li><a href=\"https:\/\/cbb.uw.edu.pl\/barbara-krzyzewska\/\"><strong>Barbara Krzy\u017cewska<\/strong><\/a> (University of Warsaw) \u2013 PhD-Stipend Holder<\/li>\n<\/ul>\n<hr \/>\n<h3><strong>About the project: <\/strong><\/h3>\n<p>The project concerns the right to bodily and mental integrity in the era of dynamic development of biomedical sciences and neurotechnology. Its aim is to examine the content, moral justification, strength and scope of the right to bodily integrity and the right to mental integrity, and to determine whether it is possible to develop an integrated, conceptually coherent, ethically adequate and practically applicable concept of the right to psycho-physical integrity. The project includes conceptual and normative analyses, as well as analyses of the testimonies of the lived experience of people affected by various physical illnesses or mental disorders. It uses primarily methods of philosophical analysis, as well as, secondarily, methods of legal science. The project focuses on the moral right to integrity of the person, not on the legal right.<\/p>\n<p><a href=\"https:\/\/cbb.uw.edu.pl\/wp-content\/uploads\/2025\/03\/Abstract-for-the-general-public.pdf\"><strong>Abstract for the general public<\/strong><\/a><\/p>\n<p><strong>Key words:<\/strong> right to integrity, bodily integrity, mental integrity, bioethics, neuroethics, human rights<\/p>\n<hr class=\"wp-block-separator has-alpha-channel-opacity\" \/>\n<h2 id=\"block-fbe8a18a-919b-4020-885e-98f62d340a00\" class=\"block-editor-rich-text__editable block-editor-block-list__block wp-block is-selected wp-block-heading rich-text\" tabindex=\"0\" role=\"document\" contenteditable=\"true\" aria-multiline=\"true\" aria-label=\"Blok: Nag\u0142\u00f3wek\" data-block=\"fbe8a18a-919b-4020-885e-98f62d340a00\" data-type=\"core\/heading\" data-title=\"Nag\u0142\u00f3wek\"><span style=\"color: #1e46bd;\"><strong data-rich-text-format-boundary=\"true\">Publications<\/strong><\/span><\/h2>\n<ul class=\"wp-block-list\">\n<li><strong>R\u00f3\u017cy\u0144ska<\/strong>, J. (2025). <a href=\"https:\/\/diametros.uj.edu.pl\/diametros\/article\/view\/2028\">How Best to Interpret the Minimal Risk Threshold in the EU Regulation on Clinical Trials?\u201d<\/a>. <i>Diametros<\/i>, June, 1-27.\u00a0<a href=\"https:\/\/doi.org\/10.33392\/diam.2028\">https:\/\/doi.org\/10.33392\/diam.2028<\/a>.<\/li>\n<\/ul>\n<h2 id=\"block-fbe8a18a-919b-4020-885e-98f62d340a00\" class=\"block-editor-rich-text__editable block-editor-block-list__block wp-block is-selected wp-block-heading rich-text\" tabindex=\"0\" role=\"document\" contenteditable=\"true\" aria-multiline=\"true\" aria-label=\"Blok: Nag\u0142\u00f3wek\" data-block=\"fbe8a18a-919b-4020-885e-98f62d340a00\" data-type=\"core\/heading\" data-title=\"Nag\u0142\u00f3wek\"><span style=\"color: #1e46bd;\"><strong data-rich-text-format-boundary=\"true\">Conference presentations<\/strong><\/span><\/h2>\n<ul>\n<li><em>Planowane:<\/em>\u00a0<strong>R\u00f3\u017cy\u0144ska<\/strong>, J. (2026).\u00a0<em>The Many Faces of the Right to Bodily and Mental Integrity in Bioethics and Biolaw.\u00a0<\/em>18th World Conference on Bioethics, Medical Ethics and Health Law, September 28-30, Porto, Portugal.<\/li>\n<li><em>Planowane<\/em>:\u00a0\u00a0<strong>H\u00f8jme<\/strong>, P.\u00a0(2026).<a href=\"https:\/\/cbb.uw.edu.pl\/wp-content\/uploads\/2026\/03\/Hoejme-Abstract-ECPR-2026.pdf\"><em>Rethinking Mental Integrity with Kant: Dignity or Autonomy? Human Rights Ethics Technology Disability<\/em><\/a>. The European Consortium for Political Research General Conference 2026, September 8-11,\u00a0 Jagiellonian University, Krak\u00f3w, Poland.<\/li>\n<li><em>Planowane<\/em>:\u00a0<strong>H\u00f8jme<\/strong>, P.\u00a0(2026).\u00a0<a href=\"https:\/\/cbb.uw.edu.pl\/wp-content\/uploads\/2026\/03\/2026-Rozynska-Abstract-PPM.pdf\"><em>Neurotechnologies and rights: An overview of the rights to bodily and mental integrity<\/em><\/a>. The Danish Association for Gender Studies 2026 Conference \u201eCultures, Bodies and Technologies\u201d, June, 2-3, Odense, Denmark.<\/li>\n<li><em>Planowane<\/em>:\u00a0<strong>R\u00f3\u017cy\u0144ska<\/strong>, J. (2026).\u00a0<a href=\"https:\/\/cbb.uw.edu.pl\/wp-content\/uploads\/2026\/03\/2026-Rozynska-Abstract-PPM.pdf\"><em>Prawo do integralno\u015bci psychicznej w dobie wsp\u00f3\u0142czesnej neurotechnologii<\/em><\/a>, IV Og\u00f3lnopolskie Forum Prawa Medycznego i Etyki Lekarskiej im. dr. Paw\u0142a W\u00f3jcika \u201eRynek zdrowia i lek\u00f3w. Dost\u0119p do nowoczesnego leczenia i diagnostyki\u201d, 22-23 maja, Warszawa, Polska<\/li>\n<li><strong>Alichniewicz<\/strong>, A. (2025).\u00a0<a href=\"https:\/\/cbb.uw.edu.pl\/wp-content\/uploads\/2026\/03\/2025-Alichniewicz-Abstract.pdf\"><em>Reclaiming Integ<\/em><\/a><a href=\"https:\/\/cbb.uw.edu.pl\/wp-content\/uploads\/2026\/03\/2025-Alichniewicz-Abstract.pdf\"><em>rity \u2013 the Experience of Intersexuality in the Perspective of Binary Sex\/Gender Normativity<\/em><\/a>. The XVth Conference of the Spanish Society for Phenomenology on\u00a0<i>Normality, normativity, Life-world,\u00a0<\/i>November 12-14, Palma De Mallorca, Spain.<\/li>\n<\/ul>\n<h2><span style=\"color: #1e46bd;\">Project seminars<\/span><\/h2>\n<ul>\n<li>Speaker: <strong>dr Joanna Smolensky<\/strong> (Center for Medical Ethics and Health Policy at Baylor College of Medicine in Houston, TX): <em>Bodily Integrity, Bodily Self-Sovereignty, and Informed Consent<\/em>.\u00a0 March 4, 2026.<\/li>\n<\/ul>\n<p><a href=\"https:\/\/cbb.uw.edu.pl\/wp-content\/uploads\/2026\/02\/Widget-\u2013-Seminar-Integrity.png\"><img loading=\"lazy\" decoding=\"async\" class=\"alignleft size-full wp-image-11852\" src=\"https:\/\/cbb.uw.edu.pl\/wp-content\/uploads\/2026\/02\/Widget-\u2013-Seminar-Integrity.png\" alt=\"\" width=\"1524\" height=\"1063\" srcset=\"https:\/\/cbb.uw.edu.pl\/wp-content\/uploads\/2026\/02\/Widget-\u2013-Seminar-Integrity.png 1524w, https:\/\/cbb.uw.edu.pl\/wp-content\/uploads\/2026\/02\/Widget-\u2013-Seminar-Integrity-300x209.png 300w, https:\/\/cbb.uw.edu.pl\/wp-content\/uploads\/2026\/02\/Widget-\u2013-Seminar-Integrity-1024x714.png 1024w, https:\/\/cbb.uw.edu.pl\/wp-content\/uploads\/2026\/02\/Widget-\u2013-Seminar-Integrity-768x536.png 768w, https:\/\/cbb.uw.edu.pl\/wp-content\/uploads\/2026\/02\/Widget-\u2013-Seminar-Integrity-660x460.png 660w, https:\/\/cbb.uw.edu.pl\/wp-content\/uploads\/2026\/02\/Widget-\u2013-Seminar-Integrity-200x140.png 200w\" sizes=\"auto, (max-width: 1524px) 100vw, 1524px\" \/><\/a><\/p>\n<ul>\n<li><\/li>\n<\/ul>\n","protected":false},"excerpt":{"rendered":"<p>Title: The right to bodily and mental integrity in the era of biomedicine and neurotechnologies \u2013 an integrative bioethical analysis Principal Investigator: dr Joanna R\u00f3\u017cy\u0144skaFunding: National Science Centre, SONATA BIS 13Project no: 2023\/50\/E\/HS1\/00486Duration: 01.2025-01.2029 Research team:\u00a0 dr Joanna R\u00f3\u017cy\u0144ska (University of Warsaw) \u2013 Principal Investigator dr Anna Alichniewicz (Medical University in \u0141odzi) \u2013 Investigator dr\u2026 <span class=\"read-more\"><a href=\"https:\/\/cbb.uw.edu.pl\/en\/grants\/the-right-to-integrity\/\">Read More &raquo;<\/a><\/span><\/p>\n","protected":false},"author":7,"featured_media":0,"parent":829,"menu_order":0,"comment_status":"closed","ping_status":"closed","template":"","meta":{"footnotes":"","_links_to":"","_links_to_target":""},"class_list":["post-11196","page","type-page","status-publish","hentry"],"yoast_head":"<!-- This site is optimized with the Yoast SEO plugin v27.4 - https:\/\/yoast.com\/product\/yoast-seo-wordpress\/ -->\n<title>The right to integrity - Center for Bioethics and Biolaw<\/title>\n<meta name=\"robots\" content=\"index, follow, max-snippet:-1, max-image-preview:large, max-video-preview:-1\" \/>\n<link rel=\"canonical\" href=\"https:\/\/cbb.uw.edu.pl\/en\/grants\/the-right-to-integrity\/\" \/>\n<meta property=\"og:locale\" content=\"en_US\" \/>\n<meta property=\"og:type\" content=\"article\" \/>\n<meta property=\"og:title\" content=\"The right to integrity - Center for Bioethics and Biolaw\" \/>\n<meta property=\"og:description\" content=\"Title: The right to bodily and mental integrity in the era of biomedicine and neurotechnologies \u2013 an integrative bioethical analysis Principal Investigator: dr Joanna R\u00f3\u017cy\u0144skaFunding: National Science Centre, SONATA BIS 13Project no: 2023\/50\/E\/HS1\/00486Duration: 01.2025-01.2029 Research team:\u00a0 dr Joanna R\u00f3\u017cy\u0144ska (University of Warsaw) \u2013 Principal Investigator dr Anna Alichniewicz (Medical University in \u0141odzi) \u2013 Investigator dr\u2026 Read More &raquo;\" \/>\n<meta property=\"og:url\" content=\"https:\/\/cbb.uw.edu.pl\/en\/grants\/the-right-to-integrity\/\" \/>\n<meta property=\"og:site_name\" content=\"Center for Bioethics and Biolaw\" \/>\n<meta property=\"article:modified_time\" content=\"2026-03-30T07:13:12+00:00\" \/>\n<meta property=\"og:image\" content=\"https:\/\/cbb.uw.edu.pl\/wp-content\/uploads\/2025\/03\/Integrity-ENG.png\" \/>\n\t<meta property=\"og:image:width\" content=\"2370\" \/>\n\t<meta property=\"og:image:height\" content=\"520\" \/>\n\t<meta property=\"og:image:type\" content=\"image\/png\" \/>\n<meta name=\"twitter:card\" content=\"summary_large_image\" \/>\n<meta name=\"twitter:label1\" content=\"Est. reading time\" \/>\n\t<meta name=\"twitter:data1\" content=\"4 minutes\" \/>\n<script type=\"application\/ld+json\" class=\"yoast-schema-graph\">{\"@context\":\"https:\\\/\\\/schema.org\",\"@graph\":[{\"@type\":\"WebPage\",\"@id\":\"https:\\\/\\\/cbb.uw.edu.pl\\\/en\\\/grants\\\/the-right-to-integrity\\\/\",\"url\":\"https:\\\/\\\/cbb.uw.edu.pl\\\/en\\\/grants\\\/the-right-to-integrity\\\/\",\"name\":\"The right to integrity - Center for Bioethics and Biolaw\",\"isPartOf\":{\"@id\":\"https:\\\/\\\/cbb.uw.edu.pl\\\/en\\\/#website\"},\"primaryImageOfPage\":{\"@id\":\"https:\\\/\\\/cbb.uw.edu.pl\\\/en\\\/grants\\\/the-right-to-integrity\\\/#primaryimage\"},\"image\":{\"@id\":\"https:\\\/\\\/cbb.uw.edu.pl\\\/en\\\/grants\\\/the-right-to-integrity\\\/#primaryimage\"},\"thumbnailUrl\":\"https:\\\/\\\/cbb.uw.edu.pl\\\/wp-content\\\/uploads\\\/2025\\\/03\\\/Integrity-ENG.png\",\"datePublished\":\"2025-03-28T08:56:30+00:00\",\"dateModified\":\"2026-03-30T07:13:12+00:00\",\"breadcrumb\":{\"@id\":\"https:\\\/\\\/cbb.uw.edu.pl\\\/en\\\/grants\\\/the-right-to-integrity\\\/#breadcrumb\"},\"inLanguage\":\"en-US\",\"potentialAction\":[{\"@type\":\"ReadAction\",\"target\":[\"https:\\\/\\\/cbb.uw.edu.pl\\\/en\\\/grants\\\/the-right-to-integrity\\\/\"]}]},{\"@type\":\"ImageObject\",\"inLanguage\":\"en-US\",\"@id\":\"https:\\\/\\\/cbb.uw.edu.pl\\\/en\\\/grants\\\/the-right-to-integrity\\\/#primaryimage\",\"url\":\"https:\\\/\\\/cbb.uw.edu.pl\\\/wp-content\\\/uploads\\\/2025\\\/03\\\/Integrity-ENG.png\",\"contentUrl\":\"https:\\\/\\\/cbb.uw.edu.pl\\\/wp-content\\\/uploads\\\/2025\\\/03\\\/Integrity-ENG.png\"},{\"@type\":\"BreadcrumbList\",\"@id\":\"https:\\\/\\\/cbb.uw.edu.pl\\\/en\\\/grants\\\/the-right-to-integrity\\\/#breadcrumb\",\"itemListElement\":[{\"@type\":\"ListItem\",\"position\":1,\"name\":\"Strona g\u0142\u00f3wna\",\"item\":\"https:\\\/\\\/cbb.uw.edu.pl\\\/en\\\/\"},{\"@type\":\"ListItem\",\"position\":2,\"name\":\"Projects\",\"item\":\"https:\\\/\\\/cbb.uw.edu.pl\\\/en\\\/grants\\\/\"},{\"@type\":\"ListItem\",\"position\":3,\"name\":\"The right to integrity\"}]},{\"@type\":\"WebSite\",\"@id\":\"https:\\\/\\\/cbb.uw.edu.pl\\\/en\\\/#website\",\"url\":\"https:\\\/\\\/cbb.uw.edu.pl\\\/en\\\/\",\"name\":\"Center for Bioethics and Biolaw\",\"description\":\"Institute of Philosophy, University of Warsaw\",\"potentialAction\":[{\"@type\":\"SearchAction\",\"target\":{\"@type\":\"EntryPoint\",\"urlTemplate\":\"https:\\\/\\\/cbb.uw.edu.pl\\\/en\\\/?s={search_term_string}\"},\"query-input\":{\"@type\":\"PropertyValueSpecification\",\"valueRequired\":true,\"valueName\":\"search_term_string\"}}],\"inLanguage\":\"en-US\"}]}<\/script>\n<!-- \/ Yoast SEO plugin. -->","yoast_head_json":{"title":"The right to integrity - Center for Bioethics and Biolaw","robots":{"index":"index","follow":"follow","max-snippet":"max-snippet:-1","max-image-preview":"max-image-preview:large","max-video-preview":"max-video-preview:-1"},"canonical":"https:\/\/cbb.uw.edu.pl\/en\/grants\/the-right-to-integrity\/","og_locale":"en_US","og_type":"article","og_title":"The right to integrity - Center for Bioethics and Biolaw","og_description":"Title: The right to bodily and mental integrity in the era of biomedicine and neurotechnologies \u2013 an integrative bioethical analysis Principal Investigator: dr Joanna R\u00f3\u017cy\u0144skaFunding: National Science Centre, SONATA BIS 13Project no: 2023\/50\/E\/HS1\/00486Duration: 01.2025-01.2029 Research team:\u00a0 dr Joanna R\u00f3\u017cy\u0144ska (University of Warsaw) \u2013 Principal Investigator dr Anna Alichniewicz (Medical University in \u0141odzi) \u2013 Investigator dr\u2026 Read More &raquo;","og_url":"https:\/\/cbb.uw.edu.pl\/en\/grants\/the-right-to-integrity\/","og_site_name":"Center for Bioethics and Biolaw","article_modified_time":"2026-03-30T07:13:12+00:00","og_image":[{"width":2370,"height":520,"url":"https:\/\/cbb.uw.edu.pl\/wp-content\/uploads\/2025\/03\/Integrity-ENG.png","type":"image\/png"}],"twitter_card":"summary_large_image","twitter_misc":{"Est. reading time":"4 minutes"},"schema":{"@context":"https:\/\/schema.org","@graph":[{"@type":"WebPage","@id":"https:\/\/cbb.uw.edu.pl\/en\/grants\/the-right-to-integrity\/","url":"https:\/\/cbb.uw.edu.pl\/en\/grants\/the-right-to-integrity\/","name":"The right to integrity - Center for Bioethics and Biolaw","isPartOf":{"@id":"https:\/\/cbb.uw.edu.pl\/en\/#website"},"primaryImageOfPage":{"@id":"https:\/\/cbb.uw.edu.pl\/en\/grants\/the-right-to-integrity\/#primaryimage"},"image":{"@id":"https:\/\/cbb.uw.edu.pl\/en\/grants\/the-right-to-integrity\/#primaryimage"},"thumbnailUrl":"https:\/\/cbb.uw.edu.pl\/wp-content\/uploads\/2025\/03\/Integrity-ENG.png","datePublished":"2025-03-28T08:56:30+00:00","dateModified":"2026-03-30T07:13:12+00:00","breadcrumb":{"@id":"https:\/\/cbb.uw.edu.pl\/en\/grants\/the-right-to-integrity\/#breadcrumb"},"inLanguage":"en-US","potentialAction":[{"@type":"ReadAction","target":["https:\/\/cbb.uw.edu.pl\/en\/grants\/the-right-to-integrity\/"]}]},{"@type":"ImageObject","inLanguage":"en-US","@id":"https:\/\/cbb.uw.edu.pl\/en\/grants\/the-right-to-integrity\/#primaryimage","url":"https:\/\/cbb.uw.edu.pl\/wp-content\/uploads\/2025\/03\/Integrity-ENG.png","contentUrl":"https:\/\/cbb.uw.edu.pl\/wp-content\/uploads\/2025\/03\/Integrity-ENG.png"},{"@type":"BreadcrumbList","@id":"https:\/\/cbb.uw.edu.pl\/en\/grants\/the-right-to-integrity\/#breadcrumb","itemListElement":[{"@type":"ListItem","position":1,"name":"Strona g\u0142\u00f3wna","item":"https:\/\/cbb.uw.edu.pl\/en\/"},{"@type":"ListItem","position":2,"name":"Projects","item":"https:\/\/cbb.uw.edu.pl\/en\/grants\/"},{"@type":"ListItem","position":3,"name":"The right to integrity"}]},{"@type":"WebSite","@id":"https:\/\/cbb.uw.edu.pl\/en\/#website","url":"https:\/\/cbb.uw.edu.pl\/en\/","name":"Center for Bioethics and Biolaw","description":"Institute of Philosophy, University of Warsaw","potentialAction":[{"@type":"SearchAction","target":{"@type":"EntryPoint","urlTemplate":"https:\/\/cbb.uw.edu.pl\/en\/?s={search_term_string}"},"query-input":{"@type":"PropertyValueSpecification","valueRequired":true,"valueName":"search_term_string"}}],"inLanguage":"en-US"}]}},"_links":{"self":[{"href":"https:\/\/cbb.uw.edu.pl\/en\/wp-json\/wp\/v2\/pages\/11196","targetHints":{"allow":["GET"]}}],"collection":[{"href":"https:\/\/cbb.uw.edu.pl\/en\/wp-json\/wp\/v2\/pages"}],"about":[{"href":"https:\/\/cbb.uw.edu.pl\/en\/wp-json\/wp\/v2\/types\/page"}],"author":[{"embeddable":true,"href":"https:\/\/cbb.uw.edu.pl\/en\/wp-json\/wp\/v2\/users\/7"}],"replies":[{"embeddable":true,"href":"https:\/\/cbb.uw.edu.pl\/en\/wp-json\/wp\/v2\/comments?post=11196"}],"version-history":[{"count":31,"href":"https:\/\/cbb.uw.edu.pl\/en\/wp-json\/wp\/v2\/pages\/11196\/revisions"}],"predecessor-version":[{"id":11885,"href":"https:\/\/cbb.uw.edu.pl\/en\/wp-json\/wp\/v2\/pages\/11196\/revisions\/11885"}],"up":[{"embeddable":true,"href":"https:\/\/cbb.uw.edu.pl\/en\/wp-json\/wp\/v2\/pages\/829"}],"wp:attachment":[{"href":"https:\/\/cbb.uw.edu.pl\/en\/wp-json\/wp\/v2\/media?parent=11196"}],"curies":[{"name":"wp","href":"https:\/\/api.w.org\/{rel}","templated":true}]}}