{"id":11132,"date":"2025-01-14T09:57:20","date_gmt":"2025-01-14T09:57:20","guid":{"rendered":"https:\/\/cbb.uw.edu.pl\/?page_id=11132"},"modified":"2025-01-14T10:57:06","modified_gmt":"2025-01-14T10:57:06","slug":"the-problem-of-imitation-in-human-ai-emotional-relations","status":"publish","type":"page","link":"https:\/\/cbb.uw.edu.pl\/en\/grants\/the-problem-of-imitation-in-human-ai-emotional-relations\/","title":{"rendered":"The problem of imitation in human-AI emotional relations"},"content":{"rendered":"<p><strong><span style=\"color: #ff0000;\">PROJECT SETTLED\u00a0<\/span><\/strong><\/p>\n<p>Project title: <strong>The problem of imitation in human-AI emotional relations<\/strong><br \/>\nPrincipal investigator: <strong>d<\/strong><strong>r Emilia Kaczmarek<\/strong><br \/>\nFinancing: UW, IDUB POB-IV<br \/>\nProject Period: 2022-2023<br \/>\nGrant no. 501-D117-20-4004310<\/p>\n<p><strong>Project goals: <\/strong>Thanks to the development of artificial intelligence, social robots, and chatbots, there are more and more devices with which people can engage in emotional relationships. Currently, these devices are not capable of reciprocating human emotions; however, they can respond in a way that seems as if they harbor feelings toward their users. This phenomenon raises the question of the moral evaluation of emotional relationships between humans and artificial intelligence entities that give their users the illusion of reciprocity. The aim of the project is to examine whether these relationships are indeed deceptive in nature and whether this issue may justify restrictions on the development of technologies designed to evoke emotions in humans. Throughout the project, a thorough analysis of the &#8220;deception&#8221; arguments raised in the debate on the ethical aspects of emotional relationships between humans and artificial intelligence will be conducted.<\/p>\n<p><strong>Keywords:<\/strong> AI ethics, social chatbots, AI-girlfriend, AI-friends, social robots, self-deception, robotic deception<\/p>\n<hr \/>\n<p>Publication of the project results<\/p>\n<p><strong>Papers:<\/strong><\/p>\n<ul>\n<li><strong>Kaczmarek<\/strong>, E. (2024). Self-Deception in Human\u2013AI Emotional Relations, <em>Journal of Applied Philosophy, <\/em><a href=\"https:\/\/doi.org\/10.1111\/japp.12786\">doi:\u00a010.1007\/s11019-018-9850-1<\/a><\/li>\n<\/ul>\n<p><strong>Conference presentations:<\/strong><\/p>\n<ul>\n<li><strong>Kaczmarek, E.,<\/strong> <em>The problem of deception in human-AI emotional relations<\/em> at Harvard University during the Tech Ethics eXchange NorthEast (te\u03c7n\u0113) scientific conference, organized by Social and Ethical Responsibilities of Computing at MIT, the Ethics Institute at Northeastern University, and Embedded EthiCS at Harvard University, on May 18\u201319, 2023.<\/li>\n<li><strong>Kaczmarek,<\/strong> E., <em>Fighting loneliness with chatbots? Ethics of self-deception<\/em>, The annual EACME Conference, University of Warsaw, 14\u201316 September 2023<\/li>\n<li><strong>Kaczmarek, E.<\/strong>, <em>Comparing the risks of under-attributing and over-attributing moral status to AI, <\/em>AI-Phi-Rel 2024 Conference, University of Warsaw.<\/li>\n<\/ul>\n<p>&nbsp;<\/p>\n<p><strong>Popularization of results:<\/strong><\/p>\n<ul>\n<li>Kaczmarek, E., <a href=\"https:\/\/kulturaliberalna.pl\/2023\/03\/28\/kaczmarek-idealny-przyjaciel-bot\/\">Idealny przyjaciel bot?<\/a>, Kultura Liberalna, Nr 742 (12\/2023)<\/li>\n<li><a href=\"https:\/\/podcasts.apple.com\/us\/podcast\/czy-ai-nale%C5%BC%C4%85-si%C4%99-prawa-i-jak-sprawdzi%C4%87-kiedy-b%C4%99dzie\/id1774464923?i=1000681275526\">Podcast, Cybe(r)ewolucja<\/a>, Czy AI nale\u017c\u0105 si\u0119 prawa i jak sprawdzi\u0107, kiedy b\u0119dzie \u015bwiadoma?,<br \/>\n<a href=\"https:\/\/wyborcza.biz\/biznes\/7,177150,31558118,czy-ai-powinna-miec-prawo-do-zycia-jesli-odczuwa-cierpienie.html\">Wyborcza.biz<\/a>, 2024<\/li>\n<li>Conducting a seminar at the Faculty of Philosophy, University of Warsaw, titled &#8216;Human-AI Emotional Interaction: Ethics of Self-Deception&#8217; (2023)<\/li>\n<\/ul>\n","protected":false},"excerpt":{"rendered":"<p>PROJECT SETTLED\u00a0 Project title: The problem of imitation in human-AI emotional relations Principal investigator: dr Emilia Kaczmarek Financing: UW, IDUB POB-IV Project Period: 2022-2023 Grant no. 501-D117-20-4004310 Project goals: Thanks to the development of artificial intelligence, social robots, and chatbots, there are more and more devices with which people can engage in emotional relationships. Currently,\u2026 <span class=\"read-more\"><a href=\"https:\/\/cbb.uw.edu.pl\/en\/grants\/the-problem-of-imitation-in-human-ai-emotional-relations\/\">Read More &raquo;<\/a><\/span><\/p>\n","protected":false},"author":9,"featured_media":0,"parent":829,"menu_order":3,"comment_status":"closed","ping_status":"closed","template":"","meta":{"footnotes":"","_links_to":"","_links_to_target":""},"class_list":["post-11132","page","type-page","status-publish","hentry"],"yoast_head":"<!-- This site is optimized with the Yoast SEO plugin v27.4 - https:\/\/yoast.com\/product\/yoast-seo-wordpress\/ -->\n<title>The problem of imitation in human-AI emotional relations - Center for Bioethics and Biolaw<\/title>\n<meta name=\"robots\" content=\"index, follow, max-snippet:-1, max-image-preview:large, max-video-preview:-1\" \/>\n<link rel=\"canonical\" href=\"https:\/\/cbb.uw.edu.pl\/en\/grants\/the-problem-of-imitation-in-human-ai-emotional-relations\/\" \/>\n<meta property=\"og:locale\" content=\"en_US\" \/>\n<meta property=\"og:type\" content=\"article\" \/>\n<meta property=\"og:title\" content=\"The problem of imitation in human-AI emotional relations - Center for Bioethics and Biolaw\" \/>\n<meta property=\"og:description\" content=\"PROJECT SETTLED\u00a0 Project title: The problem of imitation in human-AI emotional relations Principal investigator: dr Emilia Kaczmarek Financing: UW, IDUB POB-IV Project Period: 2022-2023 Grant no. 501-D117-20-4004310 Project goals: Thanks to the development of artificial intelligence, social robots, and chatbots, there are more and more devices with which people can engage in emotional relationships. Currently,\u2026 Read More &raquo;\" \/>\n<meta property=\"og:url\" content=\"https:\/\/cbb.uw.edu.pl\/en\/grants\/the-problem-of-imitation-in-human-ai-emotional-relations\/\" \/>\n<meta property=\"og:site_name\" content=\"Center for Bioethics and Biolaw\" \/>\n<meta property=\"article:modified_time\" content=\"2025-01-14T10:57:06+00:00\" \/>\n<meta name=\"twitter:card\" content=\"summary_large_image\" \/>\n<meta name=\"twitter:label1\" content=\"Est. reading time\" \/>\n\t<meta name=\"twitter:data1\" content=\"3 minutes\" \/>\n<script type=\"application\/ld+json\" class=\"yoast-schema-graph\">{\"@context\":\"https:\\\/\\\/schema.org\",\"@graph\":[{\"@type\":\"WebPage\",\"@id\":\"https:\\\/\\\/cbb.uw.edu.pl\\\/en\\\/grants\\\/the-problem-of-imitation-in-human-ai-emotional-relations\\\/\",\"url\":\"https:\\\/\\\/cbb.uw.edu.pl\\\/en\\\/grants\\\/the-problem-of-imitation-in-human-ai-emotional-relations\\\/\",\"name\":\"The problem of imitation in human-AI emotional relations - Center for Bioethics and Biolaw\",\"isPartOf\":{\"@id\":\"https:\\\/\\\/cbb.uw.edu.pl\\\/en\\\/#website\"},\"datePublished\":\"2025-01-14T09:57:20+00:00\",\"dateModified\":\"2025-01-14T10:57:06+00:00\",\"breadcrumb\":{\"@id\":\"https:\\\/\\\/cbb.uw.edu.pl\\\/en\\\/grants\\\/the-problem-of-imitation-in-human-ai-emotional-relations\\\/#breadcrumb\"},\"inLanguage\":\"en-US\",\"potentialAction\":[{\"@type\":\"ReadAction\",\"target\":[\"https:\\\/\\\/cbb.uw.edu.pl\\\/en\\\/grants\\\/the-problem-of-imitation-in-human-ai-emotional-relations\\\/\"]}]},{\"@type\":\"BreadcrumbList\",\"@id\":\"https:\\\/\\\/cbb.uw.edu.pl\\\/en\\\/grants\\\/the-problem-of-imitation-in-human-ai-emotional-relations\\\/#breadcrumb\",\"itemListElement\":[{\"@type\":\"ListItem\",\"position\":1,\"name\":\"Strona g\u0142\u00f3wna\",\"item\":\"https:\\\/\\\/cbb.uw.edu.pl\\\/en\\\/\"},{\"@type\":\"ListItem\",\"position\":2,\"name\":\"Projects\",\"item\":\"https:\\\/\\\/cbb.uw.edu.pl\\\/en\\\/grants\\\/\"},{\"@type\":\"ListItem\",\"position\":3,\"name\":\"The problem of imitation in human-AI emotional relations\"}]},{\"@type\":\"WebSite\",\"@id\":\"https:\\\/\\\/cbb.uw.edu.pl\\\/en\\\/#website\",\"url\":\"https:\\\/\\\/cbb.uw.edu.pl\\\/en\\\/\",\"name\":\"Center for Bioethics and Biolaw\",\"description\":\"Institute of Philosophy, University of Warsaw\",\"potentialAction\":[{\"@type\":\"SearchAction\",\"target\":{\"@type\":\"EntryPoint\",\"urlTemplate\":\"https:\\\/\\\/cbb.uw.edu.pl\\\/en\\\/?s={search_term_string}\"},\"query-input\":{\"@type\":\"PropertyValueSpecification\",\"valueRequired\":true,\"valueName\":\"search_term_string\"}}],\"inLanguage\":\"en-US\"}]}<\/script>\n<!-- \/ Yoast SEO plugin. -->","yoast_head_json":{"title":"The problem of imitation in human-AI emotional relations - Center for Bioethics and Biolaw","robots":{"index":"index","follow":"follow","max-snippet":"max-snippet:-1","max-image-preview":"max-image-preview:large","max-video-preview":"max-video-preview:-1"},"canonical":"https:\/\/cbb.uw.edu.pl\/en\/grants\/the-problem-of-imitation-in-human-ai-emotional-relations\/","og_locale":"en_US","og_type":"article","og_title":"The problem of imitation in human-AI emotional relations - Center for Bioethics and Biolaw","og_description":"PROJECT SETTLED\u00a0 Project title: The problem of imitation in human-AI emotional relations Principal investigator: dr Emilia Kaczmarek Financing: UW, IDUB POB-IV Project Period: 2022-2023 Grant no. 501-D117-20-4004310 Project goals: Thanks to the development of artificial intelligence, social robots, and chatbots, there are more and more devices with which people can engage in emotional relationships. Currently,\u2026 Read More &raquo;","og_url":"https:\/\/cbb.uw.edu.pl\/en\/grants\/the-problem-of-imitation-in-human-ai-emotional-relations\/","og_site_name":"Center for Bioethics and Biolaw","article_modified_time":"2025-01-14T10:57:06+00:00","twitter_card":"summary_large_image","twitter_misc":{"Est. reading time":"3 minutes"},"schema":{"@context":"https:\/\/schema.org","@graph":[{"@type":"WebPage","@id":"https:\/\/cbb.uw.edu.pl\/en\/grants\/the-problem-of-imitation-in-human-ai-emotional-relations\/","url":"https:\/\/cbb.uw.edu.pl\/en\/grants\/the-problem-of-imitation-in-human-ai-emotional-relations\/","name":"The problem of imitation in human-AI emotional relations - Center for Bioethics and Biolaw","isPartOf":{"@id":"https:\/\/cbb.uw.edu.pl\/en\/#website"},"datePublished":"2025-01-14T09:57:20+00:00","dateModified":"2025-01-14T10:57:06+00:00","breadcrumb":{"@id":"https:\/\/cbb.uw.edu.pl\/en\/grants\/the-problem-of-imitation-in-human-ai-emotional-relations\/#breadcrumb"},"inLanguage":"en-US","potentialAction":[{"@type":"ReadAction","target":["https:\/\/cbb.uw.edu.pl\/en\/grants\/the-problem-of-imitation-in-human-ai-emotional-relations\/"]}]},{"@type":"BreadcrumbList","@id":"https:\/\/cbb.uw.edu.pl\/en\/grants\/the-problem-of-imitation-in-human-ai-emotional-relations\/#breadcrumb","itemListElement":[{"@type":"ListItem","position":1,"name":"Strona g\u0142\u00f3wna","item":"https:\/\/cbb.uw.edu.pl\/en\/"},{"@type":"ListItem","position":2,"name":"Projects","item":"https:\/\/cbb.uw.edu.pl\/en\/grants\/"},{"@type":"ListItem","position":3,"name":"The problem of imitation in human-AI emotional relations"}]},{"@type":"WebSite","@id":"https:\/\/cbb.uw.edu.pl\/en\/#website","url":"https:\/\/cbb.uw.edu.pl\/en\/","name":"Center for Bioethics and Biolaw","description":"Institute of Philosophy, University of Warsaw","potentialAction":[{"@type":"SearchAction","target":{"@type":"EntryPoint","urlTemplate":"https:\/\/cbb.uw.edu.pl\/en\/?s={search_term_string}"},"query-input":{"@type":"PropertyValueSpecification","valueRequired":true,"valueName":"search_term_string"}}],"inLanguage":"en-US"}]}},"_links":{"self":[{"href":"https:\/\/cbb.uw.edu.pl\/en\/wp-json\/wp\/v2\/pages\/11132","targetHints":{"allow":["GET"]}}],"collection":[{"href":"https:\/\/cbb.uw.edu.pl\/en\/wp-json\/wp\/v2\/pages"}],"about":[{"href":"https:\/\/cbb.uw.edu.pl\/en\/wp-json\/wp\/v2\/types\/page"}],"author":[{"embeddable":true,"href":"https:\/\/cbb.uw.edu.pl\/en\/wp-json\/wp\/v2\/users\/9"}],"replies":[{"embeddable":true,"href":"https:\/\/cbb.uw.edu.pl\/en\/wp-json\/wp\/v2\/comments?post=11132"}],"version-history":[{"count":2,"href":"https:\/\/cbb.uw.edu.pl\/en\/wp-json\/wp\/v2\/pages\/11132\/revisions"}],"predecessor-version":[{"id":11155,"href":"https:\/\/cbb.uw.edu.pl\/en\/wp-json\/wp\/v2\/pages\/11132\/revisions\/11155"}],"up":[{"embeddable":true,"href":"https:\/\/cbb.uw.edu.pl\/en\/wp-json\/wp\/v2\/pages\/829"}],"wp:attachment":[{"href":"https:\/\/cbb.uw.edu.pl\/en\/wp-json\/wp\/v2\/media?parent=11132"}],"curies":[{"name":"wp","href":"https:\/\/api.w.org\/{rel}","templated":true}]}}