{"id":10889,"date":"2024-03-21T11:02:14","date_gmt":"2024-03-21T11:02:14","guid":{"rendered":"https:\/\/cbb.uw.edu.pl\/?page_id=10889"},"modified":"2024-03-21T12:27:19","modified_gmt":"2024-03-21T12:27:19","slug":"justice-health","status":"publish","type":"page","link":"https:\/\/cbb.uw.edu.pl\/en\/justice-health\/","title":{"rendered":"Justice and health"},"content":{"rendered":"<h2>Access to healthcare<\/h2>\n<ul>\n<li>Ram\u0161ak, M., Orzechowski, M., <strong>Bieli\u0144ska,<\/strong> K.,<strong> Chowaniec<\/strong>, A., Dori\u010di\u0107, R., Nowak, M., Skuban-Eiseler, T., Tuti\u0107 Grok\u0161a, I., <strong>\u0141uk\u00f3w<\/strong>, P., Muzur A, Zupani\u010d-Slavec, Z. and Steger, F. (2023). <a href=\"https:\/\/www.frontiersin.org\/journals\/public-health\/articles\/10.3389\/fpubh.2023.1204854\/full\">Diversity awareness, diversity competency and access to healthcare for minority groups: perspectives of healthcare professionals in Croatia, Germany, Poland, and Slovenia.<\/a>\u00a0<i>Front. Public Health<\/i>. 11:1204854. doi: 10.3389\/fpubh.2023.1204854<\/li>\n<li><strong><span style=\"color: #3366ff;\">BOOK:<\/span><\/strong> Ram\u0161ak, M., <strong>\u0141uk\u00f3w<\/strong>, P., Muzur A., Steger, F. [eds.] (2022). <i>Social diversity and access to healthcare<\/i>. Verlag Karl Alber.<\/li>\n<li><strong>Bieli\u0144ska<\/strong>, K., <strong>Chowaniec<\/strong>, A., Dori\u010di\u0107, R., Nowak, M., Orzechowski, M., Ram\u0161ak, M., &#8230; &amp; Steger, F. (2022). <a href=\"https:\/\/bmchealthservres.biomedcentral.com\/articles\/10.1186\/s12913-021-07453-6\">Equal access to healthcare in national legislations: how do Croatia, Germany, Poland, and Slovenia counteract discrimination in healthcare?<\/a>.\u00a0<i>BMC Health Services Research<\/i>,\u00a0<i>22<\/i>(1): 1-11.<\/li>\n<li>Dori\u010di\u0107, R., Orzechowski, M., Nowak, M., Tuti\u0107 Grok\u0161a, I., <strong>Bieli\u0144ska<\/strong>, K., <strong>Chowaniec<\/strong>, A., Ram\u0161ak, M., <strong>\u0141uk\u00f3w<\/strong>, P., Muzur, A.,\u00a0 Zupani\u010d-Slavec, Z., Steger, F. (2021). <a href=\"https:\/\/www.mdpi.com\/1660-4601\/18\/22\/11847\">Diversity Competency and Access to Healthcare in Hospitals in Croatia, Germany, Poland, and Slovenia<\/a>. <em>International Journal of Environmental Research and Public Health<\/em> 18: 11847. https:\/\/doi.org\/10.3390\/ijerph182211847<\/li>\n<li><span style=\"color: #3366ff;\"><strong>BOOK:<\/strong><\/span>\u00a0<strong>\u0141uk\u00f3w<\/strong>,P., Muzur, A., Zupanic Slavec, Z., Steger, F., [eds.] (2021).<em> Equal Access to Healthcare in Europe<\/em>, Scholar.<\/li>\n<li>Orzechowski, M., Nowak, M., <strong>Bieli\u0144ska<\/strong>, K., <strong>Chowaniec<\/strong>, A., Dori\u010di\u0107, R., Ram\u0161ak, M., <strong>\u0141uk\u00f3w<\/strong>, P., Muzur, M., Zupani\u010d-Slavec, Z., Steger, F., (2020).<a href=\"https:\/\/doi.org\/10.1186\/s12889-020-09494-8\"> Social diversity and access to healthcare in Europe: how does European Union\u2019s legislation prevent from discrimination in healthcare<\/a>? <em>BMC Public Health<\/em> 20:1399. https:\/\/doi.org\/10.1186\/s12889-020-09494-8<\/li>\n<\/ul>\n<h2>Generalia<\/h2>\n<ul>\n<li><strong>Bieli\u0144ska<\/strong>, K. (2022). <a href=\"https:\/\/kwartalnik.irwirpan.waw.pl\/wir\/article\/view\/859\">Od r\u00f3wnego dost\u0119pu do sprawiedliwo\u015bci zdrowotnej.<\/a> <i>Wie\u015b i Rolnictwo <\/i>4 (197): 63-75.<\/li>\n<li><strong>\u0141uk\u00f3w<\/strong>, P. (2014). <a href=\"http:\/\/www.wydawnictwopzwl.pl\/promocje\/sesja-letnia-do-20\/filozofia\/prd,etyka-medyczna-z-elementami-filozofii,rid,10991.html\">Sprawiedliwo\u015b\u0107 w medycynie i prawo do opieki zdrowotnej<\/a>. In:\u00a0P. \u0141uk\u00f3w\u00a0&amp; T. Pasierski, <em>Etyka medyczna z elementami filozofii<\/em>. Warszawa: Wydawnictwo Lekarskie PZWL, pp. 121\u2013132.<\/li>\n<li><strong>\u0141uk\u00f3w<\/strong>, P. (2012). <a href=\"https:\/\/www.rpo.gov.pl\/sites\/default\/files\/Biuletyn%20RPO-Materia%C5%82y%20nr%2071.pdf\">Sprawiedliwo\u015b\u0107 czyli r\u00f3wne traktowanie<\/a>. <em>Biuletyn Rzecznika Praw Obywatelskich <\/em>&#8211;<em> Materia\u0142y\u00a0<\/em>[Debaty Jana Nowaka-Jeziora\u0144skiego. Rozmowy o warto\u015bciach: Godno\u015b\u0107, Wolno\u015b\u0107, Sprawiedliwo\u015b\u0107] 71,\u00a081\u201383.<\/li>\n<li><strong>\u0141uk\u00f3w<\/strong>, P. (2010). <a href=\"http:\/\/www.diametros.iphils.uj.edu.pl\/index.php\/diametros\/article\/view\/419\/pl\">Kim s\u0105 potrzebuj\u0105cy pomocy?<\/a> <em>Diametros &#8211; An Online Journal of Philosophy<\/em>, (26), 154\u2013165.<\/li>\n<li><strong>\u0141uk\u00f3w<\/strong>, P. (2006). <a href=\"http:\/\/www.prawoimedycyna.pl\/sklep\/166\/racjonowanie-opieki-medycznej-na-oddzialach-intensywnej-terapii--nr-22\">Racjonowanie opieki medycznej na Oddzia\u0142ach Intensywnej Terapii<\/a>. <em>Prawo i Medycyna<\/em>, 8(22), 78\u201390.<\/li>\n<li><strong>\u0141uk\u00f3w<\/strong>, P. (2004). Racjonowanie \u015bwiadcze\u0144 a troska o dobro pacjenta. <em>Zeszyty Naukowe Ochrony Zdrowia Zdrowie Publiczne i Zarz\u0105dzanie<\/em>, II(1), 1\u20137.<\/li>\n<li><strong>\u0141uk\u00f3w<\/strong>, P. (2004). <a href=\"http:\/\/www.prawoimedycyna.pl\/sklep\/247\/racjonowanie-swiadczen-a-obowiazek-troski-o-dobro-pacjenta--nr-15\">Racjonowanie \u015bwiadcze\u0144 a obowi\u0105zek troski o dobro pacjenta<\/a>. <em>Prawo i Medycyna<\/em>, 7(15), 17\u201329.<\/li>\n<\/ul>\n","protected":false},"excerpt":{"rendered":"<p>Access to healthcare Ram\u0161ak, M., Orzechowski, M., Bieli\u0144ska, K., Chowaniec, A., Dori\u010di\u0107, R., Nowak, M., Skuban-Eiseler, T., Tuti\u0107 Grok\u0161a, I., \u0141uk\u00f3w, P., Muzur A, Zupani\u010d-Slavec, Z. and Steger, F. (2023). Diversity awareness, diversity competency and access to healthcare for minority groups: perspectives of healthcare professionals in Croatia, Germany, Poland, and Slovenia.\u00a0Front. Public Health. 11:1204854. doi:\u2026 <span class=\"read-more\"><a href=\"https:\/\/cbb.uw.edu.pl\/en\/justice-health\/\">Read More &raquo;<\/a><\/span><\/p>\n","protected":false},"author":7,"featured_media":0,"parent":0,"menu_order":0,"comment_status":"closed","ping_status":"closed","template":"","meta":{"footnotes":"","_links_to":"","_links_to_target":""},"class_list":["post-10889","page","type-page","status-publish","hentry"],"yoast_head":"<!-- This site is optimized with the Yoast SEO plugin v27.4 - https:\/\/yoast.com\/product\/yoast-seo-wordpress\/ -->\n<title>Justice and health - Center for Bioethics and Biolaw<\/title>\n<meta name=\"robots\" content=\"index, follow, max-snippet:-1, max-image-preview:large, max-video-preview:-1\" \/>\n<link rel=\"canonical\" href=\"https:\/\/cbb.uw.edu.pl\/en\/justice-health\/\" \/>\n<meta property=\"og:locale\" content=\"en_US\" \/>\n<meta property=\"og:type\" content=\"article\" \/>\n<meta property=\"og:title\" content=\"Justice and health - Center for Bioethics and Biolaw\" \/>\n<meta property=\"og:description\" content=\"Access to healthcare Ram\u0161ak, M., Orzechowski, M., Bieli\u0144ska, K., Chowaniec, A., Dori\u010di\u0107, R., Nowak, M., Skuban-Eiseler, T., Tuti\u0107 Grok\u0161a, I., \u0141uk\u00f3w, P., Muzur A, Zupani\u010d-Slavec, Z. and Steger, F. (2023). Diversity awareness, diversity competency and access to healthcare for minority groups: perspectives of healthcare professionals in Croatia, Germany, Poland, and Slovenia.\u00a0Front. Public Health. 11:1204854. doi:\u2026 Read More &raquo;\" \/>\n<meta property=\"og:url\" content=\"https:\/\/cbb.uw.edu.pl\/en\/justice-health\/\" \/>\n<meta property=\"og:site_name\" content=\"Center for Bioethics and Biolaw\" \/>\n<meta property=\"article:modified_time\" content=\"2024-03-21T12:27:19+00:00\" \/>\n<meta name=\"twitter:card\" content=\"summary_large_image\" \/>\n<meta name=\"twitter:label1\" content=\"Est. reading time\" \/>\n\t<meta name=\"twitter:data1\" content=\"3 minutes\" \/>\n<script type=\"application\/ld+json\" class=\"yoast-schema-graph\">{\"@context\":\"https:\\\/\\\/schema.org\",\"@graph\":[{\"@type\":\"WebPage\",\"@id\":\"https:\\\/\\\/cbb.uw.edu.pl\\\/en\\\/justice-health\\\/\",\"url\":\"https:\\\/\\\/cbb.uw.edu.pl\\\/en\\\/justice-health\\\/\",\"name\":\"Justice and health - Center for Bioethics and Biolaw\",\"isPartOf\":{\"@id\":\"https:\\\/\\\/cbb.uw.edu.pl\\\/en\\\/#website\"},\"datePublished\":\"2024-03-21T11:02:14+00:00\",\"dateModified\":\"2024-03-21T12:27:19+00:00\",\"breadcrumb\":{\"@id\":\"https:\\\/\\\/cbb.uw.edu.pl\\\/en\\\/justice-health\\\/#breadcrumb\"},\"inLanguage\":\"en-US\",\"potentialAction\":[{\"@type\":\"ReadAction\",\"target\":[\"https:\\\/\\\/cbb.uw.edu.pl\\\/en\\\/justice-health\\\/\"]}]},{\"@type\":\"BreadcrumbList\",\"@id\":\"https:\\\/\\\/cbb.uw.edu.pl\\\/en\\\/justice-health\\\/#breadcrumb\",\"itemListElement\":[{\"@type\":\"ListItem\",\"position\":1,\"name\":\"Strona g\u0142\u00f3wna\",\"item\":\"https:\\\/\\\/cbb.uw.edu.pl\\\/en\\\/\"},{\"@type\":\"ListItem\",\"position\":2,\"name\":\"Justice and health\"}]},{\"@type\":\"WebSite\",\"@id\":\"https:\\\/\\\/cbb.uw.edu.pl\\\/en\\\/#website\",\"url\":\"https:\\\/\\\/cbb.uw.edu.pl\\\/en\\\/\",\"name\":\"Center for Bioethics and Biolaw\",\"description\":\"Institute of Philosophy, University of Warsaw\",\"potentialAction\":[{\"@type\":\"SearchAction\",\"target\":{\"@type\":\"EntryPoint\",\"urlTemplate\":\"https:\\\/\\\/cbb.uw.edu.pl\\\/en\\\/?s={search_term_string}\"},\"query-input\":{\"@type\":\"PropertyValueSpecification\",\"valueRequired\":true,\"valueName\":\"search_term_string\"}}],\"inLanguage\":\"en-US\"}]}<\/script>\n<!-- \/ Yoast SEO plugin. -->","yoast_head_json":{"title":"Justice and health - Center for Bioethics and Biolaw","robots":{"index":"index","follow":"follow","max-snippet":"max-snippet:-1","max-image-preview":"max-image-preview:large","max-video-preview":"max-video-preview:-1"},"canonical":"https:\/\/cbb.uw.edu.pl\/en\/justice-health\/","og_locale":"en_US","og_type":"article","og_title":"Justice and health - Center for Bioethics and Biolaw","og_description":"Access to healthcare Ram\u0161ak, M., Orzechowski, M., Bieli\u0144ska, K., Chowaniec, A., Dori\u010di\u0107, R., Nowak, M., Skuban-Eiseler, T., Tuti\u0107 Grok\u0161a, I., \u0141uk\u00f3w, P., Muzur A, Zupani\u010d-Slavec, Z. and Steger, F. (2023). Diversity awareness, diversity competency and access to healthcare for minority groups: perspectives of healthcare professionals in Croatia, Germany, Poland, and Slovenia.\u00a0Front. Public Health. 11:1204854. doi:\u2026 Read More &raquo;","og_url":"https:\/\/cbb.uw.edu.pl\/en\/justice-health\/","og_site_name":"Center for Bioethics and Biolaw","article_modified_time":"2024-03-21T12:27:19+00:00","twitter_card":"summary_large_image","twitter_misc":{"Est. reading time":"3 minutes"},"schema":{"@context":"https:\/\/schema.org","@graph":[{"@type":"WebPage","@id":"https:\/\/cbb.uw.edu.pl\/en\/justice-health\/","url":"https:\/\/cbb.uw.edu.pl\/en\/justice-health\/","name":"Justice and health - Center for Bioethics and Biolaw","isPartOf":{"@id":"https:\/\/cbb.uw.edu.pl\/en\/#website"},"datePublished":"2024-03-21T11:02:14+00:00","dateModified":"2024-03-21T12:27:19+00:00","breadcrumb":{"@id":"https:\/\/cbb.uw.edu.pl\/en\/justice-health\/#breadcrumb"},"inLanguage":"en-US","potentialAction":[{"@type":"ReadAction","target":["https:\/\/cbb.uw.edu.pl\/en\/justice-health\/"]}]},{"@type":"BreadcrumbList","@id":"https:\/\/cbb.uw.edu.pl\/en\/justice-health\/#breadcrumb","itemListElement":[{"@type":"ListItem","position":1,"name":"Strona g\u0142\u00f3wna","item":"https:\/\/cbb.uw.edu.pl\/en\/"},{"@type":"ListItem","position":2,"name":"Justice and health"}]},{"@type":"WebSite","@id":"https:\/\/cbb.uw.edu.pl\/en\/#website","url":"https:\/\/cbb.uw.edu.pl\/en\/","name":"Center for Bioethics and Biolaw","description":"Institute of Philosophy, University of Warsaw","potentialAction":[{"@type":"SearchAction","target":{"@type":"EntryPoint","urlTemplate":"https:\/\/cbb.uw.edu.pl\/en\/?s={search_term_string}"},"query-input":{"@type":"PropertyValueSpecification","valueRequired":true,"valueName":"search_term_string"}}],"inLanguage":"en-US"}]}},"_links":{"self":[{"href":"https:\/\/cbb.uw.edu.pl\/en\/wp-json\/wp\/v2\/pages\/10889","targetHints":{"allow":["GET"]}}],"collection":[{"href":"https:\/\/cbb.uw.edu.pl\/en\/wp-json\/wp\/v2\/pages"}],"about":[{"href":"https:\/\/cbb.uw.edu.pl\/en\/wp-json\/wp\/v2\/types\/page"}],"author":[{"embeddable":true,"href":"https:\/\/cbb.uw.edu.pl\/en\/wp-json\/wp\/v2\/users\/7"}],"replies":[{"embeddable":true,"href":"https:\/\/cbb.uw.edu.pl\/en\/wp-json\/wp\/v2\/comments?post=10889"}],"version-history":[{"count":5,"href":"https:\/\/cbb.uw.edu.pl\/en\/wp-json\/wp\/v2\/pages\/10889\/revisions"}],"predecessor-version":[{"id":10897,"href":"https:\/\/cbb.uw.edu.pl\/en\/wp-json\/wp\/v2\/pages\/10889\/revisions\/10897"}],"wp:attachment":[{"href":"https:\/\/cbb.uw.edu.pl\/en\/wp-json\/wp\/v2\/media?parent=10889"}],"curies":[{"name":"wp","href":"https:\/\/api.w.org\/{rel}","templated":true}]}}