{"id":10872,"date":"2024-03-21T10:25:29","date_gmt":"2024-03-21T10:25:29","guid":{"rendered":"https:\/\/cbb.uw.edu.pl\/?page_id=10872"},"modified":"2024-03-21T12:28:17","modified_gmt":"2024-03-21T12:28:17","slug":"environmental-ethics","status":"publish","type":"page","link":"https:\/\/cbb.uw.edu.pl\/en\/environmental-ethics\/","title":{"rendered":"Environmental ethics"},"content":{"rendered":"<h2>Ecophilosophies<\/h2>\n<ul>\n<li><strong>Bieli\u0144ska<\/strong>, K. (2022). <a href=\"http:\/\/czasopisma.isppan.waw.pl\/index.php\/c\/article\/view\/1947?fbclid=IwAR05tvOFRhI1wWHayVTxYPdRDQUu572toZiD3S8EQDxGc2b59fzzfum-ZdM\">Ekosocjalizm: mi\u0119dzy ruchem spo\u0142ecznym a teori\u0105 marksowsk\u0105<\/a>,\u00a0<em>Civitas. Studia z Filozofii Polityki 30: 33-68.<\/em><\/li>\n<\/ul>\n<h2>Animal ethics<\/h2>\n<ul>\n<li><strong>Andrusiewicz<\/strong>, J. (2023). <a href=\"https:\/\/etyka.uw.edu.pl\/index.php\/etyka\/article\/view\/1314\/1259\">\u015amier\u0107 zwierz\u0119cia w filozofii Toma Regana<\/a>.\u00a0 <em>Etyka<\/em>, https:\/\/doi.org\/10.14394\/etyka.1314.<\/li>\n<li><strong>Wysocka-Andrusiewicz<\/strong>, J. (2019).<a class=\"js-work-strip-work-link text-gray-darker\" href=\"https:\/\/www.academia.edu\/43237362\/O_etycznym_wymiarze_ingerowania_w_seksualno%C5%9B%C4%87_pozaludzkich_podopiecznych\" data-click-track=\"profile-work-strip-title\">O etycznym wymiarze ingerowania w seksualno\u015b\u0107 pozaludzkich podopiecznych<\/a>. In. <em>Bezpieczne czy zniewolone? Szkice o zwierz\u0119tach<\/em>, ed. H. Mamzer, A. \u017bok, Oficyna Wydawnicza Epigram, Bydgoszcz, s. 249-277.<\/li>\n<li><strong>Wysocka-Andrusiewicz<\/strong>, J. (2016).\u00a0<a href=\"https:\/\/www.academia.edu\/41164115\/Zwierz%C4%99ta_w_oczach_my%C5%9Bliwych_my%C5%9Bliwi_w_oczach_internaut%C3%B3w_O_etycznych_aspektach_polowa%C5%84_rekreacyjnych_dla_sportu_i_ich_obrazie_w_mediach_spo%C5%82eczno%C5%9Bciowych_Pozna%C5%84skie_Zeszyty_Humanistyczne_2016_TOM_XXX_s_27_50\">Zwierz\u0119ta w oczach my\u015bliwych, my\u015bliwi w oczach internaut\u00f3w. O etycznych aspektach polowa\u0144 rekreacyjnych (dla sportu) i ich obrazie w mediach spo\u0142eczno\u015bciowych<\/a>, <em>Pozna\u0144skie Zeszyty Humanistyczne<\/em> 30: 27\u201350.<\/li>\n<li><strong>Andrusiewicz<\/strong>, J. (2014). <a href=\"https:\/\/www.academia.edu\/41164239\/Ja_musz%C4%99_ona_musi_O_przenoszeniu_opresji_na_zwierz%C4%99ta_towarzysz%C4%85ce_w_Zwierz%C4%99ta_gender_kultura_Perspektywa_ekologiczna_etyczna_i_krytyczna_red_Anna_Barcz_Magdalena_D%C4%85browska_Lublin_E_naukowiec_2014_s_125_136\">Ja musz\u0119, ona musi\u2026 O przenoszeniu opresji na zwierz\u0119ta towarzysz\u0105ce<\/a>. In.\u00a0 <em>Zwierz\u0119ta, gender, kultura. Perspektywa ekologiczna, etyczna i krytyczna<\/em>, ed. Anna Barcz, Magdalena D\u0105browska, Lublin, E-naukowiec, s. 125\u2013136.<\/li>\n<\/ul>\n<h2>Man &amp; nature<\/h2>\n<ul>\n<li><strong>\u0141uk\u00f3w<\/strong>, P. (2014).\u00a0<a href=\"http:\/\/www.amazon.de\/1926-protestantischen-Theologen-1895-1953-Ostmitteleuropa\/dp\/3631641109\">Respect for Living Creatures and the Conflictual Nature of Fritz Jahr\u2019s Bioethics<\/a>. W: F. Steger, J.C. Joerden &amp; M. Schochow (Red.),\u00a0<em>1926 \u2013 Die Geburt der Bioethik in Halle (Saale) durch den protestantischen Theologen Fritz Jahr (1895-1953)<\/em>. Frankfurt: Peter Lang, ss. 125\u2013136.<\/li>\n<li><strong>\u0141uk\u00f3w<\/strong>, P. (2006).\u00a0<a href=\"http:\/\/www.diametros.iphils.uj.edu.pl\/index.php\/diametros\/article\/view\/250\/pl\">Kantowskie obowi\u0105zki wzgl\u0119dem przyrody \u2013 cz\u0142owiek a pozosta\u0142e zwierz\u0119ta<\/a>.\u00a0<em>Diametros,<\/em>\u00a09, 51\u201373.<\/li>\n<\/ul>\n","protected":false},"excerpt":{"rendered":"<p>Ecophilosophies Bieli\u0144ska, K. (2022). Ekosocjalizm: mi\u0119dzy ruchem spo\u0142ecznym a teori\u0105 marksowsk\u0105,\u00a0Civitas. Studia z Filozofii Polityki 30: 33-68. Animal ethics Andrusiewicz, J. (2023). \u015amier\u0107 zwierz\u0119cia w filozofii Toma Regana.\u00a0 Etyka, https:\/\/doi.org\/10.14394\/etyka.1314. Wysocka-Andrusiewicz, J. (2019).O etycznym wymiarze ingerowania w seksualno\u015b\u0107 pozaludzkich podopiecznych. In. Bezpieczne czy zniewolone? Szkice o zwierz\u0119tach, ed. H. Mamzer, A. \u017bok, Oficyna Wydawnicza Epigram,\u2026 <span class=\"read-more\"><a href=\"https:\/\/cbb.uw.edu.pl\/en\/environmental-ethics\/\">Read More &raquo;<\/a><\/span><\/p>\n","protected":false},"author":7,"featured_media":0,"parent":0,"menu_order":0,"comment_status":"closed","ping_status":"closed","template":"","meta":{"footnotes":"","_links_to":"","_links_to_target":""},"class_list":["post-10872","page","type-page","status-publish","hentry"],"yoast_head":"<!-- This site is optimized with the Yoast SEO plugin v27.4 - https:\/\/yoast.com\/product\/yoast-seo-wordpress\/ -->\n<title>Environmental ethics - Center for Bioethics and Biolaw<\/title>\n<meta name=\"robots\" content=\"index, follow, max-snippet:-1, max-image-preview:large, max-video-preview:-1\" \/>\n<link rel=\"canonical\" href=\"https:\/\/cbb.uw.edu.pl\/en\/environmental-ethics\/\" \/>\n<meta property=\"og:locale\" content=\"en_US\" \/>\n<meta property=\"og:type\" content=\"article\" \/>\n<meta property=\"og:title\" content=\"Environmental ethics - Center for Bioethics and Biolaw\" \/>\n<meta property=\"og:description\" content=\"Ecophilosophies Bieli\u0144ska, K. (2022). Ekosocjalizm: mi\u0119dzy ruchem spo\u0142ecznym a teori\u0105 marksowsk\u0105,\u00a0Civitas. Studia z Filozofii Polityki 30: 33-68. Animal ethics Andrusiewicz, J. (2023). \u015amier\u0107 zwierz\u0119cia w filozofii Toma Regana.\u00a0 Etyka, https:\/\/doi.org\/10.14394\/etyka.1314. Wysocka-Andrusiewicz, J. (2019).O etycznym wymiarze ingerowania w seksualno\u015b\u0107 pozaludzkich podopiecznych. In. Bezpieczne czy zniewolone? Szkice o zwierz\u0119tach, ed. H. Mamzer, A. \u017bok, Oficyna Wydawnicza Epigram,\u2026 Read More &raquo;\" \/>\n<meta property=\"og:url\" content=\"https:\/\/cbb.uw.edu.pl\/en\/environmental-ethics\/\" \/>\n<meta property=\"og:site_name\" content=\"Center for Bioethics and Biolaw\" \/>\n<meta property=\"article:modified_time\" content=\"2024-03-21T12:28:17+00:00\" \/>\n<meta name=\"twitter:card\" content=\"summary_large_image\" \/>\n<meta name=\"twitter:label1\" content=\"Est. reading time\" \/>\n\t<meta name=\"twitter:data1\" content=\"2 minutes\" \/>\n<script type=\"application\/ld+json\" class=\"yoast-schema-graph\">{\"@context\":\"https:\\\/\\\/schema.org\",\"@graph\":[{\"@type\":\"WebPage\",\"@id\":\"https:\\\/\\\/cbb.uw.edu.pl\\\/en\\\/environmental-ethics\\\/\",\"url\":\"https:\\\/\\\/cbb.uw.edu.pl\\\/en\\\/environmental-ethics\\\/\",\"name\":\"Environmental ethics - Center for Bioethics and Biolaw\",\"isPartOf\":{\"@id\":\"https:\\\/\\\/cbb.uw.edu.pl\\\/en\\\/#website\"},\"datePublished\":\"2024-03-21T10:25:29+00:00\",\"dateModified\":\"2024-03-21T12:28:17+00:00\",\"breadcrumb\":{\"@id\":\"https:\\\/\\\/cbb.uw.edu.pl\\\/en\\\/environmental-ethics\\\/#breadcrumb\"},\"inLanguage\":\"en-US\",\"potentialAction\":[{\"@type\":\"ReadAction\",\"target\":[\"https:\\\/\\\/cbb.uw.edu.pl\\\/en\\\/environmental-ethics\\\/\"]}]},{\"@type\":\"BreadcrumbList\",\"@id\":\"https:\\\/\\\/cbb.uw.edu.pl\\\/en\\\/environmental-ethics\\\/#breadcrumb\",\"itemListElement\":[{\"@type\":\"ListItem\",\"position\":1,\"name\":\"Strona g\u0142\u00f3wna\",\"item\":\"https:\\\/\\\/cbb.uw.edu.pl\\\/en\\\/\"},{\"@type\":\"ListItem\",\"position\":2,\"name\":\"Environmental ethics\"}]},{\"@type\":\"WebSite\",\"@id\":\"https:\\\/\\\/cbb.uw.edu.pl\\\/en\\\/#website\",\"url\":\"https:\\\/\\\/cbb.uw.edu.pl\\\/en\\\/\",\"name\":\"Center for Bioethics and Biolaw\",\"description\":\"Institute of Philosophy, University of Warsaw\",\"potentialAction\":[{\"@type\":\"SearchAction\",\"target\":{\"@type\":\"EntryPoint\",\"urlTemplate\":\"https:\\\/\\\/cbb.uw.edu.pl\\\/en\\\/?s={search_term_string}\"},\"query-input\":{\"@type\":\"PropertyValueSpecification\",\"valueRequired\":true,\"valueName\":\"search_term_string\"}}],\"inLanguage\":\"en-US\"}]}<\/script>\n<!-- \/ Yoast SEO plugin. -->","yoast_head_json":{"title":"Environmental ethics - Center for Bioethics and Biolaw","robots":{"index":"index","follow":"follow","max-snippet":"max-snippet:-1","max-image-preview":"max-image-preview:large","max-video-preview":"max-video-preview:-1"},"canonical":"https:\/\/cbb.uw.edu.pl\/en\/environmental-ethics\/","og_locale":"en_US","og_type":"article","og_title":"Environmental ethics - Center for Bioethics and Biolaw","og_description":"Ecophilosophies Bieli\u0144ska, K. (2022). Ekosocjalizm: mi\u0119dzy ruchem spo\u0142ecznym a teori\u0105 marksowsk\u0105,\u00a0Civitas. Studia z Filozofii Polityki 30: 33-68. Animal ethics Andrusiewicz, J. (2023). \u015amier\u0107 zwierz\u0119cia w filozofii Toma Regana.\u00a0 Etyka, https:\/\/doi.org\/10.14394\/etyka.1314. Wysocka-Andrusiewicz, J. (2019).O etycznym wymiarze ingerowania w seksualno\u015b\u0107 pozaludzkich podopiecznych. In. Bezpieczne czy zniewolone? Szkice o zwierz\u0119tach, ed. H. Mamzer, A. \u017bok, Oficyna Wydawnicza Epigram,\u2026 Read More &raquo;","og_url":"https:\/\/cbb.uw.edu.pl\/en\/environmental-ethics\/","og_site_name":"Center for Bioethics and Biolaw","article_modified_time":"2024-03-21T12:28:17+00:00","twitter_card":"summary_large_image","twitter_misc":{"Est. reading time":"2 minutes"},"schema":{"@context":"https:\/\/schema.org","@graph":[{"@type":"WebPage","@id":"https:\/\/cbb.uw.edu.pl\/en\/environmental-ethics\/","url":"https:\/\/cbb.uw.edu.pl\/en\/environmental-ethics\/","name":"Environmental ethics - Center for Bioethics and Biolaw","isPartOf":{"@id":"https:\/\/cbb.uw.edu.pl\/en\/#website"},"datePublished":"2024-03-21T10:25:29+00:00","dateModified":"2024-03-21T12:28:17+00:00","breadcrumb":{"@id":"https:\/\/cbb.uw.edu.pl\/en\/environmental-ethics\/#breadcrumb"},"inLanguage":"en-US","potentialAction":[{"@type":"ReadAction","target":["https:\/\/cbb.uw.edu.pl\/en\/environmental-ethics\/"]}]},{"@type":"BreadcrumbList","@id":"https:\/\/cbb.uw.edu.pl\/en\/environmental-ethics\/#breadcrumb","itemListElement":[{"@type":"ListItem","position":1,"name":"Strona g\u0142\u00f3wna","item":"https:\/\/cbb.uw.edu.pl\/en\/"},{"@type":"ListItem","position":2,"name":"Environmental ethics"}]},{"@type":"WebSite","@id":"https:\/\/cbb.uw.edu.pl\/en\/#website","url":"https:\/\/cbb.uw.edu.pl\/en\/","name":"Center for Bioethics and Biolaw","description":"Institute of Philosophy, University of Warsaw","potentialAction":[{"@type":"SearchAction","target":{"@type":"EntryPoint","urlTemplate":"https:\/\/cbb.uw.edu.pl\/en\/?s={search_term_string}"},"query-input":{"@type":"PropertyValueSpecification","valueRequired":true,"valueName":"search_term_string"}}],"inLanguage":"en-US"}]}},"_links":{"self":[{"href":"https:\/\/cbb.uw.edu.pl\/en\/wp-json\/wp\/v2\/pages\/10872","targetHints":{"allow":["GET"]}}],"collection":[{"href":"https:\/\/cbb.uw.edu.pl\/en\/wp-json\/wp\/v2\/pages"}],"about":[{"href":"https:\/\/cbb.uw.edu.pl\/en\/wp-json\/wp\/v2\/types\/page"}],"author":[{"embeddable":true,"href":"https:\/\/cbb.uw.edu.pl\/en\/wp-json\/wp\/v2\/users\/7"}],"replies":[{"embeddable":true,"href":"https:\/\/cbb.uw.edu.pl\/en\/wp-json\/wp\/v2\/comments?post=10872"}],"version-history":[{"count":6,"href":"https:\/\/cbb.uw.edu.pl\/en\/wp-json\/wp\/v2\/pages\/10872\/revisions"}],"predecessor-version":[{"id":10905,"href":"https:\/\/cbb.uw.edu.pl\/en\/wp-json\/wp\/v2\/pages\/10872\/revisions\/10905"}],"wp:attachment":[{"href":"https:\/\/cbb.uw.edu.pl\/en\/wp-json\/wp\/v2\/media?parent=10872"}],"curies":[{"name":"wp","href":"https:\/\/api.w.org\/{rel}","templated":true}]}}