{"id":10870,"date":"2024-03-21T10:19:44","date_gmt":"2024-03-21T10:19:44","guid":{"rendered":"https:\/\/cbb.uw.edu.pl\/?page_id=10870"},"modified":"2024-03-21T10:20:48","modified_gmt":"2024-03-21T10:20:48","slug":"ethics-of-new-technologies","status":"publish","type":"page","link":"https:\/\/cbb.uw.edu.pl\/en\/ethics-of-new-technologies\/","title":{"rendered":"Ethics of new technologies"},"content":{"rendered":"<h2><strong>Human enhancement<\/strong><\/h2>\n<ul>\n<li><strong>Girdwoy\u0144<\/strong>, A.,\u00a0<strong>R\u00f3\u017cy\u0144ska<\/strong>, J. (2019).\u00a0<em>The Surgeon\u2019s Failure to Enhance and Tort Liability. Polish Civil Law Perspective<\/em>. In:\u00a0<a href=\"https:\/\/www.peterlang.com\/abstract\/title\/69843\"><em>Promises and Perils of Emerging Technologies for Human Condition<\/em><\/a>, ed. P. Sykora. Peter Lang.<\/li>\n<li><strong>R\u00f3\u017cy\u0144ska<\/strong>, J., &amp; Fija\u0142kowska, B. (2017).\u00a0<a href=\"http:\/\/www.pfl.uw.edu.pl\/index.php\/pfl\/issue\/view\/41\">Uzdrawianie czy spe\u0142nianie \u017cycze\u0144? Sp\u00f3r o cele medycyny<\/a>.\u00a0<em>Przegl\u0105d Filozoficzno-Literacki\u00a0<\/em>1(46), ss. 263-283.<\/li>\n<li><strong>\u0141uk\u00f3w<\/strong>, P. (2016).\u00a0<a href=\"http:\/\/www.akademicka.pl\/index.php?detale=1&amp;a=1&amp;id=33752\">Poprawianie natury ludzkiej i nieuchwytny podmiot<\/a>. W: A. Warmbier (Red.),\u00a0<em>Sp\u00f3r o podmiotowo\u015b\u0107 \u2013 perspektywa interdyscyplinarna<\/em>. Krak\u00f3w:\u00a0Ksi\u0119garnia Akademicka, ss. 193-205.<\/li>\n<li><strong>Kaczmarek<\/strong>, E. (2015).\u00a0<a href=\"http:\/\/etyka.uw.edu.pl\/wp-content\/uploads\/2016\/07\/1-Autentycznosc-emocji__EKaczmarek.pdf\">Czy pigu\u0142ka szcz\u0119\u015bcia mo\u017ce da\u0107 prawdziwe szcz\u0119\u015bcie? Autentyczno\u015b\u0107 emocji w bioetycznym sporze o ulepszanie cz\u0142owieka<\/a>.\u00a0<em>Etyka<\/em>\u00a051, 9-23.<\/li>\n<\/ul>\n<h2><strong>Genetics<\/strong><\/h2>\n<ul>\n<li><strong>\u0141uk\u00f3w<\/strong>, P., &amp; \u017bekanowski, C. (2005).\u00a0<a href=\"http:\/\/www.pf.uw.edu.pl\/numery\/15-numery\/141-1-2005-53\">Poj\u0119cie genu i genocentryczny paradygmat biologii<\/a>.\u00a0<em>Przegl\u0105d Filozoficzny \u2013 Nowa Seria<\/em>, 1(53), 85\u2013105.<\/li>\n<li><strong>\u0141uk\u00f3w<\/strong>, P., &amp; Bofoz, W.\u00a0(2001).\u00a0<a href=\"http:\/\/www.irwirpan.waw.pl\/~ibukraba\/r4_rylska_2001.html\">Filozoficzne i moralne aspekty in\u017cynierii genetycznej<\/a>.\u00a0<em>Genetycznie modyfikowane organizmy. Kto ma racj\u0119?<\/em>\u00a0Warszawa: Instytut na rzecz Ekorozwoju, Fundacja na rzecz Rozwoju Polskiego Rolnictwa, ss. 77\u201387.<\/li>\n<\/ul>\n","protected":false},"excerpt":{"rendered":"<p>Human enhancement Girdwoy\u0144, A.,\u00a0R\u00f3\u017cy\u0144ska, J. (2019).\u00a0The Surgeon\u2019s Failure to Enhance and Tort Liability. Polish Civil Law Perspective. In:\u00a0Promises and Perils of Emerging Technologies for Human Condition, ed. P. Sykora. Peter Lang. R\u00f3\u017cy\u0144ska, J., &amp; Fija\u0142kowska, B. (2017).\u00a0Uzdrawianie czy spe\u0142nianie \u017cycze\u0144? Sp\u00f3r o cele medycyny.\u00a0Przegl\u0105d Filozoficzno-Literacki\u00a01(46), ss. 263-283. \u0141uk\u00f3w, P. (2016).\u00a0Poprawianie natury ludzkiej i nieuchwytny podmiot.\u2026 <span class=\"read-more\"><a href=\"https:\/\/cbb.uw.edu.pl\/en\/ethics-of-new-technologies\/\">Read More &raquo;<\/a><\/span><\/p>\n","protected":false},"author":7,"featured_media":0,"parent":0,"menu_order":0,"comment_status":"closed","ping_status":"closed","template":"","meta":{"footnotes":"","_links_to":"","_links_to_target":""},"class_list":["post-10870","page","type-page","status-publish","hentry"],"yoast_head":"<!-- This site is optimized with the Yoast SEO plugin v27.4 - https:\/\/yoast.com\/product\/yoast-seo-wordpress\/ -->\n<title>Ethics of new technologies - Center for Bioethics and Biolaw<\/title>\n<meta name=\"robots\" content=\"index, follow, max-snippet:-1, max-image-preview:large, max-video-preview:-1\" \/>\n<link rel=\"canonical\" href=\"https:\/\/cbb.uw.edu.pl\/en\/ethics-of-new-technologies\/\" \/>\n<meta property=\"og:locale\" content=\"en_US\" \/>\n<meta property=\"og:type\" content=\"article\" \/>\n<meta property=\"og:title\" content=\"Ethics of new technologies - Center for Bioethics and Biolaw\" \/>\n<meta property=\"og:description\" content=\"Human enhancement Girdwoy\u0144, A.,\u00a0R\u00f3\u017cy\u0144ska, J. (2019).\u00a0The Surgeon\u2019s Failure to Enhance and Tort Liability. Polish Civil Law Perspective. In:\u00a0Promises and Perils of Emerging Technologies for Human Condition, ed. P. Sykora. Peter Lang. R\u00f3\u017cy\u0144ska, J., &amp; Fija\u0142kowska, B. (2017).\u00a0Uzdrawianie czy spe\u0142nianie \u017cycze\u0144? Sp\u00f3r o cele medycyny.\u00a0Przegl\u0105d Filozoficzno-Literacki\u00a01(46), ss. 263-283. \u0141uk\u00f3w, P. (2016).\u00a0Poprawianie natury ludzkiej i nieuchwytny podmiot.\u2026 Read More &raquo;\" \/>\n<meta property=\"og:url\" content=\"https:\/\/cbb.uw.edu.pl\/en\/ethics-of-new-technologies\/\" \/>\n<meta property=\"og:site_name\" content=\"Center for Bioethics and Biolaw\" \/>\n<meta property=\"article:modified_time\" content=\"2024-03-21T10:20:48+00:00\" \/>\n<meta name=\"twitter:card\" content=\"summary_large_image\" \/>\n<meta name=\"twitter:label1\" content=\"Est. reading time\" \/>\n\t<meta name=\"twitter:data1\" content=\"1 minute\" \/>\n<script type=\"application\/ld+json\" class=\"yoast-schema-graph\">{\"@context\":\"https:\\\/\\\/schema.org\",\"@graph\":[{\"@type\":\"WebPage\",\"@id\":\"https:\\\/\\\/cbb.uw.edu.pl\\\/en\\\/ethics-of-new-technologies\\\/\",\"url\":\"https:\\\/\\\/cbb.uw.edu.pl\\\/en\\\/ethics-of-new-technologies\\\/\",\"name\":\"Ethics of new technologies - Center for Bioethics and Biolaw\",\"isPartOf\":{\"@id\":\"https:\\\/\\\/cbb.uw.edu.pl\\\/en\\\/#website\"},\"datePublished\":\"2024-03-21T10:19:44+00:00\",\"dateModified\":\"2024-03-21T10:20:48+00:00\",\"breadcrumb\":{\"@id\":\"https:\\\/\\\/cbb.uw.edu.pl\\\/en\\\/ethics-of-new-technologies\\\/#breadcrumb\"},\"inLanguage\":\"en-US\",\"potentialAction\":[{\"@type\":\"ReadAction\",\"target\":[\"https:\\\/\\\/cbb.uw.edu.pl\\\/en\\\/ethics-of-new-technologies\\\/\"]}]},{\"@type\":\"BreadcrumbList\",\"@id\":\"https:\\\/\\\/cbb.uw.edu.pl\\\/en\\\/ethics-of-new-technologies\\\/#breadcrumb\",\"itemListElement\":[{\"@type\":\"ListItem\",\"position\":1,\"name\":\"Strona g\u0142\u00f3wna\",\"item\":\"https:\\\/\\\/cbb.uw.edu.pl\\\/en\\\/\"},{\"@type\":\"ListItem\",\"position\":2,\"name\":\"Ethics of new technologies\"}]},{\"@type\":\"WebSite\",\"@id\":\"https:\\\/\\\/cbb.uw.edu.pl\\\/en\\\/#website\",\"url\":\"https:\\\/\\\/cbb.uw.edu.pl\\\/en\\\/\",\"name\":\"Center for Bioethics and Biolaw\",\"description\":\"Institute of Philosophy, University of Warsaw\",\"potentialAction\":[{\"@type\":\"SearchAction\",\"target\":{\"@type\":\"EntryPoint\",\"urlTemplate\":\"https:\\\/\\\/cbb.uw.edu.pl\\\/en\\\/?s={search_term_string}\"},\"query-input\":{\"@type\":\"PropertyValueSpecification\",\"valueRequired\":true,\"valueName\":\"search_term_string\"}}],\"inLanguage\":\"en-US\"}]}<\/script>\n<!-- \/ Yoast SEO plugin. -->","yoast_head_json":{"title":"Ethics of new technologies - Center for Bioethics and Biolaw","robots":{"index":"index","follow":"follow","max-snippet":"max-snippet:-1","max-image-preview":"max-image-preview:large","max-video-preview":"max-video-preview:-1"},"canonical":"https:\/\/cbb.uw.edu.pl\/en\/ethics-of-new-technologies\/","og_locale":"en_US","og_type":"article","og_title":"Ethics of new technologies - Center for Bioethics and Biolaw","og_description":"Human enhancement Girdwoy\u0144, A.,\u00a0R\u00f3\u017cy\u0144ska, J. (2019).\u00a0The Surgeon\u2019s Failure to Enhance and Tort Liability. Polish Civil Law Perspective. In:\u00a0Promises and Perils of Emerging Technologies for Human Condition, ed. P. Sykora. Peter Lang. R\u00f3\u017cy\u0144ska, J., &amp; Fija\u0142kowska, B. (2017).\u00a0Uzdrawianie czy spe\u0142nianie \u017cycze\u0144? Sp\u00f3r o cele medycyny.\u00a0Przegl\u0105d Filozoficzno-Literacki\u00a01(46), ss. 263-283. \u0141uk\u00f3w, P. (2016).\u00a0Poprawianie natury ludzkiej i nieuchwytny podmiot.\u2026 Read More &raquo;","og_url":"https:\/\/cbb.uw.edu.pl\/en\/ethics-of-new-technologies\/","og_site_name":"Center for Bioethics and Biolaw","article_modified_time":"2024-03-21T10:20:48+00:00","twitter_card":"summary_large_image","twitter_misc":{"Est. reading time":"1 minute"},"schema":{"@context":"https:\/\/schema.org","@graph":[{"@type":"WebPage","@id":"https:\/\/cbb.uw.edu.pl\/en\/ethics-of-new-technologies\/","url":"https:\/\/cbb.uw.edu.pl\/en\/ethics-of-new-technologies\/","name":"Ethics of new technologies - Center for Bioethics and Biolaw","isPartOf":{"@id":"https:\/\/cbb.uw.edu.pl\/en\/#website"},"datePublished":"2024-03-21T10:19:44+00:00","dateModified":"2024-03-21T10:20:48+00:00","breadcrumb":{"@id":"https:\/\/cbb.uw.edu.pl\/en\/ethics-of-new-technologies\/#breadcrumb"},"inLanguage":"en-US","potentialAction":[{"@type":"ReadAction","target":["https:\/\/cbb.uw.edu.pl\/en\/ethics-of-new-technologies\/"]}]},{"@type":"BreadcrumbList","@id":"https:\/\/cbb.uw.edu.pl\/en\/ethics-of-new-technologies\/#breadcrumb","itemListElement":[{"@type":"ListItem","position":1,"name":"Strona g\u0142\u00f3wna","item":"https:\/\/cbb.uw.edu.pl\/en\/"},{"@type":"ListItem","position":2,"name":"Ethics of new technologies"}]},{"@type":"WebSite","@id":"https:\/\/cbb.uw.edu.pl\/en\/#website","url":"https:\/\/cbb.uw.edu.pl\/en\/","name":"Center for Bioethics and Biolaw","description":"Institute of Philosophy, University of Warsaw","potentialAction":[{"@type":"SearchAction","target":{"@type":"EntryPoint","urlTemplate":"https:\/\/cbb.uw.edu.pl\/en\/?s={search_term_string}"},"query-input":{"@type":"PropertyValueSpecification","valueRequired":true,"valueName":"search_term_string"}}],"inLanguage":"en-US"}]}},"_links":{"self":[{"href":"https:\/\/cbb.uw.edu.pl\/en\/wp-json\/wp\/v2\/pages\/10870","targetHints":{"allow":["GET"]}}],"collection":[{"href":"https:\/\/cbb.uw.edu.pl\/en\/wp-json\/wp\/v2\/pages"}],"about":[{"href":"https:\/\/cbb.uw.edu.pl\/en\/wp-json\/wp\/v2\/types\/page"}],"author":[{"embeddable":true,"href":"https:\/\/cbb.uw.edu.pl\/en\/wp-json\/wp\/v2\/users\/7"}],"replies":[{"embeddable":true,"href":"https:\/\/cbb.uw.edu.pl\/en\/wp-json\/wp\/v2\/comments?post=10870"}],"version-history":[{"count":1,"href":"https:\/\/cbb.uw.edu.pl\/en\/wp-json\/wp\/v2\/pages\/10870\/revisions"}],"predecessor-version":[{"id":10871,"href":"https:\/\/cbb.uw.edu.pl\/en\/wp-json\/wp\/v2\/pages\/10870\/revisions\/10871"}],"wp:attachment":[{"href":"https:\/\/cbb.uw.edu.pl\/en\/wp-json\/wp\/v2\/media?parent=10870"}],"curies":[{"name":"wp","href":"https:\/\/api.w.org\/{rel}","templated":true}]}}