{"id":10784,"date":"2024-03-20T10:03:57","date_gmt":"2024-03-20T10:03:57","guid":{"rendered":"https:\/\/cbb.uw.edu.pl\/?page_id=10784"},"modified":"2024-03-20T13:44:52","modified_gmt":"2024-03-20T13:44:52","slug":"anna-chowaniec-rylke","status":"publish","type":"page","link":"https:\/\/cbb.uw.edu.pl\/en\/anna-chowaniec-rylke\/","title":{"rendered":"Anna Chowaniec-Rylke"},"content":{"rendered":"<h3><img decoding=\"async\" src=\"https:\/\/rdsrc.ifispan.pl\/wp-content\/uploads\/2019\/12\/chowaniec-zdj.jpg\" alt=\"A. Chowaniec \u2014 O\u015brodek Bada\u0144 Spo\u0142ecznych nad Chorobami Rzadkimi\" \/><\/h3>\n<h3><span style=\"color: #ff0000;\">Note: page not updated as of 2023<\/span><\/h3>\n<h2>Doctor in the humanities (cultural and religious sciences)<\/h2>\n<h2><strong>Project completed:<\/strong><\/h2>\n<ul>\n<li>\n<p class=\"entry-title\"><a href=\"https:\/\/cbb.uw.edu.pl\/en\/grants\/healthcare-as-a-public-space-social-integration-and-social-diversity-in-the-context-of-access-to-healthcare-in-europe\/\">Healthcare as a Public Space: Social Integration and Social Diversity in the Context of Access to Healthcare in Europe<\/a> (HERA) \u2013 PhD student-scholarship<\/p>\n<\/li>\n<\/ul>\n<h2><strong>Scientific interests:<\/strong><\/h2>\n<p>medical anthropology, especially rare and genetic diseases; disability studies; issues of access to health services, especially for excluded or marginalised populations.<\/p>\n<h2>Publications:<\/h2>\n<ul>\n<li><a href=\"https:\/\/www.researchgate.net\/profile\/Anna-Chowaniec\">Researchgate<\/a><\/li>\n<\/ul>\n<h2><strong>Education:<\/strong><\/h2>\n<ul>\n<li>PhD in humanities \/ sciences of culture and religion (2021)<\/li>\n<li>PhD student at the Institute of Ethnology and Cultural Anthropology, University of Warsaw (in the Department of Anthropology of Medicine and Carnality)<\/li>\n<li>MA, Institute of Ethnology and Cultural Anthropology, University of Warsaw (2015)<\/li>\n<\/ul>\n","protected":false},"excerpt":{"rendered":"<p>Note: page not updated as of 2023 Doctor in the humanities (cultural and religious sciences) Project completed: Healthcare as a Public Space: Social Integration and Social Diversity in the Context of Access to Healthcare in Europe (HERA) \u2013 PhD student-scholarship Scientific interests: medical anthropology, especially rare and genetic diseases; disability studies; issues of access to\u2026 <span class=\"read-more\"><a href=\"https:\/\/cbb.uw.edu.pl\/en\/anna-chowaniec-rylke\/\">Read More &raquo;<\/a><\/span><\/p>\n","protected":false},"author":7,"featured_media":0,"parent":0,"menu_order":0,"comment_status":"closed","ping_status":"closed","template":"","meta":{"footnotes":"","_links_to":"","_links_to_target":""},"class_list":["post-10784","page","type-page","status-publish","hentry"],"yoast_head":"<!-- This site is optimized with the Yoast SEO plugin v27.4 - https:\/\/yoast.com\/product\/yoast-seo-wordpress\/ -->\n<title>Anna Chowaniec-Rylke - Center for Bioethics and Biolaw<\/title>\n<meta name=\"robots\" content=\"index, follow, max-snippet:-1, max-image-preview:large, max-video-preview:-1\" \/>\n<link rel=\"canonical\" href=\"https:\/\/cbb.uw.edu.pl\/en\/anna-chowaniec-rylke\/\" \/>\n<meta property=\"og:locale\" content=\"en_US\" \/>\n<meta property=\"og:type\" content=\"article\" \/>\n<meta property=\"og:title\" content=\"Anna Chowaniec-Rylke - Center for Bioethics and Biolaw\" \/>\n<meta property=\"og:description\" content=\"Note: page not updated as of 2023 Doctor in the humanities (cultural and religious sciences) Project completed: Healthcare as a Public Space: Social Integration and Social Diversity in the Context of Access to Healthcare in Europe (HERA) \u2013 PhD student-scholarship Scientific interests: medical anthropology, especially rare and genetic diseases; disability studies; issues of access to\u2026 Read More &raquo;\" \/>\n<meta property=\"og:url\" content=\"https:\/\/cbb.uw.edu.pl\/en\/anna-chowaniec-rylke\/\" \/>\n<meta property=\"og:site_name\" content=\"Center for Bioethics and Biolaw\" \/>\n<meta property=\"article:modified_time\" content=\"2024-03-20T13:44:52+00:00\" \/>\n<meta property=\"og:image\" content=\"https:\/\/rdsrc.ifispan.pl\/wp-content\/uploads\/2019\/12\/chowaniec-zdj.jpg\" \/>\n<meta name=\"twitter:card\" content=\"summary_large_image\" \/>\n<meta name=\"twitter:label1\" content=\"Est. reading time\" \/>\n\t<meta name=\"twitter:data1\" content=\"1 minute\" \/>\n<script type=\"application\/ld+json\" class=\"yoast-schema-graph\">{\"@context\":\"https:\\\/\\\/schema.org\",\"@graph\":[{\"@type\":\"WebPage\",\"@id\":\"https:\\\/\\\/cbb.uw.edu.pl\\\/en\\\/anna-chowaniec-rylke\\\/\",\"url\":\"https:\\\/\\\/cbb.uw.edu.pl\\\/en\\\/anna-chowaniec-rylke\\\/\",\"name\":\"Anna Chowaniec-Rylke - Center for Bioethics and Biolaw\",\"isPartOf\":{\"@id\":\"https:\\\/\\\/cbb.uw.edu.pl\\\/en\\\/#website\"},\"primaryImageOfPage\":{\"@id\":\"https:\\\/\\\/cbb.uw.edu.pl\\\/en\\\/anna-chowaniec-rylke\\\/#primaryimage\"},\"image\":{\"@id\":\"https:\\\/\\\/cbb.uw.edu.pl\\\/en\\\/anna-chowaniec-rylke\\\/#primaryimage\"},\"thumbnailUrl\":\"https:\\\/\\\/rdsrc.ifispan.pl\\\/wp-content\\\/uploads\\\/2019\\\/12\\\/chowaniec-zdj.jpg\",\"datePublished\":\"2024-03-20T10:03:57+00:00\",\"dateModified\":\"2024-03-20T13:44:52+00:00\",\"breadcrumb\":{\"@id\":\"https:\\\/\\\/cbb.uw.edu.pl\\\/en\\\/anna-chowaniec-rylke\\\/#breadcrumb\"},\"inLanguage\":\"en-US\",\"potentialAction\":[{\"@type\":\"ReadAction\",\"target\":[\"https:\\\/\\\/cbb.uw.edu.pl\\\/en\\\/anna-chowaniec-rylke\\\/\"]}]},{\"@type\":\"ImageObject\",\"inLanguage\":\"en-US\",\"@id\":\"https:\\\/\\\/cbb.uw.edu.pl\\\/en\\\/anna-chowaniec-rylke\\\/#primaryimage\",\"url\":\"https:\\\/\\\/rdsrc.ifispan.pl\\\/wp-content\\\/uploads\\\/2019\\\/12\\\/chowaniec-zdj.jpg\",\"contentUrl\":\"https:\\\/\\\/rdsrc.ifispan.pl\\\/wp-content\\\/uploads\\\/2019\\\/12\\\/chowaniec-zdj.jpg\"},{\"@type\":\"BreadcrumbList\",\"@id\":\"https:\\\/\\\/cbb.uw.edu.pl\\\/en\\\/anna-chowaniec-rylke\\\/#breadcrumb\",\"itemListElement\":[{\"@type\":\"ListItem\",\"position\":1,\"name\":\"Strona g\u0142\u00f3wna\",\"item\":\"https:\\\/\\\/cbb.uw.edu.pl\\\/en\\\/\"},{\"@type\":\"ListItem\",\"position\":2,\"name\":\"Anna Chowaniec-Rylke\"}]},{\"@type\":\"WebSite\",\"@id\":\"https:\\\/\\\/cbb.uw.edu.pl\\\/en\\\/#website\",\"url\":\"https:\\\/\\\/cbb.uw.edu.pl\\\/en\\\/\",\"name\":\"Center for Bioethics and Biolaw\",\"description\":\"Institute of Philosophy, University of Warsaw\",\"potentialAction\":[{\"@type\":\"SearchAction\",\"target\":{\"@type\":\"EntryPoint\",\"urlTemplate\":\"https:\\\/\\\/cbb.uw.edu.pl\\\/en\\\/?s={search_term_string}\"},\"query-input\":{\"@type\":\"PropertyValueSpecification\",\"valueRequired\":true,\"valueName\":\"search_term_string\"}}],\"inLanguage\":\"en-US\"}]}<\/script>\n<!-- \/ Yoast SEO plugin. -->","yoast_head_json":{"title":"Anna Chowaniec-Rylke - Center for Bioethics and Biolaw","robots":{"index":"index","follow":"follow","max-snippet":"max-snippet:-1","max-image-preview":"max-image-preview:large","max-video-preview":"max-video-preview:-1"},"canonical":"https:\/\/cbb.uw.edu.pl\/en\/anna-chowaniec-rylke\/","og_locale":"en_US","og_type":"article","og_title":"Anna Chowaniec-Rylke - Center for Bioethics and Biolaw","og_description":"Note: page not updated as of 2023 Doctor in the humanities (cultural and religious sciences) Project completed: Healthcare as a Public Space: Social Integration and Social Diversity in the Context of Access to Healthcare in Europe (HERA) \u2013 PhD student-scholarship Scientific interests: medical anthropology, especially rare and genetic diseases; disability studies; issues of access to\u2026 Read More &raquo;","og_url":"https:\/\/cbb.uw.edu.pl\/en\/anna-chowaniec-rylke\/","og_site_name":"Center for Bioethics and Biolaw","article_modified_time":"2024-03-20T13:44:52+00:00","og_image":[{"url":"https:\/\/rdsrc.ifispan.pl\/wp-content\/uploads\/2019\/12\/chowaniec-zdj.jpg","type":"","width":"","height":""}],"twitter_card":"summary_large_image","twitter_misc":{"Est. reading time":"1 minute"},"schema":{"@context":"https:\/\/schema.org","@graph":[{"@type":"WebPage","@id":"https:\/\/cbb.uw.edu.pl\/en\/anna-chowaniec-rylke\/","url":"https:\/\/cbb.uw.edu.pl\/en\/anna-chowaniec-rylke\/","name":"Anna Chowaniec-Rylke - Center for Bioethics and Biolaw","isPartOf":{"@id":"https:\/\/cbb.uw.edu.pl\/en\/#website"},"primaryImageOfPage":{"@id":"https:\/\/cbb.uw.edu.pl\/en\/anna-chowaniec-rylke\/#primaryimage"},"image":{"@id":"https:\/\/cbb.uw.edu.pl\/en\/anna-chowaniec-rylke\/#primaryimage"},"thumbnailUrl":"https:\/\/rdsrc.ifispan.pl\/wp-content\/uploads\/2019\/12\/chowaniec-zdj.jpg","datePublished":"2024-03-20T10:03:57+00:00","dateModified":"2024-03-20T13:44:52+00:00","breadcrumb":{"@id":"https:\/\/cbb.uw.edu.pl\/en\/anna-chowaniec-rylke\/#breadcrumb"},"inLanguage":"en-US","potentialAction":[{"@type":"ReadAction","target":["https:\/\/cbb.uw.edu.pl\/en\/anna-chowaniec-rylke\/"]}]},{"@type":"ImageObject","inLanguage":"en-US","@id":"https:\/\/cbb.uw.edu.pl\/en\/anna-chowaniec-rylke\/#primaryimage","url":"https:\/\/rdsrc.ifispan.pl\/wp-content\/uploads\/2019\/12\/chowaniec-zdj.jpg","contentUrl":"https:\/\/rdsrc.ifispan.pl\/wp-content\/uploads\/2019\/12\/chowaniec-zdj.jpg"},{"@type":"BreadcrumbList","@id":"https:\/\/cbb.uw.edu.pl\/en\/anna-chowaniec-rylke\/#breadcrumb","itemListElement":[{"@type":"ListItem","position":1,"name":"Strona g\u0142\u00f3wna","item":"https:\/\/cbb.uw.edu.pl\/en\/"},{"@type":"ListItem","position":2,"name":"Anna Chowaniec-Rylke"}]},{"@type":"WebSite","@id":"https:\/\/cbb.uw.edu.pl\/en\/#website","url":"https:\/\/cbb.uw.edu.pl\/en\/","name":"Center for Bioethics and Biolaw","description":"Institute of Philosophy, University of Warsaw","potentialAction":[{"@type":"SearchAction","target":{"@type":"EntryPoint","urlTemplate":"https:\/\/cbb.uw.edu.pl\/en\/?s={search_term_string}"},"query-input":{"@type":"PropertyValueSpecification","valueRequired":true,"valueName":"search_term_string"}}],"inLanguage":"en-US"}]}},"_links":{"self":[{"href":"https:\/\/cbb.uw.edu.pl\/en\/wp-json\/wp\/v2\/pages\/10784","targetHints":{"allow":["GET"]}}],"collection":[{"href":"https:\/\/cbb.uw.edu.pl\/en\/wp-json\/wp\/v2\/pages"}],"about":[{"href":"https:\/\/cbb.uw.edu.pl\/en\/wp-json\/wp\/v2\/types\/page"}],"author":[{"embeddable":true,"href":"https:\/\/cbb.uw.edu.pl\/en\/wp-json\/wp\/v2\/users\/7"}],"replies":[{"embeddable":true,"href":"https:\/\/cbb.uw.edu.pl\/en\/wp-json\/wp\/v2\/comments?post=10784"}],"version-history":[{"count":1,"href":"https:\/\/cbb.uw.edu.pl\/en\/wp-json\/wp\/v2\/pages\/10784\/revisions"}],"predecessor-version":[{"id":10785,"href":"https:\/\/cbb.uw.edu.pl\/en\/wp-json\/wp\/v2\/pages\/10784\/revisions\/10785"}],"wp:attachment":[{"href":"https:\/\/cbb.uw.edu.pl\/en\/wp-json\/wp\/v2\/media?parent=10784"}],"curies":[{"name":"wp","href":"https:\/\/api.w.org\/{rel}","templated":true}]}}