{"id":10381,"date":"2023-06-01T10:35:15","date_gmt":"2023-06-01T10:35:15","guid":{"rendered":"https:\/\/cbb.uw.edu.pl\/?page_id=10381"},"modified":"2026-01-12T09:51:08","modified_gmt":"2026-01-12T09:51:08","slug":"ethics-of-research-payment","status":"publish","type":"page","link":"https:\/\/cbb.uw.edu.pl\/en\/grants\/ethics-of-research-payment\/","title":{"rendered":"Ethics of research payment"},"content":{"rendered":"<p><a href=\"https:\/\/cbb.uw.edu.pl\/wp-content\/uploads\/2024\/03\/Indecent-proposal.png\"><img loading=\"lazy\" decoding=\"async\" class=\"wp-image-10622 alignleft\" src=\"https:\/\/cbb.uw.edu.pl\/wp-content\/uploads\/2024\/03\/Indecent-proposal.png\" alt=\"\" width=\"1003\" height=\"207\" srcset=\"https:\/\/cbb.uw.edu.pl\/wp-content\/uploads\/2024\/03\/Indecent-proposal.png 2342w, https:\/\/cbb.uw.edu.pl\/wp-content\/uploads\/2024\/03\/Indecent-proposal-300x62.png 300w, https:\/\/cbb.uw.edu.pl\/wp-content\/uploads\/2024\/03\/Indecent-proposal-1024x212.png 1024w, https:\/\/cbb.uw.edu.pl\/wp-content\/uploads\/2024\/03\/Indecent-proposal-768x159.png 768w, https:\/\/cbb.uw.edu.pl\/wp-content\/uploads\/2024\/03\/Indecent-proposal-1536x317.png 1536w, https:\/\/cbb.uw.edu.pl\/wp-content\/uploads\/2024\/03\/Indecent-proposal-2048x423.png 2048w, https:\/\/cbb.uw.edu.pl\/wp-content\/uploads\/2024\/03\/Indecent-proposal-660x136.png 660w\" sizes=\"auto, (max-width: 1003px) 100vw, 1003px\" \/><\/a><\/p>\r\n<p>Title: Indecent proposal? Ethics of paying participants of biomedical research<br data-rich-text-line-break=\"true\" \/>Principal Investigator: <strong>dr Joanna R\u00f3\u017cy\u0144ska<\/strong><br data-rich-text-line-break=\"true\" \/>Funding: National Science Centre, OPUS 22<br data-rich-text-line-break=\"true\" \/>Project no: 2021\/43\/B\/HS1\/01881\u00a0 \u00a0<br data-rich-text-line-break=\"true\" \/>Duration: 10.2022-9.2026\u00a0 \u00a0<\/p>\r\n<p><strong>Research team:\u00a0<\/strong><\/p>\r\n<p><a href=\"https:\/\/cbb.uw.edu.pl\/wp-content\/uploads\/2024\/03\/Team.png\"><img loading=\"lazy\" decoding=\"async\" class=\"size-full wp-image-10598 alignnone\" src=\"https:\/\/cbb.uw.edu.pl\/wp-content\/uploads\/2024\/03\/Team.png\" alt=\"\" width=\"882\" height=\"264\" srcset=\"https:\/\/cbb.uw.edu.pl\/wp-content\/uploads\/2024\/03\/Team.png 882w, https:\/\/cbb.uw.edu.pl\/wp-content\/uploads\/2024\/03\/Team-300x90.png 300w, https:\/\/cbb.uw.edu.pl\/wp-content\/uploads\/2024\/03\/Team-768x230.png 768w, https:\/\/cbb.uw.edu.pl\/wp-content\/uploads\/2024\/03\/Team-660x198.png 660w\" sizes=\"auto, (max-width: 882px) 100vw, 882px\" \/><\/a><\/p>\r\n<ul>\r\n<li><strong><a href=\"https:\/\/cbb.uw.edu.pl\/badacze-w-cbb\/joanna-rozynska\/\">dr Joanna R\u00f3\u017cy\u0144ska<\/a><\/strong> &#8211; PI<\/li>\r\n<li><a href=\"https:\/\/cbb.uw.edu.pl\/badacze-w-cbb\/pawel-lukow\/\"><strong>prof. dr hab. Pawe\u0142 \u0141uk\u00f3w<\/strong><\/a> (WF UW)\u00a0<\/li>\r\n<li><a href=\"https:\/\/cbb.uw.edu.pl\/badacze-w-cbb\/emilia-kaczmarek\/\"><strong>dr Emilia Kaczmarek<\/strong><\/a>\u00a0(WF UW)\u00a0<\/li>\r\n<li><a href=\"https:\/\/filozofia.uw.edu.pl\/pracownik\/katarzyna-kus\/\"><strong>dr Katarzyna Ku\u015b<\/strong><\/a> (WF UW)\u00a0<\/li>\r\n<\/ul>\r\n\r\n<p><strong>Project goals:<\/strong>\u00a0The overall scientific goal of this project is to develop a conceptually clear, ethically sound and practically feasible ethical framework for offering payment to competent research participants. The goal will be achieved by clarifying and redefining a set of key issues and concerns raised by the practice of paying research subjects \u2013 namely, commodification concern, coercion and undue inducement objection, exploitation concern, and the question of fair, \u201cappropriate\u201d payment. The project will also provide insight intoattitudes of members of Polish biomedical RECs (<em>komisje bioetyczne<\/em>) about offers of research payment generally, and about the above mentioned payment-related concerns specifically.<\/p>\r\n\r\n\r\n\r\n<p><strong>Key words:<\/strong>\u00a0research ethics, research payments, undue inducement, exploitation, fair compensation<\/p>\r\n\r\n\r\n<hr class=\"wp-block-separator has-alpha-channel-opacity\" \/>\r\n<h2 id=\"block-fbe8a18a-919b-4020-885e-98f62d340a00\" class=\"block-editor-rich-text__editable block-editor-block-list__block wp-block is-selected wp-block-heading rich-text\" tabindex=\"0\" role=\"document\" contenteditable=\"true\" aria-multiline=\"true\" aria-label=\"Blok: Nag\u0142\u00f3wek\" data-block=\"fbe8a18a-919b-4020-885e-98f62d340a00\" data-type=\"core\/heading\" data-title=\"Nag\u0142\u00f3wek\"><span style=\"color: #1782cf;\"><strong data-rich-text-format-boundary=\"true\">Publications<\/strong><\/span><\/h2>\r\n\r\n<ul class=\"wp-block-list\">\r\n<li><strong>R\u00f3\u017cy\u0144ska<\/strong> J., <strong>Kaczmarek<\/strong> E. (2025).<a href=\"https:\/\/przegladprawamedycznego.pl\/pdf-214463-134009?filename=Protecting-research-parti.pdf\">Protecting research participants against undue influence and exploitation. An ethico-legal analysis of Article 23b(2) of the Polish Act on the Professions of Physician and Dentist<\/a>, <em>Przegl\u0105d Prawa Medycznego<\/em> 7(4). 91-128. https:\/\/doi.org\/10.70537\/ppm\/214463<\/li>\r\n<li><strong>R\u00f3\u017cy\u0144ska<\/strong> J., <strong>Kaczmarek<\/strong> E. (2025). <a href=\"https:\/\/przegladprawamedycznego.pl\/pdf-211366-132942?filename=Wynagradzanie%20uczestnikow.pdf\">Paying participants in medical research. An ethico-legal analysis of Article 23b(1) of the Polish Act on the Professions of Physician and Dentist<\/a>.\u00a0<em>Przegl\u0105d Praw Medycznego<\/em>, 7(3), 5-40.\u00a0https:\/\/<span class=\"magBibliographyDOI\">doi.org\/10.70537\/ppm\/211366<\/span>.\u00a0<\/li>\r\n<li><strong>R\u00f3\u017cy\u0144ska<\/strong> J. (2025). <a href=\"https:\/\/www.tandfonline.com\/doi\/full\/10.1080\/15265161.2025.2488286\">Research Payments, Other Collateral Benefits, and the Ethics of Imposing Research Risk<\/a>.\u00a0<i>The American Journal of Bioethics<\/i>,\u00a0<i>25<\/i>(5), 92\u201394. https:\/\/doi.org\/10.1080\/15265161.2025.2488286\u00a0 |\u00a0\u00a0Preprint &#8211; <a href=\"https:\/\/cbb.uw.edu.pl\/wp-content\/uploads\/2025\/05\/Rozynska-Research-Payments-Other-Collateral-Benefits-and-the-Ethics-of-Imposing-Research-Risk-Preprint.pdf\">here<\/a><\/li>\r\n<li><strong>R\u00f3\u017cy\u0144ska<\/strong> J. (2025)\u00a0<a href=\"https:\/\/www.tandfonline.com\/doi\/full\/10.1080\/15265161.2024.2441724?scroll=top&amp;needAccess=true\">Collective risks and the social disvalue of research<\/a>.\u00a0<i>The American Journal of Bioethics<\/i>,\u00a0<i>25<\/i>(2), 90\u201393. https:\/\/doi.org\/10.1080\/15265161.2024.2441724\u00a0<\/li>\r\n<li><strong>R\u00f3\u017cy\u0144ska<\/strong>, J. (2023).\u00a0<a href=\"https:\/\/link.springer.com\/article\/10.1007\/s11019-022-10125-9\">A few remarks on limits of research risks and research payments<\/a>.\u00a0<em>Medicine, Health Care and Philosophy<\/em>. https:\/\/doi.org\/10.1007\/s11019-022-10125-9<\/li>\r\n<\/ul>\r\n\r\n<h2><span style=\"color: #1782cf;\"><strong data-rich-text-format-boundary=\"true\">Conference presentations<\/strong><\/span><\/h2>\r\n\r\n<ul class=\"wp-block-list\">\r\n<li>R\u00f3\u017cy\u0144ska, J. (2025). <strong>Payments for research participants and research risks<\/strong>. 37th ESPMH Conference: <em>Medicine, healthcare, and the market. <\/em>Manchester UK, August 13-16, 2025.<\/li>\r\n<li><em>Plannned &#8211; <\/em>R\u00f3\u017cy\u0144ska, J. (2025). <strong>Ochrona uczestnik\u00f3w eksperyment\u00f3w medycznych znajduj\u0105cych si\u0119 w przymusowym po\u0142o\u017ceniu<\/strong>. Og\u00f3lnopolskie Forum Prawa Medycznego i Etyki Lekarskiej im. dr. Paw\u0142a W\u00f3jcika, Warszawa, May 23-24, 2025.\u00a0\u00a0<\/li>\r\n<li><em>Plannned &#8211; <\/em>R\u00f3\u017cy\u0144ska, J. (2025). <strong><strong>The ethics of paying research participants: a moral obligation or a necessary evil?, <\/strong><\/strong>2nd International Conference on Social Context of Sciences: <em>Interdisciplinarity and Technology Assessment<\/em>, Wroc\u0142aw University of Science and Technology, Wroc\u0142aw, P0land,\u00a0 May 12-13, 2025<\/li>\r\n<li>R\u00f3\u017cy\u0144ska, J. (2024), <strong>Ethical payment to research participants: a principle-based analysis<\/strong>, Public Responsibility in Research and Medicine 2024 <em>PRIM&amp;R Annual Conference<\/em>, Seattle, WA, US,\u00a0 November 18-20, 2024.<\/li>\r\n<li>R\u00f3\u017cy\u0144ska, J. (2024), <b><b>Should participants in clinical research be paid according to risk?<\/b><\/b>, On-line Conference Ethics by design:<em> Shaping Secure Innovations&#8217; 24,<\/em> \u0141ukasiewicz Research Network \u2014 ITECH Institute of Innovation and Technology, Warsaw, Poland, October 24, 2024.\u00a0<\/li>\r\n<li>Kaczmarek, E. &amp; R\u00f3\u017cy\u0144ska, J. (2024). <strong>Research payment, exploitation, and the rights of the participant of biomedical research,\u00a0<\/strong>9th Conference of the European Association of Health Law:\u00a0<em>Health and Fundamental Rights<\/em>. Warsaw, Poland, September 18-20, 2024.<\/li>\r\n<li>Kaczmarek, E. (2024). <b><span lang=\"EN-US\">Exploitation in biomedical research: Who and how should be paid for participating in clinical trials?, <\/span><\/b>36th ESPMH Conference:\u00a0<em>Medicine, healthcare, and the market. <\/em>Frankfurt\/ Offenbach, Germany, August 21-24, 2024.<\/li>\r\n<li>R\u00f3\u017cy\u0144ska, J. (2024). <strong><strong>Coercive offers and research payments<\/strong><\/strong>, 36th ESPMH Conference:\u00a0<em>Medicine, healthcare, and the market. <\/em>Frankfurt\/ Offenbach, Germany, August 21-24, 2024.<\/li>\r\n<li>R\u00f3\u017cy\u0144ka, J. (2024). <strong>Ethics of risk-based payment for research participants<\/strong>, 17th IAB World Congress of Bioethics, Doha\/Quatar, June 4-6,\u00a02024.\u00a0<\/li>\r\n<li>R\u00f3\u017cy\u0144ska, J. (2024). <strong>P\u0142aci\u0107 czy nie p\u0142aci\u0107?<\/strong> <b>Wyzwania <\/b><b>etyczno-prawne zwi\u0105zane <\/b><b>z <\/b><b><b>wynagradzaniem uczestnik\u00f3w bada\u0144 biomedycznych, <\/b><\/b>Og\u00f3lnopolskie Forum Prawa Medycznego i Etyki Lekarskiej im. dr. Paw\u0142a W\u00f3jcika, Warszawa, May 24-25, 2024.\u00a0\u00a0<\/li>\r\n<li>R\u00f3\u017cy\u0144ska, J. (2023), <strong>A principle-based framework for ethical research payment<\/strong>, EACME Annual Conference 2023: <em>Facing disruption. Challenges to Bioethics, Human Rights and Democracy<\/em>. Warsaw, September 14-16, 2023 <a href=\"https:\/\/eacme2023.filozofia.uw.edu.pl\">https:\/\/eacme2023.filozofia.uw.edu.pl<\/a><\/li>\r\n<\/ul>\r\n<h2><span style=\"color: #1782cf;\"><strong>Other forms of dissemination of research results<\/strong><\/span><\/h2>\r\n<ul>\r\n<li><i>Planned &#8211; <\/i>Academic seminar: R\u00f3\u017cy\u0144ska J., <i>The limits of voluntariness: from coercion to persuasion<\/i>, University of Warsaw, Faculty of Philosophy, 2025\/2026 (Spring term).<\/li>\r\n<li>Seminar talk: R\u00f3\u017cy\u0144ska J., <i>Undue inducement, coercion and ethics of paying to research participants, <\/i>University of Warsaw, Faculty of Philosophy, Ethics Department Meeting, December 9, 2024.<\/li>\r\n<li>Seminar talk: Kaczmarek E., <i>Paying for participation in medical experiments and protection against exploitation: a bioethical analysis of Article 23b of the Act on the professions of physician and dentist,<\/i> University of Warsaw, Faculty of Philosophy, Ethics Department Meeting, October 21, 2024.<\/li>\r\n<li>Workshop: Kaczmarek E., <i>Justice and exploitation in international research,<\/i> 8th Spring School of Bioethics \u201cSolidarity and Justice in Global Bioethics\u201d, Bioethics Committee of the Polish Academy of Sciences and University of Warsaw, Center for Bioethics and Biolaw WFz, Jab\u0142onna, July 1-3, 2024.<\/li>\r\n<\/ul>\r\n<p><a href=\"https:\/\/cbb.uw.edu.pl\/wp-content\/uploads\/2024\/03\/Niemoralna-propozycja-grafika.jpg\"><img loading=\"lazy\" decoding=\"async\" class=\"alignleft size-full wp-image-10614\" src=\"https:\/\/cbb.uw.edu.pl\/wp-content\/uploads\/2024\/03\/Niemoralna-propozycja-grafika.jpg\" alt=\"\" width=\"1068\" height=\"525\" srcset=\"https:\/\/cbb.uw.edu.pl\/wp-content\/uploads\/2024\/03\/Niemoralna-propozycja-grafika.jpg 1068w, https:\/\/cbb.uw.edu.pl\/wp-content\/uploads\/2024\/03\/Niemoralna-propozycja-grafika-300x147.jpg 300w, https:\/\/cbb.uw.edu.pl\/wp-content\/uploads\/2024\/03\/Niemoralna-propozycja-grafika-1024x503.jpg 1024w, https:\/\/cbb.uw.edu.pl\/wp-content\/uploads\/2024\/03\/Niemoralna-propozycja-grafika-768x378.jpg 768w, https:\/\/cbb.uw.edu.pl\/wp-content\/uploads\/2024\/03\/Niemoralna-propozycja-grafika-660x324.jpg 660w\" sizes=\"auto, (max-width: 1068px) 100vw, 1068px\" \/><\/a><\/p>\r\n","protected":false},"excerpt":{"rendered":"<p>Title: Indecent proposal? Ethics of paying participants of biomedical researchPrincipal Investigator: dr Joanna R\u00f3\u017cy\u0144skaFunding: National Science Centre, OPUS 22Project no: 2021\/43\/B\/HS1\/01881\u00a0 \u00a0Duration: 10.2022-9.2026\u00a0 \u00a0 Research team:\u00a0 dr Joanna R\u00f3\u017cy\u0144ska &#8211; PI prof. dr hab. Pawe\u0142 \u0141uk\u00f3w (WF UW)\u00a0 dr Emilia Kaczmarek\u00a0(WF UW)\u00a0 dr Katarzyna Ku\u015b (WF UW)\u00a0 Project goals:\u00a0The overall scientific goal of this project\u2026 <span class=\"read-more\"><a href=\"https:\/\/cbb.uw.edu.pl\/en\/grants\/ethics-of-research-payment\/\">Read More &raquo;<\/a><\/span><\/p>\n","protected":false},"author":7,"featured_media":0,"parent":829,"menu_order":0,"comment_status":"closed","ping_status":"closed","template":"","meta":{"footnotes":"","_links_to":"","_links_to_target":""},"class_list":["post-10381","page","type-page","status-publish","hentry"],"yoast_head":"<!-- This site is optimized with the Yoast SEO plugin v27.4 - https:\/\/yoast.com\/product\/yoast-seo-wordpress\/ -->\n<title>Ethics of research payment - Center for Bioethics and Biolaw<\/title>\n<meta name=\"robots\" content=\"index, follow, max-snippet:-1, max-image-preview:large, max-video-preview:-1\" \/>\n<link rel=\"canonical\" href=\"https:\/\/cbb.uw.edu.pl\/en\/grants\/ethics-of-research-payment\/\" \/>\n<meta property=\"og:locale\" content=\"en_US\" \/>\n<meta property=\"og:type\" content=\"article\" \/>\n<meta property=\"og:title\" content=\"Ethics of research payment - Center for Bioethics and Biolaw\" \/>\n<meta property=\"og:description\" content=\"Title: Indecent proposal? Ethics of paying participants of biomedical researchPrincipal Investigator: dr Joanna R\u00f3\u017cy\u0144skaFunding: National Science Centre, OPUS 22Project no: 2021\/43\/B\/HS1\/01881\u00a0 \u00a0Duration: 10.2022-9.2026\u00a0 \u00a0 Research team:\u00a0 dr Joanna R\u00f3\u017cy\u0144ska &#8211; PI prof. dr hab. Pawe\u0142 \u0141uk\u00f3w (WF UW)\u00a0 dr Emilia Kaczmarek\u00a0(WF UW)\u00a0 dr Katarzyna Ku\u015b (WF UW)\u00a0 Project goals:\u00a0The overall scientific goal of this project\u2026 Read More &raquo;\" \/>\n<meta property=\"og:url\" content=\"https:\/\/cbb.uw.edu.pl\/en\/grants\/ethics-of-research-payment\/\" \/>\n<meta property=\"og:site_name\" content=\"Center for Bioethics and Biolaw\" \/>\n<meta property=\"article:modified_time\" content=\"2026-01-12T09:51:08+00:00\" \/>\n<meta property=\"og:image\" content=\"https:\/\/cbb.uw.edu.pl\/wp-content\/uploads\/2024\/03\/Indecent-proposal.png\" \/>\n\t<meta property=\"og:image:width\" content=\"2342\" \/>\n\t<meta property=\"og:image:height\" content=\"484\" \/>\n\t<meta property=\"og:image:type\" content=\"image\/png\" \/>\n<meta name=\"twitter:card\" content=\"summary_large_image\" \/>\n<meta name=\"twitter:label1\" content=\"Est. reading time\" \/>\n\t<meta name=\"twitter:data1\" content=\"6 minutes\" \/>\n<script type=\"application\/ld+json\" class=\"yoast-schema-graph\">{\"@context\":\"https:\\\/\\\/schema.org\",\"@graph\":[{\"@type\":\"WebPage\",\"@id\":\"https:\\\/\\\/cbb.uw.edu.pl\\\/en\\\/grants\\\/ethics-of-research-payment\\\/\",\"url\":\"https:\\\/\\\/cbb.uw.edu.pl\\\/en\\\/grants\\\/ethics-of-research-payment\\\/\",\"name\":\"Ethics of research payment - Center for Bioethics and Biolaw\",\"isPartOf\":{\"@id\":\"https:\\\/\\\/cbb.uw.edu.pl\\\/en\\\/#website\"},\"primaryImageOfPage\":{\"@id\":\"https:\\\/\\\/cbb.uw.edu.pl\\\/en\\\/grants\\\/ethics-of-research-payment\\\/#primaryimage\"},\"image\":{\"@id\":\"https:\\\/\\\/cbb.uw.edu.pl\\\/en\\\/grants\\\/ethics-of-research-payment\\\/#primaryimage\"},\"thumbnailUrl\":\"https:\\\/\\\/cbb.uw.edu.pl\\\/wp-content\\\/uploads\\\/2024\\\/03\\\/Indecent-proposal.png\",\"datePublished\":\"2023-06-01T10:35:15+00:00\",\"dateModified\":\"2026-01-12T09:51:08+00:00\",\"breadcrumb\":{\"@id\":\"https:\\\/\\\/cbb.uw.edu.pl\\\/en\\\/grants\\\/ethics-of-research-payment\\\/#breadcrumb\"},\"inLanguage\":\"en-US\",\"potentialAction\":[{\"@type\":\"ReadAction\",\"target\":[\"https:\\\/\\\/cbb.uw.edu.pl\\\/en\\\/grants\\\/ethics-of-research-payment\\\/\"]}]},{\"@type\":\"ImageObject\",\"inLanguage\":\"en-US\",\"@id\":\"https:\\\/\\\/cbb.uw.edu.pl\\\/en\\\/grants\\\/ethics-of-research-payment\\\/#primaryimage\",\"url\":\"https:\\\/\\\/cbb.uw.edu.pl\\\/wp-content\\\/uploads\\\/2024\\\/03\\\/Indecent-proposal.png\",\"contentUrl\":\"https:\\\/\\\/cbb.uw.edu.pl\\\/wp-content\\\/uploads\\\/2024\\\/03\\\/Indecent-proposal.png\"},{\"@type\":\"BreadcrumbList\",\"@id\":\"https:\\\/\\\/cbb.uw.edu.pl\\\/en\\\/grants\\\/ethics-of-research-payment\\\/#breadcrumb\",\"itemListElement\":[{\"@type\":\"ListItem\",\"position\":1,\"name\":\"Strona g\u0142\u00f3wna\",\"item\":\"https:\\\/\\\/cbb.uw.edu.pl\\\/en\\\/\"},{\"@type\":\"ListItem\",\"position\":2,\"name\":\"Projects\",\"item\":\"https:\\\/\\\/cbb.uw.edu.pl\\\/en\\\/grants\\\/\"},{\"@type\":\"ListItem\",\"position\":3,\"name\":\"Ethics of research payment\"}]},{\"@type\":\"WebSite\",\"@id\":\"https:\\\/\\\/cbb.uw.edu.pl\\\/en\\\/#website\",\"url\":\"https:\\\/\\\/cbb.uw.edu.pl\\\/en\\\/\",\"name\":\"Center for Bioethics and Biolaw\",\"description\":\"Institute of Philosophy, University of Warsaw\",\"potentialAction\":[{\"@type\":\"SearchAction\",\"target\":{\"@type\":\"EntryPoint\",\"urlTemplate\":\"https:\\\/\\\/cbb.uw.edu.pl\\\/en\\\/?s={search_term_string}\"},\"query-input\":{\"@type\":\"PropertyValueSpecification\",\"valueRequired\":true,\"valueName\":\"search_term_string\"}}],\"inLanguage\":\"en-US\"}]}<\/script>\n<!-- \/ Yoast SEO plugin. -->","yoast_head_json":{"title":"Ethics of research payment - Center for Bioethics and Biolaw","robots":{"index":"index","follow":"follow","max-snippet":"max-snippet:-1","max-image-preview":"max-image-preview:large","max-video-preview":"max-video-preview:-1"},"canonical":"https:\/\/cbb.uw.edu.pl\/en\/grants\/ethics-of-research-payment\/","og_locale":"en_US","og_type":"article","og_title":"Ethics of research payment - Center for Bioethics and Biolaw","og_description":"Title: Indecent proposal? Ethics of paying participants of biomedical researchPrincipal Investigator: dr Joanna R\u00f3\u017cy\u0144skaFunding: National Science Centre, OPUS 22Project no: 2021\/43\/B\/HS1\/01881\u00a0 \u00a0Duration: 10.2022-9.2026\u00a0 \u00a0 Research team:\u00a0 dr Joanna R\u00f3\u017cy\u0144ska &#8211; PI prof. dr hab. Pawe\u0142 \u0141uk\u00f3w (WF UW)\u00a0 dr Emilia Kaczmarek\u00a0(WF UW)\u00a0 dr Katarzyna Ku\u015b (WF UW)\u00a0 Project goals:\u00a0The overall scientific goal of this project\u2026 Read More &raquo;","og_url":"https:\/\/cbb.uw.edu.pl\/en\/grants\/ethics-of-research-payment\/","og_site_name":"Center for Bioethics and Biolaw","article_modified_time":"2026-01-12T09:51:08+00:00","og_image":[{"width":2342,"height":484,"url":"https:\/\/cbb.uw.edu.pl\/wp-content\/uploads\/2024\/03\/Indecent-proposal.png","type":"image\/png"}],"twitter_card":"summary_large_image","twitter_misc":{"Est. reading time":"6 minutes"},"schema":{"@context":"https:\/\/schema.org","@graph":[{"@type":"WebPage","@id":"https:\/\/cbb.uw.edu.pl\/en\/grants\/ethics-of-research-payment\/","url":"https:\/\/cbb.uw.edu.pl\/en\/grants\/ethics-of-research-payment\/","name":"Ethics of research payment - Center for Bioethics and Biolaw","isPartOf":{"@id":"https:\/\/cbb.uw.edu.pl\/en\/#website"},"primaryImageOfPage":{"@id":"https:\/\/cbb.uw.edu.pl\/en\/grants\/ethics-of-research-payment\/#primaryimage"},"image":{"@id":"https:\/\/cbb.uw.edu.pl\/en\/grants\/ethics-of-research-payment\/#primaryimage"},"thumbnailUrl":"https:\/\/cbb.uw.edu.pl\/wp-content\/uploads\/2024\/03\/Indecent-proposal.png","datePublished":"2023-06-01T10:35:15+00:00","dateModified":"2026-01-12T09:51:08+00:00","breadcrumb":{"@id":"https:\/\/cbb.uw.edu.pl\/en\/grants\/ethics-of-research-payment\/#breadcrumb"},"inLanguage":"en-US","potentialAction":[{"@type":"ReadAction","target":["https:\/\/cbb.uw.edu.pl\/en\/grants\/ethics-of-research-payment\/"]}]},{"@type":"ImageObject","inLanguage":"en-US","@id":"https:\/\/cbb.uw.edu.pl\/en\/grants\/ethics-of-research-payment\/#primaryimage","url":"https:\/\/cbb.uw.edu.pl\/wp-content\/uploads\/2024\/03\/Indecent-proposal.png","contentUrl":"https:\/\/cbb.uw.edu.pl\/wp-content\/uploads\/2024\/03\/Indecent-proposal.png"},{"@type":"BreadcrumbList","@id":"https:\/\/cbb.uw.edu.pl\/en\/grants\/ethics-of-research-payment\/#breadcrumb","itemListElement":[{"@type":"ListItem","position":1,"name":"Strona g\u0142\u00f3wna","item":"https:\/\/cbb.uw.edu.pl\/en\/"},{"@type":"ListItem","position":2,"name":"Projects","item":"https:\/\/cbb.uw.edu.pl\/en\/grants\/"},{"@type":"ListItem","position":3,"name":"Ethics of research payment"}]},{"@type":"WebSite","@id":"https:\/\/cbb.uw.edu.pl\/en\/#website","url":"https:\/\/cbb.uw.edu.pl\/en\/","name":"Center for Bioethics and Biolaw","description":"Institute of Philosophy, University of Warsaw","potentialAction":[{"@type":"SearchAction","target":{"@type":"EntryPoint","urlTemplate":"https:\/\/cbb.uw.edu.pl\/en\/?s={search_term_string}"},"query-input":{"@type":"PropertyValueSpecification","valueRequired":true,"valueName":"search_term_string"}}],"inLanguage":"en-US"}]}},"_links":{"self":[{"href":"https:\/\/cbb.uw.edu.pl\/en\/wp-json\/wp\/v2\/pages\/10381","targetHints":{"allow":["GET"]}}],"collection":[{"href":"https:\/\/cbb.uw.edu.pl\/en\/wp-json\/wp\/v2\/pages"}],"about":[{"href":"https:\/\/cbb.uw.edu.pl\/en\/wp-json\/wp\/v2\/types\/page"}],"author":[{"embeddable":true,"href":"https:\/\/cbb.uw.edu.pl\/en\/wp-json\/wp\/v2\/users\/7"}],"replies":[{"embeddable":true,"href":"https:\/\/cbb.uw.edu.pl\/en\/wp-json\/wp\/v2\/comments?post=10381"}],"version-history":[{"count":19,"href":"https:\/\/cbb.uw.edu.pl\/en\/wp-json\/wp\/v2\/pages\/10381\/revisions"}],"predecessor-version":[{"id":11834,"href":"https:\/\/cbb.uw.edu.pl\/en\/wp-json\/wp\/v2\/pages\/10381\/revisions\/11834"}],"up":[{"embeddable":true,"href":"https:\/\/cbb.uw.edu.pl\/en\/wp-json\/wp\/v2\/pages\/829"}],"wp:attachment":[{"href":"https:\/\/cbb.uw.edu.pl\/en\/wp-json\/wp\/v2\/media?parent=10381"}],"curies":[{"name":"wp","href":"https:\/\/api.w.org\/{rel}","templated":true}]}}