{"id":10302,"date":"2024-03-20T14:56:26","date_gmt":"2024-03-20T14:56:26","guid":{"rendered":"https:\/\/cbb.uw.edu.pl\/?page_id=10302"},"modified":"2024-10-01T07:23:05","modified_gmt":"2024-10-01T07:23:05","slug":"sonia-uribe","status":"publish","type":"page","link":"https:\/\/cbb.uw.edu.pl\/en\/sonia-uribe\/","title":{"rendered":"Sonia Uribe"},"content":{"rendered":"\r\n\r\n\r\n<h2>Doctoral student\u00a0<strong>at the Doctoral School of Social Sciences at the University of Warsaw<\/strong><\/h2>\r\n\r\n\r\n\r\n<p><strong>Contact: <\/strong>s.uribe@uw.edu.pl<\/p>\r\n\r\n\r\n\r\n<h2><strong>Research interests<\/strong><\/h2>\r\n\r\n\r\n\r\n<ul class=\"wp-block-list\">\r\n<li>sustainable development, environmental engineering and research in the global north and south<\/li>\r\n<li>working with the public and private sectors and intergovernmental organizations in cross-cultural settings<\/li>\r\n<li>the urban-rural nexus<\/li>\r\n<li>protection of cultural and ecological heritage in the global south<\/li>\r\n<li>responsible, sustainable and regenerative tourism<\/li>\r\n<li>the effects of climate change on society<\/li>\r\n<\/ul>\r\n\r\n\r\n\r\n<h2><strong>Projects<\/strong><\/h2>\r\n\r\n\r\n\r\n<p><strong>In progress<\/strong><\/p>\r\n\r\n\r\n\r\n<ul class=\"wp-block-list\">\r\n<li><a href=\"https:\/\/cbb.uw.edu.pl\/en\/?page_id=10276\">Ideas of progress and development in the context of climate crisis in peripheral philosophies in XXI century<\/a>, National Science Centre, Opus 22, grant no 2021\/43\/B\/HS1\/03354 (Team member).<\/li>\r\n<li>Doctoral School of Social Science. Faculty of Geography and Regional Studies, Department of Tourism and Recreation Geography, University of Warsaw, Poland. PhD research title: &#8220;Synergies and tradeoffs between UNESCO World Heritage and Tourism Development: The case of Salento, Colombia&#8221;. (PhD Candidate)<\/li>\r\n<\/ul>\r\n\r\n\r\n\r\n<ul><\/ul>\r\n<!-- \/wp:post-content -->\r\n\r\n<!-- wp:paragraph -->\r\n<h2><strong>Publications<\/strong><\/h2>\r\n<!-- \/wp:paragraph -->\r\n\r\n<!-- wp:paragraph \/-->\r\n\r\n<!-- wp:list -->\r\n<ul><!-- wp:list-item -->\r\n<li>\r\n<p><a href=\"https:\/\/www.researchgate.net\/profile\/Sonia-Uribe\">ResearchGate<\/a><\/p>\r\n<\/li>\r\n<!-- \/wp:list-item --><\/ul>\r\n<!-- \/wp:list -->\r\n\r\n<!-- wp:paragraph -->\r\n<h2><strong>Positions<\/strong><\/h2>\r\n<!-- \/wp:paragraph -->\r\n\r\n<!-- wp:list -->\r\n<ul><!-- wp:list-item -->\r\n<li>Co-founder of the Center for Regenerative, Holistic and Transformative Experiences in San Carlos, Colombia (in the process of developing a legal constitution). 2022<\/li>\r\n<li>Co-founder of an intentional community, San Carlos, Colombia. 2021<\/li>\r\n<li>Guest Researcher at the Max Planck Institute for Evolutionary Anthropology, Department of Human Behavior, Ecology and Culture in Leipzig, Germany. (2018-2020)<\/li>\r\n<li>Researcher at the Faculty of Mathematics and Natural Sciences, Geography Department. Landscape Ecology and Biogeography. Humboldt-Universit\u00e4t zu Berlin, Berlin. (20172021)<\/li>\r\n<li>Guest Researcher at the University of Alicante, Spain. (2014-February)<\/li>\r\n<li>Guest Researcher, Latin American Studies, Universit\u00e9 Sorbonne Nouvelle, Paris 3, IHEAL, France. (2012-2015)<\/li>\r\n<li>Environmental Policy Consultant for the United Nations Environment Programme (UNEP) in Paris, France. (2007,\u00a02009-2012)<\/li>\r\n<li>Assistant Professor in the Mast\u00e8re Sp\u00e9cialis\u00e9 Politiques et Actions Publiques pour le D\u00e9veloppement Durable, \u00c9cole des Ponts ParisTech in Paris, France. (2011-2011).<\/li>\r\n<!-- \/wp:list-item --><\/ul>\r\n<!-- \/wp:list -->\r\n\r\n<!-- wp:paragraph -->\r\n<h2><strong>Education<\/strong><\/h2>\r\n<!-- \/wp:paragraph -->\r\n\r\n<!-- wp:list -->\r\n<ul><!-- wp:list-item -->\r\n<li>PhD Candidate, Doctoral School of Social Science. <a href=\"https:\/\/wgsr.uw.edu.pl\/wgsr\/index.php\/en\/faculty-2\/\">Faculty of Geography and Regional Studies<\/a>, Department of Tourism and Recreation Geography, University of Warsaw, Poland. PhD research title: \u201cSynergies and tradeoffs between UNESCO World Heritage and Tourism Development: The case of Salento, Colombia\u201d.<\/li>\r\n<li>Postgraduate in Landscape Analysis: Management Tool, Management and Territorial Planning. <u>Campus\u00a0Fondo\u00a0Verde, Spain<\/u>, Recognition for Outstanding Level of Applied Study.<\/li>\r\n<li>Master of Public Affairs\u00a0with specialization in International Affairs, <a href=\"http:\/\/www.utexas.edu\/lbj\/\">LBJ School of Public Affairs<\/a>,\u00a0The University of Texas at Austin, TX, USA.<\/li>\r\n<li>Master of Science in Engineering, <a href=\"https:\/\/www.caee.utexas.edu\/research\/research-areas\/environmental-and-water-resources-engineering\">Environmental and Water Resources Engineering<\/a>. The University of Texas at Austin, TX, USA.<\/li>\r\n<li>S. Civil Engineering, <a href=\"http:\/\/www.escuelaing.edu.co\/es\/\">Escuela\u00a0Colombiana\u00a0de\u00a0Ingenier\u00eda<\/a>,\u00a0Bogot\u00e1, Colombia.<\/li>\r\n<!-- \/wp:list-item --><\/ul>\r\n<!-- \/wp:list -->","protected":false},"excerpt":{"rendered":"<p>Doctoral student\u00a0at the Doctoral School of Social Sciences at the University of Warsaw Contact: s.uribe@uw.edu.pl Research interests Projects In progress Publications ResearchGate Positions Co-founder of the Center for Regenerative, Holistic and Transformative Experiences in San Carlos, Colombia (in the process of developing a legal constitution). 2022 Co-founder of an intentional community, San Carlos, Colombia. 2021\u2026 <span class=\"read-more\"><a href=\"https:\/\/cbb.uw.edu.pl\/en\/sonia-uribe\/\">Read More &raquo;<\/a><\/span><\/p>\n","protected":false},"author":14,"featured_media":0,"parent":0,"menu_order":0,"comment_status":"closed","ping_status":"closed","template":"","meta":{"footnotes":"","_links_to":"","_links_to_target":""},"class_list":["post-10302","page","type-page","status-publish","hentry"],"yoast_head":"<!-- This site is optimized with the Yoast SEO plugin v27.4 - https:\/\/yoast.com\/product\/yoast-seo-wordpress\/ -->\n<title>Sonia Uribe - Center for Bioethics and Biolaw<\/title>\n<meta name=\"robots\" content=\"index, follow, max-snippet:-1, max-image-preview:large, max-video-preview:-1\" \/>\n<link rel=\"canonical\" href=\"https:\/\/cbb.uw.edu.pl\/en\/sonia-uribe\/\" \/>\n<meta property=\"og:locale\" content=\"en_US\" \/>\n<meta property=\"og:type\" content=\"article\" \/>\n<meta property=\"og:title\" content=\"Sonia Uribe - Center for Bioethics and Biolaw\" \/>\n<meta property=\"og:description\" content=\"Doctoral student\u00a0at the Doctoral School of Social Sciences at the University of Warsaw Contact: s.uribe@uw.edu.pl Research interests Projects In progress Publications ResearchGate Positions Co-founder of the Center for Regenerative, Holistic and Transformative Experiences in San Carlos, Colombia (in the process of developing a legal constitution). 2022 Co-founder of an intentional community, San Carlos, Colombia. 2021\u2026 Read More &raquo;\" \/>\n<meta property=\"og:url\" content=\"https:\/\/cbb.uw.edu.pl\/en\/sonia-uribe\/\" \/>\n<meta property=\"og:site_name\" content=\"Center for Bioethics and Biolaw\" \/>\n<meta property=\"article:modified_time\" content=\"2024-10-01T07:23:05+00:00\" \/>\n<meta name=\"twitter:card\" content=\"summary_large_image\" \/>\n<meta name=\"twitter:label1\" content=\"Est. reading time\" \/>\n\t<meta name=\"twitter:data1\" content=\"3 minutes\" \/>\n<script type=\"application\/ld+json\" class=\"yoast-schema-graph\">{\"@context\":\"https:\\\/\\\/schema.org\",\"@graph\":[{\"@type\":\"WebPage\",\"@id\":\"https:\\\/\\\/cbb.uw.edu.pl\\\/en\\\/sonia-uribe\\\/\",\"url\":\"https:\\\/\\\/cbb.uw.edu.pl\\\/en\\\/sonia-uribe\\\/\",\"name\":\"Sonia Uribe - Center for Bioethics and Biolaw\",\"isPartOf\":{\"@id\":\"https:\\\/\\\/cbb.uw.edu.pl\\\/en\\\/#website\"},\"datePublished\":\"2024-03-20T14:56:26+00:00\",\"dateModified\":\"2024-10-01T07:23:05+00:00\",\"breadcrumb\":{\"@id\":\"https:\\\/\\\/cbb.uw.edu.pl\\\/en\\\/sonia-uribe\\\/#breadcrumb\"},\"inLanguage\":\"en-US\",\"potentialAction\":[{\"@type\":\"ReadAction\",\"target\":[\"https:\\\/\\\/cbb.uw.edu.pl\\\/en\\\/sonia-uribe\\\/\"]}]},{\"@type\":\"BreadcrumbList\",\"@id\":\"https:\\\/\\\/cbb.uw.edu.pl\\\/en\\\/sonia-uribe\\\/#breadcrumb\",\"itemListElement\":[{\"@type\":\"ListItem\",\"position\":1,\"name\":\"Strona g\u0142\u00f3wna\",\"item\":\"https:\\\/\\\/cbb.uw.edu.pl\\\/en\\\/\"},{\"@type\":\"ListItem\",\"position\":2,\"name\":\"Sonia Uribe\"}]},{\"@type\":\"WebSite\",\"@id\":\"https:\\\/\\\/cbb.uw.edu.pl\\\/en\\\/#website\",\"url\":\"https:\\\/\\\/cbb.uw.edu.pl\\\/en\\\/\",\"name\":\"Center for Bioethics and Biolaw\",\"description\":\"Institute of Philosophy, University of Warsaw\",\"potentialAction\":[{\"@type\":\"SearchAction\",\"target\":{\"@type\":\"EntryPoint\",\"urlTemplate\":\"https:\\\/\\\/cbb.uw.edu.pl\\\/en\\\/?s={search_term_string}\"},\"query-input\":{\"@type\":\"PropertyValueSpecification\",\"valueRequired\":true,\"valueName\":\"search_term_string\"}}],\"inLanguage\":\"en-US\"}]}<\/script>\n<!-- \/ Yoast SEO plugin. -->","yoast_head_json":{"title":"Sonia Uribe - Center for Bioethics and Biolaw","robots":{"index":"index","follow":"follow","max-snippet":"max-snippet:-1","max-image-preview":"max-image-preview:large","max-video-preview":"max-video-preview:-1"},"canonical":"https:\/\/cbb.uw.edu.pl\/en\/sonia-uribe\/","og_locale":"en_US","og_type":"article","og_title":"Sonia Uribe - Center for Bioethics and Biolaw","og_description":"Doctoral student\u00a0at the Doctoral School of Social Sciences at the University of Warsaw Contact: s.uribe@uw.edu.pl Research interests Projects In progress Publications ResearchGate Positions Co-founder of the Center for Regenerative, Holistic and Transformative Experiences in San Carlos, Colombia (in the process of developing a legal constitution). 2022 Co-founder of an intentional community, San Carlos, Colombia. 2021\u2026 Read More &raquo;","og_url":"https:\/\/cbb.uw.edu.pl\/en\/sonia-uribe\/","og_site_name":"Center for Bioethics and Biolaw","article_modified_time":"2024-10-01T07:23:05+00:00","twitter_card":"summary_large_image","twitter_misc":{"Est. reading time":"3 minutes"},"schema":{"@context":"https:\/\/schema.org","@graph":[{"@type":"WebPage","@id":"https:\/\/cbb.uw.edu.pl\/en\/sonia-uribe\/","url":"https:\/\/cbb.uw.edu.pl\/en\/sonia-uribe\/","name":"Sonia Uribe - Center for Bioethics and Biolaw","isPartOf":{"@id":"https:\/\/cbb.uw.edu.pl\/en\/#website"},"datePublished":"2024-03-20T14:56:26+00:00","dateModified":"2024-10-01T07:23:05+00:00","breadcrumb":{"@id":"https:\/\/cbb.uw.edu.pl\/en\/sonia-uribe\/#breadcrumb"},"inLanguage":"en-US","potentialAction":[{"@type":"ReadAction","target":["https:\/\/cbb.uw.edu.pl\/en\/sonia-uribe\/"]}]},{"@type":"BreadcrumbList","@id":"https:\/\/cbb.uw.edu.pl\/en\/sonia-uribe\/#breadcrumb","itemListElement":[{"@type":"ListItem","position":1,"name":"Strona g\u0142\u00f3wna","item":"https:\/\/cbb.uw.edu.pl\/en\/"},{"@type":"ListItem","position":2,"name":"Sonia Uribe"}]},{"@type":"WebSite","@id":"https:\/\/cbb.uw.edu.pl\/en\/#website","url":"https:\/\/cbb.uw.edu.pl\/en\/","name":"Center for Bioethics and Biolaw","description":"Institute of Philosophy, University of Warsaw","potentialAction":[{"@type":"SearchAction","target":{"@type":"EntryPoint","urlTemplate":"https:\/\/cbb.uw.edu.pl\/en\/?s={search_term_string}"},"query-input":{"@type":"PropertyValueSpecification","valueRequired":true,"valueName":"search_term_string"}}],"inLanguage":"en-US"}]}},"_links":{"self":[{"href":"https:\/\/cbb.uw.edu.pl\/en\/wp-json\/wp\/v2\/pages\/10302","targetHints":{"allow":["GET"]}}],"collection":[{"href":"https:\/\/cbb.uw.edu.pl\/en\/wp-json\/wp\/v2\/pages"}],"about":[{"href":"https:\/\/cbb.uw.edu.pl\/en\/wp-json\/wp\/v2\/types\/page"}],"author":[{"embeddable":true,"href":"https:\/\/cbb.uw.edu.pl\/en\/wp-json\/wp\/v2\/users\/14"}],"replies":[{"embeddable":true,"href":"https:\/\/cbb.uw.edu.pl\/en\/wp-json\/wp\/v2\/comments?post=10302"}],"version-history":[{"count":8,"href":"https:\/\/cbb.uw.edu.pl\/en\/wp-json\/wp\/v2\/pages\/10302\/revisions"}],"predecessor-version":[{"id":11003,"href":"https:\/\/cbb.uw.edu.pl\/en\/wp-json\/wp\/v2\/pages\/10302\/revisions\/11003"}],"wp:attachment":[{"href":"https:\/\/cbb.uw.edu.pl\/en\/wp-json\/wp\/v2\/media?parent=10302"}],"curies":[{"name":"wp","href":"https:\/\/api.w.org\/{rel}","templated":true}]}}