{"id":10201,"date":"2022-11-06T19:53:10","date_gmt":"2022-11-06T19:53:10","guid":{"rendered":"https:\/\/cbb.uw.edu.pl\/?page_id=10201"},"modified":"2023-02-04T17:00:03","modified_gmt":"2023-02-04T17:00:03","slug":"katarzyna-bielinska","status":"publish","type":"page","link":"https:\/\/cbb.uw.edu.pl\/en\/team\/katarzyna-bielinska\/","title":{"rendered":"Katarzyna Bieli\u0144ska"},"content":{"rendered":"\n<figure class=\"wp-block-image size-full\"><a href=\"https:\/\/cbb.uw.edu.pl\/wp-content\/uploads\/2023\/02\/image.png\"><img loading=\"lazy\" decoding=\"async\" width=\"1024\" height=\"486\" src=\"https:\/\/cbb.uw.edu.pl\/wp-content\/uploads\/2023\/02\/image.png\" alt=\"\" class=\"wp-image-10202\" srcset=\"https:\/\/cbb.uw.edu.pl\/wp-content\/uploads\/2023\/02\/image.png 1024w, https:\/\/cbb.uw.edu.pl\/wp-content\/uploads\/2023\/02\/image-300x142.png 300w, https:\/\/cbb.uw.edu.pl\/wp-content\/uploads\/2023\/02\/image-768x365.png 768w, https:\/\/cbb.uw.edu.pl\/wp-content\/uploads\/2023\/02\/image-660x313.png 660w\" sizes=\"auto, (max-width: 1024px) 100vw, 1024px\" \/><\/a><\/figure>\n\n\n\n<p><strong>Assistant Professor\u00a0in the\u00a0Department of Ethics of the\u00a0Faculty of Philosophy at\u00a0the University of Warsaw<\/strong><\/p>\n\n\n\n<p><strong>Contact: <\/strong>katarzyna.bielinska@uw.edu.pl<\/p>\n\n\n\n<p><strong>Research interests<\/strong><\/p>\n\n\n\n<ul class=\"wp-block-list\">\n<li>global and environmental bioethics<\/li>\n\n\n\n<li>social and political ethics<\/li>\n\n\n\n<li>social philosophy, philosophy of politics<\/li>\n<\/ul>\n\n\n\n<p><strong>Projects<\/strong><\/p>\n\n\n\n<p><strong>In progress<\/strong><\/p>\n\n\n\n<ul class=\"wp-block-list\">\n<li>Ideas of progress and development in the context of climate crisis in peripheral philosophies in XXI century, National Science Centre, Opus 22, grant no 2021\/43\/B\/HS1\/03354 (Principal Investigator)<\/li>\n<\/ul>\n\n\n\n<ul class=\"wp-block-list\">\n<li>Ethics in traditional livelihoods and arts: a way forward for agroecological development &nbsp;IDUB Action II.1.1 (Principal Investigator)<\/li>\n<\/ul>\n\n\n\n<h4 class=\"wp-block-heading\"><strong>Completed<\/strong><\/h4>\n\n\n\n<ul class=\"wp-block-list\">\n<li><a href=\"https:\/\/cbb.uw.edu.pl\/en\/grants\/healthcare-as-a-public-space-social-integration-and-social-diversity-in-the-context-of-access-to-healthcare-in-europe\/\">Healthcare as a Public Space: Social Integration and Social Diversity in the Context of Access to Healthcare in Europe<\/a>, National Science Centre, grant no 2018\/28\/Z\/HS1\/00554 &#8211; HERA (Humanities in the European Research Area) \u2013 Public Spaces: Culture and Integration in Europe; European Union\u2019s Horizon 2020 research and innovation program under grant agreement No 769478 (Post-doc researcher)<\/li>\n<\/ul>\n\n\n\n<p><strong>Selected publications<\/strong><\/p>\n\n\n\n<p><strong>Books<\/strong><\/p>\n\n\n\n<ul class=\"wp-block-list\">\n<li><a href=\"https:\/\/katalogi.bn.org.pl\/discovery\/fulldisplay?docid=alma991053020606805066&amp;context=L&amp;vid=48OMNIS_NLOP:48OMNIS_NLOP&amp;lang=pl&amp;search_scope=NLOP_IZ_NZ&amp;adaptor=Local%20Search%20Engine&amp;tab=LibraryCatalog&amp;query=any,contains,Katarzyna%20Bieli%C5%84ska&amp;facet=lds19,include,Bieli%C5%84ska-Kowalewska,%20Katarzyna&amp;offset=0\">Gy\u00f6rgy Luk\u00e1cs,&nbsp;<em>Prze\u017cyte my\u015blenie : \u017cyciorys utrwalony na ta\u015bmie magnetofonowej,<\/em>&nbsp;trans. Irena Makarewicz, Instytut Wydawniczy Ksi\u0105\u017cka i Prasa 2021 (editing).<\/a><\/li>\n\n\n\n<li><a href=\"https:\/\/katalogi.bn.org.pl\/discovery\/fulldisplay?docid=alma991053004441905066&amp;context=L&amp;vid=48OMNIS_NLOP:48OMNIS_NLOP&amp;lang=pl&amp;search_scope=NLOP_IZ_NZ&amp;adaptor=Local%20Search%20Engine&amp;tab=LibraryCatalog&amp;query=any,contains,My%C5%9Bl%20krytyczna&amp;offset=0\"><em>My\u015bl krytyczna wobec ruch\u00f3w nacjonalistycznych i skrajnie prawicowych<\/em>, Instytut Wydawniczy Ksi\u0105\u017cka i Prasa 2021 (editing).<\/a><\/li>\n\n\n\n<li><a href=\"https:\/\/katalogi.bn.org.pl\/discovery\/fulldisplay?docid=alma991024470809705066&amp;context=L&amp;vid=48OMNIS_NLOP:48OMNIS_NLOP&amp;lang=pl&amp;search_scope=NLOP_IZ_NZ&amp;adaptor=Local%20Search%20Engine&amp;isFrbr=true&amp;tab=LibraryCatalog&amp;query=any,contains,Katarzyna%20Bieli%C5%84ska&amp;facet=lds19,include,Bieli%C5%84ska-Kowalewska,%20Katarzyna&amp;offset=0\"><em>Filozofia i ruchy spo\u0142eczne<\/em>, Instytut Wydawniczy Ksi\u0105\u017cka i Prasa 2017 (editing).<\/a><\/li>\n\n\n\n<li><a href=\"https:\/\/monde-diplomatique.pl\/ksiegarnia-nowa\/planeta-slumsow\/\">M. Davis,&nbsp;<em>Planeta slums\u00f3w<\/em>, Instytut Wydawniczy Ksi\u0105\u017cka i Prasa 2009 (translation).<\/a><\/li>\n<\/ul>\n\n\n\n<p><\/p>\n\n\n\n<p><strong>Papers<\/strong><\/p>\n\n\n\n<ul class=\"wp-block-list\">\n<li><a href=\"https:\/\/orcid.org\/0000-0002-3555-3276\">ORCID 0000-0002-3555-3276<\/a><\/li>\n\n\n\n<li><a href=\"https:\/\/pbn.nauka.gov.pl\/core\/#\/person\/view\/5e70942f878c28a0473b7c03\/current\">Polska Bibliografia Naukowa<\/a><\/li>\n\n\n\n<li><a href=\"https:\/\/www.researchgate.net\/profile\/Katarzyna-Bielinska\">Researchgate<\/a><\/li>\n<\/ul>\n\n\n\n<p><strong>Positions<\/strong><\/p>\n\n\n\n<ul class=\"wp-block-list\">\n<li>President of the Warsaw Branch of the Polish Philosophical Society<\/li>\n\n\n\n<li><a href=\"https:\/\/www.uw.edu.pl\/uniwersytet\/wladze-i-administracja\/komisje-i-zespoly\/zespol-rektorski-ds-ekologii-oraz-kryzysu-klimatycznego\/\">Member of the UW Rector\u2019s Team for Ecology and Climate Crisis<\/a><\/li>\n\n\n\n<li><a href=\"https:\/\/kontradikce.flu.cas.cz\/en\/about-us\">Member of the International Advisory Board of the journal&nbsp;<em>Contradictions. A Journal for<br>Critical Thought<\/em><\/a><\/li>\n<\/ul>\n\n\n\n<p><strong>Education<\/strong><\/p>\n\n\n\n<ul class=\"wp-block-list\">\n<li>Doctor of humanities in philosophy (PhD, 2013)<\/li>\n<\/ul>\n","protected":false},"excerpt":{"rendered":"<p>Assistant Professor\u00a0in the\u00a0Department of Ethics of the\u00a0Faculty of Philosophy at\u00a0the University of Warsaw Contact: katarzyna.bielinska@uw.edu.pl Research interests Projects In progress Completed Selected publications Books Papers Positions Education<\/p>\n","protected":false},"author":14,"featured_media":0,"parent":821,"menu_order":6,"comment_status":"closed","ping_status":"closed","template":"","meta":{"footnotes":"","_links_to":"","_links_to_target":""},"class_list":["post-10201","page","type-page","status-publish","hentry"],"yoast_head":"<!-- This site is optimized with the Yoast SEO plugin v27.4 - https:\/\/yoast.com\/product\/yoast-seo-wordpress\/ -->\n<title>Katarzyna Bieli\u0144ska - Center for Bioethics and Biolaw<\/title>\n<meta name=\"robots\" content=\"index, follow, max-snippet:-1, max-image-preview:large, max-video-preview:-1\" \/>\n<link rel=\"canonical\" href=\"https:\/\/cbb.uw.edu.pl\/en\/team\/katarzyna-bielinska\/\" \/>\n<meta property=\"og:locale\" content=\"en_US\" \/>\n<meta property=\"og:type\" content=\"article\" \/>\n<meta property=\"og:title\" content=\"Katarzyna Bieli\u0144ska - Center for Bioethics and Biolaw\" \/>\n<meta property=\"og:description\" content=\"Assistant Professor\u00a0in the\u00a0Department of Ethics of the\u00a0Faculty of Philosophy at\u00a0the University of Warsaw Contact: katarzyna.bielinska@uw.edu.pl Research interests Projects In progress Completed Selected publications Books Papers Positions Education\" \/>\n<meta property=\"og:url\" content=\"https:\/\/cbb.uw.edu.pl\/en\/team\/katarzyna-bielinska\/\" \/>\n<meta property=\"og:site_name\" content=\"Center for Bioethics and Biolaw\" \/>\n<meta property=\"article:modified_time\" content=\"2023-02-04T17:00:03+00:00\" \/>\n<meta property=\"og:image\" content=\"https:\/\/cbb.uw.edu.pl\/wp-content\/uploads\/2023\/02\/image.png\" \/>\n<meta name=\"twitter:card\" content=\"summary_large_image\" \/>\n<meta name=\"twitter:label1\" content=\"Est. reading time\" \/>\n\t<meta name=\"twitter:data1\" content=\"2 minutes\" \/>\n<script type=\"application\/ld+json\" class=\"yoast-schema-graph\">{\"@context\":\"https:\\\/\\\/schema.org\",\"@graph\":[{\"@type\":\"WebPage\",\"@id\":\"https:\\\/\\\/cbb.uw.edu.pl\\\/en\\\/team\\\/katarzyna-bielinska\\\/\",\"url\":\"https:\\\/\\\/cbb.uw.edu.pl\\\/en\\\/team\\\/katarzyna-bielinska\\\/\",\"name\":\"Katarzyna Bieli\u0144ska - Center for Bioethics and Biolaw\",\"isPartOf\":{\"@id\":\"https:\\\/\\\/cbb.uw.edu.pl\\\/en\\\/#website\"},\"primaryImageOfPage\":{\"@id\":\"https:\\\/\\\/cbb.uw.edu.pl\\\/en\\\/team\\\/katarzyna-bielinska\\\/#primaryimage\"},\"image\":{\"@id\":\"https:\\\/\\\/cbb.uw.edu.pl\\\/en\\\/team\\\/katarzyna-bielinska\\\/#primaryimage\"},\"thumbnailUrl\":\"https:\\\/\\\/cbb.uw.edu.pl\\\/wp-content\\\/uploads\\\/2023\\\/02\\\/image.png\",\"datePublished\":\"2022-11-06T19:53:10+00:00\",\"dateModified\":\"2023-02-04T17:00:03+00:00\",\"breadcrumb\":{\"@id\":\"https:\\\/\\\/cbb.uw.edu.pl\\\/en\\\/team\\\/katarzyna-bielinska\\\/#breadcrumb\"},\"inLanguage\":\"en-US\",\"potentialAction\":[{\"@type\":\"ReadAction\",\"target\":[\"https:\\\/\\\/cbb.uw.edu.pl\\\/en\\\/team\\\/katarzyna-bielinska\\\/\"]}]},{\"@type\":\"ImageObject\",\"inLanguage\":\"en-US\",\"@id\":\"https:\\\/\\\/cbb.uw.edu.pl\\\/en\\\/team\\\/katarzyna-bielinska\\\/#primaryimage\",\"url\":\"https:\\\/\\\/cbb.uw.edu.pl\\\/wp-content\\\/uploads\\\/2023\\\/02\\\/image.png\",\"contentUrl\":\"https:\\\/\\\/cbb.uw.edu.pl\\\/wp-content\\\/uploads\\\/2023\\\/02\\\/image.png\"},{\"@type\":\"BreadcrumbList\",\"@id\":\"https:\\\/\\\/cbb.uw.edu.pl\\\/en\\\/team\\\/katarzyna-bielinska\\\/#breadcrumb\",\"itemListElement\":[{\"@type\":\"ListItem\",\"position\":1,\"name\":\"Strona g\u0142\u00f3wna\",\"item\":\"https:\\\/\\\/cbb.uw.edu.pl\\\/en\\\/\"},{\"@type\":\"ListItem\",\"position\":2,\"name\":\"Team\",\"item\":\"https:\\\/\\\/cbb.uw.edu.pl\\\/en\\\/team\\\/\"},{\"@type\":\"ListItem\",\"position\":3,\"name\":\"Katarzyna Bieli\u0144ska\"}]},{\"@type\":\"WebSite\",\"@id\":\"https:\\\/\\\/cbb.uw.edu.pl\\\/en\\\/#website\",\"url\":\"https:\\\/\\\/cbb.uw.edu.pl\\\/en\\\/\",\"name\":\"Center for Bioethics and Biolaw\",\"description\":\"Institute of Philosophy, University of Warsaw\",\"potentialAction\":[{\"@type\":\"SearchAction\",\"target\":{\"@type\":\"EntryPoint\",\"urlTemplate\":\"https:\\\/\\\/cbb.uw.edu.pl\\\/en\\\/?s={search_term_string}\"},\"query-input\":{\"@type\":\"PropertyValueSpecification\",\"valueRequired\":true,\"valueName\":\"search_term_string\"}}],\"inLanguage\":\"en-US\"}]}<\/script>\n<!-- \/ Yoast SEO plugin. -->","yoast_head_json":{"title":"Katarzyna Bieli\u0144ska - Center for Bioethics and Biolaw","robots":{"index":"index","follow":"follow","max-snippet":"max-snippet:-1","max-image-preview":"max-image-preview:large","max-video-preview":"max-video-preview:-1"},"canonical":"https:\/\/cbb.uw.edu.pl\/en\/team\/katarzyna-bielinska\/","og_locale":"en_US","og_type":"article","og_title":"Katarzyna Bieli\u0144ska - Center for Bioethics and Biolaw","og_description":"Assistant Professor\u00a0in the\u00a0Department of Ethics of the\u00a0Faculty of Philosophy at\u00a0the University of Warsaw Contact: katarzyna.bielinska@uw.edu.pl Research interests Projects In progress Completed Selected publications Books Papers Positions Education","og_url":"https:\/\/cbb.uw.edu.pl\/en\/team\/katarzyna-bielinska\/","og_site_name":"Center for Bioethics and Biolaw","article_modified_time":"2023-02-04T17:00:03+00:00","og_image":[{"url":"https:\/\/cbb.uw.edu.pl\/wp-content\/uploads\/2023\/02\/image.png","type":"","width":"","height":""}],"twitter_card":"summary_large_image","twitter_misc":{"Est. reading time":"2 minutes"},"schema":{"@context":"https:\/\/schema.org","@graph":[{"@type":"WebPage","@id":"https:\/\/cbb.uw.edu.pl\/en\/team\/katarzyna-bielinska\/","url":"https:\/\/cbb.uw.edu.pl\/en\/team\/katarzyna-bielinska\/","name":"Katarzyna Bieli\u0144ska - Center for Bioethics and Biolaw","isPartOf":{"@id":"https:\/\/cbb.uw.edu.pl\/en\/#website"},"primaryImageOfPage":{"@id":"https:\/\/cbb.uw.edu.pl\/en\/team\/katarzyna-bielinska\/#primaryimage"},"image":{"@id":"https:\/\/cbb.uw.edu.pl\/en\/team\/katarzyna-bielinska\/#primaryimage"},"thumbnailUrl":"https:\/\/cbb.uw.edu.pl\/wp-content\/uploads\/2023\/02\/image.png","datePublished":"2022-11-06T19:53:10+00:00","dateModified":"2023-02-04T17:00:03+00:00","breadcrumb":{"@id":"https:\/\/cbb.uw.edu.pl\/en\/team\/katarzyna-bielinska\/#breadcrumb"},"inLanguage":"en-US","potentialAction":[{"@type":"ReadAction","target":["https:\/\/cbb.uw.edu.pl\/en\/team\/katarzyna-bielinska\/"]}]},{"@type":"ImageObject","inLanguage":"en-US","@id":"https:\/\/cbb.uw.edu.pl\/en\/team\/katarzyna-bielinska\/#primaryimage","url":"https:\/\/cbb.uw.edu.pl\/wp-content\/uploads\/2023\/02\/image.png","contentUrl":"https:\/\/cbb.uw.edu.pl\/wp-content\/uploads\/2023\/02\/image.png"},{"@type":"BreadcrumbList","@id":"https:\/\/cbb.uw.edu.pl\/en\/team\/katarzyna-bielinska\/#breadcrumb","itemListElement":[{"@type":"ListItem","position":1,"name":"Strona g\u0142\u00f3wna","item":"https:\/\/cbb.uw.edu.pl\/en\/"},{"@type":"ListItem","position":2,"name":"Team","item":"https:\/\/cbb.uw.edu.pl\/en\/team\/"},{"@type":"ListItem","position":3,"name":"Katarzyna Bieli\u0144ska"}]},{"@type":"WebSite","@id":"https:\/\/cbb.uw.edu.pl\/en\/#website","url":"https:\/\/cbb.uw.edu.pl\/en\/","name":"Center for Bioethics and Biolaw","description":"Institute of Philosophy, University of Warsaw","potentialAction":[{"@type":"SearchAction","target":{"@type":"EntryPoint","urlTemplate":"https:\/\/cbb.uw.edu.pl\/en\/?s={search_term_string}"},"query-input":{"@type":"PropertyValueSpecification","valueRequired":true,"valueName":"search_term_string"}}],"inLanguage":"en-US"}]}},"_links":{"self":[{"href":"https:\/\/cbb.uw.edu.pl\/en\/wp-json\/wp\/v2\/pages\/10201","targetHints":{"allow":["GET"]}}],"collection":[{"href":"https:\/\/cbb.uw.edu.pl\/en\/wp-json\/wp\/v2\/pages"}],"about":[{"href":"https:\/\/cbb.uw.edu.pl\/en\/wp-json\/wp\/v2\/types\/page"}],"author":[{"embeddable":true,"href":"https:\/\/cbb.uw.edu.pl\/en\/wp-json\/wp\/v2\/users\/14"}],"replies":[{"embeddable":true,"href":"https:\/\/cbb.uw.edu.pl\/en\/wp-json\/wp\/v2\/comments?post=10201"}],"version-history":[{"count":8,"href":"https:\/\/cbb.uw.edu.pl\/en\/wp-json\/wp\/v2\/pages\/10201\/revisions"}],"predecessor-version":[{"id":10215,"href":"https:\/\/cbb.uw.edu.pl\/en\/wp-json\/wp\/v2\/pages\/10201\/revisions\/10215"}],"up":[{"embeddable":true,"href":"https:\/\/cbb.uw.edu.pl\/en\/wp-json\/wp\/v2\/pages\/821"}],"wp:attachment":[{"href":"https:\/\/cbb.uw.edu.pl\/en\/wp-json\/wp\/v2\/media?parent=10201"}],"curies":[{"name":"wp","href":"https:\/\/api.w.org\/{rel}","templated":true}]}}